{"id":5608,"date":"2023-12-21T12:09:55","date_gmt":"2023-12-21T12:09:55","guid":{"rendered":"https:\/\/filicdecor.com\/?post_type=product&#038;p=5608"},"modified":"2023-12-21T12:10:40","modified_gmt":"2023-12-21T12:10:40","slug":"imitacija-drvene-grede-br-02-tamna-3m","status":"publish","type":"product","link":"https:\/\/filicdecor.com\/ro\/imitacija-drvene-grede-br-02-tamna-3m\/","title":{"rendered":"Grinda imitatie lemn BR-02 inchis 3m"},"content":{"rendered":"<p>Dac\u0103 sunte\u021bi adeptul stilului etno, rustic sau adora\u021bi aspectul natural al materialelor cu siguran\u021ba nu ve\u021bi rata frumuse\u021bea lemnului \u00een casa dvs.<br \/>\nSolu\u021bie ideal\u0103 pentru dvs.sunt\u00a0<strong>grinzile imita\u021bie din lemn.\u00a0<\/strong>\u00cen oferta avem grinzile poliuretanice  imita\u021bie din lemn \u00een dimensiuni standard.<\/p>\n<p>Ceea ce le diferen\u021biaz\u0103 de grinzile din lemn este c\u0103 sunt o solu\u021bie durabil\u0103, economic\u0103 \u0219i ecologic\u0103.<br \/>\nVin \u00een dou\u0103 nuan\u021be standard : culoare deschis\u0103 \u0219i \u00eenchis\u0103 a lemnului. Pute\u021bi vizualiza<strong>\u00a0aici.\u00a0<\/strong><\/p>\n<p>Toate elementele imita\u021bie din lemn din produc\u021bia noastr\u0103 sunt sculptate manual \u0219i protejate cu strat triplu al masei de protec\u021bie, prin care este garantat\u0103 calitatea \u0219i durabilitatea.<br \/>\nPe l\u00e2ng\u0103 toate avantajele enumerate, imita\u021bii grinzi din lemn sunt mai u\u0219oare dec\u00e2t lemn real, a\u0219a c\u0103 sunt mai sigure deoareece nu \u00eengreuneaz\u0103 construc\u021bia pe care sunt montate.<br \/>\nDatorit\u0103 protec\u021biei multistrat, care este folosit\u0103 \u00een produc\u021bia elementelor de fa\u021bad\u0103 \u0219i de profile, sunt rezistente la ap\u0103, umezeal\u0103, mucegai, insecte \u0219i nu necesit\u0103 lucr\u0103ri suplimentare dup\u0103 montare.<br \/>\nIntre\u021binerea se efectueaz\u0103 prin \u0219tergere ocazional\u0103 cu o c\u00e2rp\u0103 umed\u0103 sau prin aspirarea prafului de pe suprafa\u021ba grinzilor.<\/p>\n<p><strong>Montarea grinzilor imita\u021bie de lemn :<\/strong><br \/>\nSuprafa\u021ba pe care se monteaz\u0103 trebuie s\u0103 fie uscat\u0103 \u0219i curat\u0103.<br \/>\nElementi se lepe posebnim lepkom za stiropor grede &#8211;\u00a0<strong>TITAN SUPER.<\/strong><br \/>\nConsum de adeziv: 310ml \u2013 12 metri lungi.<br \/>\nAdeziv aplicat pe element trebuie s\u0103 r\u0103m\u00e2n\u0103 timp de 30 secunde iar apoi prin ap\u0103sare a\u0219eza\u021bi elementul de suprafa\u021b\u0103 dorit\u0103.<br \/>\nDup\u0103 aceea, mai ap\u0103sa\u021bi de c\u00e2teva ori pentru a fixa elementul de suprafa\u021b\u0103.<br \/>\n\u00centru-c\u00e2t nu este posibil s\u0103 ob\u021bine\u021bi element dintr-o singur\u0103 parte, \u00eembin\u0103rile pot fi rezolvate folosind benzi\u00a0<strong>decorative pentru a unii.\u00a0<\/strong><\/p>","protected":false},"excerpt":{"rendered":"<div class=\"full-text\">\n<p><strong>Dimensiuni: <\/strong>12cm x 12cm x 300cm<br \/>\n<strong>Produc\u0103tor:\u00a0\u00a0<\/strong>Marbet Design<br \/>\n<strong>Material:\u00a0<\/strong>Poliuretan<br \/>\n<strong>Componente recomandate<\/strong>:<br \/>\nPogodan lepak &#8211; TITAN SUPER<br \/>\n<strong>Not\u0103:\u00a0<\/strong>Se pot realiza grinzi din polistiren, conform designului si dimensiunilor exacte conform cererii clientului.<\/p>\n<\/div>","protected":false},"featured_media":5606,"template":"","meta":[],"product_brand":[],"product_cat":[235,74],"product_tag":[],"class_list":{"0":"post-5608","1":"product","2":"type-product","3":"status-publish","4":"has-post-thumbnail","6":"product_cat-grede","7":"product_cat-grede-od-stiropora","9":"first","10":"instock","11":"shipping-taxable","12":"purchasable","13":"product-type-simple"},"yoast_head":"<!-- This site is optimized with the Yoast SEO plugin v27.5 - https:\/\/yoast.com\/product\/yoast-seo-wordpress\/ -->\n<title>Imitacija drvene grede BR-02 tamna 3m - Dekorativni stiropor | Fili\u0107 Decor | Fili\u0107<\/title>\n<meta name=\"robots\" content=\"index, follow, max-snippet:-1, max-image-preview:large, max-video-preview:-1\" \/>\n<link rel=\"canonical\" href=\"https:\/\/filicdecor.com\/ro\/imitacija-drvene-grede-br-02-tamna-3m\/\" \/>\n<meta property=\"og:locale\" content=\"ro_RO\" \/>\n<meta property=\"og:type\" content=\"article\" \/>\n<meta property=\"og:title\" content=\"Imitacija drvene grede BR-02 tamna 3m - Dekorativni stiropor | Fili\u0107 Decor | Fili\u0107\" \/>\n<meta property=\"og:description\" content=\"Dimenzije: 12cm x 12cm x 300cm Proizvo\u0111a\u010d:\u00a0\u00a0Marbet Design Materijal:\u00a0Poliuretan Preporu\u010dene komponente: Pogodan lepak - TITAN SUPER Napomena:\u00a0Mogu\u0107nost izrade greda\u00a0i od stiropora, po nacrtu i ta\u010dnim dimenzijama po zahtevu klijenta.\" \/>\n<meta property=\"og:url\" content=\"https:\/\/filicdecor.com\/ro\/imitacija-drvene-grede-br-02-tamna-3m\/\" \/>\n<meta property=\"og:site_name\" content=\"Dekorativni stiropor | Fili\u0107 Decor | Fili\u0107\" \/>\n<meta property=\"article:modified_time\" content=\"2023-12-21T12:10:40+00:00\" \/>\n<meta property=\"og:image\" content=\"https:\/\/filicdecor.com\/wp-content\/uploads\/2023\/12\/BR-02-TAMNA-N-1.jpg\" \/>\n\t<meta property=\"og:image:width\" content=\"920\" \/>\n\t<meta property=\"og:image:height\" content=\"480\" \/>\n\t<meta property=\"og:image:type\" content=\"image\/jpeg\" \/>\n<meta name=\"twitter:card\" content=\"summary_large_image\" \/>\n<meta name=\"twitter:label1\" content=\"Timp estimat pentru citire\" \/>\n\t<meta name=\"twitter:data1\" content=\"1 minut\" \/>\n<script type=\"application\/ld+json\" class=\"yoast-schema-graph\">{\"@context\":\"https:\\\/\\\/schema.org\",\"@graph\":[{\"@type\":\"WebPage\",\"@id\":\"https:\\\/\\\/filicdecor.com\\\/de\\\/imitacija-drvene-grede-br-02-tamna-3m\\\/\",\"url\":\"https:\\\/\\\/filicdecor.com\\\/de\\\/imitacija-drvene-grede-br-02-tamna-3m\\\/\",\"name\":\"Imitacija drvene grede BR-02 tamna 3m - Dekorativni stiropor | Fili\u0107 Decor | Fili\u0107\",\"isPartOf\":{\"@id\":\"https:\\\/\\\/filicdecor.com\\\/fr\\\/#website\"},\"primaryImageOfPage\":{\"@id\":\"https:\\\/\\\/filicdecor.com\\\/de\\\/imitacija-drvene-grede-br-02-tamna-3m\\\/#primaryimage\"},\"image\":{\"@id\":\"https:\\\/\\\/filicdecor.com\\\/de\\\/imitacija-drvene-grede-br-02-tamna-3m\\\/#primaryimage\"},\"thumbnailUrl\":\"https:\\\/\\\/filicdecor.com\\\/wp-content\\\/uploads\\\/2023\\\/12\\\/BR-02-TAMNA-N-1.jpg\",\"datePublished\":\"2023-12-21T12:09:55+00:00\",\"dateModified\":\"2023-12-21T12:10:40+00:00\",\"breadcrumb\":{\"@id\":\"https:\\\/\\\/filicdecor.com\\\/de\\\/imitacija-drvene-grede-br-02-tamna-3m\\\/#breadcrumb\"},\"inLanguage\":\"ro-RO\",\"potentialAction\":[{\"@type\":\"ReadAction\",\"target\":[\"https:\\\/\\\/filicdecor.com\\\/de\\\/imitacija-drvene-grede-br-02-tamna-3m\\\/\"]}]},{\"@type\":\"ImageObject\",\"inLanguage\":\"ro-RO\",\"@id\":\"https:\\\/\\\/filicdecor.com\\\/de\\\/imitacija-drvene-grede-br-02-tamna-3m\\\/#primaryimage\",\"url\":\"https:\\\/\\\/filicdecor.com\\\/wp-content\\\/uploads\\\/2023\\\/12\\\/BR-02-TAMNA-N-1.jpg\",\"contentUrl\":\"https:\\\/\\\/filicdecor.com\\\/wp-content\\\/uploads\\\/2023\\\/12\\\/BR-02-TAMNA-N-1.jpg\",\"width\":920,\"height\":480},{\"@type\":\"BreadcrumbList\",\"@id\":\"https:\\\/\\\/filicdecor.com\\\/de\\\/imitacija-drvene-grede-br-02-tamna-3m\\\/#breadcrumb\",\"itemListElement\":[{\"@type\":\"ListItem\",\"position\":1,\"name\":\"\u041f\u043e\u0447\u0435\u0442\u043d\u0430\",\"item\":\"https:\\\/\\\/filicdecor.com\\\/\"},{\"@type\":\"ListItem\",\"position\":2,\"name\":\"Shop\",\"item\":\"https:\\\/\\\/filicdecor.com\\\/shop\\\/\"},{\"@type\":\"ListItem\",\"position\":3,\"name\":\"Imitacija drvene grede BR-02 tamna 3m\"}]},{\"@type\":\"WebSite\",\"@id\":\"https:\\\/\\\/filicdecor.com\\\/fr\\\/#website\",\"url\":\"https:\\\/\\\/filicdecor.com\\\/fr\\\/\",\"name\":\"Dekorativni stiropor | Fili\u0107 Decor | Fili\u0107\",\"description\":\"| - Fili\u0107 Fasade za poneti\",\"potentialAction\":[{\"@type\":\"SearchAction\",\"target\":{\"@type\":\"EntryPoint\",\"urlTemplate\":\"https:\\\/\\\/filicdecor.com\\\/fr\\\/?s={search_term_string}\"},\"query-input\":{\"@type\":\"PropertyValueSpecification\",\"valueRequired\":true,\"valueName\":\"search_term_string\"}}],\"inLanguage\":\"ro-RO\"}]}<\/script>\n<!-- \/ Yoast SEO plugin. -->","yoast_head_json":{"title":"Imitacija drvene grede BR-02 tamna 3m - Dekorativni stiropor | Fili\u0107 Decor | Fili\u0107","robots":{"index":"index","follow":"follow","max-snippet":"max-snippet:-1","max-image-preview":"max-image-preview:large","max-video-preview":"max-video-preview:-1"},"canonical":"https:\/\/filicdecor.com\/ro\/imitacija-drvene-grede-br-02-tamna-3m\/","og_locale":"ro_RO","og_type":"article","og_title":"Imitacija drvene grede BR-02 tamna 3m - Dekorativni stiropor | Fili\u0107 Decor | Fili\u0107","og_description":"Dimenzije: 12cm x 12cm x 300cm Proizvo\u0111a\u010d:\u00a0\u00a0Marbet Design Materijal:\u00a0Poliuretan Preporu\u010dene komponente: Pogodan lepak - TITAN SUPER Napomena:\u00a0Mogu\u0107nost izrade greda\u00a0i od stiropora, po nacrtu i ta\u010dnim dimenzijama po zahtevu klijenta.","og_url":"https:\/\/filicdecor.com\/ro\/imitacija-drvene-grede-br-02-tamna-3m\/","og_site_name":"Dekorativni stiropor | Fili\u0107 Decor | Fili\u0107","article_modified_time":"2023-12-21T12:10:40+00:00","og_image":[{"width":920,"height":480,"url":"https:\/\/filicdecor.com\/wp-content\/uploads\/2023\/12\/BR-02-TAMNA-N-1.jpg","type":"image\/jpeg"}],"twitter_card":"summary_large_image","twitter_misc":{"Timp estimat pentru citire":"1 minut"},"schema":{"@context":"https:\/\/schema.org","@graph":[{"@type":"WebPage","@id":"https:\/\/filicdecor.com\/de\/imitacija-drvene-grede-br-02-tamna-3m\/","url":"https:\/\/filicdecor.com\/de\/imitacija-drvene-grede-br-02-tamna-3m\/","name":"Imitacija drvene grede BR-02 tamna 3m - Dekorativni stiropor | Fili\u0107 Decor | Fili\u0107","isPartOf":{"@id":"https:\/\/filicdecor.com\/fr\/#website"},"primaryImageOfPage":{"@id":"https:\/\/filicdecor.com\/de\/imitacija-drvene-grede-br-02-tamna-3m\/#primaryimage"},"image":{"@id":"https:\/\/filicdecor.com\/de\/imitacija-drvene-grede-br-02-tamna-3m\/#primaryimage"},"thumbnailUrl":"https:\/\/filicdecor.com\/wp-content\/uploads\/2023\/12\/BR-02-TAMNA-N-1.jpg","datePublished":"2023-12-21T12:09:55+00:00","dateModified":"2023-12-21T12:10:40+00:00","breadcrumb":{"@id":"https:\/\/filicdecor.com\/de\/imitacija-drvene-grede-br-02-tamna-3m\/#breadcrumb"},"inLanguage":"ro-RO","potentialAction":[{"@type":"ReadAction","target":["https:\/\/filicdecor.com\/de\/imitacija-drvene-grede-br-02-tamna-3m\/"]}]},{"@type":"ImageObject","inLanguage":"ro-RO","@id":"https:\/\/filicdecor.com\/de\/imitacija-drvene-grede-br-02-tamna-3m\/#primaryimage","url":"https:\/\/filicdecor.com\/wp-content\/uploads\/2023\/12\/BR-02-TAMNA-N-1.jpg","contentUrl":"https:\/\/filicdecor.com\/wp-content\/uploads\/2023\/12\/BR-02-TAMNA-N-1.jpg","width":920,"height":480},{"@type":"BreadcrumbList","@id":"https:\/\/filicdecor.com\/de\/imitacija-drvene-grede-br-02-tamna-3m\/#breadcrumb","itemListElement":[{"@type":"ListItem","position":1,"name":"Po\u010detna","item":"https:\/\/filicdecor.com\/"},{"@type":"ListItem","position":2,"name":"Shop","item":"https:\/\/filicdecor.com\/shop\/"},{"@type":"ListItem","position":3,"name":"Imitacija drvene grede BR-02 tamna 3m"}]},{"@type":"WebSite","@id":"https:\/\/filicdecor.com\/fr\/#website","url":"https:\/\/filicdecor.com\/fr\/","name":"Polistiren decorativ | Fili\u0107 Decor | Filic","description":"| - Fili\u0107 Fasade za poneti","potentialAction":[{"@type":"SearchAction","target":{"@type":"EntryPoint","urlTemplate":"https:\/\/filicdecor.com\/fr\/?s={search_term_string}"},"query-input":{"@type":"PropertyValueSpecification","valueRequired":true,"valueName":"search_term_string"}}],"inLanguage":"ro-RO"}]}},"_links":{"self":[{"href":"https:\/\/filicdecor.com\/ro\/wp-json\/wp\/v2\/product\/5608","targetHints":{"allow":["GET"]}}],"collection":[{"href":"https:\/\/filicdecor.com\/ro\/wp-json\/wp\/v2\/product"}],"about":[{"href":"https:\/\/filicdecor.com\/ro\/wp-json\/wp\/v2\/types\/product"}],"version-history":[{"count":1,"href":"https:\/\/filicdecor.com\/ro\/wp-json\/wp\/v2\/product\/5608\/revisions"}],"predecessor-version":[{"id":5609,"href":"https:\/\/filicdecor.com\/ro\/wp-json\/wp\/v2\/product\/5608\/revisions\/5609"}],"wp:featuredmedia":[{"embeddable":true,"href":"https:\/\/filicdecor.com\/ro\/wp-json\/wp\/v2\/media\/5606"}],"wp:attachment":[{"href":"https:\/\/filicdecor.com\/ro\/wp-json\/wp\/v2\/media?parent=5608"}],"wp:term":[{"taxonomy":"product_brand","embeddable":true,"href":"https:\/\/filicdecor.com\/ro\/wp-json\/wp\/v2\/product_brand?post=5608"},{"taxonomy":"product_cat","embeddable":true,"href":"https:\/\/filicdecor.com\/ro\/wp-json\/wp\/v2\/product_cat?post=5608"},{"taxonomy":"product_tag","embeddable":true,"href":"https:\/\/filicdecor.com\/ro\/wp-json\/wp\/v2\/product_tag?post=5608"}],"curies":[{"name":"wp","href":"https:\/\/api.w.org\/{rel}","templated":true}]}}