{"id":5413,"date":"2023-12-21T10:51:58","date_gmt":"2023-12-21T10:51:58","guid":{"rendered":"https:\/\/filicdecor.com\/?post_type=product&#038;p=5413"},"modified":"2023-12-21T10:52:23","modified_gmt":"2023-12-21T10:52:23","slug":"japanska-vuna-no-9-10","status":"publish","type":"product","link":"https:\/\/filicdecor.com\/ro\/japanska-vuna-no-9-10\/","title":{"rendered":"L\u00e2n\u0103 japonez\u0103 No 9-10"},"content":{"rendered":"<p><strong>L\u00e2n\u0103 japonez\u0103<\/strong>\u00a0este un tapet textil cu performan\u021be excep\u021bionale<br \/>\nU\u0219or de \u00eentre\u021binut, prin cur\u0103\u021bare cu aspirator sau c\u00e2rp\u0103 umed\u0103 \u0219i bine stoars\u0103.<br \/>\nEste compus\u0103\u00a0<strong>ecologice precum l\u00e2n\u0103,<\/strong>\u00a0, celuloz\u0103, bumbac, m\u0103tase.<br \/>\nAcesta este material decorativ, antistatic, care respinge microparticule, nu atrage praful \u0219i are capacitate de izolare termic\u0103 \u0219i fonic\u0103<br \/>\nEste utilizat pentru acoperirea \u0219i decorarea pere\u021bilor interiori.<br \/>\nC\u00e2nd devine plictisitoare, pute\u021bi pur \u0219i simplu s\u0103 o umezi\u021bi \u0219i da\u021bi jos \u0219i s\u0103 o aplica\u021bi pe alt perete, sau o pute\u021bi depozita pentru alt\u0103 ocazie.<\/p>\n<p><strong>Instruc\u021biuni de aplicare:<\/strong><br \/>\nPeretele pe care aplica\u021bi l\u00e2n\u0103 japonez\u0103 trebuie preg\u0103tit \u00een mod adecvat, deoarece doar substratul bine preg\u0103tit garanteaz\u0103 efect deplin \u0219i durabilitate.<br \/>\n1. Pe pere\u021bi tencui\u021bi \u0219i vopsi\u021bi se poate aplica direct, f\u0103r\u0103 preg\u0103tiri speciale, doar cu aplicare prelabil\u0103 a substratului acrilic.<br \/>\n2. \u00cen cazurile \u00een care exist\u0103 \u00eendoieli \u00een calitatea straturilor anterioare, \u00eenainte de aplicare, peretele trebuie mai \u00eent\u00e2i cur\u0103\u021bat, degresat, reparat, tencuit, tratat cu substrat acrilic.<br \/>\n&#8211; Celu koli\u010dinu predvi\u0111enu za jednu prostoriju sipati u ve\u0107u posudu i izme\u0161ati u suvom stanju.<br \/>\n&#8211; U sud sipati 4-6 litara vode na jednu vre\u0107u i po potrebi dodavati toplu vodu. Topla voda je bolja, ali ukoliko se odlu\u010dite za hladnu vodu, nastavite njom ceo proces, kako ne bi do\u0161lo do razlike u dezenu.<br \/>\n&#8211; Dobro izme\u0161ajte smesu dok se ne dobije ravnomerno vla\u017ena ka\u0161asta masa.<br \/>\n&#8211; Ostaviti smesu minimalno jedan sat\u00a0da odstoji, najbolje je pripremiti uve\u010de za slede\u0107i dan i prekriti posudu vla\u017enom krpom.<br \/>\n&#8211; Nakon toga, ponovo izme\u0161ati pre samog nano\u0161enja, kako bi se razbile mogu\u0107e grudvice.<br \/>\nAplicarea masei se face cu\u00a0<strong>o mistrie \/\u0219patul\u0103 de inox sau cu rol\u0103 special\u0103<\/strong>\u00a0(disponibil\u0103 la noi).<\/p>\n<p>Orice deteriorare poate fi reparat\u0103 u\u0219or \u0219i rapid prin umezirea locului, aplic\u00e2nd pu\u021bin\u0103 mas\u0103 care a r\u0103mas iar apoi prin uniformizare cu mistrie sau \u0219patula. Restul de masa se p\u0103streaz\u0103 \u00eenchis \u00een pungi de plastic la frigider.<\/p>","protected":false},"excerpt":{"rendered":"<p><strong>Putere de acoperire:<\/strong>: 3\u00a0&#8211; 6m\u00b2<br \/>\n<strong>Material:\u00a0<\/strong>ecologic (lana, bumbac si celuloza).<\/p>","protected":false},"featured_media":5398,"template":"","meta":[],"product_brand":[],"product_cat":[77],"product_tag":[],"class_list":{"0":"post-5413","1":"product","2":"type-product","3":"status-publish","4":"has-post-thumbnail","6":"product_cat-japanske-vune","8":"first","9":"instock","10":"shipping-taxable","11":"purchasable","12":"product-type-simple"},"yoast_head":"<!-- This site is optimized with the Yoast SEO plugin v27.4 - https:\/\/yoast.com\/product\/yoast-seo-wordpress\/ -->\n<title>Japanska vuna No 9-10 - Dekorativni stiropor | Fili\u0107 Decor | Fili\u0107<\/title>\n<meta name=\"robots\" content=\"index, follow, max-snippet:-1, max-image-preview:large, max-video-preview:-1\" \/>\n<link rel=\"canonical\" href=\"https:\/\/filicdecor.com\/ro\/japanska-vuna-no-9-10\/\" \/>\n<meta property=\"og:locale\" content=\"ro_RO\" \/>\n<meta property=\"og:type\" content=\"article\" \/>\n<meta property=\"og:title\" content=\"Japanska vuna No 9-10 - Dekorativni stiropor | Fili\u0107 Decor | Fili\u0107\" \/>\n<meta property=\"og:description\" content=\"Pokrivna mo\u0107: 3\u00a0- 6m\u00b2 Materijal:\u00a0Ekolo\u0161ki (vuna, pamuk i celuloza).\" \/>\n<meta property=\"og:url\" content=\"https:\/\/filicdecor.com\/ro\/japanska-vuna-no-9-10\/\" \/>\n<meta property=\"og:site_name\" content=\"Dekorativni stiropor | Fili\u0107 Decor | Fili\u0107\" \/>\n<meta property=\"article:modified_time\" content=\"2023-12-21T10:52:23+00:00\" \/>\n<meta property=\"og:image\" content=\"https:\/\/filicdecor.com\/wp-content\/uploads\/2023\/12\/No-9-10n.webp\" \/>\n\t<meta property=\"og:image:width\" content=\"920\" \/>\n\t<meta property=\"og:image:height\" content=\"480\" \/>\n\t<meta property=\"og:image:type\" content=\"image\/webp\" \/>\n<meta name=\"twitter:card\" content=\"summary_large_image\" \/>\n<meta name=\"twitter:label1\" content=\"Timp estimat pentru citire\" \/>\n\t<meta name=\"twitter:data1\" content=\"2 minute\" \/>\n<script type=\"application\/ld+json\" class=\"yoast-schema-graph\">{\"@context\":\"https:\\\/\\\/schema.org\",\"@graph\":[{\"@type\":\"WebPage\",\"@id\":\"https:\\\/\\\/filicdecor.com\\\/japanska-vuna-no-9-10\\\/\",\"url\":\"https:\\\/\\\/filicdecor.com\\\/japanska-vuna-no-9-10\\\/\",\"name\":\"Japanska vuna No 9-10 - Dekorativni stiropor | Fili\u0107 Decor | Fili\u0107\",\"isPartOf\":{\"@id\":\"https:\\\/\\\/filicdecor.com\\\/fr\\\/#website\"},\"primaryImageOfPage\":{\"@id\":\"https:\\\/\\\/filicdecor.com\\\/japanska-vuna-no-9-10\\\/#primaryimage\"},\"image\":{\"@id\":\"https:\\\/\\\/filicdecor.com\\\/japanska-vuna-no-9-10\\\/#primaryimage\"},\"thumbnailUrl\":\"https:\\\/\\\/filicdecor.com\\\/wp-content\\\/uploads\\\/2023\\\/12\\\/No-9-10n.webp\",\"datePublished\":\"2023-12-21T10:51:58+00:00\",\"dateModified\":\"2023-12-21T10:52:23+00:00\",\"breadcrumb\":{\"@id\":\"https:\\\/\\\/filicdecor.com\\\/japanska-vuna-no-9-10\\\/#breadcrumb\"},\"inLanguage\":\"ro-RO\",\"potentialAction\":[{\"@type\":\"ReadAction\",\"target\":[\"https:\\\/\\\/filicdecor.com\\\/japanska-vuna-no-9-10\\\/\"]}]},{\"@type\":\"ImageObject\",\"inLanguage\":\"ro-RO\",\"@id\":\"https:\\\/\\\/filicdecor.com\\\/japanska-vuna-no-9-10\\\/#primaryimage\",\"url\":\"https:\\\/\\\/filicdecor.com\\\/wp-content\\\/uploads\\\/2023\\\/12\\\/No-9-10n.webp\",\"contentUrl\":\"https:\\\/\\\/filicdecor.com\\\/wp-content\\\/uploads\\\/2023\\\/12\\\/No-9-10n.webp\",\"width\":920,\"height\":480},{\"@type\":\"BreadcrumbList\",\"@id\":\"https:\\\/\\\/filicdecor.com\\\/japanska-vuna-no-9-10\\\/#breadcrumb\",\"itemListElement\":[{\"@type\":\"ListItem\",\"position\":1,\"name\":\"\u041f\u043e\u0447\u0435\u0442\u043d\u0430\",\"item\":\"https:\\\/\\\/filicdecor.com\\\/\"},{\"@type\":\"ListItem\",\"position\":2,\"name\":\"Shop\",\"item\":\"https:\\\/\\\/filicdecor.com\\\/shop\\\/\"},{\"@type\":\"ListItem\",\"position\":3,\"name\":\"Japanska vuna No 9-10\"}]},{\"@type\":\"WebSite\",\"@id\":\"https:\\\/\\\/filicdecor.com\\\/fr\\\/#website\",\"url\":\"https:\\\/\\\/filicdecor.com\\\/fr\\\/\",\"name\":\"Dekorativni stiropor | Fili\u0107 Decor | Fili\u0107\",\"description\":\"| - Fili\u0107 Fasade za poneti\",\"potentialAction\":[{\"@type\":\"SearchAction\",\"target\":{\"@type\":\"EntryPoint\",\"urlTemplate\":\"https:\\\/\\\/filicdecor.com\\\/fr\\\/?s={search_term_string}\"},\"query-input\":{\"@type\":\"PropertyValueSpecification\",\"valueRequired\":true,\"valueName\":\"search_term_string\"}}],\"inLanguage\":\"ro-RO\"}]}<\/script>\n<!-- \/ Yoast SEO plugin. -->","yoast_head_json":{"title":"Japanska vuna No 9-10 - Dekorativni stiropor | Fili\u0107 Decor | Fili\u0107","robots":{"index":"index","follow":"follow","max-snippet":"max-snippet:-1","max-image-preview":"max-image-preview:large","max-video-preview":"max-video-preview:-1"},"canonical":"https:\/\/filicdecor.com\/ro\/japanska-vuna-no-9-10\/","og_locale":"ro_RO","og_type":"article","og_title":"Japanska vuna No 9-10 - Dekorativni stiropor | Fili\u0107 Decor | Fili\u0107","og_description":"Pokrivna mo\u0107: 3\u00a0- 6m\u00b2 Materijal:\u00a0Ekolo\u0161ki (vuna, pamuk i celuloza).","og_url":"https:\/\/filicdecor.com\/ro\/japanska-vuna-no-9-10\/","og_site_name":"Dekorativni stiropor | Fili\u0107 Decor | Fili\u0107","article_modified_time":"2023-12-21T10:52:23+00:00","og_image":[{"width":920,"height":480,"url":"https:\/\/filicdecor.com\/wp-content\/uploads\/2023\/12\/No-9-10n.webp","type":"image\/webp"}],"twitter_card":"summary_large_image","twitter_misc":{"Timp estimat pentru citire":"2 minute"},"schema":{"@context":"https:\/\/schema.org","@graph":[{"@type":"WebPage","@id":"https:\/\/filicdecor.com\/japanska-vuna-no-9-10\/","url":"https:\/\/filicdecor.com\/japanska-vuna-no-9-10\/","name":"Japanska vuna No 9-10 - Dekorativni stiropor | Fili\u0107 Decor | Fili\u0107","isPartOf":{"@id":"https:\/\/filicdecor.com\/fr\/#website"},"primaryImageOfPage":{"@id":"https:\/\/filicdecor.com\/japanska-vuna-no-9-10\/#primaryimage"},"image":{"@id":"https:\/\/filicdecor.com\/japanska-vuna-no-9-10\/#primaryimage"},"thumbnailUrl":"https:\/\/filicdecor.com\/wp-content\/uploads\/2023\/12\/No-9-10n.webp","datePublished":"2023-12-21T10:51:58+00:00","dateModified":"2023-12-21T10:52:23+00:00","breadcrumb":{"@id":"https:\/\/filicdecor.com\/japanska-vuna-no-9-10\/#breadcrumb"},"inLanguage":"ro-RO","potentialAction":[{"@type":"ReadAction","target":["https:\/\/filicdecor.com\/japanska-vuna-no-9-10\/"]}]},{"@type":"ImageObject","inLanguage":"ro-RO","@id":"https:\/\/filicdecor.com\/japanska-vuna-no-9-10\/#primaryimage","url":"https:\/\/filicdecor.com\/wp-content\/uploads\/2023\/12\/No-9-10n.webp","contentUrl":"https:\/\/filicdecor.com\/wp-content\/uploads\/2023\/12\/No-9-10n.webp","width":920,"height":480},{"@type":"BreadcrumbList","@id":"https:\/\/filicdecor.com\/japanska-vuna-no-9-10\/#breadcrumb","itemListElement":[{"@type":"ListItem","position":1,"name":"Po\u010detna","item":"https:\/\/filicdecor.com\/"},{"@type":"ListItem","position":2,"name":"Shop","item":"https:\/\/filicdecor.com\/shop\/"},{"@type":"ListItem","position":3,"name":"Japanska vuna No 9-10"}]},{"@type":"WebSite","@id":"https:\/\/filicdecor.com\/fr\/#website","url":"https:\/\/filicdecor.com\/fr\/","name":"Polistiren decorativ | Fili\u0107 Decor | Filic","description":"| - Fili\u0107 Fasade za poneti","potentialAction":[{"@type":"SearchAction","target":{"@type":"EntryPoint","urlTemplate":"https:\/\/filicdecor.com\/fr\/?s={search_term_string}"},"query-input":{"@type":"PropertyValueSpecification","valueRequired":true,"valueName":"search_term_string"}}],"inLanguage":"ro-RO"}]}},"_links":{"self":[{"href":"https:\/\/filicdecor.com\/ro\/wp-json\/wp\/v2\/product\/5413","targetHints":{"allow":["GET"]}}],"collection":[{"href":"https:\/\/filicdecor.com\/ro\/wp-json\/wp\/v2\/product"}],"about":[{"href":"https:\/\/filicdecor.com\/ro\/wp-json\/wp\/v2\/types\/product"}],"version-history":[{"count":1,"href":"https:\/\/filicdecor.com\/ro\/wp-json\/wp\/v2\/product\/5413\/revisions"}],"predecessor-version":[{"id":5414,"href":"https:\/\/filicdecor.com\/ro\/wp-json\/wp\/v2\/product\/5413\/revisions\/5414"}],"wp:featuredmedia":[{"embeddable":true,"href":"https:\/\/filicdecor.com\/ro\/wp-json\/wp\/v2\/media\/5398"}],"wp:attachment":[{"href":"https:\/\/filicdecor.com\/ro\/wp-json\/wp\/v2\/media?parent=5413"}],"wp:term":[{"taxonomy":"product_brand","embeddable":true,"href":"https:\/\/filicdecor.com\/ro\/wp-json\/wp\/v2\/product_brand?post=5413"},{"taxonomy":"product_cat","embeddable":true,"href":"https:\/\/filicdecor.com\/ro\/wp-json\/wp\/v2\/product_cat?post=5413"},{"taxonomy":"product_tag","embeddable":true,"href":"https:\/\/filicdecor.com\/ro\/wp-json\/wp\/v2\/product_tag?post=5413"}],"curies":[{"name":"wp","href":"https:\/\/api.w.org\/{rel}","templated":true}]}}