{"id":4448,"date":"2023-12-16T11:21:11","date_gmt":"2023-12-16T11:21:11","guid":{"rendered":"https:\/\/filicdecor.com\/?post_type=product&#038;p=4448"},"modified":"2023-12-23T14:34:12","modified_gmt":"2023-12-23T14:34:12","slug":"fasadni-baluster-od-stiropora-fsb-1","status":"publish","type":"product","link":"https:\/\/filicdecor.com\/ro\/fasadni-baluster-od-stiropora-fsb-1\/","title":{"rendered":"Balustru de fatada din polistiren FSB-1"},"content":{"rendered":"<p>Balaustrii aduc frumusete si eleganta exteriorului si interiorului dumneavoastra. Se folosesc pentru gardul teraselor, scarilor, balcoanelor, caselor de vara, curtilor si gradinilor. Balustrele sunt disponibile \u00een diferite dimensiuni \u0219i sunt adaptabile la fiecare gust \u0219i nevoie.<\/p>","protected":false},"excerpt":{"rendered":"<p>Balusteri donose lepotu i eleganciju va\u0161em eksterijeru i enterijeru. Koriste se za ogradu terasa, stepeni\u0161ta, balkona, letnjikovaca, dvori\u0161ta i vrtova.<\/p>","protected":false},"featured_media":4455,"template":"","meta":[],"product_brand":[],"product_cat":[217],"product_tag":[],"class_list":{"0":"post-4448","1":"product","2":"type-product","3":"status-publish","4":"has-post-thumbnail","6":"product_cat-ograde-od-stiropora","8":"first","9":"instock","10":"shipping-taxable","11":"purchasable","12":"product-type-simple"},"yoast_head":"<!-- This site is optimized with the Yoast SEO plugin v27.4 - https:\/\/yoast.com\/product\/yoast-seo-wordpress\/ -->\n<title>Fasadni baluster od stiropora FSB-1 - Dekorativni stiropor | Fili\u0107 Decor | Fili\u0107<\/title>\n<meta name=\"robots\" content=\"index, follow, max-snippet:-1, max-image-preview:large, max-video-preview:-1\" \/>\n<link rel=\"canonical\" href=\"https:\/\/filicdecor.com\/ro\/fasadni-baluster-od-stiropora-fsb-1\/\" \/>\n<meta property=\"og:locale\" content=\"ro_RO\" \/>\n<meta property=\"og:type\" content=\"article\" \/>\n<meta property=\"og:title\" content=\"Fasadni baluster od stiropora FSB-1 - Dekorativni stiropor | Fili\u0107 Decor | Fili\u0107\" \/>\n<meta property=\"og:description\" content=\"Balusteri donose lepotu i eleganciju va\u0161em eksterijeru i enterijeru. Koriste se za ogradu terasa, stepeni\u0161ta, balkona, letnjikovaca, dvori\u0161ta i vrtova.\" \/>\n<meta property=\"og:url\" content=\"https:\/\/filicdecor.com\/ro\/fasadni-baluster-od-stiropora-fsb-1\/\" \/>\n<meta property=\"og:site_name\" content=\"Dekorativni stiropor | Fili\u0107 Decor | Fili\u0107\" \/>\n<meta property=\"article:modified_time\" content=\"2023-12-23T14:34:12+00:00\" \/>\n<meta property=\"og:image\" content=\"https:\/\/filicdecor.com\/wp-content\/uploads\/2023\/12\/FSB1.webp\" \/>\n\t<meta property=\"og:image:width\" content=\"920\" \/>\n\t<meta property=\"og:image:height\" content=\"480\" \/>\n\t<meta property=\"og:image:type\" content=\"image\/webp\" \/>\n<meta name=\"twitter:card\" content=\"summary_large_image\" \/>\n<script type=\"application\/ld+json\" class=\"yoast-schema-graph\">{\"@context\":\"https:\\\/\\\/schema.org\",\"@graph\":[{\"@type\":\"WebPage\",\"@id\":\"https:\\\/\\\/filicdecor.com\\\/de\\\/fasadni-baluster-od-stiropora-fsb-1\\\/\",\"url\":\"https:\\\/\\\/filicdecor.com\\\/de\\\/fasadni-baluster-od-stiropora-fsb-1\\\/\",\"name\":\"Fasadni baluster od stiropora FSB-1 - Dekorativni stiropor | Fili\u0107 Decor | Fili\u0107\",\"isPartOf\":{\"@id\":\"https:\\\/\\\/filicdecor.com\\\/fr\\\/#website\"},\"primaryImageOfPage\":{\"@id\":\"https:\\\/\\\/filicdecor.com\\\/de\\\/fasadni-baluster-od-stiropora-fsb-1\\\/#primaryimage\"},\"image\":{\"@id\":\"https:\\\/\\\/filicdecor.com\\\/de\\\/fasadni-baluster-od-stiropora-fsb-1\\\/#primaryimage\"},\"thumbnailUrl\":\"https:\\\/\\\/filicdecor.com\\\/wp-content\\\/uploads\\\/2023\\\/12\\\/FSB1.webp\",\"datePublished\":\"2023-12-16T11:21:11+00:00\",\"dateModified\":\"2023-12-23T14:34:12+00:00\",\"breadcrumb\":{\"@id\":\"https:\\\/\\\/filicdecor.com\\\/de\\\/fasadni-baluster-od-stiropora-fsb-1\\\/#breadcrumb\"},\"inLanguage\":\"ro-RO\",\"potentialAction\":[{\"@type\":\"ReadAction\",\"target\":[\"https:\\\/\\\/filicdecor.com\\\/de\\\/fasadni-baluster-od-stiropora-fsb-1\\\/\"]}]},{\"@type\":\"ImageObject\",\"inLanguage\":\"ro-RO\",\"@id\":\"https:\\\/\\\/filicdecor.com\\\/de\\\/fasadni-baluster-od-stiropora-fsb-1\\\/#primaryimage\",\"url\":\"https:\\\/\\\/filicdecor.com\\\/wp-content\\\/uploads\\\/2023\\\/12\\\/FSB1.webp\",\"contentUrl\":\"https:\\\/\\\/filicdecor.com\\\/wp-content\\\/uploads\\\/2023\\\/12\\\/FSB1.webp\",\"width\":920,\"height\":480},{\"@type\":\"BreadcrumbList\",\"@id\":\"https:\\\/\\\/filicdecor.com\\\/de\\\/fasadni-baluster-od-stiropora-fsb-1\\\/#breadcrumb\",\"itemListElement\":[{\"@type\":\"ListItem\",\"position\":1,\"name\":\"\u041f\u043e\u0447\u0435\u0442\u043d\u0430\",\"item\":\"https:\\\/\\\/filicdecor.com\\\/\"},{\"@type\":\"ListItem\",\"position\":2,\"name\":\"Shop\",\"item\":\"https:\\\/\\\/filicdecor.com\\\/shop\\\/\"},{\"@type\":\"ListItem\",\"position\":3,\"name\":\"Fasadni baluster od stiropora FSB-1\"}]},{\"@type\":\"WebSite\",\"@id\":\"https:\\\/\\\/filicdecor.com\\\/fr\\\/#website\",\"url\":\"https:\\\/\\\/filicdecor.com\\\/fr\\\/\",\"name\":\"Dekorativni stiropor | Fili\u0107 Decor | Fili\u0107\",\"description\":\"| - Fili\u0107 Fasade za poneti\",\"potentialAction\":[{\"@type\":\"SearchAction\",\"target\":{\"@type\":\"EntryPoint\",\"urlTemplate\":\"https:\\\/\\\/filicdecor.com\\\/fr\\\/?s={search_term_string}\"},\"query-input\":{\"@type\":\"PropertyValueSpecification\",\"valueRequired\":true,\"valueName\":\"search_term_string\"}}],\"inLanguage\":\"ro-RO\"}]}<\/script>\n<!-- \/ Yoast SEO plugin. -->","yoast_head_json":{"title":"Fasadni baluster od stiropora FSB-1 - Dekorativni stiropor | Fili\u0107 Decor | Fili\u0107","robots":{"index":"index","follow":"follow","max-snippet":"max-snippet:-1","max-image-preview":"max-image-preview:large","max-video-preview":"max-video-preview:-1"},"canonical":"https:\/\/filicdecor.com\/ro\/fasadni-baluster-od-stiropora-fsb-1\/","og_locale":"ro_RO","og_type":"article","og_title":"Fasadni baluster od stiropora FSB-1 - Dekorativni stiropor | Fili\u0107 Decor | Fili\u0107","og_description":"Balusteri donose lepotu i eleganciju va\u0161em eksterijeru i enterijeru. Koriste se za ogradu terasa, stepeni\u0161ta, balkona, letnjikovaca, dvori\u0161ta i vrtova.","og_url":"https:\/\/filicdecor.com\/ro\/fasadni-baluster-od-stiropora-fsb-1\/","og_site_name":"Dekorativni stiropor | Fili\u0107 Decor | Fili\u0107","article_modified_time":"2023-12-23T14:34:12+00:00","og_image":[{"width":920,"height":480,"url":"https:\/\/filicdecor.com\/wp-content\/uploads\/2023\/12\/FSB1.webp","type":"image\/webp"}],"twitter_card":"summary_large_image","schema":{"@context":"https:\/\/schema.org","@graph":[{"@type":"WebPage","@id":"https:\/\/filicdecor.com\/de\/fasadni-baluster-od-stiropora-fsb-1\/","url":"https:\/\/filicdecor.com\/de\/fasadni-baluster-od-stiropora-fsb-1\/","name":"Fasadni baluster od stiropora FSB-1 - Dekorativni stiropor | Fili\u0107 Decor | Fili\u0107","isPartOf":{"@id":"https:\/\/filicdecor.com\/fr\/#website"},"primaryImageOfPage":{"@id":"https:\/\/filicdecor.com\/de\/fasadni-baluster-od-stiropora-fsb-1\/#primaryimage"},"image":{"@id":"https:\/\/filicdecor.com\/de\/fasadni-baluster-od-stiropora-fsb-1\/#primaryimage"},"thumbnailUrl":"https:\/\/filicdecor.com\/wp-content\/uploads\/2023\/12\/FSB1.webp","datePublished":"2023-12-16T11:21:11+00:00","dateModified":"2023-12-23T14:34:12+00:00","breadcrumb":{"@id":"https:\/\/filicdecor.com\/de\/fasadni-baluster-od-stiropora-fsb-1\/#breadcrumb"},"inLanguage":"ro-RO","potentialAction":[{"@type":"ReadAction","target":["https:\/\/filicdecor.com\/de\/fasadni-baluster-od-stiropora-fsb-1\/"]}]},{"@type":"ImageObject","inLanguage":"ro-RO","@id":"https:\/\/filicdecor.com\/de\/fasadni-baluster-od-stiropora-fsb-1\/#primaryimage","url":"https:\/\/filicdecor.com\/wp-content\/uploads\/2023\/12\/FSB1.webp","contentUrl":"https:\/\/filicdecor.com\/wp-content\/uploads\/2023\/12\/FSB1.webp","width":920,"height":480},{"@type":"BreadcrumbList","@id":"https:\/\/filicdecor.com\/de\/fasadni-baluster-od-stiropora-fsb-1\/#breadcrumb","itemListElement":[{"@type":"ListItem","position":1,"name":"Po\u010detna","item":"https:\/\/filicdecor.com\/"},{"@type":"ListItem","position":2,"name":"Shop","item":"https:\/\/filicdecor.com\/shop\/"},{"@type":"ListItem","position":3,"name":"Fasadni baluster od stiropora FSB-1"}]},{"@type":"WebSite","@id":"https:\/\/filicdecor.com\/fr\/#website","url":"https:\/\/filicdecor.com\/fr\/","name":"Polistiren decorativ | Fili\u0107 Decor | Filic","description":"| - Fili\u0107 Fasade za poneti","potentialAction":[{"@type":"SearchAction","target":{"@type":"EntryPoint","urlTemplate":"https:\/\/filicdecor.com\/fr\/?s={search_term_string}"},"query-input":{"@type":"PropertyValueSpecification","valueRequired":true,"valueName":"search_term_string"}}],"inLanguage":"ro-RO"}]}},"_links":{"self":[{"href":"https:\/\/filicdecor.com\/ro\/wp-json\/wp\/v2\/product\/4448","targetHints":{"allow":["GET"]}}],"collection":[{"href":"https:\/\/filicdecor.com\/ro\/wp-json\/wp\/v2\/product"}],"about":[{"href":"https:\/\/filicdecor.com\/ro\/wp-json\/wp\/v2\/types\/product"}],"version-history":[{"count":2,"href":"https:\/\/filicdecor.com\/ro\/wp-json\/wp\/v2\/product\/4448\/revisions"}],"predecessor-version":[{"id":7022,"href":"https:\/\/filicdecor.com\/ro\/wp-json\/wp\/v2\/product\/4448\/revisions\/7022"}],"wp:featuredmedia":[{"embeddable":true,"href":"https:\/\/filicdecor.com\/ro\/wp-json\/wp\/v2\/media\/4455"}],"wp:attachment":[{"href":"https:\/\/filicdecor.com\/ro\/wp-json\/wp\/v2\/media?parent=4448"}],"wp:term":[{"taxonomy":"product_brand","embeddable":true,"href":"https:\/\/filicdecor.com\/ro\/wp-json\/wp\/v2\/product_brand?post=4448"},{"taxonomy":"product_cat","embeddable":true,"href":"https:\/\/filicdecor.com\/ro\/wp-json\/wp\/v2\/product_cat?post=4448"},{"taxonomy":"product_tag","embeddable":true,"href":"https:\/\/filicdecor.com\/ro\/wp-json\/wp\/v2\/product_tag?post=4448"}],"curies":[{"name":"wp","href":"https:\/\/api.w.org\/{rel}","templated":true}]}}