{"id":3891,"date":"2023-12-15T11:30:55","date_gmt":"2023-12-15T11:30:55","guid":{"rendered":"https:\/\/filicdecor.com\/?post_type=product&#038;p=3891"},"modified":"2023-12-23T13:41:54","modified_gmt":"2023-12-23T13:41:54","slug":"fasadna-nut-lajsna-sls-604","status":"publish","type":"product","link":"https:\/\/filicdecor.com\/ro\/fasadna-nut-lajsna-sls-604\/","title":{"rendered":"Nut baghete decorative polistiren exterior SLS-604"},"content":{"rendered":"<p><strong>Elemente decorative de fa\u021bad\u0103 Fili\u0107\u00a0<\/strong>sunt un material ideal pentru realizarea de calitate chiar \u0219i a celor mai exigente fa\u021bade.<br \/>\nElementele de fa\u021bad\u0103 sunt construite din complet pur\u00a0<strong>polistiren<\/strong>, acoperit cu un strat sub\u021bire, flexibil, durabil, rezistent la UV \u0219i rezistent la intemperii din acril-poliuretan.<br \/>\nToate<strong>\u00a0elementele de fa\u021bad\u0103<\/strong>\u00a0sunt proiectate pentru a se adapta cu u\u0219urin\u021b\u0103 la o gam\u0103 larg\u0103 de situa\u021bii de pe cl\u0103diri, de la condi\u021bii ideale de construc\u021bie p\u00e2n\u0103 la substraturi foarte problematice<br \/>\n\u00cenveli\u0219ul de protec\u021bie unic al produsului se caracterizeaz\u0103 prin durabilitate ridicat\u0103, flexibilitate \u0219i rezisten\u021b\u0103 la impact f\u0103r\u0103 utilizarea arm\u0103turii.<br \/>\nMul\u021bumit\u0103\u00a0<strong>acril<\/strong>\u00a0stratul de baz\u0103 de culoare alb\u0103, grundurile \u0219i vopselele pe baz\u0103 de ap\u0103 sunt u\u0219or de aplicat, prelungesc durata de via\u021b\u0103 \u0219i economisesc vopseaua.<\/p>","protected":false},"excerpt":{"rendered":"<p><strong>Dimensiuni:<\/strong>\u00a08cm x 3cm<br \/>\n<strong>Material:<\/strong>\u00a0Polistiren presat tare<br \/>\n<strong>Not\u0103:<\/strong>\u00a0Pretul declarat este pretul pentru 1m de muluri. Molurile sunt livrate pe o lungime de 2m.<\/p>","protected":false},"featured_media":3892,"template":"","meta":[],"product_brand":[],"product_cat":[207,208],"product_tag":[],"class_list":{"0":"post-3891","1":"product","2":"type-product","3":"status-publish","4":"has-post-thumbnail","6":"product_cat-fasadne-lajsne","7":"product_cat-fasadne-nut-lajsne","9":"first","10":"onbackorder","11":"shipping-taxable","12":"purchasable","13":"product-type-simple"},"yoast_head":"<!-- This site is optimized with the Yoast SEO plugin v27.4 - https:\/\/yoast.com\/product\/yoast-seo-wordpress\/ -->\n<title>Fasadna nut lajsna SLS-604 - Dekorativni stiropor | Fili\u0107 Decor | Fili\u0107<\/title>\n<meta name=\"robots\" content=\"index, follow, max-snippet:-1, max-image-preview:large, max-video-preview:-1\" \/>\n<link rel=\"canonical\" href=\"https:\/\/filicdecor.com\/ro\/fasadna-nut-lajsna-sls-604\/\" \/>\n<meta property=\"og:locale\" content=\"ro_RO\" \/>\n<meta property=\"og:type\" content=\"article\" \/>\n<meta property=\"og:title\" content=\"Fasadna nut lajsna SLS-604 - Dekorativni stiropor | Fili\u0107 Decor | Fili\u0107\" \/>\n<meta property=\"og:description\" content=\"Dimenzije:\u00a08cm x 3cm Materijal:\u00a0Tvrdo presovani polistirol Napomena:\u00a0Navedena cena je cena za 1m lajsne. Lajsne se isporu\u010duju u du\u017eini od 2m.\" \/>\n<meta property=\"og:url\" content=\"https:\/\/filicdecor.com\/ro\/fasadna-nut-lajsna-sls-604\/\" \/>\n<meta property=\"og:site_name\" content=\"Dekorativni stiropor | Fili\u0107 Decor | Fili\u0107\" \/>\n<meta property=\"article:modified_time\" content=\"2023-12-23T13:41:54+00:00\" \/>\n<meta property=\"og:image\" content=\"https:\/\/filicdecor.com\/wp-content\/uploads\/2023\/12\/SLS604.webp\" \/>\n\t<meta property=\"og:image:width\" content=\"920\" \/>\n\t<meta property=\"og:image:height\" content=\"480\" \/>\n\t<meta property=\"og:image:type\" content=\"image\/webp\" \/>\n<meta name=\"twitter:card\" content=\"summary_large_image\" \/>\n<meta name=\"twitter:label1\" content=\"Timp estimat pentru citire\" \/>\n\t<meta name=\"twitter:data1\" content=\"1 minut\" \/>\n<script type=\"application\/ld+json\" class=\"yoast-schema-graph\">{\"@context\":\"https:\\\/\\\/schema.org\",\"@graph\":[{\"@type\":\"WebPage\",\"@id\":\"https:\\\/\\\/filicdecor.com\\\/fasadna-nut-lajsna-sls-604\\\/\",\"url\":\"https:\\\/\\\/filicdecor.com\\\/fasadna-nut-lajsna-sls-604\\\/\",\"name\":\"Fasadna nut lajsna SLS-604 - Dekorativni stiropor | Fili\u0107 Decor | Fili\u0107\",\"isPartOf\":{\"@id\":\"https:\\\/\\\/filicdecor.com\\\/fr\\\/#website\"},\"primaryImageOfPage\":{\"@id\":\"https:\\\/\\\/filicdecor.com\\\/fasadna-nut-lajsna-sls-604\\\/#primaryimage\"},\"image\":{\"@id\":\"https:\\\/\\\/filicdecor.com\\\/fasadna-nut-lajsna-sls-604\\\/#primaryimage\"},\"thumbnailUrl\":\"https:\\\/\\\/filicdecor.com\\\/wp-content\\\/uploads\\\/2023\\\/12\\\/SLS604.webp\",\"datePublished\":\"2023-12-15T11:30:55+00:00\",\"dateModified\":\"2023-12-23T13:41:54+00:00\",\"breadcrumb\":{\"@id\":\"https:\\\/\\\/filicdecor.com\\\/fasadna-nut-lajsna-sls-604\\\/#breadcrumb\"},\"inLanguage\":\"ro-RO\",\"potentialAction\":[{\"@type\":\"ReadAction\",\"target\":[\"https:\\\/\\\/filicdecor.com\\\/fasadna-nut-lajsna-sls-604\\\/\"]}]},{\"@type\":\"ImageObject\",\"inLanguage\":\"ro-RO\",\"@id\":\"https:\\\/\\\/filicdecor.com\\\/fasadna-nut-lajsna-sls-604\\\/#primaryimage\",\"url\":\"https:\\\/\\\/filicdecor.com\\\/wp-content\\\/uploads\\\/2023\\\/12\\\/SLS604.webp\",\"contentUrl\":\"https:\\\/\\\/filicdecor.com\\\/wp-content\\\/uploads\\\/2023\\\/12\\\/SLS604.webp\",\"width\":920,\"height\":480},{\"@type\":\"BreadcrumbList\",\"@id\":\"https:\\\/\\\/filicdecor.com\\\/fasadna-nut-lajsna-sls-604\\\/#breadcrumb\",\"itemListElement\":[{\"@type\":\"ListItem\",\"position\":1,\"name\":\"\u041f\u043e\u0447\u0435\u0442\u043d\u0430\",\"item\":\"https:\\\/\\\/filicdecor.com\\\/\"},{\"@type\":\"ListItem\",\"position\":2,\"name\":\"Shop\",\"item\":\"https:\\\/\\\/filicdecor.com\\\/shop\\\/\"},{\"@type\":\"ListItem\",\"position\":3,\"name\":\"Fasadna nut lajsna SLS-604\"}]},{\"@type\":\"WebSite\",\"@id\":\"https:\\\/\\\/filicdecor.com\\\/fr\\\/#website\",\"url\":\"https:\\\/\\\/filicdecor.com\\\/fr\\\/\",\"name\":\"Dekorativni stiropor | Fili\u0107 Decor | Fili\u0107\",\"description\":\"| - Fili\u0107 Fasade za poneti\",\"potentialAction\":[{\"@type\":\"SearchAction\",\"target\":{\"@type\":\"EntryPoint\",\"urlTemplate\":\"https:\\\/\\\/filicdecor.com\\\/fr\\\/?s={search_term_string}\"},\"query-input\":{\"@type\":\"PropertyValueSpecification\",\"valueRequired\":true,\"valueName\":\"search_term_string\"}}],\"inLanguage\":\"ro-RO\"}]}<\/script>\n<!-- \/ Yoast SEO plugin. -->","yoast_head_json":{"title":"Fasadna nut lajsna SLS-604 - Dekorativni stiropor | Fili\u0107 Decor | Fili\u0107","robots":{"index":"index","follow":"follow","max-snippet":"max-snippet:-1","max-image-preview":"max-image-preview:large","max-video-preview":"max-video-preview:-1"},"canonical":"https:\/\/filicdecor.com\/ro\/fasadna-nut-lajsna-sls-604\/","og_locale":"ro_RO","og_type":"article","og_title":"Fasadna nut lajsna SLS-604 - Dekorativni stiropor | Fili\u0107 Decor | Fili\u0107","og_description":"Dimenzije:\u00a08cm x 3cm Materijal:\u00a0Tvrdo presovani polistirol Napomena:\u00a0Navedena cena je cena za 1m lajsne. Lajsne se isporu\u010duju u du\u017eini od 2m.","og_url":"https:\/\/filicdecor.com\/ro\/fasadna-nut-lajsna-sls-604\/","og_site_name":"Dekorativni stiropor | Fili\u0107 Decor | Fili\u0107","article_modified_time":"2023-12-23T13:41:54+00:00","og_image":[{"width":920,"height":480,"url":"https:\/\/filicdecor.com\/wp-content\/uploads\/2023\/12\/SLS604.webp","type":"image\/webp"}],"twitter_card":"summary_large_image","twitter_misc":{"Timp estimat pentru citire":"1 minut"},"schema":{"@context":"https:\/\/schema.org","@graph":[{"@type":"WebPage","@id":"https:\/\/filicdecor.com\/fasadna-nut-lajsna-sls-604\/","url":"https:\/\/filicdecor.com\/fasadna-nut-lajsna-sls-604\/","name":"Fasadna nut lajsna SLS-604 - Dekorativni stiropor | Fili\u0107 Decor | Fili\u0107","isPartOf":{"@id":"https:\/\/filicdecor.com\/fr\/#website"},"primaryImageOfPage":{"@id":"https:\/\/filicdecor.com\/fasadna-nut-lajsna-sls-604\/#primaryimage"},"image":{"@id":"https:\/\/filicdecor.com\/fasadna-nut-lajsna-sls-604\/#primaryimage"},"thumbnailUrl":"https:\/\/filicdecor.com\/wp-content\/uploads\/2023\/12\/SLS604.webp","datePublished":"2023-12-15T11:30:55+00:00","dateModified":"2023-12-23T13:41:54+00:00","breadcrumb":{"@id":"https:\/\/filicdecor.com\/fasadna-nut-lajsna-sls-604\/#breadcrumb"},"inLanguage":"ro-RO","potentialAction":[{"@type":"ReadAction","target":["https:\/\/filicdecor.com\/fasadna-nut-lajsna-sls-604\/"]}]},{"@type":"ImageObject","inLanguage":"ro-RO","@id":"https:\/\/filicdecor.com\/fasadna-nut-lajsna-sls-604\/#primaryimage","url":"https:\/\/filicdecor.com\/wp-content\/uploads\/2023\/12\/SLS604.webp","contentUrl":"https:\/\/filicdecor.com\/wp-content\/uploads\/2023\/12\/SLS604.webp","width":920,"height":480},{"@type":"BreadcrumbList","@id":"https:\/\/filicdecor.com\/fasadna-nut-lajsna-sls-604\/#breadcrumb","itemListElement":[{"@type":"ListItem","position":1,"name":"Po\u010detna","item":"https:\/\/filicdecor.com\/"},{"@type":"ListItem","position":2,"name":"Shop","item":"https:\/\/filicdecor.com\/shop\/"},{"@type":"ListItem","position":3,"name":"Fasadna nut lajsna SLS-604"}]},{"@type":"WebSite","@id":"https:\/\/filicdecor.com\/fr\/#website","url":"https:\/\/filicdecor.com\/fr\/","name":"Polistiren decorativ | Fili\u0107 Decor | Filic","description":"| - Fili\u0107 Fasade za poneti","potentialAction":[{"@type":"SearchAction","target":{"@type":"EntryPoint","urlTemplate":"https:\/\/filicdecor.com\/fr\/?s={search_term_string}"},"query-input":{"@type":"PropertyValueSpecification","valueRequired":true,"valueName":"search_term_string"}}],"inLanguage":"ro-RO"}]}},"_links":{"self":[{"href":"https:\/\/filicdecor.com\/ro\/wp-json\/wp\/v2\/product\/3891","targetHints":{"allow":["GET"]}}],"collection":[{"href":"https:\/\/filicdecor.com\/ro\/wp-json\/wp\/v2\/product"}],"about":[{"href":"https:\/\/filicdecor.com\/ro\/wp-json\/wp\/v2\/types\/product"}],"version-history":[{"count":3,"href":"https:\/\/filicdecor.com\/ro\/wp-json\/wp\/v2\/product\/3891\/revisions"}],"predecessor-version":[{"id":6836,"href":"https:\/\/filicdecor.com\/ro\/wp-json\/wp\/v2\/product\/3891\/revisions\/6836"}],"wp:featuredmedia":[{"embeddable":true,"href":"https:\/\/filicdecor.com\/ro\/wp-json\/wp\/v2\/media\/3892"}],"wp:attachment":[{"href":"https:\/\/filicdecor.com\/ro\/wp-json\/wp\/v2\/media?parent=3891"}],"wp:term":[{"taxonomy":"product_brand","embeddable":true,"href":"https:\/\/filicdecor.com\/ro\/wp-json\/wp\/v2\/product_brand?post=3891"},{"taxonomy":"product_cat","embeddable":true,"href":"https:\/\/filicdecor.com\/ro\/wp-json\/wp\/v2\/product_cat?post=3891"},{"taxonomy":"product_tag","embeddable":true,"href":"https:\/\/filicdecor.com\/ro\/wp-json\/wp\/v2\/product_tag?post=3891"}],"curies":[{"name":"wp","href":"https:\/\/api.w.org\/{rel}","templated":true}]}}