{"id":3721,"date":"2023-12-14T16:54:48","date_gmt":"2023-12-14T16:54:48","guid":{"rendered":"https:\/\/filicdecor.com\/?post_type=product&#038;p=3721"},"modified":"2023-12-14T16:55:31","modified_gmt":"2023-12-14T16:55:31","slug":"poliuretanska-zidna-lajsna-hw-3","status":"publish","type":"product","link":"https:\/\/filicdecor.com\/ro\/poliuretanska-zidna-lajsna-hw-3\/","title":{"rendered":"Bagheta de perete din poliuretan HW-3"},"content":{"rendered":"<p>Poliuretan je izuzetno izdr\u017eljiv materijal koji je otporan na vlagu, pucanje i habanje. Zbog toga, podne\u00a0poliuretanske lajsne zadr\u017eavaju svoj izgled i funkcionalnost tokom godina. Odr\u017eavanje je tako\u0111e jednostavno &#8211; dovoljno je brisati ih vla\u017enom krpom kako bi se o\u010distile od pra\u0161ine i prljav\u0161tine.<\/p>\n<p>Molurile din poliuretan sunt detalii multifunc\u021bionale care \u00eembun\u0103t\u0103\u021besc aspectul, protejeaz\u0103 pere\u021bii \u0219i ofer\u0103 caracter practic. Indiferent dac\u0103 dori\u021bi s\u0103 ad\u0103uga\u021bi elegan\u021b\u0103 casei dvs., s\u0103 ascunde\u021bi imperfec\u021biunile sau pur \u0219i simplu s\u0103 re\u00eemprosp\u0103ta\u021bi spa\u021biul, lua\u021bi \u00een considerare introducerea acestor muluri \u00een interiorul dvs. Transform\u0103-\u021bi spa\u021biul cu stilul \u0219i func\u021bionalitatea mulurilor de podea din poliuretan.<\/p>","protected":false},"excerpt":{"rendered":"<p><strong>Dimensiuni:<\/strong>\u00a04,7cm x 0,8cm x 200cm<br \/>\n<strong>Produc\u0103tor:\u00a0\u00a0<\/strong>Marbet Design<br \/>\n<strong>Material:\u00a0<\/strong>Poliuretan<br \/>\n<strong>Componente recomandate<\/strong>:<br \/>\nPogodan lepak &#8211;\u00a0TITAN SUPER<\/p>","protected":false},"featured_media":3723,"template":"","meta":[],"product_brand":[],"product_cat":[76,198,201],"product_tag":[],"class_list":{"0":"post-3721","1":"product","2":"type-product","3":"status-publish","4":"has-post-thumbnail","6":"product_cat-poliuretan","7":"product_cat-poliuretanske-lajsne","8":"product_cat-zidne-lajsne","10":"first","11":"instock","12":"shipping-taxable","13":"purchasable","14":"product-type-simple"},"yoast_head":"<!-- This site is optimized with the Yoast SEO plugin v27.4 - https:\/\/yoast.com\/product\/yoast-seo-wordpress\/ -->\n<title>Poliuretanska zidna lajsna HW-3 - Dekorativni stiropor | Fili\u0107 Decor | Fili\u0107<\/title>\n<meta name=\"robots\" content=\"index, follow, max-snippet:-1, max-image-preview:large, max-video-preview:-1\" \/>\n<link rel=\"canonical\" href=\"https:\/\/filicdecor.com\/ro\/poliuretanska-zidna-lajsna-hw-3\/\" \/>\n<meta property=\"og:locale\" content=\"ro_RO\" \/>\n<meta property=\"og:type\" content=\"article\" \/>\n<meta property=\"og:title\" content=\"Poliuretanska zidna lajsna HW-3 - Dekorativni stiropor | Fili\u0107 Decor | Fili\u0107\" \/>\n<meta property=\"og:description\" content=\"Dimenzije:\u00a04,7cm x 0,8cm x 200cm Proizvo\u0111a\u010d:\u00a0\u00a0Marbet Design Materijal:\u00a0Poliuretan Preporu\u010dene komponente: Pogodan lepak -\u00a0TITAN SUPER\" \/>\n<meta property=\"og:url\" content=\"https:\/\/filicdecor.com\/ro\/poliuretanska-zidna-lajsna-hw-3\/\" \/>\n<meta property=\"og:site_name\" content=\"Dekorativni stiropor | Fili\u0107 Decor | Fili\u0107\" \/>\n<meta property=\"article:modified_time\" content=\"2023-12-14T16:55:31+00:00\" \/>\n<meta property=\"og:image\" content=\"https:\/\/filicdecor.com\/wp-content\/uploads\/2023\/12\/hw3.jpg\" \/>\n\t<meta property=\"og:image:width\" content=\"920\" \/>\n\t<meta property=\"og:image:height\" content=\"480\" \/>\n\t<meta property=\"og:image:type\" content=\"image\/jpeg\" \/>\n<meta name=\"twitter:card\" content=\"summary_large_image\" \/>\n<meta name=\"twitter:label1\" content=\"Timp estimat pentru citire\" \/>\n\t<meta name=\"twitter:data1\" content=\"1 minut\" \/>\n<script type=\"application\/ld+json\" class=\"yoast-schema-graph\">{\"@context\":\"https:\\\/\\\/schema.org\",\"@graph\":[{\"@type\":\"WebPage\",\"@id\":\"https:\\\/\\\/filicdecor.com\\\/poliuretanska-zidna-lajsna-hw-3\\\/\",\"url\":\"https:\\\/\\\/filicdecor.com\\\/poliuretanska-zidna-lajsna-hw-3\\\/\",\"name\":\"Poliuretanska zidna lajsna HW-3 - Dekorativni stiropor | Fili\u0107 Decor | Fili\u0107\",\"isPartOf\":{\"@id\":\"https:\\\/\\\/filicdecor.com\\\/fr\\\/#website\"},\"primaryImageOfPage\":{\"@id\":\"https:\\\/\\\/filicdecor.com\\\/poliuretanska-zidna-lajsna-hw-3\\\/#primaryimage\"},\"image\":{\"@id\":\"https:\\\/\\\/filicdecor.com\\\/poliuretanska-zidna-lajsna-hw-3\\\/#primaryimage\"},\"thumbnailUrl\":\"https:\\\/\\\/filicdecor.com\\\/wp-content\\\/uploads\\\/2023\\\/12\\\/hw3.jpg\",\"datePublished\":\"2023-12-14T16:54:48+00:00\",\"dateModified\":\"2023-12-14T16:55:31+00:00\",\"breadcrumb\":{\"@id\":\"https:\\\/\\\/filicdecor.com\\\/poliuretanska-zidna-lajsna-hw-3\\\/#breadcrumb\"},\"inLanguage\":\"ro-RO\",\"potentialAction\":[{\"@type\":\"ReadAction\",\"target\":[\"https:\\\/\\\/filicdecor.com\\\/poliuretanska-zidna-lajsna-hw-3\\\/\"]}]},{\"@type\":\"ImageObject\",\"inLanguage\":\"ro-RO\",\"@id\":\"https:\\\/\\\/filicdecor.com\\\/poliuretanska-zidna-lajsna-hw-3\\\/#primaryimage\",\"url\":\"https:\\\/\\\/filicdecor.com\\\/wp-content\\\/uploads\\\/2023\\\/12\\\/hw3.jpg\",\"contentUrl\":\"https:\\\/\\\/filicdecor.com\\\/wp-content\\\/uploads\\\/2023\\\/12\\\/hw3.jpg\",\"width\":920,\"height\":480},{\"@type\":\"BreadcrumbList\",\"@id\":\"https:\\\/\\\/filicdecor.com\\\/poliuretanska-zidna-lajsna-hw-3\\\/#breadcrumb\",\"itemListElement\":[{\"@type\":\"ListItem\",\"position\":1,\"name\":\"\u041f\u043e\u0447\u0435\u0442\u043d\u0430\",\"item\":\"https:\\\/\\\/filicdecor.com\\\/\"},{\"@type\":\"ListItem\",\"position\":2,\"name\":\"Shop\",\"item\":\"https:\\\/\\\/filicdecor.com\\\/shop\\\/\"},{\"@type\":\"ListItem\",\"position\":3,\"name\":\"Poliuretanska zidna lajsna HW-3\"}]},{\"@type\":\"WebSite\",\"@id\":\"https:\\\/\\\/filicdecor.com\\\/fr\\\/#website\",\"url\":\"https:\\\/\\\/filicdecor.com\\\/fr\\\/\",\"name\":\"Dekorativni stiropor | Fili\u0107 Decor | Fili\u0107\",\"description\":\"| - Fili\u0107 Fasade za poneti\",\"potentialAction\":[{\"@type\":\"SearchAction\",\"target\":{\"@type\":\"EntryPoint\",\"urlTemplate\":\"https:\\\/\\\/filicdecor.com\\\/fr\\\/?s={search_term_string}\"},\"query-input\":{\"@type\":\"PropertyValueSpecification\",\"valueRequired\":true,\"valueName\":\"search_term_string\"}}],\"inLanguage\":\"ro-RO\"}]}<\/script>\n<!-- \/ Yoast SEO plugin. -->","yoast_head_json":{"title":"Poliuretanska zidna lajsna HW-3 - Dekorativni stiropor | Fili\u0107 Decor | Fili\u0107","robots":{"index":"index","follow":"follow","max-snippet":"max-snippet:-1","max-image-preview":"max-image-preview:large","max-video-preview":"max-video-preview:-1"},"canonical":"https:\/\/filicdecor.com\/ro\/poliuretanska-zidna-lajsna-hw-3\/","og_locale":"ro_RO","og_type":"article","og_title":"Poliuretanska zidna lajsna HW-3 - Dekorativni stiropor | Fili\u0107 Decor | Fili\u0107","og_description":"Dimenzije:\u00a04,7cm x 0,8cm x 200cm Proizvo\u0111a\u010d:\u00a0\u00a0Marbet Design Materijal:\u00a0Poliuretan Preporu\u010dene komponente: Pogodan lepak -\u00a0TITAN SUPER","og_url":"https:\/\/filicdecor.com\/ro\/poliuretanska-zidna-lajsna-hw-3\/","og_site_name":"Dekorativni stiropor | Fili\u0107 Decor | Fili\u0107","article_modified_time":"2023-12-14T16:55:31+00:00","og_image":[{"width":920,"height":480,"url":"https:\/\/filicdecor.com\/wp-content\/uploads\/2023\/12\/hw3.jpg","type":"image\/jpeg"}],"twitter_card":"summary_large_image","twitter_misc":{"Timp estimat pentru citire":"1 minut"},"schema":{"@context":"https:\/\/schema.org","@graph":[{"@type":"WebPage","@id":"https:\/\/filicdecor.com\/poliuretanska-zidna-lajsna-hw-3\/","url":"https:\/\/filicdecor.com\/poliuretanska-zidna-lajsna-hw-3\/","name":"Poliuretanska zidna lajsna HW-3 - Dekorativni stiropor | Fili\u0107 Decor | Fili\u0107","isPartOf":{"@id":"https:\/\/filicdecor.com\/fr\/#website"},"primaryImageOfPage":{"@id":"https:\/\/filicdecor.com\/poliuretanska-zidna-lajsna-hw-3\/#primaryimage"},"image":{"@id":"https:\/\/filicdecor.com\/poliuretanska-zidna-lajsna-hw-3\/#primaryimage"},"thumbnailUrl":"https:\/\/filicdecor.com\/wp-content\/uploads\/2023\/12\/hw3.jpg","datePublished":"2023-12-14T16:54:48+00:00","dateModified":"2023-12-14T16:55:31+00:00","breadcrumb":{"@id":"https:\/\/filicdecor.com\/poliuretanska-zidna-lajsna-hw-3\/#breadcrumb"},"inLanguage":"ro-RO","potentialAction":[{"@type":"ReadAction","target":["https:\/\/filicdecor.com\/poliuretanska-zidna-lajsna-hw-3\/"]}]},{"@type":"ImageObject","inLanguage":"ro-RO","@id":"https:\/\/filicdecor.com\/poliuretanska-zidna-lajsna-hw-3\/#primaryimage","url":"https:\/\/filicdecor.com\/wp-content\/uploads\/2023\/12\/hw3.jpg","contentUrl":"https:\/\/filicdecor.com\/wp-content\/uploads\/2023\/12\/hw3.jpg","width":920,"height":480},{"@type":"BreadcrumbList","@id":"https:\/\/filicdecor.com\/poliuretanska-zidna-lajsna-hw-3\/#breadcrumb","itemListElement":[{"@type":"ListItem","position":1,"name":"Po\u010detna","item":"https:\/\/filicdecor.com\/"},{"@type":"ListItem","position":2,"name":"Shop","item":"https:\/\/filicdecor.com\/shop\/"},{"@type":"ListItem","position":3,"name":"Poliuretanska zidna lajsna HW-3"}]},{"@type":"WebSite","@id":"https:\/\/filicdecor.com\/fr\/#website","url":"https:\/\/filicdecor.com\/fr\/","name":"Polistiren decorativ | Fili\u0107 Decor | Filic","description":"| - Fili\u0107 Fasade za poneti","potentialAction":[{"@type":"SearchAction","target":{"@type":"EntryPoint","urlTemplate":"https:\/\/filicdecor.com\/fr\/?s={search_term_string}"},"query-input":{"@type":"PropertyValueSpecification","valueRequired":true,"valueName":"search_term_string"}}],"inLanguage":"ro-RO"}]}},"_links":{"self":[{"href":"https:\/\/filicdecor.com\/ro\/wp-json\/wp\/v2\/product\/3721","targetHints":{"allow":["GET"]}}],"collection":[{"href":"https:\/\/filicdecor.com\/ro\/wp-json\/wp\/v2\/product"}],"about":[{"href":"https:\/\/filicdecor.com\/ro\/wp-json\/wp\/v2\/types\/product"}],"version-history":[{"count":1,"href":"https:\/\/filicdecor.com\/ro\/wp-json\/wp\/v2\/product\/3721\/revisions"}],"predecessor-version":[{"id":3724,"href":"https:\/\/filicdecor.com\/ro\/wp-json\/wp\/v2\/product\/3721\/revisions\/3724"}],"wp:featuredmedia":[{"embeddable":true,"href":"https:\/\/filicdecor.com\/ro\/wp-json\/wp\/v2\/media\/3723"}],"wp:attachment":[{"href":"https:\/\/filicdecor.com\/ro\/wp-json\/wp\/v2\/media?parent=3721"}],"wp:term":[{"taxonomy":"product_brand","embeddable":true,"href":"https:\/\/filicdecor.com\/ro\/wp-json\/wp\/v2\/product_brand?post=3721"},{"taxonomy":"product_cat","embeddable":true,"href":"https:\/\/filicdecor.com\/ro\/wp-json\/wp\/v2\/product_cat?post=3721"},{"taxonomy":"product_tag","embeddable":true,"href":"https:\/\/filicdecor.com\/ro\/wp-json\/wp\/v2\/product_tag?post=3721"}],"curies":[{"name":"wp","href":"https:\/\/api.w.org\/{rel}","templated":true}]}}