{"id":3392,"date":"2023-12-14T15:18:10","date_gmt":"2023-12-14T15:18:10","guid":{"rendered":"https:\/\/filicdecor.com\/?post_type=product&#038;p=3392"},"modified":"2023-12-14T15:19:50","modified_gmt":"2023-12-14T15:19:50","slug":"fasadni-okrugli-stub-od-stiropora-o10-fs-5-g","status":"publish","type":"product","link":"https:\/\/filicdecor.com\/ro\/fasadni-okrugli-stub-od-stiropora-o10-fs-5-g\/","title":{"rendered":"Stalpi rotunde de fa\u021bad\u0103 din polistiren \u00f810 FS-5 G"},"content":{"rendered":"<p><strong>Stalpi de fatada<\/strong>\u00a0sunt realizate din EPS dur (styrofoam), protejate cu tencuiala acrilico-poliuretanica si pot fi plate sau conice.<br \/>\nSt\u00e2lpii plate sunt st\u00e2lpi al c\u0103ror diametru este acela\u0219i pe laturile inferioare \u0219i superioare, iar st\u00e2lpii conici au un diametru mai mare \u00een partea inferioar\u0103 a corpului.<br \/>\nTencuiala de protectie acrilico-poliuretanica are o rezistenta exceptionala la impacturi mecanice, este impermeabila, incombustibila, rezistenta la inghet, de culoare alba, deci potrivita pentru vopsire in orice alta culoare.<br \/>\nPute\u021bi comanda coloane \u00een orice dimensiune a diametrului exterior \u0219i \u00een orice grosime.<br \/>\nO modalitate ideal\u0103 de a acoperi st\u00e2lpii de beton \u0219i de a-i transforma \u00een cele mai frumoase detalii ale casei tale.<\/p>\n<p>Coloanele (acoperirile coloanelor) constau din urm\u0103toarele elemente:<br \/>\n&#8211;\u00a0<strong>Capitelul<\/strong>\u00a0unei coloane care poate fi doric, ionic sau corintic.<br \/>\nCapitelurile corintice si ionice sunt realizate din poliuretan sau EPS turnat si tencuiala de protectie acrilico-poliuretanica, sunt disponibile doar la dimensiunile specificate.<br \/>\nCapitalele dorice pot fi realizate \u00een orice dimensiune.<br \/>\n&#8211;\u00a0<strong>Corpuri de st\u00e2lp,<\/strong>care pot fi canelate (nervate) sau netede \u0219i sunt disponibile pentru produc\u021bie la dimensiunile dorite.<br \/>\n&#8211;\u00a0<strong>Baze de coloane\u00a0<\/strong>care pot fi \u00een orice dimensiune \u0219i form\u0103, indiferent de model.<br \/>\n&#8211;\u00a0<strong>Piedestale (cuburi)<\/strong>\u00a0adaptabile la orice forma si dimensiune.<\/p>","protected":false},"excerpt":{"rendered":"<p><strong>Dimensiuni:<\/strong>\u00a0\u00f810<br \/>\n<strong>Material:<\/strong>\u00a0Tvrdo presovani polistirol &#8211; EPS<br \/>\nCapital de polistiren potrivit:<strong>\u00a0SKP-5<\/strong><br \/>\nCapital\u0103 poliuretanic\u0103 corespunz\u0103toare:\u00a0<strong>PKP-5<\/strong><br \/>\nStand compatibil:\u00a0<strong>FSP-5<\/strong><\/p>","protected":false},"featured_media":3396,"template":"","meta":[],"product_brand":[],"product_cat":[73,190,187],"product_tag":[],"class_list":{"0":"post-3392","1":"product","2":"type-product","3":"status-publish","4":"has-post-thumbnail","6":"product_cat-dekorativni-stubovi-i-pilasteri","7":"product_cat-okrugli-stubovi-stubovi-od-stiropora","8":"product_cat-stubovi-od-stiropora","10":"first","11":"onbackorder","12":"shipping-taxable","13":"purchasable","14":"product-type-simple"},"yoast_head":"<!-- This site is optimized with the Yoast SEO plugin v27.4 - https:\/\/yoast.com\/product\/yoast-seo-wordpress\/ -->\n<title>Fasadni okrugli stub od stiropora \u00f810 FS-5 G - Dekorativni stiropor | Fili\u0107 Decor | Fili\u0107<\/title>\n<meta name=\"robots\" content=\"index, follow, max-snippet:-1, max-image-preview:large, max-video-preview:-1\" \/>\n<link rel=\"canonical\" href=\"https:\/\/filicdecor.com\/ro\/fasadni-okrugli-stub-od-stiropora-o10-fs-5-g\/\" \/>\n<meta property=\"og:locale\" content=\"ro_RO\" \/>\n<meta property=\"og:type\" content=\"article\" \/>\n<meta property=\"og:title\" content=\"Fasadni okrugli stub od stiropora \u00f810 FS-5 G - Dekorativni stiropor | Fili\u0107 Decor | Fili\u0107\" \/>\n<meta property=\"og:description\" content=\"Dimenzije:\u00a0\u00f810 Materijal:\u00a0Tvrdo presovani polistirol - EPS Odgovaraju\u0107i kapitel od stiropora:\u00a0SKP-5 Odgovaraju\u0107i kapitel od poliuretana:\u00a0PKP-5 Odgovaraju\u0107e postolje:\u00a0FSP-5\" \/>\n<meta property=\"og:url\" content=\"https:\/\/filicdecor.com\/ro\/fasadni-okrugli-stub-od-stiropora-o10-fs-5-g\/\" \/>\n<meta property=\"og:site_name\" content=\"Dekorativni stiropor | Fili\u0107 Decor | Fili\u0107\" \/>\n<meta property=\"article:modified_time\" content=\"2023-12-14T15:19:50+00:00\" \/>\n<meta property=\"og:image\" content=\"https:\/\/filicdecor.com\/wp-content\/uploads\/2023\/12\/TELOG-2.png\" \/>\n\t<meta property=\"og:image:width\" content=\"920\" \/>\n\t<meta property=\"og:image:height\" content=\"480\" \/>\n\t<meta property=\"og:image:type\" content=\"image\/png\" \/>\n<meta name=\"twitter:card\" content=\"summary_large_image\" \/>\n<meta name=\"twitter:label1\" content=\"Timp estimat pentru citire\" \/>\n\t<meta name=\"twitter:data1\" content=\"1 minut\" \/>\n<script type=\"application\/ld+json\" class=\"yoast-schema-graph\">{\"@context\":\"https:\\\/\\\/schema.org\",\"@graph\":[{\"@type\":\"WebPage\",\"@id\":\"https:\\\/\\\/filicdecor.com\\\/fasadni-okrugli-stub-od-stiropora-o10-fs-5-g\\\/\",\"url\":\"https:\\\/\\\/filicdecor.com\\\/fasadni-okrugli-stub-od-stiropora-o10-fs-5-g\\\/\",\"name\":\"Fasadni okrugli stub od stiropora \u00f810 FS-5 G - Dekorativni stiropor | Fili\u0107 Decor | Fili\u0107\",\"isPartOf\":{\"@id\":\"https:\\\/\\\/filicdecor.com\\\/fr\\\/#website\"},\"primaryImageOfPage\":{\"@id\":\"https:\\\/\\\/filicdecor.com\\\/fasadni-okrugli-stub-od-stiropora-o10-fs-5-g\\\/#primaryimage\"},\"image\":{\"@id\":\"https:\\\/\\\/filicdecor.com\\\/fasadni-okrugli-stub-od-stiropora-o10-fs-5-g\\\/#primaryimage\"},\"thumbnailUrl\":\"https:\\\/\\\/filicdecor.com\\\/wp-content\\\/uploads\\\/2023\\\/12\\\/TELOG-2.png\",\"datePublished\":\"2023-12-14T15:18:10+00:00\",\"dateModified\":\"2023-12-14T15:19:50+00:00\",\"breadcrumb\":{\"@id\":\"https:\\\/\\\/filicdecor.com\\\/fasadni-okrugli-stub-od-stiropora-o10-fs-5-g\\\/#breadcrumb\"},\"inLanguage\":\"ro-RO\",\"potentialAction\":[{\"@type\":\"ReadAction\",\"target\":[\"https:\\\/\\\/filicdecor.com\\\/fasadni-okrugli-stub-od-stiropora-o10-fs-5-g\\\/\"]}]},{\"@type\":\"ImageObject\",\"inLanguage\":\"ro-RO\",\"@id\":\"https:\\\/\\\/filicdecor.com\\\/fasadni-okrugli-stub-od-stiropora-o10-fs-5-g\\\/#primaryimage\",\"url\":\"https:\\\/\\\/filicdecor.com\\\/wp-content\\\/uploads\\\/2023\\\/12\\\/TELOG-2.png\",\"contentUrl\":\"https:\\\/\\\/filicdecor.com\\\/wp-content\\\/uploads\\\/2023\\\/12\\\/TELOG-2.png\",\"width\":920,\"height\":480},{\"@type\":\"BreadcrumbList\",\"@id\":\"https:\\\/\\\/filicdecor.com\\\/fasadni-okrugli-stub-od-stiropora-o10-fs-5-g\\\/#breadcrumb\",\"itemListElement\":[{\"@type\":\"ListItem\",\"position\":1,\"name\":\"\u041f\u043e\u0447\u0435\u0442\u043d\u0430\",\"item\":\"https:\\\/\\\/filicdecor.com\\\/\"},{\"@type\":\"ListItem\",\"position\":2,\"name\":\"Shop\",\"item\":\"https:\\\/\\\/filicdecor.com\\\/shop\\\/\"},{\"@type\":\"ListItem\",\"position\":3,\"name\":\"Fasadni okrugli stub od stiropora \u00f810 FS-5 G\"}]},{\"@type\":\"WebSite\",\"@id\":\"https:\\\/\\\/filicdecor.com\\\/fr\\\/#website\",\"url\":\"https:\\\/\\\/filicdecor.com\\\/fr\\\/\",\"name\":\"Dekorativni stiropor | Fili\u0107 Decor | Fili\u0107\",\"description\":\"| - Fili\u0107 Fasade za poneti\",\"potentialAction\":[{\"@type\":\"SearchAction\",\"target\":{\"@type\":\"EntryPoint\",\"urlTemplate\":\"https:\\\/\\\/filicdecor.com\\\/fr\\\/?s={search_term_string}\"},\"query-input\":{\"@type\":\"PropertyValueSpecification\",\"valueRequired\":true,\"valueName\":\"search_term_string\"}}],\"inLanguage\":\"ro-RO\"}]}<\/script>\n<!-- \/ Yoast SEO plugin. -->","yoast_head_json":{"title":"Fasadni okrugli stub od stiropora \u00f810 FS-5 G - Dekorativni stiropor | Fili\u0107 Decor | Fili\u0107","robots":{"index":"index","follow":"follow","max-snippet":"max-snippet:-1","max-image-preview":"max-image-preview:large","max-video-preview":"max-video-preview:-1"},"canonical":"https:\/\/filicdecor.com\/ro\/fasadni-okrugli-stub-od-stiropora-o10-fs-5-g\/","og_locale":"ro_RO","og_type":"article","og_title":"Fasadni okrugli stub od stiropora \u00f810 FS-5 G - Dekorativni stiropor | Fili\u0107 Decor | Fili\u0107","og_description":"Dimenzije:\u00a0\u00f810 Materijal:\u00a0Tvrdo presovani polistirol - EPS Odgovaraju\u0107i kapitel od stiropora:\u00a0SKP-5 Odgovaraju\u0107i kapitel od poliuretana:\u00a0PKP-5 Odgovaraju\u0107e postolje:\u00a0FSP-5","og_url":"https:\/\/filicdecor.com\/ro\/fasadni-okrugli-stub-od-stiropora-o10-fs-5-g\/","og_site_name":"Dekorativni stiropor | Fili\u0107 Decor | Fili\u0107","article_modified_time":"2023-12-14T15:19:50+00:00","og_image":[{"width":920,"height":480,"url":"https:\/\/filicdecor.com\/wp-content\/uploads\/2023\/12\/TELOG-2.png","type":"image\/png"}],"twitter_card":"summary_large_image","twitter_misc":{"Timp estimat pentru citire":"1 minut"},"schema":{"@context":"https:\/\/schema.org","@graph":[{"@type":"WebPage","@id":"https:\/\/filicdecor.com\/fasadni-okrugli-stub-od-stiropora-o10-fs-5-g\/","url":"https:\/\/filicdecor.com\/fasadni-okrugli-stub-od-stiropora-o10-fs-5-g\/","name":"Fasadni okrugli stub od stiropora \u00f810 FS-5 G - Dekorativni stiropor | Fili\u0107 Decor | Fili\u0107","isPartOf":{"@id":"https:\/\/filicdecor.com\/fr\/#website"},"primaryImageOfPage":{"@id":"https:\/\/filicdecor.com\/fasadni-okrugli-stub-od-stiropora-o10-fs-5-g\/#primaryimage"},"image":{"@id":"https:\/\/filicdecor.com\/fasadni-okrugli-stub-od-stiropora-o10-fs-5-g\/#primaryimage"},"thumbnailUrl":"https:\/\/filicdecor.com\/wp-content\/uploads\/2023\/12\/TELOG-2.png","datePublished":"2023-12-14T15:18:10+00:00","dateModified":"2023-12-14T15:19:50+00:00","breadcrumb":{"@id":"https:\/\/filicdecor.com\/fasadni-okrugli-stub-od-stiropora-o10-fs-5-g\/#breadcrumb"},"inLanguage":"ro-RO","potentialAction":[{"@type":"ReadAction","target":["https:\/\/filicdecor.com\/fasadni-okrugli-stub-od-stiropora-o10-fs-5-g\/"]}]},{"@type":"ImageObject","inLanguage":"ro-RO","@id":"https:\/\/filicdecor.com\/fasadni-okrugli-stub-od-stiropora-o10-fs-5-g\/#primaryimage","url":"https:\/\/filicdecor.com\/wp-content\/uploads\/2023\/12\/TELOG-2.png","contentUrl":"https:\/\/filicdecor.com\/wp-content\/uploads\/2023\/12\/TELOG-2.png","width":920,"height":480},{"@type":"BreadcrumbList","@id":"https:\/\/filicdecor.com\/fasadni-okrugli-stub-od-stiropora-o10-fs-5-g\/#breadcrumb","itemListElement":[{"@type":"ListItem","position":1,"name":"Po\u010detna","item":"https:\/\/filicdecor.com\/"},{"@type":"ListItem","position":2,"name":"Shop","item":"https:\/\/filicdecor.com\/shop\/"},{"@type":"ListItem","position":3,"name":"Fasadni okrugli stub od stiropora \u00f810 FS-5 G"}]},{"@type":"WebSite","@id":"https:\/\/filicdecor.com\/fr\/#website","url":"https:\/\/filicdecor.com\/fr\/","name":"Polistiren decorativ | Fili\u0107 Decor | Filic","description":"| - Fili\u0107 Fasade za poneti","potentialAction":[{"@type":"SearchAction","target":{"@type":"EntryPoint","urlTemplate":"https:\/\/filicdecor.com\/fr\/?s={search_term_string}"},"query-input":{"@type":"PropertyValueSpecification","valueRequired":true,"valueName":"search_term_string"}}],"inLanguage":"ro-RO"}]}},"_links":{"self":[{"href":"https:\/\/filicdecor.com\/ro\/wp-json\/wp\/v2\/product\/3392","targetHints":{"allow":["GET"]}}],"collection":[{"href":"https:\/\/filicdecor.com\/ro\/wp-json\/wp\/v2\/product"}],"about":[{"href":"https:\/\/filicdecor.com\/ro\/wp-json\/wp\/v2\/types\/product"}],"version-history":[{"count":1,"href":"https:\/\/filicdecor.com\/ro\/wp-json\/wp\/v2\/product\/3392\/revisions"}],"predecessor-version":[{"id":3397,"href":"https:\/\/filicdecor.com\/ro\/wp-json\/wp\/v2\/product\/3392\/revisions\/3397"}],"wp:featuredmedia":[{"embeddable":true,"href":"https:\/\/filicdecor.com\/ro\/wp-json\/wp\/v2\/media\/3396"}],"wp:attachment":[{"href":"https:\/\/filicdecor.com\/ro\/wp-json\/wp\/v2\/media?parent=3392"}],"wp:term":[{"taxonomy":"product_brand","embeddable":true,"href":"https:\/\/filicdecor.com\/ro\/wp-json\/wp\/v2\/product_brand?post=3392"},{"taxonomy":"product_cat","embeddable":true,"href":"https:\/\/filicdecor.com\/ro\/wp-json\/wp\/v2\/product_cat?post=3392"},{"taxonomy":"product_tag","embeddable":true,"href":"https:\/\/filicdecor.com\/ro\/wp-json\/wp\/v2\/product_tag?post=3392"}],"curies":[{"name":"wp","href":"https:\/\/api.w.org\/{rel}","templated":true}]}}