{"id":2984,"date":"2023-12-14T12:50:06","date_gmt":"2023-12-14T12:50:06","guid":{"rendered":"https:\/\/filicdecor.com\/?post_type=product&#038;p=2984"},"modified":"2023-12-23T12:40:20","modified_gmt":"2023-12-23T12:40:20","slug":"skrivac-svetla-5-xps","status":"publish","type":"product","link":"https:\/\/filicdecor.com\/ro\/skrivac-svetla-5-xps\/","title":{"rendered":"Bagheta decorativa pentru banda led 5 XPS"},"content":{"rendered":"<p>Cele noastre opace\u00a0<strong>profiluri LED<\/strong>\u00a0realizate din styrofoam\/styrofoam ofer\u0103 un finisaj perfect cu iluminare indirect\u0103, economisind \u00een acela\u0219i timp timp \u0219i bani prin instalare.<br \/>\n<strong>Ascunz\u0103tori de lumin\u0103 interioar\u0103<\/strong>\u00a0nu sunt doar rezistente la impact, ci si la mucegai si umezeala, ceea ce le permite sa fie instalate in baie sau in zona wellness.<br \/>\nDenivel\u0103rile pot fi ascunse inteligent, iar \u00een\u0103l\u021bimea tavanului poate fi folosit\u0103\u00a0<strong>a unui dispozitiv de ascundere a luminii \u00een form\u0103 de cutie\u00a0<\/strong>poate cre\u0219te vizual.<br \/>\nDatorit\u0103 ilumin\u0103rii indirecte, pute\u021bi pune un accent spectaculos asupra tuturor mobilierului sau pieselor decorative din camer\u0103.<br \/>\nPosibilitatea de vopsire individual\u0103 este adaptat\u0103 tuturor cerin\u021belor dumneavoastr\u0103. \u00cen ciuda durit\u0103\u021bii lor, sunt foarte u\u0219or de t\u0103iat \u0219i prelucrat.<\/p>\n<p>Cum se lipe\u0219te capacul luminii?<br \/>\nAplica\u021bi lipici pe marginea profilului pe care \u00eel lipi\u021bi. Uni\u021bi sau lipi\u021bi \u00eembin\u0103rile cu lipici.<br \/>\nV\u0103 recomand\u0103m utilizarea adezivului acrilic, precum \u0219i pentru lipirea altor elemente din polistiren. Acela\u0219i sfat \u00eel oferim \u0219i c\u00e2nd vine vorba de alegerea vopselei.<br \/>\nUtilizarea adezivului sau a vopselei care nu este pe baz\u0103 de ap\u0103 poate duce la deteriorarea mulajelor, \u00een timp ce cleiurile \u0219i vopselele pe baz\u0103 de ap\u0103 (acrilice) garanteaz\u0103 siguran\u021b\u0103 \u0219i un aspect impecabil.<\/p>","protected":false},"excerpt":{"rendered":"<p><strong>Dimensiuni:<\/strong>\u00a040cm x 15cm<br \/>\n<strong>Produc\u0103tor: \u00a0<\/strong>&#8220;Fili\u0107&#8220;<br \/>\n<strong>Material:<\/strong>\u00a0Ekstrudirani polistiren &#8211; XPS<\/p>\n<p>Brzo i lako do spu\u0161tenog plafona sa prostorom za ugradnju direktne i indirektne LED rasvete<\/p>","protected":false},"featured_media":2987,"template":"","meta":[],"product_brand":[],"product_cat":[176],"product_tag":[],"class_list":{"0":"post-2984","1":"product","2":"type-product","3":"status-publish","4":"has-post-thumbnail","6":"product_cat-skrivaci-led-rasvete","8":"first","9":"instock","10":"shipping-taxable","11":"purchasable","12":"product-type-simple"},"yoast_head":"<!-- This site is optimized with the Yoast SEO plugin v27.4 - https:\/\/yoast.com\/product\/yoast-seo-wordpress\/ -->\n<title>Skriva\u010d svetla 5 XPS - Dekorativni stiropor | Fili\u0107 Decor | Fili\u0107<\/title>\n<meta name=\"robots\" content=\"index, follow, max-snippet:-1, max-image-preview:large, max-video-preview:-1\" \/>\n<link rel=\"canonical\" href=\"https:\/\/filicdecor.com\/ro\/skrivac-svetla-5-xps\/\" \/>\n<meta property=\"og:locale\" content=\"ro_RO\" \/>\n<meta property=\"og:type\" content=\"article\" \/>\n<meta property=\"og:title\" content=\"Skriva\u010d svetla 5 XPS - Dekorativni stiropor | Fili\u0107 Decor | Fili\u0107\" \/>\n<meta property=\"og:description\" content=\"Dimenzije:\u00a040cm x 15cm Proizvo\u0111a\u010d: \u00a0&#039;&#039;Fili\u0107&#039;&#039; Materijal:\u00a0Ekstrudirani polistiren - XPS  Brzo i lako do spu\u0161tenog plafona sa prostorom za ugradnju direktne i indirektne LED rasvete\" \/>\n<meta property=\"og:url\" content=\"https:\/\/filicdecor.com\/ro\/skrivac-svetla-5-xps\/\" \/>\n<meta property=\"og:site_name\" content=\"Dekorativni stiropor | Fili\u0107 Decor | Fili\u0107\" \/>\n<meta property=\"article:modified_time\" content=\"2023-12-23T12:40:20+00:00\" \/>\n<meta property=\"og:image\" content=\"https:\/\/filicdecor.com\/wp-content\/uploads\/2023\/12\/skrivac5.webp\" \/>\n\t<meta property=\"og:image:width\" content=\"920\" \/>\n\t<meta property=\"og:image:height\" content=\"480\" \/>\n\t<meta property=\"og:image:type\" content=\"image\/webp\" \/>\n<meta name=\"twitter:card\" content=\"summary_large_image\" \/>\n<meta name=\"twitter:label1\" content=\"Timp estimat pentru citire\" \/>\n\t<meta name=\"twitter:data1\" content=\"1 minut\" \/>\n<script type=\"application\/ld+json\" class=\"yoast-schema-graph\">{\"@context\":\"https:\\\/\\\/schema.org\",\"@graph\":[{\"@type\":\"WebPage\",\"@id\":\"https:\\\/\\\/filicdecor.com\\\/skrivac-svetla-5-xps\\\/\",\"url\":\"https:\\\/\\\/filicdecor.com\\\/skrivac-svetla-5-xps\\\/\",\"name\":\"Skriva\u010d svetla 5 XPS - Dekorativni stiropor | Fili\u0107 Decor | Fili\u0107\",\"isPartOf\":{\"@id\":\"https:\\\/\\\/filicdecor.com\\\/fr\\\/#website\"},\"primaryImageOfPage\":{\"@id\":\"https:\\\/\\\/filicdecor.com\\\/skrivac-svetla-5-xps\\\/#primaryimage\"},\"image\":{\"@id\":\"https:\\\/\\\/filicdecor.com\\\/skrivac-svetla-5-xps\\\/#primaryimage\"},\"thumbnailUrl\":\"https:\\\/\\\/filicdecor.com\\\/wp-content\\\/uploads\\\/2023\\\/12\\\/skrivac5.webp\",\"datePublished\":\"2023-12-14T12:50:06+00:00\",\"dateModified\":\"2023-12-23T12:40:20+00:00\",\"breadcrumb\":{\"@id\":\"https:\\\/\\\/filicdecor.com\\\/skrivac-svetla-5-xps\\\/#breadcrumb\"},\"inLanguage\":\"ro-RO\",\"potentialAction\":[{\"@type\":\"ReadAction\",\"target\":[\"https:\\\/\\\/filicdecor.com\\\/skrivac-svetla-5-xps\\\/\"]}]},{\"@type\":\"ImageObject\",\"inLanguage\":\"ro-RO\",\"@id\":\"https:\\\/\\\/filicdecor.com\\\/skrivac-svetla-5-xps\\\/#primaryimage\",\"url\":\"https:\\\/\\\/filicdecor.com\\\/wp-content\\\/uploads\\\/2023\\\/12\\\/skrivac5.webp\",\"contentUrl\":\"https:\\\/\\\/filicdecor.com\\\/wp-content\\\/uploads\\\/2023\\\/12\\\/skrivac5.webp\",\"width\":920,\"height\":480},{\"@type\":\"BreadcrumbList\",\"@id\":\"https:\\\/\\\/filicdecor.com\\\/skrivac-svetla-5-xps\\\/#breadcrumb\",\"itemListElement\":[{\"@type\":\"ListItem\",\"position\":1,\"name\":\"\u041f\u043e\u0447\u0435\u0442\u043d\u0430\",\"item\":\"https:\\\/\\\/filicdecor.com\\\/\"},{\"@type\":\"ListItem\",\"position\":2,\"name\":\"Shop\",\"item\":\"https:\\\/\\\/filicdecor.com\\\/shop\\\/\"},{\"@type\":\"ListItem\",\"position\":3,\"name\":\"Skriva\u010d svetla 5 XPS\"}]},{\"@type\":\"WebSite\",\"@id\":\"https:\\\/\\\/filicdecor.com\\\/fr\\\/#website\",\"url\":\"https:\\\/\\\/filicdecor.com\\\/fr\\\/\",\"name\":\"Dekorativni stiropor | Fili\u0107 Decor | Fili\u0107\",\"description\":\"| - Fili\u0107 Fasade za poneti\",\"potentialAction\":[{\"@type\":\"SearchAction\",\"target\":{\"@type\":\"EntryPoint\",\"urlTemplate\":\"https:\\\/\\\/filicdecor.com\\\/fr\\\/?s={search_term_string}\"},\"query-input\":{\"@type\":\"PropertyValueSpecification\",\"valueRequired\":true,\"valueName\":\"search_term_string\"}}],\"inLanguage\":\"ro-RO\"}]}<\/script>\n<!-- \/ Yoast SEO plugin. -->","yoast_head_json":{"title":"Skriva\u010d svetla 5 XPS - Dekorativni stiropor | Fili\u0107 Decor | Fili\u0107","robots":{"index":"index","follow":"follow","max-snippet":"max-snippet:-1","max-image-preview":"max-image-preview:large","max-video-preview":"max-video-preview:-1"},"canonical":"https:\/\/filicdecor.com\/ro\/skrivac-svetla-5-xps\/","og_locale":"ro_RO","og_type":"article","og_title":"Skriva\u010d svetla 5 XPS - Dekorativni stiropor | Fili\u0107 Decor | Fili\u0107","og_description":"Dimenzije:\u00a040cm x 15cm Proizvo\u0111a\u010d: \u00a0''Fili\u0107'' Materijal:\u00a0Ekstrudirani polistiren - XPS  Brzo i lako do spu\u0161tenog plafona sa prostorom za ugradnju direktne i indirektne LED rasvete","og_url":"https:\/\/filicdecor.com\/ro\/skrivac-svetla-5-xps\/","og_site_name":"Dekorativni stiropor | Fili\u0107 Decor | Fili\u0107","article_modified_time":"2023-12-23T12:40:20+00:00","og_image":[{"width":920,"height":480,"url":"https:\/\/filicdecor.com\/wp-content\/uploads\/2023\/12\/skrivac5.webp","type":"image\/webp"}],"twitter_card":"summary_large_image","twitter_misc":{"Timp estimat pentru citire":"1 minut"},"schema":{"@context":"https:\/\/schema.org","@graph":[{"@type":"WebPage","@id":"https:\/\/filicdecor.com\/skrivac-svetla-5-xps\/","url":"https:\/\/filicdecor.com\/skrivac-svetla-5-xps\/","name":"Skriva\u010d svetla 5 XPS - Dekorativni stiropor | Fili\u0107 Decor | Fili\u0107","isPartOf":{"@id":"https:\/\/filicdecor.com\/fr\/#website"},"primaryImageOfPage":{"@id":"https:\/\/filicdecor.com\/skrivac-svetla-5-xps\/#primaryimage"},"image":{"@id":"https:\/\/filicdecor.com\/skrivac-svetla-5-xps\/#primaryimage"},"thumbnailUrl":"https:\/\/filicdecor.com\/wp-content\/uploads\/2023\/12\/skrivac5.webp","datePublished":"2023-12-14T12:50:06+00:00","dateModified":"2023-12-23T12:40:20+00:00","breadcrumb":{"@id":"https:\/\/filicdecor.com\/skrivac-svetla-5-xps\/#breadcrumb"},"inLanguage":"ro-RO","potentialAction":[{"@type":"ReadAction","target":["https:\/\/filicdecor.com\/skrivac-svetla-5-xps\/"]}]},{"@type":"ImageObject","inLanguage":"ro-RO","@id":"https:\/\/filicdecor.com\/skrivac-svetla-5-xps\/#primaryimage","url":"https:\/\/filicdecor.com\/wp-content\/uploads\/2023\/12\/skrivac5.webp","contentUrl":"https:\/\/filicdecor.com\/wp-content\/uploads\/2023\/12\/skrivac5.webp","width":920,"height":480},{"@type":"BreadcrumbList","@id":"https:\/\/filicdecor.com\/skrivac-svetla-5-xps\/#breadcrumb","itemListElement":[{"@type":"ListItem","position":1,"name":"Po\u010detna","item":"https:\/\/filicdecor.com\/"},{"@type":"ListItem","position":2,"name":"Shop","item":"https:\/\/filicdecor.com\/shop\/"},{"@type":"ListItem","position":3,"name":"Skriva\u010d svetla 5 XPS"}]},{"@type":"WebSite","@id":"https:\/\/filicdecor.com\/fr\/#website","url":"https:\/\/filicdecor.com\/fr\/","name":"Polistiren decorativ | Fili\u0107 Decor | Filic","description":"| - Fili\u0107 Fasade za poneti","potentialAction":[{"@type":"SearchAction","target":{"@type":"EntryPoint","urlTemplate":"https:\/\/filicdecor.com\/fr\/?s={search_term_string}"},"query-input":{"@type":"PropertyValueSpecification","valueRequired":true,"valueName":"search_term_string"}}],"inLanguage":"ro-RO"}]}},"_links":{"self":[{"href":"https:\/\/filicdecor.com\/ro\/wp-json\/wp\/v2\/product\/2984","targetHints":{"allow":["GET"]}}],"collection":[{"href":"https:\/\/filicdecor.com\/ro\/wp-json\/wp\/v2\/product"}],"about":[{"href":"https:\/\/filicdecor.com\/ro\/wp-json\/wp\/v2\/types\/product"}],"version-history":[{"count":2,"href":"https:\/\/filicdecor.com\/ro\/wp-json\/wp\/v2\/product\/2984\/revisions"}],"predecessor-version":[{"id":6634,"href":"https:\/\/filicdecor.com\/ro\/wp-json\/wp\/v2\/product\/2984\/revisions\/6634"}],"wp:featuredmedia":[{"embeddable":true,"href":"https:\/\/filicdecor.com\/ro\/wp-json\/wp\/v2\/media\/2987"}],"wp:attachment":[{"href":"https:\/\/filicdecor.com\/ro\/wp-json\/wp\/v2\/media?parent=2984"}],"wp:term":[{"taxonomy":"product_brand","embeddable":true,"href":"https:\/\/filicdecor.com\/ro\/wp-json\/wp\/v2\/product_brand?post=2984"},{"taxonomy":"product_cat","embeddable":true,"href":"https:\/\/filicdecor.com\/ro\/wp-json\/wp\/v2\/product_cat?post=2984"},{"taxonomy":"product_tag","embeddable":true,"href":"https:\/\/filicdecor.com\/ro\/wp-json\/wp\/v2\/product_tag?post=2984"}],"curies":[{"name":"wp","href":"https:\/\/api.w.org\/{rel}","templated":true}]}}