{"id":2961,"date":"2023-12-14T12:39:14","date_gmt":"2023-12-14T12:39:14","guid":{"rendered":"https:\/\/filicdecor.com\/?post_type=product&#038;p=2961"},"modified":"2023-12-14T12:41:36","modified_gmt":"2023-12-14T12:41:36","slug":"zidna-obloga-piramide","status":"publish","type":"product","link":"https:\/\/filicdecor.com\/ro\/zidna-obloga-piramide\/","title":{"rendered":"Acoperire de perete Piramide"},"content":{"rendered":"<p>Cu panourile\u00a0<strong>noastre de perete 3D\u00a0<\/strong>din spum\u0103 de polistiren (EPS) v\u0103 oferim o op\u021biune creativ\u0103 pentru design interior. Creeaz\u0103-\u021bi propriul stil unic \u0219i ofer\u0103 casei tale o not\u0103 personal\u0103.<br \/>\nPanourile 3D originale de la Marbet Design sunt ideale ca elemente de design eficiente, dar \u0219i ca\u00a0<strong>perceptibil\u00a0<\/strong>\u0219i<strong>\u00a0izolatoare termice<\/strong>\u00a0care acoper\u0103 toate defectele de pe pere\u021bii t\u0103i.<\/p>\n<ul>\n<li>Panouri 3D pentru decorarea pere\u021bilor eficient\u0103 \u0219i interesant\u0103<\/li>\n<li>Ekspandirani polistiren &#8211; bez rastvara\u010da i CFC-a<\/li>\n<li>Preporu\u010duje se za unutra\u0161nju upotrebu &#8211; zvu\u010dna i toplotna izolacija<\/li>\n<li>Acopera fisurile si defectele de pe pereti<\/li>\n<\/ul>\n<p><strong>\u00cendura<\/strong>:<br \/>\nPanourile de perete 3D au un aspect atractiv si sunt foarte usor de instalat. Sunt foarte u\u0219oare, nu \u00eencarc\u0103 pere\u021bii \u0219i sunt rezistente la umiditate, mucegai \u0219i insecte. Vin \u00een alb, dar datorit\u0103 unei baze bune pot fi revopsite cu orice vopsea acrilic\u0103. Pot fi a\u0219ezate pe orice suprafa\u021b\u0103, at\u00e2ta timp c\u00e2t aceasta este plan\u0103 \u0219i uscat\u0103. C\u00e2nd instala\u021bi panouri de perete 3D, v\u0103 recomand\u0103m s\u0103 utiliza\u021bi lipici acrilic. Utilizarea adezivului sau a vopselei f\u0103r\u0103 ap\u0103 poate deteriora panourile, \u00een timp ce lipiciurile \u0219i vopselele pe baz\u0103 de acril garanteaz\u0103 siguran\u021b\u0103 \u0219i un aspect impecabil. Panourile de perete 3D sunt construite in panouri care pot fi imbinate intre ele sau cu spatii intre panouri pentru a crea rosturi usor accentuate. Panourile pot fi instalate individual sau ca o unitate mai mare, in functie de ideile tale. Adezivul este aplicat pe partea din spate a panoului de perete 3D de-a lungul marginilor sale exterioare, iar panourile sunt plasate \u0219i lipite de perete printr-o presiune u\u0219oar\u0103. C\u00e2nd acoperi\u021bi suprafa\u021ba dorit\u0103 cu panouri decorative 3D, a\u0219tepta\u021bi o or\u0103 p\u00e2n\u0103 se usuc\u0103 lipiciul. Apoi, neteze\u0219te compozi\u021biile farfurii astfel \u00eenc\u00e2t s\u0103 nu fie vizibile. Netezirea se face cu acela\u0219i adeziv folosit la montarea panourilor. Dac\u0103 dori\u021bi \u00eembin\u0103ri accentuate \u00eentre panouri, utiliza\u021bi cruci ceramice.<\/p>","protected":false},"excerpt":{"rendered":"<p><strong>Dimensiuni:<\/strong>\u00a050cm x 50cm x 2,4cm<br \/>\n<strong>Material:\u00a0<\/strong>Ekspandirani polistiren &#8211; EPS<br \/>\n<strong>Componente recomandate<\/strong>:<br \/>\n<strong>Pogodan lepak &#8211;<\/strong>\u00a0TITAN PLUS,\u00a0TITAN SUPER<\/p>\n<p><img decoding=\"async\" class=\"alignnone size-full wp-image-1740\" src=\"https:\/\/filicdecor.com\/wp-content\/uploads\/2023\/12\/MarbetDesignLogo.png\" alt=\"\" width=\"189\" height=\"28\" srcset=\"https:\/\/filicdecor.com\/wp-content\/uploads\/2023\/12\/MarbetDesignLogo.png 189w, https:\/\/filicdecor.com\/wp-content\/uploads\/2023\/12\/MarbetDesignLogo-150x22.png 150w\" sizes=\"(max-width: 189px) 100vw, 189px\" \/><\/p>","protected":false},"featured_media":2962,"template":"","meta":[],"product_brand":[],"product_cat":[174,72],"product_tag":[],"class_list":{"0":"post-2961","1":"product","2":"type-product","3":"status-publish","4":"has-post-thumbnail","6":"product_cat-3d-paneli","7":"product_cat-zidne-obloge","9":"first","10":"outofstock","11":"shipping-taxable","12":"purchasable","13":"product-type-simple"},"yoast_head":"<!-- This site is optimized with the Yoast SEO plugin v27.4 - https:\/\/yoast.com\/product\/yoast-seo-wordpress\/ -->\n<title>Zidna obloga Piramide - Dekorativni stiropor | Fili\u0107 Decor | Fili\u0107<\/title>\n<meta name=\"robots\" content=\"index, follow, max-snippet:-1, max-image-preview:large, max-video-preview:-1\" \/>\n<link rel=\"canonical\" href=\"https:\/\/filicdecor.com\/ro\/zidna-obloga-piramide\/\" \/>\n<meta property=\"og:locale\" content=\"ro_RO\" \/>\n<meta property=\"og:type\" content=\"article\" \/>\n<meta property=\"og:title\" content=\"Zidna obloga Piramide - Dekorativni stiropor | Fili\u0107 Decor | Fili\u0107\" \/>\n<meta property=\"og:description\" content=\"Dimenzije:\u00a050cm x 50cm x 2,4cm Materijal:\u00a0Ekspandirani polistiren - EPS Preporu\u010dene komponente: Pogodan lepak -\u00a0TITAN PLUS,\u00a0TITAN SUPER\" \/>\n<meta property=\"og:url\" content=\"https:\/\/filicdecor.com\/ro\/zidna-obloga-piramide\/\" \/>\n<meta property=\"og:site_name\" content=\"Dekorativni stiropor | Fili\u0107 Decor | Fili\u0107\" \/>\n<meta property=\"article:modified_time\" content=\"2023-12-14T12:41:36+00:00\" \/>\n<meta property=\"og:image\" content=\"https:\/\/filicdecor.com\/wp-content\/uploads\/2023\/12\/PIRAMIDE.jpg\" \/>\n\t<meta property=\"og:image:width\" content=\"1000\" \/>\n\t<meta property=\"og:image:height\" content=\"750\" \/>\n\t<meta property=\"og:image:type\" content=\"image\/jpeg\" \/>\n<meta name=\"twitter:card\" content=\"summary_large_image\" \/>\n<meta name=\"twitter:label1\" content=\"Timp estimat pentru citire\" \/>\n\t<meta name=\"twitter:data1\" content=\"2 minute\" \/>\n<script type=\"application\/ld+json\" class=\"yoast-schema-graph\">{\"@context\":\"https:\\\/\\\/schema.org\",\"@graph\":[{\"@type\":\"WebPage\",\"@id\":\"https:\\\/\\\/filicdecor.com\\\/zidna-obloga-piramide\\\/\",\"url\":\"https:\\\/\\\/filicdecor.com\\\/zidna-obloga-piramide\\\/\",\"name\":\"Zidna obloga Piramide - Dekorativni stiropor | Fili\u0107 Decor | Fili\u0107\",\"isPartOf\":{\"@id\":\"https:\\\/\\\/filicdecor.com\\\/fr\\\/#website\"},\"primaryImageOfPage\":{\"@id\":\"https:\\\/\\\/filicdecor.com\\\/zidna-obloga-piramide\\\/#primaryimage\"},\"image\":{\"@id\":\"https:\\\/\\\/filicdecor.com\\\/zidna-obloga-piramide\\\/#primaryimage\"},\"thumbnailUrl\":\"https:\\\/\\\/filicdecor.com\\\/wp-content\\\/uploads\\\/2023\\\/12\\\/PIRAMIDE.jpg\",\"datePublished\":\"2023-12-14T12:39:14+00:00\",\"dateModified\":\"2023-12-14T12:41:36+00:00\",\"breadcrumb\":{\"@id\":\"https:\\\/\\\/filicdecor.com\\\/zidna-obloga-piramide\\\/#breadcrumb\"},\"inLanguage\":\"ro-RO\",\"potentialAction\":[{\"@type\":\"ReadAction\",\"target\":[\"https:\\\/\\\/filicdecor.com\\\/zidna-obloga-piramide\\\/\"]}]},{\"@type\":\"ImageObject\",\"inLanguage\":\"ro-RO\",\"@id\":\"https:\\\/\\\/filicdecor.com\\\/zidna-obloga-piramide\\\/#primaryimage\",\"url\":\"https:\\\/\\\/filicdecor.com\\\/wp-content\\\/uploads\\\/2023\\\/12\\\/PIRAMIDE.jpg\",\"contentUrl\":\"https:\\\/\\\/filicdecor.com\\\/wp-content\\\/uploads\\\/2023\\\/12\\\/PIRAMIDE.jpg\",\"width\":1000,\"height\":750},{\"@type\":\"BreadcrumbList\",\"@id\":\"https:\\\/\\\/filicdecor.com\\\/zidna-obloga-piramide\\\/#breadcrumb\",\"itemListElement\":[{\"@type\":\"ListItem\",\"position\":1,\"name\":\"\u041f\u043e\u0447\u0435\u0442\u043d\u0430\",\"item\":\"https:\\\/\\\/filicdecor.com\\\/\"},{\"@type\":\"ListItem\",\"position\":2,\"name\":\"Shop\",\"item\":\"https:\\\/\\\/filicdecor.com\\\/shop\\\/\"},{\"@type\":\"ListItem\",\"position\":3,\"name\":\"Zidna obloga Piramide\"}]},{\"@type\":\"WebSite\",\"@id\":\"https:\\\/\\\/filicdecor.com\\\/fr\\\/#website\",\"url\":\"https:\\\/\\\/filicdecor.com\\\/fr\\\/\",\"name\":\"Dekorativni stiropor | Fili\u0107 Decor | Fili\u0107\",\"description\":\"| - Fili\u0107 Fasade za poneti\",\"potentialAction\":[{\"@type\":\"SearchAction\",\"target\":{\"@type\":\"EntryPoint\",\"urlTemplate\":\"https:\\\/\\\/filicdecor.com\\\/fr\\\/?s={search_term_string}\"},\"query-input\":{\"@type\":\"PropertyValueSpecification\",\"valueRequired\":true,\"valueName\":\"search_term_string\"}}],\"inLanguage\":\"ro-RO\"}]}<\/script>\n<!-- \/ Yoast SEO plugin. -->","yoast_head_json":{"title":"Zidna obloga Piramide - Dekorativni stiropor | Fili\u0107 Decor | Fili\u0107","robots":{"index":"index","follow":"follow","max-snippet":"max-snippet:-1","max-image-preview":"max-image-preview:large","max-video-preview":"max-video-preview:-1"},"canonical":"https:\/\/filicdecor.com\/ro\/zidna-obloga-piramide\/","og_locale":"ro_RO","og_type":"article","og_title":"Zidna obloga Piramide - Dekorativni stiropor | Fili\u0107 Decor | Fili\u0107","og_description":"Dimenzije:\u00a050cm x 50cm x 2,4cm Materijal:\u00a0Ekspandirani polistiren - EPS Preporu\u010dene komponente: Pogodan lepak -\u00a0TITAN PLUS,\u00a0TITAN SUPER","og_url":"https:\/\/filicdecor.com\/ro\/zidna-obloga-piramide\/","og_site_name":"Dekorativni stiropor | Fili\u0107 Decor | Fili\u0107","article_modified_time":"2023-12-14T12:41:36+00:00","og_image":[{"width":1000,"height":750,"url":"https:\/\/filicdecor.com\/wp-content\/uploads\/2023\/12\/PIRAMIDE.jpg","type":"image\/jpeg"}],"twitter_card":"summary_large_image","twitter_misc":{"Timp estimat pentru citire":"2 minute"},"schema":{"@context":"https:\/\/schema.org","@graph":[{"@type":"WebPage","@id":"https:\/\/filicdecor.com\/zidna-obloga-piramide\/","url":"https:\/\/filicdecor.com\/zidna-obloga-piramide\/","name":"Zidna obloga Piramide - Dekorativni stiropor | Fili\u0107 Decor | Fili\u0107","isPartOf":{"@id":"https:\/\/filicdecor.com\/fr\/#website"},"primaryImageOfPage":{"@id":"https:\/\/filicdecor.com\/zidna-obloga-piramide\/#primaryimage"},"image":{"@id":"https:\/\/filicdecor.com\/zidna-obloga-piramide\/#primaryimage"},"thumbnailUrl":"https:\/\/filicdecor.com\/wp-content\/uploads\/2023\/12\/PIRAMIDE.jpg","datePublished":"2023-12-14T12:39:14+00:00","dateModified":"2023-12-14T12:41:36+00:00","breadcrumb":{"@id":"https:\/\/filicdecor.com\/zidna-obloga-piramide\/#breadcrumb"},"inLanguage":"ro-RO","potentialAction":[{"@type":"ReadAction","target":["https:\/\/filicdecor.com\/zidna-obloga-piramide\/"]}]},{"@type":"ImageObject","inLanguage":"ro-RO","@id":"https:\/\/filicdecor.com\/zidna-obloga-piramide\/#primaryimage","url":"https:\/\/filicdecor.com\/wp-content\/uploads\/2023\/12\/PIRAMIDE.jpg","contentUrl":"https:\/\/filicdecor.com\/wp-content\/uploads\/2023\/12\/PIRAMIDE.jpg","width":1000,"height":750},{"@type":"BreadcrumbList","@id":"https:\/\/filicdecor.com\/zidna-obloga-piramide\/#breadcrumb","itemListElement":[{"@type":"ListItem","position":1,"name":"Po\u010detna","item":"https:\/\/filicdecor.com\/"},{"@type":"ListItem","position":2,"name":"Shop","item":"https:\/\/filicdecor.com\/shop\/"},{"@type":"ListItem","position":3,"name":"Zidna obloga Piramide"}]},{"@type":"WebSite","@id":"https:\/\/filicdecor.com\/fr\/#website","url":"https:\/\/filicdecor.com\/fr\/","name":"Polistiren decorativ | Fili\u0107 Decor | Filic","description":"| - Fili\u0107 Fasade za poneti","potentialAction":[{"@type":"SearchAction","target":{"@type":"EntryPoint","urlTemplate":"https:\/\/filicdecor.com\/fr\/?s={search_term_string}"},"query-input":{"@type":"PropertyValueSpecification","valueRequired":true,"valueName":"search_term_string"}}],"inLanguage":"ro-RO"}]}},"_links":{"self":[{"href":"https:\/\/filicdecor.com\/ro\/wp-json\/wp\/v2\/product\/2961","targetHints":{"allow":["GET"]}}],"collection":[{"href":"https:\/\/filicdecor.com\/ro\/wp-json\/wp\/v2\/product"}],"about":[{"href":"https:\/\/filicdecor.com\/ro\/wp-json\/wp\/v2\/types\/product"}],"version-history":[{"count":1,"href":"https:\/\/filicdecor.com\/ro\/wp-json\/wp\/v2\/product\/2961\/revisions"}],"predecessor-version":[{"id":2964,"href":"https:\/\/filicdecor.com\/ro\/wp-json\/wp\/v2\/product\/2961\/revisions\/2964"}],"wp:featuredmedia":[{"embeddable":true,"href":"https:\/\/filicdecor.com\/ro\/wp-json\/wp\/v2\/media\/2962"}],"wp:attachment":[{"href":"https:\/\/filicdecor.com\/ro\/wp-json\/wp\/v2\/media?parent=2961"}],"wp:term":[{"taxonomy":"product_brand","embeddable":true,"href":"https:\/\/filicdecor.com\/ro\/wp-json\/wp\/v2\/product_brand?post=2961"},{"taxonomy":"product_cat","embeddable":true,"href":"https:\/\/filicdecor.com\/ro\/wp-json\/wp\/v2\/product_cat?post=2961"},{"taxonomy":"product_tag","embeddable":true,"href":"https:\/\/filicdecor.com\/ro\/wp-json\/wp\/v2\/product_tag?post=2961"}],"curies":[{"name":"wp","href":"https:\/\/api.w.org\/{rel}","templated":true}]}}