{"id":2765,"date":"2023-12-14T11:15:59","date_gmt":"2023-12-14T11:15:59","guid":{"rendered":"https:\/\/filicdecor.com\/?post_type=product&#038;p=2765"},"modified":"2023-12-14T11:31:25","modified_gmt":"2023-12-14T11:31:25","slug":"flatline-trougao-fl-tr-200x200","status":"publish","type":"product","link":"https:\/\/filicdecor.com\/ro\/flatline-trougao-fl-tr-200x200\/","title":{"rendered":"Flatline Trougao &#8211; FL TR 200&#215;200"},"content":{"rendered":"<p>Colec\u021bia <strong>FLATLINE<\/strong> este conceput\u0103 pentru decorarea spa\u021biilor de afaceri \u0219i de locuit. Forma final\u0103 format\u0103 din diferite dimensiuni \u0219i numere de elemente va func\u021biona bine ca decor \u00een dormitoare, sufragerii sau birouri. FLATLINE componente apar\u021bin produselor din material realizat \u00een \u00eentregime din \u021bes\u0103turi ne\u021besute, incluz\u00e2nd mai mult de 50% fibre din reciclarea sticlelor PET.<\/p>\n<p>FLATLINE elementi su dvostrani &#8211; pozadi su svetlo sive (rPET1100), a prednji deo je dostupan u bilo kojoj boji iz kataloga dezena od netkanog materijala.<\/p>\n<p>FLATLINE elemente sunt montate direct pe perete folosind banda adeziv\u0103 cu dou\u0103 fe\u021be inclus\u0103 \u00een complet.<\/p>\n<p>Colec\u021bia FLATLINE este disponibil\u0103 \u00een opt seturi complete. Sunt solu\u021bia ideal\u0103 ca modalitate unic\u0103, rapid\u0103 \u0219i u\u0219oar\u0103 pentru a v\u0103 decora spa\u021biile de perete  \u2013 f\u0103r\u0103 a fi nevoie s\u0103 pierde\u021bi timp \u00een conceperea designului.<\/p>","protected":false},"excerpt":{"rendered":"<p><strong>Dimensiuni:<\/strong>\u00a0200 x 200mm<br \/>\n<strong>Material:\u00a0<\/strong>filc<br \/>\n<strong>Produc\u0103tor:\u00a0<\/strong>Marbet design<br \/>\n<strong>Not\u0103:\u00a0<\/strong>pre\u021bul afi\u0219at este pentru 1 buc<\/p>\n<p><img decoding=\"async\" class=\"alignnone size-full wp-image-1740\" src=\"https:\/\/filicdecor.com\/wp-content\/uploads\/2023\/12\/MarbetDesignLogo.png\" alt=\"\" width=\"189\" height=\"28\" srcset=\"https:\/\/filicdecor.com\/wp-content\/uploads\/2023\/12\/MarbetDesignLogo.png 189w, https:\/\/filicdecor.com\/wp-content\/uploads\/2023\/12\/MarbetDesignLogo-150x22.png 150w\" sizes=\"(max-width: 189px) 100vw, 189px\" \/><\/p>","protected":false},"featured_media":2812,"template":"","meta":[],"product_brand":[],"product_cat":[166,72],"product_tag":[],"class_list":{"0":"post-2765","1":"product","2":"type-product","3":"status-publish","4":"has-post-thumbnail","6":"product_cat-flatline","7":"product_cat-zidne-obloge","9":"first","10":"onbackorder","11":"shipping-taxable","12":"purchasable","13":"product-type-variable"},"yoast_head":"<!-- This site is optimized with the Yoast SEO plugin v27.4 - https:\/\/yoast.com\/product\/yoast-seo-wordpress\/ -->\n<title>Flatline Trougao - FL TR 200x200 - Dekorativni stiropor | Fili\u0107 Decor | Fili\u0107<\/title>\n<meta name=\"robots\" content=\"index, follow, max-snippet:-1, max-image-preview:large, max-video-preview:-1\" \/>\n<link rel=\"canonical\" href=\"https:\/\/filicdecor.com\/ro\/flatline-trougao-fl-tr-200x200\/\" \/>\n<meta property=\"og:locale\" content=\"ro_RO\" \/>\n<meta property=\"og:type\" content=\"article\" \/>\n<meta property=\"og:title\" content=\"Flatline Trougao - FL TR 200x200 - Dekorativni stiropor | Fili\u0107 Decor | Fili\u0107\" \/>\n<meta property=\"og:description\" content=\"Dimenzije:\u00a0200 x 200mm Materijal:\u00a0filc Proizvo\u0111a\u010d:\u00a0Marbet design Napomena:\u00a0Cena je prikazana\u00a0za 1kom\" \/>\n<meta property=\"og:url\" content=\"https:\/\/filicdecor.com\/ro\/flatline-trougao-fl-tr-200x200\/\" \/>\n<meta property=\"og:site_name\" content=\"Dekorativni stiropor | Fili\u0107 Decor | Fili\u0107\" \/>\n<meta property=\"article:modified_time\" content=\"2023-12-14T11:31:25+00:00\" \/>\n<meta property=\"og:image\" content=\"https:\/\/filicdecor.com\/wp-content\/uploads\/2023\/12\/FL-TR-200X200-TEX496ML.webp\" \/>\n\t<meta property=\"og:image:width\" content=\"1000\" \/>\n\t<meta property=\"og:image:height\" content=\"750\" \/>\n\t<meta property=\"og:image:type\" content=\"image\/webp\" \/>\n<meta name=\"twitter:card\" content=\"summary_large_image\" \/>\n<meta name=\"twitter:label1\" content=\"Timp estimat pentru citire\" \/>\n\t<meta name=\"twitter:data1\" content=\"1 minut\" \/>\n<script type=\"application\/ld+json\" class=\"yoast-schema-graph\">{\"@context\":\"https:\\\/\\\/schema.org\",\"@graph\":[{\"@type\":\"WebPage\",\"@id\":\"https:\\\/\\\/filicdecor.com\\\/flatline-trougao-fl-tr-200x200\\\/\",\"url\":\"https:\\\/\\\/filicdecor.com\\\/flatline-trougao-fl-tr-200x200\\\/\",\"name\":\"Flatline Trougao - FL TR 200x200 - Dekorativni stiropor | Fili\u0107 Decor | Fili\u0107\",\"isPartOf\":{\"@id\":\"https:\\\/\\\/filicdecor.com\\\/fr\\\/#website\"},\"primaryImageOfPage\":{\"@id\":\"https:\\\/\\\/filicdecor.com\\\/flatline-trougao-fl-tr-200x200\\\/#primaryimage\"},\"image\":{\"@id\":\"https:\\\/\\\/filicdecor.com\\\/flatline-trougao-fl-tr-200x200\\\/#primaryimage\"},\"thumbnailUrl\":\"https:\\\/\\\/filicdecor.com\\\/wp-content\\\/uploads\\\/2023\\\/12\\\/FL-TR-200X200-TEX496ML.webp\",\"datePublished\":\"2023-12-14T11:15:59+00:00\",\"dateModified\":\"2023-12-14T11:31:25+00:00\",\"breadcrumb\":{\"@id\":\"https:\\\/\\\/filicdecor.com\\\/flatline-trougao-fl-tr-200x200\\\/#breadcrumb\"},\"inLanguage\":\"ro-RO\",\"potentialAction\":[{\"@type\":\"ReadAction\",\"target\":[\"https:\\\/\\\/filicdecor.com\\\/flatline-trougao-fl-tr-200x200\\\/\"]}]},{\"@type\":\"ImageObject\",\"inLanguage\":\"ro-RO\",\"@id\":\"https:\\\/\\\/filicdecor.com\\\/flatline-trougao-fl-tr-200x200\\\/#primaryimage\",\"url\":\"https:\\\/\\\/filicdecor.com\\\/wp-content\\\/uploads\\\/2023\\\/12\\\/FL-TR-200X200-TEX496ML.webp\",\"contentUrl\":\"https:\\\/\\\/filicdecor.com\\\/wp-content\\\/uploads\\\/2023\\\/12\\\/FL-TR-200X200-TEX496ML.webp\",\"width\":1000,\"height\":750},{\"@type\":\"BreadcrumbList\",\"@id\":\"https:\\\/\\\/filicdecor.com\\\/flatline-trougao-fl-tr-200x200\\\/#breadcrumb\",\"itemListElement\":[{\"@type\":\"ListItem\",\"position\":1,\"name\":\"\u041f\u043e\u0447\u0435\u0442\u043d\u0430\",\"item\":\"https:\\\/\\\/filicdecor.com\\\/\"},{\"@type\":\"ListItem\",\"position\":2,\"name\":\"Shop\",\"item\":\"https:\\\/\\\/filicdecor.com\\\/shop\\\/\"},{\"@type\":\"ListItem\",\"position\":3,\"name\":\"Flatline Trougao &#8211; FL TR 200&#215;200\"}]},{\"@type\":\"WebSite\",\"@id\":\"https:\\\/\\\/filicdecor.com\\\/fr\\\/#website\",\"url\":\"https:\\\/\\\/filicdecor.com\\\/fr\\\/\",\"name\":\"Dekorativni stiropor | Fili\u0107 Decor | Fili\u0107\",\"description\":\"| - Fili\u0107 Fasade za poneti\",\"potentialAction\":[{\"@type\":\"SearchAction\",\"target\":{\"@type\":\"EntryPoint\",\"urlTemplate\":\"https:\\\/\\\/filicdecor.com\\\/fr\\\/?s={search_term_string}\"},\"query-input\":{\"@type\":\"PropertyValueSpecification\",\"valueRequired\":true,\"valueName\":\"search_term_string\"}}],\"inLanguage\":\"ro-RO\"}]}<\/script>\n<!-- \/ Yoast SEO plugin. -->","yoast_head_json":{"title":"Flatline Trougao - FL TR 200x200 - Dekorativni stiropor | Fili\u0107 Decor | Fili\u0107","robots":{"index":"index","follow":"follow","max-snippet":"max-snippet:-1","max-image-preview":"max-image-preview:large","max-video-preview":"max-video-preview:-1"},"canonical":"https:\/\/filicdecor.com\/ro\/flatline-trougao-fl-tr-200x200\/","og_locale":"ro_RO","og_type":"article","og_title":"Flatline Trougao - FL TR 200x200 - Dekorativni stiropor | Fili\u0107 Decor | Fili\u0107","og_description":"Dimenzije:\u00a0200 x 200mm Materijal:\u00a0filc Proizvo\u0111a\u010d:\u00a0Marbet design Napomena:\u00a0Cena je prikazana\u00a0za 1kom","og_url":"https:\/\/filicdecor.com\/ro\/flatline-trougao-fl-tr-200x200\/","og_site_name":"Dekorativni stiropor | Fili\u0107 Decor | Fili\u0107","article_modified_time":"2023-12-14T11:31:25+00:00","og_image":[{"width":1000,"height":750,"url":"https:\/\/filicdecor.com\/wp-content\/uploads\/2023\/12\/FL-TR-200X200-TEX496ML.webp","type":"image\/webp"}],"twitter_card":"summary_large_image","twitter_misc":{"Timp estimat pentru citire":"1 minut"},"schema":{"@context":"https:\/\/schema.org","@graph":[{"@type":"WebPage","@id":"https:\/\/filicdecor.com\/flatline-trougao-fl-tr-200x200\/","url":"https:\/\/filicdecor.com\/flatline-trougao-fl-tr-200x200\/","name":"Flatline Trougao - FL TR 200x200 - Dekorativni stiropor | Fili\u0107 Decor | Fili\u0107","isPartOf":{"@id":"https:\/\/filicdecor.com\/fr\/#website"},"primaryImageOfPage":{"@id":"https:\/\/filicdecor.com\/flatline-trougao-fl-tr-200x200\/#primaryimage"},"image":{"@id":"https:\/\/filicdecor.com\/flatline-trougao-fl-tr-200x200\/#primaryimage"},"thumbnailUrl":"https:\/\/filicdecor.com\/wp-content\/uploads\/2023\/12\/FL-TR-200X200-TEX496ML.webp","datePublished":"2023-12-14T11:15:59+00:00","dateModified":"2023-12-14T11:31:25+00:00","breadcrumb":{"@id":"https:\/\/filicdecor.com\/flatline-trougao-fl-tr-200x200\/#breadcrumb"},"inLanguage":"ro-RO","potentialAction":[{"@type":"ReadAction","target":["https:\/\/filicdecor.com\/flatline-trougao-fl-tr-200x200\/"]}]},{"@type":"ImageObject","inLanguage":"ro-RO","@id":"https:\/\/filicdecor.com\/flatline-trougao-fl-tr-200x200\/#primaryimage","url":"https:\/\/filicdecor.com\/wp-content\/uploads\/2023\/12\/FL-TR-200X200-TEX496ML.webp","contentUrl":"https:\/\/filicdecor.com\/wp-content\/uploads\/2023\/12\/FL-TR-200X200-TEX496ML.webp","width":1000,"height":750},{"@type":"BreadcrumbList","@id":"https:\/\/filicdecor.com\/flatline-trougao-fl-tr-200x200\/#breadcrumb","itemListElement":[{"@type":"ListItem","position":1,"name":"Po\u010detna","item":"https:\/\/filicdecor.com\/"},{"@type":"ListItem","position":2,"name":"Shop","item":"https:\/\/filicdecor.com\/shop\/"},{"@type":"ListItem","position":3,"name":"Flatline Trougao &#8211; FL TR 200&#215;200"}]},{"@type":"WebSite","@id":"https:\/\/filicdecor.com\/fr\/#website","url":"https:\/\/filicdecor.com\/fr\/","name":"Polistiren decorativ | Fili\u0107 Decor | Filic","description":"| - Fili\u0107 Fasade za poneti","potentialAction":[{"@type":"SearchAction","target":{"@type":"EntryPoint","urlTemplate":"https:\/\/filicdecor.com\/fr\/?s={search_term_string}"},"query-input":{"@type":"PropertyValueSpecification","valueRequired":true,"valueName":"search_term_string"}}],"inLanguage":"ro-RO"}]}},"_links":{"self":[{"href":"https:\/\/filicdecor.com\/ro\/wp-json\/wp\/v2\/product\/2765","targetHints":{"allow":["GET"]}}],"collection":[{"href":"https:\/\/filicdecor.com\/ro\/wp-json\/wp\/v2\/product"}],"about":[{"href":"https:\/\/filicdecor.com\/ro\/wp-json\/wp\/v2\/types\/product"}],"version-history":[{"count":1,"href":"https:\/\/filicdecor.com\/ro\/wp-json\/wp\/v2\/product\/2765\/revisions"}],"predecessor-version":[{"id":2825,"href":"https:\/\/filicdecor.com\/ro\/wp-json\/wp\/v2\/product\/2765\/revisions\/2825"}],"wp:featuredmedia":[{"embeddable":true,"href":"https:\/\/filicdecor.com\/ro\/wp-json\/wp\/v2\/media\/2812"}],"wp:attachment":[{"href":"https:\/\/filicdecor.com\/ro\/wp-json\/wp\/v2\/media?parent=2765"}],"wp:term":[{"taxonomy":"product_brand","embeddable":true,"href":"https:\/\/filicdecor.com\/ro\/wp-json\/wp\/v2\/product_brand?post=2765"},{"taxonomy":"product_cat","embeddable":true,"href":"https:\/\/filicdecor.com\/ro\/wp-json\/wp\/v2\/product_cat?post=2765"},{"taxonomy":"product_tag","embeddable":true,"href":"https:\/\/filicdecor.com\/ro\/wp-json\/wp\/v2\/product_tag?post=2765"}],"curies":[{"name":"wp","href":"https:\/\/api.w.org\/{rel}","templated":true}]}}