{"id":2252,"date":"2023-12-13T14:36:58","date_gmt":"2023-12-13T14:36:58","guid":{"rendered":"https:\/\/filicdecor.com\/?post_type=product&#038;p=2252"},"modified":"2024-08-13T13:35:45","modified_gmt":"2024-08-13T13:35:45","slug":"stiropor-lajsna-slu-707-e-17","status":"publish","type":"product","link":"https:\/\/filicdecor.com\/ro\/stiropor-lajsna-slu-707-e-17\/","title":{"rendered":"Baghete decorative polistiren SLU-707 (E-17)"},"content":{"rendered":"<p>Molurile din polistiren sunt cea mai economic\u0103 \u0219i \u00een acela\u0219i timp foarte atractiv\u0103 modalitate de a decora pere\u021bii \u0219i col\u021burile dintre tavan \u0219i perete. Molurile decorative din polistiren sunt realizate din polistiren de \u00eenalt\u0103 calitate, ceea ce le face u\u0219oare \u0219i elastice, astfel \u00eenc\u00e2t s\u0103 nu se crape. Molurile din polistiren sunt vopsite cu toate vopselele acrilice pe care le folosi\u021bi \u00een mod normal pentru a picta pere\u021bii, astfel \u00eenc\u00e2t este foarte u\u0219or s\u0103 schimba\u021bi aspectul chiar \u0219i dup\u0103 instalarea ini\u021bial\u0103 a mulurilor. Instalarea mulajelor din polistiren este foarte simpl\u0103. Se lipesc de peretele cur\u0103\u021bat cu lipici acrilic.<\/p>","protected":false},"excerpt":{"rendered":"<p><strong>Dimensiuni<\/strong>:\u00a03 x 1.9cm<br \/>\n<strong>Produc\u0103tor:\u00a0<\/strong>Marbet design<br \/>\n<strong>Material:\u00a0<\/strong>Polistiren extrudat<br \/>\n<strong>Not\u0103<\/strong>: Pretul este afisat pentru plinte de 1m. Molurile sunt livrate pe o lungime de 2m.<\/p>\n<p><img decoding=\"async\" class=\"alignnone size-full wp-image-1740\" src=\"https:\/\/filicdecor.com\/wp-content\/uploads\/2023\/12\/MarbetDesignLogo.png\" alt=\"\" width=\"189\" height=\"28\" srcset=\"https:\/\/filicdecor.com\/wp-content\/uploads\/2023\/12\/MarbetDesignLogo.png 189w, https:\/\/filicdecor.com\/wp-content\/uploads\/2023\/12\/MarbetDesignLogo-150x22.png 150w\" sizes=\"(max-width: 189px) 100vw, 189px\" \/><\/p>","protected":false},"featured_media":2254,"template":"","meta":[],"product_brand":[],"product_cat":[142,141],"product_tag":[],"class_list":{"0":"post-2252","1":"product","2":"type-product","3":"status-publish","4":"has-post-thumbnail","6":"product_cat-ravne-stiropor-lajsne","7":"product_cat-stiropor-lajsne","9":"first","10":"instock","11":"shipping-taxable","12":"purchasable","13":"product-type-simple"},"yoast_head":"<!-- This site is optimized with the Yoast SEO plugin v27.4 - https:\/\/yoast.com\/product\/yoast-seo-wordpress\/ -->\n<title>Stiropor lajsna SLU-707 (E-17) - Dekorativni stiropor | Fili\u0107 Decor | Fili\u0107<\/title>\n<meta name=\"robots\" content=\"index, follow, max-snippet:-1, max-image-preview:large, max-video-preview:-1\" \/>\n<link rel=\"canonical\" href=\"https:\/\/filicdecor.com\/ro\/stiropor-lajsna-slu-707-e-17\/\" \/>\n<meta property=\"og:locale\" content=\"ro_RO\" \/>\n<meta property=\"og:type\" content=\"article\" \/>\n<meta property=\"og:title\" content=\"Stiropor lajsna SLU-707 (E-17) - Dekorativni stiropor | Fili\u0107 Decor | Fili\u0107\" \/>\n<meta property=\"og:description\" content=\"Dimenzije:\u00a03 x 1.9cm Proizvo\u0111a\u010d:\u00a0Marbet design Materijal:\u00a0Ekstrudirani polistiren Napomena:\u00a0Cena je prikazana\u00a0za 1m lajsne. Lajsne se isporu\u010duju u du\u017eini od 2m.\" \/>\n<meta property=\"og:url\" content=\"https:\/\/filicdecor.com\/ro\/stiropor-lajsna-slu-707-e-17\/\" \/>\n<meta property=\"og:site_name\" content=\"Dekorativni stiropor | Fili\u0107 Decor | Fili\u0107\" \/>\n<meta property=\"article:modified_time\" content=\"2024-08-13T13:35:45+00:00\" \/>\n<meta property=\"og:image\" content=\"https:\/\/filicdecor.com\/wp-content\/uploads\/2023\/12\/SLU707.webp\" \/>\n\t<meta property=\"og:image:width\" content=\"920\" \/>\n\t<meta property=\"og:image:height\" content=\"480\" \/>\n\t<meta property=\"og:image:type\" content=\"image\/webp\" \/>\n<meta name=\"twitter:card\" content=\"summary_large_image\" \/>\n<script type=\"application\/ld+json\" class=\"yoast-schema-graph\">{\"@context\":\"https:\\\/\\\/schema.org\",\"@graph\":[{\"@type\":\"WebPage\",\"@id\":\"https:\\\/\\\/filicdecor.com\\\/stiropor-lajsna-slu-707-e-17\\\/\",\"url\":\"https:\\\/\\\/filicdecor.com\\\/stiropor-lajsna-slu-707-e-17\\\/\",\"name\":\"Stiropor lajsna SLU-707 (E-17) - Dekorativni stiropor | Fili\u0107 Decor | Fili\u0107\",\"isPartOf\":{\"@id\":\"https:\\\/\\\/filicdecor.com\\\/fr\\\/#website\"},\"primaryImageOfPage\":{\"@id\":\"https:\\\/\\\/filicdecor.com\\\/stiropor-lajsna-slu-707-e-17\\\/#primaryimage\"},\"image\":{\"@id\":\"https:\\\/\\\/filicdecor.com\\\/stiropor-lajsna-slu-707-e-17\\\/#primaryimage\"},\"thumbnailUrl\":\"https:\\\/\\\/filicdecor.com\\\/wp-content\\\/uploads\\\/2023\\\/12\\\/SLU707.webp\",\"datePublished\":\"2023-12-13T14:36:58+00:00\",\"dateModified\":\"2024-08-13T13:35:45+00:00\",\"breadcrumb\":{\"@id\":\"https:\\\/\\\/filicdecor.com\\\/stiropor-lajsna-slu-707-e-17\\\/#breadcrumb\"},\"inLanguage\":\"ro-RO\",\"potentialAction\":[{\"@type\":\"ReadAction\",\"target\":[\"https:\\\/\\\/filicdecor.com\\\/stiropor-lajsna-slu-707-e-17\\\/\"]}]},{\"@type\":\"ImageObject\",\"inLanguage\":\"ro-RO\",\"@id\":\"https:\\\/\\\/filicdecor.com\\\/stiropor-lajsna-slu-707-e-17\\\/#primaryimage\",\"url\":\"https:\\\/\\\/filicdecor.com\\\/wp-content\\\/uploads\\\/2023\\\/12\\\/SLU707.webp\",\"contentUrl\":\"https:\\\/\\\/filicdecor.com\\\/wp-content\\\/uploads\\\/2023\\\/12\\\/SLU707.webp\",\"width\":920,\"height\":480},{\"@type\":\"BreadcrumbList\",\"@id\":\"https:\\\/\\\/filicdecor.com\\\/stiropor-lajsna-slu-707-e-17\\\/#breadcrumb\",\"itemListElement\":[{\"@type\":\"ListItem\",\"position\":1,\"name\":\"\u041f\u043e\u0447\u0435\u0442\u043d\u0430\",\"item\":\"https:\\\/\\\/filicdecor.com\\\/\"},{\"@type\":\"ListItem\",\"position\":2,\"name\":\"Shop\",\"item\":\"https:\\\/\\\/filicdecor.com\\\/shop\\\/\"},{\"@type\":\"ListItem\",\"position\":3,\"name\":\"Stiropor lajsna SLU-707 (E-17)\"}]},{\"@type\":\"WebSite\",\"@id\":\"https:\\\/\\\/filicdecor.com\\\/fr\\\/#website\",\"url\":\"https:\\\/\\\/filicdecor.com\\\/fr\\\/\",\"name\":\"Dekorativni stiropor | Fili\u0107 Decor | Fili\u0107\",\"description\":\"| - Fili\u0107 Fasade za poneti\",\"potentialAction\":[{\"@type\":\"SearchAction\",\"target\":{\"@type\":\"EntryPoint\",\"urlTemplate\":\"https:\\\/\\\/filicdecor.com\\\/fr\\\/?s={search_term_string}\"},\"query-input\":{\"@type\":\"PropertyValueSpecification\",\"valueRequired\":true,\"valueName\":\"search_term_string\"}}],\"inLanguage\":\"ro-RO\"}]}<\/script>\n<!-- \/ Yoast SEO plugin. -->","yoast_head_json":{"title":"Stiropor lajsna SLU-707 (E-17) - Dekorativni stiropor | Fili\u0107 Decor | Fili\u0107","robots":{"index":"index","follow":"follow","max-snippet":"max-snippet:-1","max-image-preview":"max-image-preview:large","max-video-preview":"max-video-preview:-1"},"canonical":"https:\/\/filicdecor.com\/ro\/stiropor-lajsna-slu-707-e-17\/","og_locale":"ro_RO","og_type":"article","og_title":"Stiropor lajsna SLU-707 (E-17) - Dekorativni stiropor | Fili\u0107 Decor | Fili\u0107","og_description":"Dimenzije:\u00a03 x 1.9cm Proizvo\u0111a\u010d:\u00a0Marbet design Materijal:\u00a0Ekstrudirani polistiren Napomena:\u00a0Cena je prikazana\u00a0za 1m lajsne. Lajsne se isporu\u010duju u du\u017eini od 2m.","og_url":"https:\/\/filicdecor.com\/ro\/stiropor-lajsna-slu-707-e-17\/","og_site_name":"Dekorativni stiropor | Fili\u0107 Decor | Fili\u0107","article_modified_time":"2024-08-13T13:35:45+00:00","og_image":[{"width":920,"height":480,"url":"https:\/\/filicdecor.com\/wp-content\/uploads\/2023\/12\/SLU707.webp","type":"image\/webp"}],"twitter_card":"summary_large_image","schema":{"@context":"https:\/\/schema.org","@graph":[{"@type":"WebPage","@id":"https:\/\/filicdecor.com\/stiropor-lajsna-slu-707-e-17\/","url":"https:\/\/filicdecor.com\/stiropor-lajsna-slu-707-e-17\/","name":"Stiropor lajsna SLU-707 (E-17) - Dekorativni stiropor | Fili\u0107 Decor | Fili\u0107","isPartOf":{"@id":"https:\/\/filicdecor.com\/fr\/#website"},"primaryImageOfPage":{"@id":"https:\/\/filicdecor.com\/stiropor-lajsna-slu-707-e-17\/#primaryimage"},"image":{"@id":"https:\/\/filicdecor.com\/stiropor-lajsna-slu-707-e-17\/#primaryimage"},"thumbnailUrl":"https:\/\/filicdecor.com\/wp-content\/uploads\/2023\/12\/SLU707.webp","datePublished":"2023-12-13T14:36:58+00:00","dateModified":"2024-08-13T13:35:45+00:00","breadcrumb":{"@id":"https:\/\/filicdecor.com\/stiropor-lajsna-slu-707-e-17\/#breadcrumb"},"inLanguage":"ro-RO","potentialAction":[{"@type":"ReadAction","target":["https:\/\/filicdecor.com\/stiropor-lajsna-slu-707-e-17\/"]}]},{"@type":"ImageObject","inLanguage":"ro-RO","@id":"https:\/\/filicdecor.com\/stiropor-lajsna-slu-707-e-17\/#primaryimage","url":"https:\/\/filicdecor.com\/wp-content\/uploads\/2023\/12\/SLU707.webp","contentUrl":"https:\/\/filicdecor.com\/wp-content\/uploads\/2023\/12\/SLU707.webp","width":920,"height":480},{"@type":"BreadcrumbList","@id":"https:\/\/filicdecor.com\/stiropor-lajsna-slu-707-e-17\/#breadcrumb","itemListElement":[{"@type":"ListItem","position":1,"name":"Po\u010detna","item":"https:\/\/filicdecor.com\/"},{"@type":"ListItem","position":2,"name":"Shop","item":"https:\/\/filicdecor.com\/shop\/"},{"@type":"ListItem","position":3,"name":"Stiropor lajsna SLU-707 (E-17)"}]},{"@type":"WebSite","@id":"https:\/\/filicdecor.com\/fr\/#website","url":"https:\/\/filicdecor.com\/fr\/","name":"Polistiren decorativ | Fili\u0107 Decor | Filic","description":"| - Fili\u0107 Fasade za poneti","potentialAction":[{"@type":"SearchAction","target":{"@type":"EntryPoint","urlTemplate":"https:\/\/filicdecor.com\/fr\/?s={search_term_string}"},"query-input":{"@type":"PropertyValueSpecification","valueRequired":true,"valueName":"search_term_string"}}],"inLanguage":"ro-RO"}]}},"_links":{"self":[{"href":"https:\/\/filicdecor.com\/ro\/wp-json\/wp\/v2\/product\/2252","targetHints":{"allow":["GET"]}}],"collection":[{"href":"https:\/\/filicdecor.com\/ro\/wp-json\/wp\/v2\/product"}],"about":[{"href":"https:\/\/filicdecor.com\/ro\/wp-json\/wp\/v2\/types\/product"}],"version-history":[{"count":4,"href":"https:\/\/filicdecor.com\/ro\/wp-json\/wp\/v2\/product\/2252\/revisions"}],"predecessor-version":[{"id":6640,"href":"https:\/\/filicdecor.com\/ro\/wp-json\/wp\/v2\/product\/2252\/revisions\/6640"}],"wp:featuredmedia":[{"embeddable":true,"href":"https:\/\/filicdecor.com\/ro\/wp-json\/wp\/v2\/media\/2254"}],"wp:attachment":[{"href":"https:\/\/filicdecor.com\/ro\/wp-json\/wp\/v2\/media?parent=2252"}],"wp:term":[{"taxonomy":"product_brand","embeddable":true,"href":"https:\/\/filicdecor.com\/ro\/wp-json\/wp\/v2\/product_brand?post=2252"},{"taxonomy":"product_cat","embeddable":true,"href":"https:\/\/filicdecor.com\/ro\/wp-json\/wp\/v2\/product_cat?post=2252"},{"taxonomy":"product_tag","embeddable":true,"href":"https:\/\/filicdecor.com\/ro\/wp-json\/wp\/v2\/product_tag?post=2252"}],"curies":[{"name":"wp","href":"https:\/\/api.w.org\/{rel}","templated":true}]}}