{"id":1779,"date":"2023-12-12T15:12:51","date_gmt":"2023-12-12T15:12:51","guid":{"rendered":"https:\/\/filicdecor.com\/?post_type=product&#038;p=1779"},"modified":"2024-09-05T13:40:55","modified_gmt":"2024-09-05T13:40:55","slug":"zidni-panel-woodline-wl-600x600","status":"publish","type":"product","link":"https:\/\/filicdecor.com\/ro\/zidni-panel-woodline-wl-600x600\/","title":{"rendered":"Panou de perete WOODLINE WL 600\u00d7600"},"content":{"rendered":"<p><strong>Panou perete lamele cu fetru (p\u00e2sl\u0103)<\/strong><br \/>\nDescoperi\u021bi o nou\u0103 modalitate de designare a interiorului cu panouri din lamele <strong>WOODLINE<\/strong> Lamele din MDF pe suprafa\u021ba din fetru (p\u00e2sl\u0103) sunt solu\u021bie de design perfect\u0103 pentru decorarea spa\u021biului dvs. Colec\u021bia WOODLINE nu numai c\u0103 ofer\u0103 un detaliu decorativ deosebit pe suprafa\u021ba peretelui, dar \u0219i utilizarea panourilor individuale permite separare spa\u021biilor suplimentare, iar suportul din fetru p\u00e2sl\u0103 ajut\u0103 \u00een izolare fonic\u0103 a spa\u021biului.<\/p>\n<p><strong>Utilizare:<\/strong><br \/>\n-ca izolare fonic\u0103<br \/>\n-pentru decorare<br \/>\n-pentru definirea spa\u021biului<\/p>\n<p><strong>Spatele de la p\u00e2slu este disponibil \u00een dou\u0103 culori:<\/strong><br \/>\nNegru sau gri\u2026<\/p>\n<p><strong>Letvice su dostupne u 4 boje:<\/strong><br \/>\n- negru mat<br \/>\n- stejar \u00eenchis<br \/>\n-stejar deschis<br \/>\n-stejar sonoma<\/p>\n<p><strong>Dimensiuni disponibile:<\/strong><br \/>\n2700 x 300 mm, 2700 x 400 mm, 400 x 400 mm, 300 x 300 mm 600 x 600 mm<\/p>\n<p>Dimensiunile definite nu se \u00eencadreaz\u0103 \u00een spa\u021biul dvs.?<br \/>\nPanouri WOODLINE pot fi u\u0219or \u0219i rapid t\u0103iate la dimensiuni corespunz\u0103toare, permi\u021b\u00e2nd o potrivire perfect\u0103 \u00een spa\u021biu dvs.!<\/p>","protected":false},"excerpt":{"rendered":"<p><strong>Dimensiuni:<\/strong> 600x600mm<br \/>\n<strong>Produc\u0103tor:\u00a0<\/strong>Marbet design<br \/>\n<strong>Material:<\/strong>\u00a0MDF\/filc<\/p>\n<p><img decoding=\"async\" class=\"alignnone size-full wp-image-1740\" src=\"https:\/\/filicdecor.com\/wp-content\/uploads\/2023\/12\/MarbetDesignLogo.png\" alt=\"\" width=\"189\" height=\"28\" srcset=\"https:\/\/filicdecor.com\/wp-content\/uploads\/2023\/12\/MarbetDesignLogo.png 189w, https:\/\/filicdecor.com\/wp-content\/uploads\/2023\/12\/MarbetDesignLogo-150x22.png 150w\" sizes=\"(max-width: 189px) 100vw, 189px\" \/><\/p>","protected":false},"featured_media":9125,"template":"","meta":[],"product_brand":[],"product_cat":[109,72],"product_tag":[],"class_list":{"0":"post-1779","1":"product","2":"type-product","3":"status-publish","4":"has-post-thumbnail","6":"product_cat-woodline","7":"product_cat-zidne-obloge","9":"first","10":"onbackorder","11":"sale","12":"shipping-taxable","13":"purchasable","14":"product-type-variable"},"yoast_head":"<!-- This site is optimized with the Yoast SEO plugin v27.4 - https:\/\/yoast.com\/product\/yoast-seo-wordpress\/ -->\n<title>Zidni panel WOODLINE WL 600x600 - Dekorativni stiropor | Fili\u0107 Decor | Fili\u0107<\/title>\n<meta name=\"robots\" content=\"index, follow, max-snippet:-1, max-image-preview:large, max-video-preview:-1\" \/>\n<link rel=\"canonical\" href=\"https:\/\/filicdecor.com\/ro\/zidni-panel-woodline-wl-600x600\/\" \/>\n<meta property=\"og:locale\" content=\"ro_RO\" \/>\n<meta property=\"og:type\" content=\"article\" \/>\n<meta property=\"og:title\" content=\"Zidni panel WOODLINE WL 600x600 - Dekorativni stiropor | Fili\u0107 Decor | Fili\u0107\" \/>\n<meta property=\"og:description\" content=\"Dimenzije: 600x600mm Proizvo\u0111a\u010d:\u00a0Marbet design Materijal:\u00a0MDF\/filc\" \/>\n<meta property=\"og:url\" content=\"https:\/\/filicdecor.com\/ro\/zidni-panel-woodline-wl-600x600\/\" \/>\n<meta property=\"og:site_name\" content=\"Dekorativni stiropor | Fili\u0107 Decor | Fili\u0107\" \/>\n<meta property=\"article:modified_time\" content=\"2024-09-05T13:40:55+00:00\" \/>\n<meta property=\"og:image\" content=\"https:\/\/filicdecor.com\/wp-content\/uploads\/2023\/12\/300x300_crna_mat_crna.webp\" \/>\n\t<meta property=\"og:image:width\" content=\"750\" \/>\n\t<meta property=\"og:image:height\" content=\"750\" \/>\n\t<meta property=\"og:image:type\" content=\"image\/webp\" \/>\n<meta name=\"twitter:card\" content=\"summary_large_image\" \/>\n<meta name=\"twitter:label1\" content=\"Timp estimat pentru citire\" \/>\n\t<meta name=\"twitter:data1\" content=\"1 minut\" \/>\n<script type=\"application\/ld+json\" class=\"yoast-schema-graph\">{\"@context\":\"https:\\\/\\\/schema.org\",\"@graph\":[{\"@type\":\"WebPage\",\"@id\":\"https:\\\/\\\/filicdecor.com\\\/zidni-panel-woodline-wl-600x600\\\/\",\"url\":\"https:\\\/\\\/filicdecor.com\\\/zidni-panel-woodline-wl-600x600\\\/\",\"name\":\"Zidni panel WOODLINE WL 600x600 - Dekorativni stiropor | Fili\u0107 Decor | Fili\u0107\",\"isPartOf\":{\"@id\":\"https:\\\/\\\/filicdecor.com\\\/fr\\\/#website\"},\"primaryImageOfPage\":{\"@id\":\"https:\\\/\\\/filicdecor.com\\\/zidni-panel-woodline-wl-600x600\\\/#primaryimage\"},\"image\":{\"@id\":\"https:\\\/\\\/filicdecor.com\\\/zidni-panel-woodline-wl-600x600\\\/#primaryimage\"},\"thumbnailUrl\":\"https:\\\/\\\/filicdecor.com\\\/wp-content\\\/uploads\\\/2023\\\/12\\\/300x300_crna_mat_crna_batcheditor_fotor.webp\",\"datePublished\":\"2023-12-12T15:12:51+00:00\",\"dateModified\":\"2024-09-05T13:40:55+00:00\",\"breadcrumb\":{\"@id\":\"https:\\\/\\\/filicdecor.com\\\/zidni-panel-woodline-wl-600x600\\\/#breadcrumb\"},\"inLanguage\":\"ro-RO\",\"potentialAction\":[{\"@type\":\"ReadAction\",\"target\":[\"https:\\\/\\\/filicdecor.com\\\/zidni-panel-woodline-wl-600x600\\\/\"]}]},{\"@type\":\"ImageObject\",\"inLanguage\":\"ro-RO\",\"@id\":\"https:\\\/\\\/filicdecor.com\\\/zidni-panel-woodline-wl-600x600\\\/#primaryimage\",\"url\":\"https:\\\/\\\/filicdecor.com\\\/wp-content\\\/uploads\\\/2023\\\/12\\\/300x300_crna_mat_crna_batcheditor_fotor.webp\",\"contentUrl\":\"https:\\\/\\\/filicdecor.com\\\/wp-content\\\/uploads\\\/2023\\\/12\\\/300x300_crna_mat_crna_batcheditor_fotor.webp\",\"width\":2000,\"height\":1043},{\"@type\":\"BreadcrumbList\",\"@id\":\"https:\\\/\\\/filicdecor.com\\\/zidni-panel-woodline-wl-600x600\\\/#breadcrumb\",\"itemListElement\":[{\"@type\":\"ListItem\",\"position\":1,\"name\":\"\u041f\u043e\u0447\u0435\u0442\u043d\u0430\",\"item\":\"https:\\\/\\\/filicdecor.com\\\/\"},{\"@type\":\"ListItem\",\"position\":2,\"name\":\"Shop\",\"item\":\"https:\\\/\\\/filicdecor.com\\\/shop\\\/\"},{\"@type\":\"ListItem\",\"position\":3,\"name\":\"Zidni panel WOODLINE WL 600&#215;600\"}]},{\"@type\":\"WebSite\",\"@id\":\"https:\\\/\\\/filicdecor.com\\\/fr\\\/#website\",\"url\":\"https:\\\/\\\/filicdecor.com\\\/fr\\\/\",\"name\":\"Dekorativni stiropor | Fili\u0107 Decor | Fili\u0107\",\"description\":\"| - Fili\u0107 Fasade za poneti\",\"potentialAction\":[{\"@type\":\"SearchAction\",\"target\":{\"@type\":\"EntryPoint\",\"urlTemplate\":\"https:\\\/\\\/filicdecor.com\\\/fr\\\/?s={search_term_string}\"},\"query-input\":{\"@type\":\"PropertyValueSpecification\",\"valueRequired\":true,\"valueName\":\"search_term_string\"}}],\"inLanguage\":\"ro-RO\"}]}<\/script>\n<!-- \/ Yoast SEO plugin. -->","yoast_head_json":{"title":"Zidni panel WOODLINE WL 600x600 - Dekorativni stiropor | Fili\u0107 Decor | Fili\u0107","robots":{"index":"index","follow":"follow","max-snippet":"max-snippet:-1","max-image-preview":"max-image-preview:large","max-video-preview":"max-video-preview:-1"},"canonical":"https:\/\/filicdecor.com\/ro\/zidni-panel-woodline-wl-600x600\/","og_locale":"ro_RO","og_type":"article","og_title":"Zidni panel WOODLINE WL 600x600 - Dekorativni stiropor | Fili\u0107 Decor | Fili\u0107","og_description":"Dimenzije: 600x600mm Proizvo\u0111a\u010d:\u00a0Marbet design Materijal:\u00a0MDF\/filc","og_url":"https:\/\/filicdecor.com\/ro\/zidni-panel-woodline-wl-600x600\/","og_site_name":"Dekorativni stiropor | Fili\u0107 Decor | Fili\u0107","article_modified_time":"2024-09-05T13:40:55+00:00","og_image":[{"width":750,"height":750,"url":"https:\/\/filicdecor.com\/wp-content\/uploads\/2023\/12\/300x300_crna_mat_crna.webp","type":"image\/webp"}],"twitter_card":"summary_large_image","twitter_misc":{"Timp estimat pentru citire":"1 minut"},"schema":{"@context":"https:\/\/schema.org","@graph":[{"@type":"WebPage","@id":"https:\/\/filicdecor.com\/zidni-panel-woodline-wl-600x600\/","url":"https:\/\/filicdecor.com\/zidni-panel-woodline-wl-600x600\/","name":"Zidni panel WOODLINE WL 600x600 - Dekorativni stiropor | Fili\u0107 Decor | Fili\u0107","isPartOf":{"@id":"https:\/\/filicdecor.com\/fr\/#website"},"primaryImageOfPage":{"@id":"https:\/\/filicdecor.com\/zidni-panel-woodline-wl-600x600\/#primaryimage"},"image":{"@id":"https:\/\/filicdecor.com\/zidni-panel-woodline-wl-600x600\/#primaryimage"},"thumbnailUrl":"https:\/\/filicdecor.com\/wp-content\/uploads\/2023\/12\/300x300_crna_mat_crna_batcheditor_fotor.webp","datePublished":"2023-12-12T15:12:51+00:00","dateModified":"2024-09-05T13:40:55+00:00","breadcrumb":{"@id":"https:\/\/filicdecor.com\/zidni-panel-woodline-wl-600x600\/#breadcrumb"},"inLanguage":"ro-RO","potentialAction":[{"@type":"ReadAction","target":["https:\/\/filicdecor.com\/zidni-panel-woodline-wl-600x600\/"]}]},{"@type":"ImageObject","inLanguage":"ro-RO","@id":"https:\/\/filicdecor.com\/zidni-panel-woodline-wl-600x600\/#primaryimage","url":"https:\/\/filicdecor.com\/wp-content\/uploads\/2023\/12\/300x300_crna_mat_crna_batcheditor_fotor.webp","contentUrl":"https:\/\/filicdecor.com\/wp-content\/uploads\/2023\/12\/300x300_crna_mat_crna_batcheditor_fotor.webp","width":2000,"height":1043},{"@type":"BreadcrumbList","@id":"https:\/\/filicdecor.com\/zidni-panel-woodline-wl-600x600\/#breadcrumb","itemListElement":[{"@type":"ListItem","position":1,"name":"Po\u010detna","item":"https:\/\/filicdecor.com\/"},{"@type":"ListItem","position":2,"name":"Shop","item":"https:\/\/filicdecor.com\/shop\/"},{"@type":"ListItem","position":3,"name":"Zidni panel WOODLINE WL 600&#215;600"}]},{"@type":"WebSite","@id":"https:\/\/filicdecor.com\/fr\/#website","url":"https:\/\/filicdecor.com\/fr\/","name":"Polistiren decorativ | Fili\u0107 Decor | Filic","description":"| - Fili\u0107 Fasade za poneti","potentialAction":[{"@type":"SearchAction","target":{"@type":"EntryPoint","urlTemplate":"https:\/\/filicdecor.com\/fr\/?s={search_term_string}"},"query-input":{"@type":"PropertyValueSpecification","valueRequired":true,"valueName":"search_term_string"}}],"inLanguage":"ro-RO"}]}},"_links":{"self":[{"href":"https:\/\/filicdecor.com\/ro\/wp-json\/wp\/v2\/product\/1779","targetHints":{"allow":["GET"]}}],"collection":[{"href":"https:\/\/filicdecor.com\/ro\/wp-json\/wp\/v2\/product"}],"about":[{"href":"https:\/\/filicdecor.com\/ro\/wp-json\/wp\/v2\/types\/product"}],"version-history":[{"count":3,"href":"https:\/\/filicdecor.com\/ro\/wp-json\/wp\/v2\/product\/1779\/revisions"}],"predecessor-version":[{"id":1814,"href":"https:\/\/filicdecor.com\/ro\/wp-json\/wp\/v2\/product\/1779\/revisions\/1814"}],"wp:featuredmedia":[{"embeddable":true,"href":"https:\/\/filicdecor.com\/ro\/wp-json\/wp\/v2\/media\/9125"}],"wp:attachment":[{"href":"https:\/\/filicdecor.com\/ro\/wp-json\/wp\/v2\/media?parent=1779"}],"wp:term":[{"taxonomy":"product_brand","embeddable":true,"href":"https:\/\/filicdecor.com\/ro\/wp-json\/wp\/v2\/product_brand?post=1779"},{"taxonomy":"product_cat","embeddable":true,"href":"https:\/\/filicdecor.com\/ro\/wp-json\/wp\/v2\/product_cat?post=1779"},{"taxonomy":"product_tag","embeddable":true,"href":"https:\/\/filicdecor.com\/ro\/wp-json\/wp\/v2\/product_tag?post=1779"}],"curies":[{"name":"wp","href":"https:\/\/api.w.org\/{rel}","templated":true}]}}