{"id":1691,"date":"2023-12-12T13:14:01","date_gmt":"2023-12-12T13:14:01","guid":{"rendered":"https:\/\/filicdecor.com\/?post_type=product&#038;p=1691"},"modified":"2023-12-12T13:52:37","modified_gmt":"2023-12-12T13:52:37","slug":"zidni-dekorativni-panel-ecoline-el-orion-400x400","status":"publish","type":"product","link":"https:\/\/filicdecor.com\/ro\/zidni-dekorativni-panel-ecoline-el-orion-400x400\/","title":{"rendered":"Zidni dekorativni panel Ecoline &#8211; EL ORION 400&#215;400"},"content":{"rendered":"<p>Colec\u021bia ECOLINE include elemente p\u0103trate 3D \u00een mai multe culori \u0219i trei modele decorative: Wave, Orion \u0219i Diamond.<\/p>\n<p>Frumuse\u021bea lor este subliniat\u0103 de culorile \u021bes\u0103turilor din care sunt realizate \u0219i de jocul de lumini \u0219i umbre. Efectul final depinde de locul \u00een care sunt amplasate \u0219i de tipul de iluminare.<\/p>\n<p>Panourile decorative ECOLINE sunt utilizate \u00een interioare publice, de afaceri \u0219i reziden\u021biale.<\/p>\n<p>Panourile ECOLINE arat\u0103 impresionant \u00een compozi\u021bii mari, dar las\u0103 \u0219i o impresie grozav\u0103 individual.<\/p>\n<p>Panourile decorative ECOLINE sunt realizate din \u021bes\u0103tur\u0103 rPet pl\u0103cut\u0103 la atingere, care, pe l\u00e2ng\u0103 faptul c\u0103 este folosit\u0103 pentru decorarea pere\u021bilor, este f\u0103cut\u0103 \u0219i pentru a avea \u0219i func\u021bia de \u00eenc\u0103lzire \u0219i de izolare fonic\u0103.<\/p>","protected":false},"excerpt":{"rendered":"<p><span style=\"color: #000000;\"><strong>Dimensiuni:\u00a0<\/strong>400x400mm<\/span><br \/>\n<span style=\"color: #000000;\"><strong>Material:<\/strong>\u00a0\u021bes\u0103tur\u0103 rPet<\/span><br \/>\n<span style=\"color: #000000;\"><strong>Produc\u0103tor:<\/strong>\u00a0Marbet design<\/span><br \/>\n<span style=\"color: #000000;\"><strong>Not\u0103:<\/strong>\u00a0pre\u021bul afi\u0219at este pentru 1 buc<\/span><\/p>","protected":false},"featured_media":1704,"template":"","meta":[],"product_brand":[],"product_cat":[93,72],"product_tag":[],"class_list":{"0":"post-1691","1":"product","2":"type-product","3":"status-publish","4":"has-post-thumbnail","6":"product_cat-ecoline","7":"product_cat-zidne-obloge","9":"first","10":"onbackorder","11":"shipping-taxable","12":"purchasable","13":"product-type-variable"},"yoast_head":"<!-- This site is optimized with the Yoast SEO plugin v27.4 - https:\/\/yoast.com\/product\/yoast-seo-wordpress\/ -->\n<title>Zidni dekorativni panel Ecoline - EL ORION 400x400 - Dekorativni stiropor | Fili\u0107 Decor | Fili\u0107<\/title>\n<meta name=\"robots\" content=\"index, follow, max-snippet:-1, max-image-preview:large, max-video-preview:-1\" \/>\n<link rel=\"canonical\" href=\"https:\/\/filicdecor.com\/ro\/zidni-dekorativni-panel-ecoline-el-orion-400x400\/\" \/>\n<meta property=\"og:locale\" content=\"ro_RO\" \/>\n<meta property=\"og:type\" content=\"article\" \/>\n<meta property=\"og:title\" content=\"Zidni dekorativni panel Ecoline - EL ORION 400x400 - Dekorativni stiropor | Fili\u0107 Decor | Fili\u0107\" \/>\n<meta property=\"og:description\" content=\"Dimenzije:\u00a0400x400mm Materijal:\u00a0rPet tkanina Proizvo\u0111a\u010d:\u00a0Marbet design Napomena:\u00a0Cena je prikazana za 1kom\" \/>\n<meta property=\"og:url\" content=\"https:\/\/filicdecor.com\/ro\/zidni-dekorativni-panel-ecoline-el-orion-400x400\/\" \/>\n<meta property=\"og:site_name\" content=\"Dekorativni stiropor | Fili\u0107 Decor | Fili\u0107\" \/>\n<meta property=\"article:modified_time\" content=\"2023-12-12T13:52:37+00:00\" \/>\n<meta property=\"og:image\" content=\"https:\/\/filicdecor.com\/wp-content\/uploads\/2023\/12\/Orion_COL4001.webp\" \/>\n\t<meta property=\"og:image:width\" content=\"1000\" \/>\n\t<meta property=\"og:image:height\" content=\"750\" \/>\n\t<meta property=\"og:image:type\" content=\"image\/webp\" \/>\n<meta name=\"twitter:card\" content=\"summary_large_image\" \/>\n<meta name=\"twitter:label1\" content=\"Timp estimat pentru citire\" \/>\n\t<meta name=\"twitter:data1\" content=\"1 minut\" \/>\n<script type=\"application\/ld+json\" class=\"yoast-schema-graph\">{\"@context\":\"https:\\\/\\\/schema.org\",\"@graph\":[{\"@type\":\"WebPage\",\"@id\":\"https:\\\/\\\/filicdecor.com\\\/zidni-dekorativni-panel-ecoline-el-orion-400x400\\\/\",\"url\":\"https:\\\/\\\/filicdecor.com\\\/zidni-dekorativni-panel-ecoline-el-orion-400x400\\\/\",\"name\":\"Zidni dekorativni panel Ecoline - EL ORION 400x400 - Dekorativni stiropor | Fili\u0107 Decor | Fili\u0107\",\"isPartOf\":{\"@id\":\"https:\\\/\\\/filicdecor.com\\\/fr\\\/#website\"},\"primaryImageOfPage\":{\"@id\":\"https:\\\/\\\/filicdecor.com\\\/zidni-dekorativni-panel-ecoline-el-orion-400x400\\\/#primaryimage\"},\"image\":{\"@id\":\"https:\\\/\\\/filicdecor.com\\\/zidni-dekorativni-panel-ecoline-el-orion-400x400\\\/#primaryimage\"},\"thumbnailUrl\":\"https:\\\/\\\/filicdecor.com\\\/wp-content\\\/uploads\\\/2023\\\/12\\\/Orion_COL4001.webp\",\"datePublished\":\"2023-12-12T13:14:01+00:00\",\"dateModified\":\"2023-12-12T13:52:37+00:00\",\"breadcrumb\":{\"@id\":\"https:\\\/\\\/filicdecor.com\\\/zidni-dekorativni-panel-ecoline-el-orion-400x400\\\/#breadcrumb\"},\"inLanguage\":\"ro-RO\",\"potentialAction\":[{\"@type\":\"ReadAction\",\"target\":[\"https:\\\/\\\/filicdecor.com\\\/zidni-dekorativni-panel-ecoline-el-orion-400x400\\\/\"]}]},{\"@type\":\"ImageObject\",\"inLanguage\":\"ro-RO\",\"@id\":\"https:\\\/\\\/filicdecor.com\\\/zidni-dekorativni-panel-ecoline-el-orion-400x400\\\/#primaryimage\",\"url\":\"https:\\\/\\\/filicdecor.com\\\/wp-content\\\/uploads\\\/2023\\\/12\\\/Orion_COL4001.webp\",\"contentUrl\":\"https:\\\/\\\/filicdecor.com\\\/wp-content\\\/uploads\\\/2023\\\/12\\\/Orion_COL4001.webp\",\"width\":1000,\"height\":750},{\"@type\":\"BreadcrumbList\",\"@id\":\"https:\\\/\\\/filicdecor.com\\\/zidni-dekorativni-panel-ecoline-el-orion-400x400\\\/#breadcrumb\",\"itemListElement\":[{\"@type\":\"ListItem\",\"position\":1,\"name\":\"\u041f\u043e\u0447\u0435\u0442\u043d\u0430\",\"item\":\"https:\\\/\\\/filicdecor.com\\\/\"},{\"@type\":\"ListItem\",\"position\":2,\"name\":\"Shop\",\"item\":\"https:\\\/\\\/filicdecor.com\\\/shop\\\/\"},{\"@type\":\"ListItem\",\"position\":3,\"name\":\"Zidni dekorativni panel Ecoline &#8211; EL ORION 400&#215;400\"}]},{\"@type\":\"WebSite\",\"@id\":\"https:\\\/\\\/filicdecor.com\\\/fr\\\/#website\",\"url\":\"https:\\\/\\\/filicdecor.com\\\/fr\\\/\",\"name\":\"Dekorativni stiropor | Fili\u0107 Decor | Fili\u0107\",\"description\":\"| - Fili\u0107 Fasade za poneti\",\"potentialAction\":[{\"@type\":\"SearchAction\",\"target\":{\"@type\":\"EntryPoint\",\"urlTemplate\":\"https:\\\/\\\/filicdecor.com\\\/fr\\\/?s={search_term_string}\"},\"query-input\":{\"@type\":\"PropertyValueSpecification\",\"valueRequired\":true,\"valueName\":\"search_term_string\"}}],\"inLanguage\":\"ro-RO\"}]}<\/script>\n<!-- \/ Yoast SEO plugin. -->","yoast_head_json":{"title":"Zidni dekorativni panel Ecoline - EL ORION 400x400 - Dekorativni stiropor | Fili\u0107 Decor | Fili\u0107","robots":{"index":"index","follow":"follow","max-snippet":"max-snippet:-1","max-image-preview":"max-image-preview:large","max-video-preview":"max-video-preview:-1"},"canonical":"https:\/\/filicdecor.com\/ro\/zidni-dekorativni-panel-ecoline-el-orion-400x400\/","og_locale":"ro_RO","og_type":"article","og_title":"Zidni dekorativni panel Ecoline - EL ORION 400x400 - Dekorativni stiropor | Fili\u0107 Decor | Fili\u0107","og_description":"Dimenzije:\u00a0400x400mm Materijal:\u00a0rPet tkanina Proizvo\u0111a\u010d:\u00a0Marbet design Napomena:\u00a0Cena je prikazana za 1kom","og_url":"https:\/\/filicdecor.com\/ro\/zidni-dekorativni-panel-ecoline-el-orion-400x400\/","og_site_name":"Dekorativni stiropor | Fili\u0107 Decor | Fili\u0107","article_modified_time":"2023-12-12T13:52:37+00:00","og_image":[{"width":1000,"height":750,"url":"https:\/\/filicdecor.com\/wp-content\/uploads\/2023\/12\/Orion_COL4001.webp","type":"image\/webp"}],"twitter_card":"summary_large_image","twitter_misc":{"Timp estimat pentru citire":"1 minut"},"schema":{"@context":"https:\/\/schema.org","@graph":[{"@type":"WebPage","@id":"https:\/\/filicdecor.com\/zidni-dekorativni-panel-ecoline-el-orion-400x400\/","url":"https:\/\/filicdecor.com\/zidni-dekorativni-panel-ecoline-el-orion-400x400\/","name":"Zidni dekorativni panel Ecoline - EL ORION 400x400 - Dekorativni stiropor | Fili\u0107 Decor | Fili\u0107","isPartOf":{"@id":"https:\/\/filicdecor.com\/fr\/#website"},"primaryImageOfPage":{"@id":"https:\/\/filicdecor.com\/zidni-dekorativni-panel-ecoline-el-orion-400x400\/#primaryimage"},"image":{"@id":"https:\/\/filicdecor.com\/zidni-dekorativni-panel-ecoline-el-orion-400x400\/#primaryimage"},"thumbnailUrl":"https:\/\/filicdecor.com\/wp-content\/uploads\/2023\/12\/Orion_COL4001.webp","datePublished":"2023-12-12T13:14:01+00:00","dateModified":"2023-12-12T13:52:37+00:00","breadcrumb":{"@id":"https:\/\/filicdecor.com\/zidni-dekorativni-panel-ecoline-el-orion-400x400\/#breadcrumb"},"inLanguage":"ro-RO","potentialAction":[{"@type":"ReadAction","target":["https:\/\/filicdecor.com\/zidni-dekorativni-panel-ecoline-el-orion-400x400\/"]}]},{"@type":"ImageObject","inLanguage":"ro-RO","@id":"https:\/\/filicdecor.com\/zidni-dekorativni-panel-ecoline-el-orion-400x400\/#primaryimage","url":"https:\/\/filicdecor.com\/wp-content\/uploads\/2023\/12\/Orion_COL4001.webp","contentUrl":"https:\/\/filicdecor.com\/wp-content\/uploads\/2023\/12\/Orion_COL4001.webp","width":1000,"height":750},{"@type":"BreadcrumbList","@id":"https:\/\/filicdecor.com\/zidni-dekorativni-panel-ecoline-el-orion-400x400\/#breadcrumb","itemListElement":[{"@type":"ListItem","position":1,"name":"Po\u010detna","item":"https:\/\/filicdecor.com\/"},{"@type":"ListItem","position":2,"name":"Shop","item":"https:\/\/filicdecor.com\/shop\/"},{"@type":"ListItem","position":3,"name":"Zidni dekorativni panel Ecoline &#8211; EL ORION 400&#215;400"}]},{"@type":"WebSite","@id":"https:\/\/filicdecor.com\/fr\/#website","url":"https:\/\/filicdecor.com\/fr\/","name":"Polistiren decorativ | Fili\u0107 Decor | Filic","description":"| - Fili\u0107 Fasade za poneti","potentialAction":[{"@type":"SearchAction","target":{"@type":"EntryPoint","urlTemplate":"https:\/\/filicdecor.com\/fr\/?s={search_term_string}"},"query-input":{"@type":"PropertyValueSpecification","valueRequired":true,"valueName":"search_term_string"}}],"inLanguage":"ro-RO"}]}},"_links":{"self":[{"href":"https:\/\/filicdecor.com\/ro\/wp-json\/wp\/v2\/product\/1691","targetHints":{"allow":["GET"]}}],"collection":[{"href":"https:\/\/filicdecor.com\/ro\/wp-json\/wp\/v2\/product"}],"about":[{"href":"https:\/\/filicdecor.com\/ro\/wp-json\/wp\/v2\/types\/product"}],"version-history":[{"count":1,"href":"https:\/\/filicdecor.com\/ro\/wp-json\/wp\/v2\/product\/1691\/revisions"}],"predecessor-version":[{"id":1713,"href":"https:\/\/filicdecor.com\/ro\/wp-json\/wp\/v2\/product\/1691\/revisions\/1713"}],"wp:featuredmedia":[{"embeddable":true,"href":"https:\/\/filicdecor.com\/ro\/wp-json\/wp\/v2\/media\/1704"}],"wp:attachment":[{"href":"https:\/\/filicdecor.com\/ro\/wp-json\/wp\/v2\/media?parent=1691"}],"wp:term":[{"taxonomy":"product_brand","embeddable":true,"href":"https:\/\/filicdecor.com\/ro\/wp-json\/wp\/v2\/product_brand?post=1691"},{"taxonomy":"product_cat","embeddable":true,"href":"https:\/\/filicdecor.com\/ro\/wp-json\/wp\/v2\/product_cat?post=1691"},{"taxonomy":"product_tag","embeddable":true,"href":"https:\/\/filicdecor.com\/ro\/wp-json\/wp\/v2\/product_tag?post=1691"}],"curies":[{"name":"wp","href":"https:\/\/api.w.org\/{rel}","templated":true}]}}