{"id":5556,"date":"2023-12-21T11:51:51","date_gmt":"2023-12-21T11:51:51","guid":{"rendered":"https:\/\/filicdecor.com\/?post_type=product&#038;p=5556"},"modified":"2023-12-21T11:52:37","modified_gmt":"2023-12-21T11:52:37","slug":"imitacija-drvene-grede-br-02-bela-2m","status":"publish","type":"product","link":"https:\/\/filicdecor.com\/fr\/imitacija-drvene-grede-br-02-bela-2m\/","title":{"rendered":"Poutre imitation bois BR-02 blanc 2m"},"content":{"rendered":"<p>Si vous \u00eates amateur de style ethnique, de rusticit\u00e9 ou si vous aimez simplement l'aspect des mat\u00e9riaux naturels, vous ne manquerez certainement pas la beaut\u00e9 du bois dans votre maison.<br \/>\nIls sont la solution id\u00e9ale pour vous\u00a0<strong>imitations de poutres en bois.\u00a0<\/strong>Nous proposons des imitations polyur\u00e9thane de poutres en bois dans des dimensions standards.<\/p>\n<p>Ce qui les diff\u00e9rencie des poutres en bois, c'est qu'elles constituent une solution plus durable, \u00e9conomique et respectueuse de l'environnement.<br \/>\nIls sont disponibles en deux teintes standards : couleur bois clair et fonc\u00e9. Vous pouvez les regarder<strong>\u00a0ici.\u00a0<\/strong><\/p>\n<p>Tous les \u00e9l\u00e9ments imitation bois de notre production sont sculpt\u00e9s \u00e0 la main et prot\u00e9g\u00e9s par une triple couche de compos\u00e9 protecteur, qui garantit qualit\u00e9 et durabilit\u00e9.<br \/>\nEn plus de tous les avantages ci-dessus, les poutres imitation bois sont plus l\u00e9g\u00e8res que le bois v\u00e9ritable, elles sont donc plus s\u00fbres car elles n'alourdissent pas la structure sur laquelle elles sont install\u00e9es.<br \/>\nGr\u00e2ce \u00e0 la protection multicouche utilis\u00e9e dans la production d'\u00e9l\u00e9ments de fa\u00e7ade et de moulures, ils r\u00e9sistent \u00e0 l'eau, \u00e0 l'humidit\u00e9, \u00e0 la moisissure, \u00e0 la pourriture, aux insectes et ne n\u00e9cessitent aucun travail suppl\u00e9mentaire apr\u00e8s l'assemblage.<br \/>\nL'entretien s'effectue par essuyage occasionnel avec un chiffon l\u00e9g\u00e8rement humide ou en aspirant la surface des poutres.<\/p>\n<p><strong>Pose de poutres imitation bois :<\/strong><br \/>\nLa surface sur laquelle ils sont pos\u00e9s doit \u00eatre s\u00e8che et propre.<br \/>\nLes \u00e9l\u00e9ments sont coll\u00e9s avec une colle sp\u00e9ciale pour poutres en polystyr\u00e8ne -\u00a0<strong>TITAN SUPER.<\/strong><br \/>\nConsommation de colle : 310 ml pour 12 m\u00e8tres de longueur.<br \/>\nLa colle appliqu\u00e9e sur l'\u00e9l\u00e9ment doit reposer 30 secondes puis placer l'\u00e9l\u00e9ment sur la surface souhait\u00e9e en appuyant.<br \/>\nApr\u00e8s cela, appuyez encore quelques fois pour fixer l'\u00e9l\u00e9ment \u00e0 la surface.<br \/>\nS'il n'est pas possible d'obtenir un \u00e9l\u00e9ment \u00e0 partir d'une seule pi\u00e8ce, les joints peuvent \u00eatre r\u00e9solus \u00e0 l'aide de joints d\u00e9coratifs.\u00a0<strong>barre de composition.\u00a0<\/strong><\/p>","protected":false},"excerpt":{"rendered":"<div class=\"full-text\">\n<p><strong>Dimensions:<\/strong> 12cm x 12cm x 200cm<br \/>\n<strong>Fabricant:\u00a0\u00a0<\/strong>Marbet Design<br \/>\n<strong>Mat\u00e9riel:\u00a0<\/strong>Polyur\u00e9thane<br \/>\n<strong>Composants recommand\u00e9s<\/strong>:<br \/>\nColle adapt\u00e9e \u2013 TITAN SUPER<br \/>\n<strong>Note:\u00a0<\/strong>La possibilit\u00e9 de r\u00e9aliser des poutres en polystyr\u00e8ne, selon le design et les dimensions exactes selon la demande du client<\/p>\n<\/div>","protected":false},"featured_media":5557,"template":"","meta":[],"product_brand":[],"product_cat":[235,74],"product_tag":[],"class_list":{"0":"post-5556","1":"product","2":"type-product","3":"status-publish","4":"has-post-thumbnail","6":"product_cat-grede","7":"product_cat-grede-od-stiropora","9":"first","10":"onbackorder","11":"shipping-taxable","12":"purchasable","13":"product-type-simple"},"yoast_head":"<!-- This site is optimized with the Yoast SEO plugin v27.4 - https:\/\/yoast.com\/product\/yoast-seo-wordpress\/ -->\n<title>Imitacija drvene grede BR-02 bela 2m - Dekorativni stiropor | Fili\u0107 Decor | Fili\u0107<\/title>\n<meta name=\"robots\" content=\"index, follow, max-snippet:-1, max-image-preview:large, max-video-preview:-1\" \/>\n<link rel=\"canonical\" href=\"https:\/\/filicdecor.com\/fr\/imitacija-drvene-grede-br-02-bela-2m\/\" \/>\n<meta property=\"og:locale\" content=\"fr_FR\" \/>\n<meta property=\"og:type\" content=\"article\" \/>\n<meta property=\"og:title\" content=\"Imitacija drvene grede BR-02 bela 2m - Dekorativni stiropor | Fili\u0107 Decor | Fili\u0107\" \/>\n<meta property=\"og:description\" content=\"Dimenzije: 12cm x 12cm x 200cm Proizvo\u0111a\u010d:\u00a0\u00a0Marbet Design Materijal:\u00a0Poliuretan Preporu\u010dene komponente: Pogodan lepak - TITAN SUPER Napomena:\u00a0Mogu\u0107nost izrade greda\u00a0i od stiropora, po nacrtu i ta\u010dnim dimenzijama po zahtevu klijenta.\" \/>\n<meta property=\"og:url\" content=\"https:\/\/filicdecor.com\/fr\/imitacija-drvene-grede-br-02-bela-2m\/\" \/>\n<meta property=\"og:site_name\" content=\"Dekorativni stiropor | Fili\u0107 Decor | Fili\u0107\" \/>\n<meta property=\"article:modified_time\" content=\"2023-12-21T11:52:37+00:00\" \/>\n<meta property=\"og:image\" content=\"https:\/\/filicdecor.com\/wp-content\/uploads\/2023\/12\/BR-02-BELA.jpg\" \/>\n\t<meta property=\"og:image:width\" content=\"920\" \/>\n\t<meta property=\"og:image:height\" content=\"480\" \/>\n\t<meta property=\"og:image:type\" content=\"image\/jpeg\" \/>\n<meta name=\"twitter:card\" content=\"summary_large_image\" \/>\n<meta name=\"twitter:label1\" content=\"Dur\u00e9e de lecture estim\u00e9e\" \/>\n\t<meta name=\"twitter:data1\" content=\"1 minute\" \/>\n<script type=\"application\/ld+json\" class=\"yoast-schema-graph\">{\"@context\":\"https:\\\/\\\/schema.org\",\"@graph\":[{\"@type\":\"WebPage\",\"@id\":\"https:\\\/\\\/filicdecor.com\\\/de\\\/imitacija-drvene-grede-br-02-bela-2m\\\/\",\"url\":\"https:\\\/\\\/filicdecor.com\\\/de\\\/imitacija-drvene-grede-br-02-bela-2m\\\/\",\"name\":\"Imitacija drvene grede BR-02 bela 2m - Dekorativni stiropor | Fili\u0107 Decor | Fili\u0107\",\"isPartOf\":{\"@id\":\"https:\\\/\\\/filicdecor.com\\\/fr\\\/#website\"},\"primaryImageOfPage\":{\"@id\":\"https:\\\/\\\/filicdecor.com\\\/de\\\/imitacija-drvene-grede-br-02-bela-2m\\\/#primaryimage\"},\"image\":{\"@id\":\"https:\\\/\\\/filicdecor.com\\\/de\\\/imitacija-drvene-grede-br-02-bela-2m\\\/#primaryimage\"},\"thumbnailUrl\":\"https:\\\/\\\/filicdecor.com\\\/wp-content\\\/uploads\\\/2023\\\/12\\\/BR-02-BELA.jpg\",\"datePublished\":\"2023-12-21T11:51:51+00:00\",\"dateModified\":\"2023-12-21T11:52:37+00:00\",\"breadcrumb\":{\"@id\":\"https:\\\/\\\/filicdecor.com\\\/de\\\/imitacija-drvene-grede-br-02-bela-2m\\\/#breadcrumb\"},\"inLanguage\":\"fr-FR\",\"potentialAction\":[{\"@type\":\"ReadAction\",\"target\":[\"https:\\\/\\\/filicdecor.com\\\/de\\\/imitacija-drvene-grede-br-02-bela-2m\\\/\"]}]},{\"@type\":\"ImageObject\",\"inLanguage\":\"fr-FR\",\"@id\":\"https:\\\/\\\/filicdecor.com\\\/de\\\/imitacija-drvene-grede-br-02-bela-2m\\\/#primaryimage\",\"url\":\"https:\\\/\\\/filicdecor.com\\\/wp-content\\\/uploads\\\/2023\\\/12\\\/BR-02-BELA.jpg\",\"contentUrl\":\"https:\\\/\\\/filicdecor.com\\\/wp-content\\\/uploads\\\/2023\\\/12\\\/BR-02-BELA.jpg\",\"width\":920,\"height\":480},{\"@type\":\"BreadcrumbList\",\"@id\":\"https:\\\/\\\/filicdecor.com\\\/de\\\/imitacija-drvene-grede-br-02-bela-2m\\\/#breadcrumb\",\"itemListElement\":[{\"@type\":\"ListItem\",\"position\":1,\"name\":\"\u041f\u043e\u0447\u0435\u0442\u043d\u0430\",\"item\":\"https:\\\/\\\/filicdecor.com\\\/\"},{\"@type\":\"ListItem\",\"position\":2,\"name\":\"Shop\",\"item\":\"https:\\\/\\\/filicdecor.com\\\/shop\\\/\"},{\"@type\":\"ListItem\",\"position\":3,\"name\":\"Imitacija drvene grede BR-02 bela 2m\"}]},{\"@type\":\"WebSite\",\"@id\":\"https:\\\/\\\/filicdecor.com\\\/fr\\\/#website\",\"url\":\"https:\\\/\\\/filicdecor.com\\\/fr\\\/\",\"name\":\"Dekorativni stiropor | Fili\u0107 Decor | Fili\u0107\",\"description\":\"| - Fili\u0107 Fasade za poneti\",\"potentialAction\":[{\"@type\":\"SearchAction\",\"target\":{\"@type\":\"EntryPoint\",\"urlTemplate\":\"https:\\\/\\\/filicdecor.com\\\/fr\\\/?s={search_term_string}\"},\"query-input\":{\"@type\":\"PropertyValueSpecification\",\"valueRequired\":true,\"valueName\":\"search_term_string\"}}],\"inLanguage\":\"fr-FR\"}]}<\/script>\n<!-- \/ Yoast SEO plugin. -->","yoast_head_json":{"title":"Imitacija drvene grede BR-02 bela 2m - Dekorativni stiropor | Fili\u0107 Decor | Fili\u0107","robots":{"index":"index","follow":"follow","max-snippet":"max-snippet:-1","max-image-preview":"max-image-preview:large","max-video-preview":"max-video-preview:-1"},"canonical":"https:\/\/filicdecor.com\/fr\/imitacija-drvene-grede-br-02-bela-2m\/","og_locale":"fr_FR","og_type":"article","og_title":"Imitacija drvene grede BR-02 bela 2m - Dekorativni stiropor | Fili\u0107 Decor | Fili\u0107","og_description":"Dimenzije: 12cm x 12cm x 200cm Proizvo\u0111a\u010d:\u00a0\u00a0Marbet Design Materijal:\u00a0Poliuretan Preporu\u010dene komponente: Pogodan lepak - TITAN SUPER Napomena:\u00a0Mogu\u0107nost izrade greda\u00a0i od stiropora, po nacrtu i ta\u010dnim dimenzijama po zahtevu klijenta.","og_url":"https:\/\/filicdecor.com\/fr\/imitacija-drvene-grede-br-02-bela-2m\/","og_site_name":"Dekorativni stiropor | Fili\u0107 Decor | Fili\u0107","article_modified_time":"2023-12-21T11:52:37+00:00","og_image":[{"width":920,"height":480,"url":"https:\/\/filicdecor.com\/wp-content\/uploads\/2023\/12\/BR-02-BELA.jpg","type":"image\/jpeg"}],"twitter_card":"summary_large_image","twitter_misc":{"Dur\u00e9e de lecture estim\u00e9e":"1 minute"},"schema":{"@context":"https:\/\/schema.org","@graph":[{"@type":"WebPage","@id":"https:\/\/filicdecor.com\/de\/imitacija-drvene-grede-br-02-bela-2m\/","url":"https:\/\/filicdecor.com\/de\/imitacija-drvene-grede-br-02-bela-2m\/","name":"Imitacija drvene grede BR-02 bela 2m - Dekorativni stiropor | Fili\u0107 Decor | Fili\u0107","isPartOf":{"@id":"https:\/\/filicdecor.com\/fr\/#website"},"primaryImageOfPage":{"@id":"https:\/\/filicdecor.com\/de\/imitacija-drvene-grede-br-02-bela-2m\/#primaryimage"},"image":{"@id":"https:\/\/filicdecor.com\/de\/imitacija-drvene-grede-br-02-bela-2m\/#primaryimage"},"thumbnailUrl":"https:\/\/filicdecor.com\/wp-content\/uploads\/2023\/12\/BR-02-BELA.jpg","datePublished":"2023-12-21T11:51:51+00:00","dateModified":"2023-12-21T11:52:37+00:00","breadcrumb":{"@id":"https:\/\/filicdecor.com\/de\/imitacija-drvene-grede-br-02-bela-2m\/#breadcrumb"},"inLanguage":"fr-FR","potentialAction":[{"@type":"ReadAction","target":["https:\/\/filicdecor.com\/de\/imitacija-drvene-grede-br-02-bela-2m\/"]}]},{"@type":"ImageObject","inLanguage":"fr-FR","@id":"https:\/\/filicdecor.com\/de\/imitacija-drvene-grede-br-02-bela-2m\/#primaryimage","url":"https:\/\/filicdecor.com\/wp-content\/uploads\/2023\/12\/BR-02-BELA.jpg","contentUrl":"https:\/\/filicdecor.com\/wp-content\/uploads\/2023\/12\/BR-02-BELA.jpg","width":920,"height":480},{"@type":"BreadcrumbList","@id":"https:\/\/filicdecor.com\/de\/imitacija-drvene-grede-br-02-bela-2m\/#breadcrumb","itemListElement":[{"@type":"ListItem","position":1,"name":"Po\u010detna","item":"https:\/\/filicdecor.com\/"},{"@type":"ListItem","position":2,"name":"Shop","item":"https:\/\/filicdecor.com\/shop\/"},{"@type":"ListItem","position":3,"name":"Imitacija drvene grede BR-02 bela 2m"}]},{"@type":"WebSite","@id":"https:\/\/filicdecor.com\/fr\/#website","url":"https:\/\/filicdecor.com\/fr\/","name":"Polystyr\u00e8ne d\u00e9coratif | D\u00e9cor Fili\u0107 | Filic","description":"| - Fili\u0107 Fasade za poneti","potentialAction":[{"@type":"SearchAction","target":{"@type":"EntryPoint","urlTemplate":"https:\/\/filicdecor.com\/fr\/?s={search_term_string}"},"query-input":{"@type":"PropertyValueSpecification","valueRequired":true,"valueName":"search_term_string"}}],"inLanguage":"fr-FR"}]}},"_links":{"self":[{"href":"https:\/\/filicdecor.com\/fr\/wp-json\/wp\/v2\/product\/5556","targetHints":{"allow":["GET"]}}],"collection":[{"href":"https:\/\/filicdecor.com\/fr\/wp-json\/wp\/v2\/product"}],"about":[{"href":"https:\/\/filicdecor.com\/fr\/wp-json\/wp\/v2\/types\/product"}],"version-history":[{"count":1,"href":"https:\/\/filicdecor.com\/fr\/wp-json\/wp\/v2\/product\/5556\/revisions"}],"predecessor-version":[{"id":5558,"href":"https:\/\/filicdecor.com\/fr\/wp-json\/wp\/v2\/product\/5556\/revisions\/5558"}],"wp:featuredmedia":[{"embeddable":true,"href":"https:\/\/filicdecor.com\/fr\/wp-json\/wp\/v2\/media\/5557"}],"wp:attachment":[{"href":"https:\/\/filicdecor.com\/fr\/wp-json\/wp\/v2\/media?parent=5556"}],"wp:term":[{"taxonomy":"product_brand","embeddable":true,"href":"https:\/\/filicdecor.com\/fr\/wp-json\/wp\/v2\/product_brand?post=5556"},{"taxonomy":"product_cat","embeddable":true,"href":"https:\/\/filicdecor.com\/fr\/wp-json\/wp\/v2\/product_cat?post=5556"},{"taxonomy":"product_tag","embeddable":true,"href":"https:\/\/filicdecor.com\/fr\/wp-json\/wp\/v2\/product_tag?post=5556"}],"curies":[{"name":"wp","href":"https:\/\/api.w.org\/{rel}","templated":true}]}}