{"id":5455,"date":"2023-12-21T11:02:05","date_gmt":"2023-12-21T11:02:05","guid":{"rendered":"https:\/\/filicdecor.com\/?post_type=product&#038;p=5455"},"modified":"2023-12-21T11:02:27","modified_gmt":"2023-12-21T11:02:27","slug":"japanska-vuna-no-29","status":"publish","type":"product","link":"https:\/\/filicdecor.com\/fr\/japanska-vuna-no-29\/","title":{"rendered":"Laine japonaise No 29"},"content":{"rendered":"<p><strong>Laine japonaise<\/strong>\u00a0est un papier peint textile aux performances exceptionnelles.<br \/>\nIl est facile d'entretien, par un l\u00e9ger nettoyage avec un aspirateur ou un chiffon humide et bien \u00e9goutt\u00e9.<br \/>\nC'est fait de\u00a0<strong>mat\u00e9riaux naturels et \u00e9cologiques<\/strong>\u00a0comme la laine, le coton et la cellulose.<br \/>\nC'est un mat\u00e9riau d\u00e9coratif et antistatique, qui repousse les microparticules, n'attire pas la poussi\u00e8re et poss\u00e8de en outre la capacit\u00e9 d'isolation thermique et phonique.<br \/>\nIl est utilis\u00e9 pour recouvrir et d\u00e9corer les murs int\u00e9rieurs.<br \/>\nLorsque vous vous ennuyez, vous pouvez simplement le mouiller, l'enlever et l'appliquer sur un autre mur, vous pouvez m\u00eame le ranger jusqu'\u00e0 une autre occasion.<\/p>\n<p><strong>Instructions de candidature\u00a0:<\/strong><br \/>\nLe mur sur lequel la laine japonaise est appliqu\u00e9e doit \u00eatre pr\u00e9par\u00e9 de mani\u00e8re appropri\u00e9e, car seul un support bien pr\u00e9par\u00e9 peut atteindre son plein effet et sa durabilit\u00e9.<br \/>\n1. Pour les murs enduits et peints, il peut \u00eatre appliqu\u00e9 directement, sans pr\u00e9paration particuli\u00e8re, uniquement avec l'application pr\u00e9alable d'une base acrylique.<br \/>\n2. Dans les cas o\u00f9 la qualit\u00e9 des couches pr\u00e9c\u00e9dentes est mise en doute, le mur doit \u00eatre nettoy\u00e9, d\u00e9graiss\u00e9, endommag\u00e9, liss\u00e9 et trait\u00e9 avec une base acrylique avant application.<br \/>\n- Verser la totalit\u00e9 de la quantit\u00e9 destin\u00e9e \u00e0 une pi\u00e8ce dans un r\u00e9cipient plus grand et m\u00e9langer \u00e0 sec.<br \/>\n- Versez 4 \u00e0 6 litres d'eau dans un sac et ajoutez de l'eau chaude si n\u00e9cessaire. L'eau ti\u00e8de est meilleure, mais si vous d\u00e9cidez d'utiliser de l'eau froide, continuez tout le processus avec, afin qu'il n'y ait aucune diff\u00e9rence dans le motif.<br \/>\n- M\u00e9langez bien le m\u00e9lange jusqu'\u00e0 obtenir une masse p\u00e2teuse et uniform\u00e9ment humide.<br \/>\n- Laisser reposer le m\u00e9lange pendant au moins une heure, il est pr\u00e9f\u00e9rable de le pr\u00e9parer le soir pour le lendemain et de couvrir le r\u00e9cipient avec un chiffon humide.<br \/>\n- Ensuite, m\u00e9langez \u00e0 nouveau avant d'appliquer, afin de briser les \u00e9ventuels grumeaux.<br \/>\nLa masse est appliqu\u00e9e avec de l'acier inoxydable\u00a0<strong>truelle\/spatule ou rouleau sp\u00e9cial<\/strong>\u00a0(qui peut \u00eatre obtenu chez nous).<\/p>\n<p>Tout dommage peut \u00eatre r\u00e9par\u00e9 facilement et rapidement en humidifiant la zone endommag\u00e9e, en appliquant un peu de compos\u00e9 restant lors de la pose et en la lissant l\u00e9g\u00e8rement avec une truelle ou une spatule. L'exc\u00e8s de masse est conserv\u00e9 avec succ\u00e8s dans des sacs en plastique au r\u00e9frig\u00e9rateur.<\/p>","protected":false},"excerpt":{"rendered":"<p><strong>Pouvoir couvrant<\/strong>: 3\u00a0&#8211; 6m\u00b2<br \/>\n<strong>Mat\u00e9riel:\u00a0<\/strong>\u00c9cologique (laine, coton et cellulose).<\/p>","protected":false},"featured_media":5456,"template":"","meta":[],"product_brand":[],"product_cat":[77],"product_tag":[],"class_list":{"0":"post-5455","1":"product","2":"type-product","3":"status-publish","4":"has-post-thumbnail","6":"product_cat-japanske-vune","8":"first","9":"instock","10":"shipping-taxable","11":"purchasable","12":"product-type-simple"},"yoast_head":"<!-- This site is optimized with the Yoast SEO plugin v27.4 - https:\/\/yoast.com\/product\/yoast-seo-wordpress\/ -->\n<title>Japanska vuna No 29 - Dekorativni stiropor | Fili\u0107 Decor | Fili\u0107<\/title>\n<meta name=\"robots\" content=\"index, follow, max-snippet:-1, max-image-preview:large, max-video-preview:-1\" \/>\n<link rel=\"canonical\" href=\"https:\/\/filicdecor.com\/fr\/japanska-vuna-no-29\/\" \/>\n<meta property=\"og:locale\" content=\"fr_FR\" \/>\n<meta property=\"og:type\" content=\"article\" \/>\n<meta property=\"og:title\" content=\"Japanska vuna No 29 - Dekorativni stiropor | Fili\u0107 Decor | Fili\u0107\" \/>\n<meta property=\"og:description\" content=\"Pokrivna mo\u0107: 3\u00a0- 6m\u00b2 Materijal:\u00a0Ekolo\u0161ki (vuna, pamuk i celuloza).\" \/>\n<meta property=\"og:url\" content=\"https:\/\/filicdecor.com\/fr\/japanska-vuna-no-29\/\" \/>\n<meta property=\"og:site_name\" content=\"Dekorativni stiropor | Fili\u0107 Decor | Fili\u0107\" \/>\n<meta property=\"article:modified_time\" content=\"2023-12-21T11:02:27+00:00\" \/>\n<meta property=\"og:image\" content=\"https:\/\/filicdecor.com\/wp-content\/uploads\/2023\/12\/No-29n.jpg\" \/>\n\t<meta property=\"og:image:width\" content=\"920\" \/>\n\t<meta property=\"og:image:height\" content=\"480\" \/>\n\t<meta property=\"og:image:type\" content=\"image\/jpeg\" \/>\n<meta name=\"twitter:card\" content=\"summary_large_image\" \/>\n<meta name=\"twitter:label1\" content=\"Dur\u00e9e de lecture estim\u00e9e\" \/>\n\t<meta name=\"twitter:data1\" content=\"2 minutes\" \/>\n<script type=\"application\/ld+json\" class=\"yoast-schema-graph\">{\"@context\":\"https:\\\/\\\/schema.org\",\"@graph\":[{\"@type\":\"WebPage\",\"@id\":\"https:\\\/\\\/filicdecor.com\\\/en\\\/japanska-vuna-no-29\\\/\",\"url\":\"https:\\\/\\\/filicdecor.com\\\/en\\\/japanska-vuna-no-29\\\/\",\"name\":\"Japanska vuna No 29 - Dekorativni stiropor | Fili\u0107 Decor | Fili\u0107\",\"isPartOf\":{\"@id\":\"https:\\\/\\\/filicdecor.com\\\/fr\\\/#website\"},\"primaryImageOfPage\":{\"@id\":\"https:\\\/\\\/filicdecor.com\\\/en\\\/japanska-vuna-no-29\\\/#primaryimage\"},\"image\":{\"@id\":\"https:\\\/\\\/filicdecor.com\\\/en\\\/japanska-vuna-no-29\\\/#primaryimage\"},\"thumbnailUrl\":\"https:\\\/\\\/filicdecor.com\\\/wp-content\\\/uploads\\\/2023\\\/12\\\/No-29n.jpg\",\"datePublished\":\"2023-12-21T11:02:05+00:00\",\"dateModified\":\"2023-12-21T11:02:27+00:00\",\"breadcrumb\":{\"@id\":\"https:\\\/\\\/filicdecor.com\\\/en\\\/japanska-vuna-no-29\\\/#breadcrumb\"},\"inLanguage\":\"fr-FR\",\"potentialAction\":[{\"@type\":\"ReadAction\",\"target\":[\"https:\\\/\\\/filicdecor.com\\\/en\\\/japanska-vuna-no-29\\\/\"]}]},{\"@type\":\"ImageObject\",\"inLanguage\":\"fr-FR\",\"@id\":\"https:\\\/\\\/filicdecor.com\\\/en\\\/japanska-vuna-no-29\\\/#primaryimage\",\"url\":\"https:\\\/\\\/filicdecor.com\\\/wp-content\\\/uploads\\\/2023\\\/12\\\/No-29n.jpg\",\"contentUrl\":\"https:\\\/\\\/filicdecor.com\\\/wp-content\\\/uploads\\\/2023\\\/12\\\/No-29n.jpg\",\"width\":920,\"height\":480},{\"@type\":\"BreadcrumbList\",\"@id\":\"https:\\\/\\\/filicdecor.com\\\/en\\\/japanska-vuna-no-29\\\/#breadcrumb\",\"itemListElement\":[{\"@type\":\"ListItem\",\"position\":1,\"name\":\"\u041f\u043e\u0447\u0435\u0442\u043d\u0430\",\"item\":\"https:\\\/\\\/filicdecor.com\\\/\"},{\"@type\":\"ListItem\",\"position\":2,\"name\":\"Shop\",\"item\":\"https:\\\/\\\/filicdecor.com\\\/shop\\\/\"},{\"@type\":\"ListItem\",\"position\":3,\"name\":\"Japanska vuna No 29\"}]},{\"@type\":\"WebSite\",\"@id\":\"https:\\\/\\\/filicdecor.com\\\/fr\\\/#website\",\"url\":\"https:\\\/\\\/filicdecor.com\\\/fr\\\/\",\"name\":\"Dekorativni stiropor | Fili\u0107 Decor | Fili\u0107\",\"description\":\"| - Fili\u0107 Fasade za poneti\",\"potentialAction\":[{\"@type\":\"SearchAction\",\"target\":{\"@type\":\"EntryPoint\",\"urlTemplate\":\"https:\\\/\\\/filicdecor.com\\\/fr\\\/?s={search_term_string}\"},\"query-input\":{\"@type\":\"PropertyValueSpecification\",\"valueRequired\":true,\"valueName\":\"search_term_string\"}}],\"inLanguage\":\"fr-FR\"}]}<\/script>\n<!-- \/ Yoast SEO plugin. -->","yoast_head_json":{"title":"Japanska vuna No 29 - Dekorativni stiropor | Fili\u0107 Decor | Fili\u0107","robots":{"index":"index","follow":"follow","max-snippet":"max-snippet:-1","max-image-preview":"max-image-preview:large","max-video-preview":"max-video-preview:-1"},"canonical":"https:\/\/filicdecor.com\/fr\/japanska-vuna-no-29\/","og_locale":"fr_FR","og_type":"article","og_title":"Japanska vuna No 29 - Dekorativni stiropor | Fili\u0107 Decor | Fili\u0107","og_description":"Pokrivna mo\u0107: 3\u00a0- 6m\u00b2 Materijal:\u00a0Ekolo\u0161ki (vuna, pamuk i celuloza).","og_url":"https:\/\/filicdecor.com\/fr\/japanska-vuna-no-29\/","og_site_name":"Dekorativni stiropor | Fili\u0107 Decor | Fili\u0107","article_modified_time":"2023-12-21T11:02:27+00:00","og_image":[{"width":920,"height":480,"url":"https:\/\/filicdecor.com\/wp-content\/uploads\/2023\/12\/No-29n.jpg","type":"image\/jpeg"}],"twitter_card":"summary_large_image","twitter_misc":{"Dur\u00e9e de lecture estim\u00e9e":"2 minutes"},"schema":{"@context":"https:\/\/schema.org","@graph":[{"@type":"WebPage","@id":"https:\/\/filicdecor.com\/en\/japanska-vuna-no-29\/","url":"https:\/\/filicdecor.com\/en\/japanska-vuna-no-29\/","name":"Japanska vuna No 29 - Dekorativni stiropor | Fili\u0107 Decor | Fili\u0107","isPartOf":{"@id":"https:\/\/filicdecor.com\/fr\/#website"},"primaryImageOfPage":{"@id":"https:\/\/filicdecor.com\/en\/japanska-vuna-no-29\/#primaryimage"},"image":{"@id":"https:\/\/filicdecor.com\/en\/japanska-vuna-no-29\/#primaryimage"},"thumbnailUrl":"https:\/\/filicdecor.com\/wp-content\/uploads\/2023\/12\/No-29n.jpg","datePublished":"2023-12-21T11:02:05+00:00","dateModified":"2023-12-21T11:02:27+00:00","breadcrumb":{"@id":"https:\/\/filicdecor.com\/en\/japanska-vuna-no-29\/#breadcrumb"},"inLanguage":"fr-FR","potentialAction":[{"@type":"ReadAction","target":["https:\/\/filicdecor.com\/en\/japanska-vuna-no-29\/"]}]},{"@type":"ImageObject","inLanguage":"fr-FR","@id":"https:\/\/filicdecor.com\/en\/japanska-vuna-no-29\/#primaryimage","url":"https:\/\/filicdecor.com\/wp-content\/uploads\/2023\/12\/No-29n.jpg","contentUrl":"https:\/\/filicdecor.com\/wp-content\/uploads\/2023\/12\/No-29n.jpg","width":920,"height":480},{"@type":"BreadcrumbList","@id":"https:\/\/filicdecor.com\/en\/japanska-vuna-no-29\/#breadcrumb","itemListElement":[{"@type":"ListItem","position":1,"name":"Po\u010detna","item":"https:\/\/filicdecor.com\/"},{"@type":"ListItem","position":2,"name":"Shop","item":"https:\/\/filicdecor.com\/shop\/"},{"@type":"ListItem","position":3,"name":"Japanska vuna No 29"}]},{"@type":"WebSite","@id":"https:\/\/filicdecor.com\/fr\/#website","url":"https:\/\/filicdecor.com\/fr\/","name":"Polystyr\u00e8ne d\u00e9coratif | D\u00e9cor Fili\u0107 | Filic","description":"| - Fili\u0107 Fasade za poneti","potentialAction":[{"@type":"SearchAction","target":{"@type":"EntryPoint","urlTemplate":"https:\/\/filicdecor.com\/fr\/?s={search_term_string}"},"query-input":{"@type":"PropertyValueSpecification","valueRequired":true,"valueName":"search_term_string"}}],"inLanguage":"fr-FR"}]}},"_links":{"self":[{"href":"https:\/\/filicdecor.com\/fr\/wp-json\/wp\/v2\/product\/5455","targetHints":{"allow":["GET"]}}],"collection":[{"href":"https:\/\/filicdecor.com\/fr\/wp-json\/wp\/v2\/product"}],"about":[{"href":"https:\/\/filicdecor.com\/fr\/wp-json\/wp\/v2\/types\/product"}],"version-history":[{"count":1,"href":"https:\/\/filicdecor.com\/fr\/wp-json\/wp\/v2\/product\/5455\/revisions"}],"predecessor-version":[{"id":5457,"href":"https:\/\/filicdecor.com\/fr\/wp-json\/wp\/v2\/product\/5455\/revisions\/5457"}],"wp:featuredmedia":[{"embeddable":true,"href":"https:\/\/filicdecor.com\/fr\/wp-json\/wp\/v2\/media\/5456"}],"wp:attachment":[{"href":"https:\/\/filicdecor.com\/fr\/wp-json\/wp\/v2\/media?parent=5455"}],"wp:term":[{"taxonomy":"product_brand","embeddable":true,"href":"https:\/\/filicdecor.com\/fr\/wp-json\/wp\/v2\/product_brand?post=5455"},{"taxonomy":"product_cat","embeddable":true,"href":"https:\/\/filicdecor.com\/fr\/wp-json\/wp\/v2\/product_cat?post=5455"},{"taxonomy":"product_tag","embeddable":true,"href":"https:\/\/filicdecor.com\/fr\/wp-json\/wp\/v2\/product_tag?post=5455"}],"curies":[{"name":"wp","href":"https:\/\/api.w.org\/{rel}","templated":true}]}}