{"id":5131,"date":"2023-12-18T12:25:00","date_gmt":"2023-12-18T12:25:00","guid":{"rendered":"https:\/\/filicdecor.com\/?post_type=product&#038;p=5131"},"modified":"2024-08-12T11:55:46","modified_gmt":"2024-08-12T11:55:46","slug":"ornament-prateca-lajsna-l-24","status":"publish","type":"product","link":"https:\/\/filicdecor.com\/fr\/ornament-prateca-lajsna-l-24\/","title":{"rendered":"Ornement accompagnant la moulure L-24"},"content":{"rendered":"","protected":false},"excerpt":{"rendered":"<p><strong>Dimensions:<\/strong>\u00a03,5\u00a0cm x 1,5\u00a0cm<br \/>\n<strong>Mat\u00e9riel:\u00a0<\/strong>Pl\u00e2tre \u00e0 modeler<br \/>\nLes moulures de support plates mesurent 1 m de long.<br \/>\nIls peuvent \u00eatre r\u00e9alis\u00e9s selon un dessin, un profil donn\u00e9, sous une forme cintr\u00e9e ou circulaire.<\/p>","protected":false},"featured_media":5132,"template":"","meta":[],"product_brand":[],"product_cat":[228],"product_tag":[],"class_list":{"0":"post-5131","1":"product","2":"type-product","3":"status-publish","4":"has-post-thumbnail","6":"product_cat-ornament-pratece-lajsne-i-uglovi","8":"first","9":"instock","10":"shipping-taxable","11":"purchasable","12":"product-type-simple"},"yoast_head":"<!-- This site is optimized with the Yoast SEO plugin v27.4 - https:\/\/yoast.com\/product\/yoast-seo-wordpress\/ -->\n<title>Ornament prate\u0107a lajsna L-24 - Dekorativni stiropor | Fili\u0107 Decor | Fili\u0107<\/title>\n<meta name=\"robots\" content=\"index, follow, max-snippet:-1, max-image-preview:large, max-video-preview:-1\" \/>\n<link rel=\"canonical\" href=\"https:\/\/filicdecor.com\/fr\/ornament-prateca-lajsna-l-24\/\" \/>\n<meta property=\"og:locale\" content=\"fr_FR\" \/>\n<meta property=\"og:type\" content=\"article\" \/>\n<meta property=\"og:title\" content=\"Ornament prate\u0107a lajsna L-24 - Dekorativni stiropor | Fili\u0107 Decor | Fili\u0107\" \/>\n<meta property=\"og:description\" content=\"Dimenzije:\u00a03,5\u00a0cm x 1,5\u00a0cm Materijal:\u00a0Modelarski gips Ravne prate\u0107e lajsne su 1m du\u017eine. Mogu se izra\u0111ivati po nacrtu, zadatom profilu, u lu\u010dnom i kru\u017enom obliku.\" \/>\n<meta property=\"og:url\" content=\"https:\/\/filicdecor.com\/fr\/ornament-prateca-lajsna-l-24\/\" \/>\n<meta property=\"og:site_name\" content=\"Dekorativni stiropor | Fili\u0107 Decor | Fili\u0107\" \/>\n<meta property=\"article:modified_time\" content=\"2024-08-12T11:55:46+00:00\" \/>\n<meta property=\"og:image\" content=\"https:\/\/filicdecor.com\/wp-content\/uploads\/2023\/12\/L-24.webp\" \/>\n\t<meta property=\"og:image:width\" content=\"920\" \/>\n\t<meta property=\"og:image:height\" content=\"480\" \/>\n\t<meta property=\"og:image:type\" content=\"image\/webp\" \/>\n<meta name=\"twitter:card\" content=\"summary_large_image\" \/>\n<meta name=\"twitter:label1\" content=\"Dur\u00e9e de lecture estim\u00e9e\" \/>\n\t<meta name=\"twitter:data1\" content=\"1 minute\" \/>\n<script type=\"application\/ld+json\" class=\"yoast-schema-graph\">{\"@context\":\"https:\\\/\\\/schema.org\",\"@graph\":[{\"@type\":\"WebPage\",\"@id\":\"https:\\\/\\\/filicdecor.com\\\/ornament-prateca-lajsna-l-24\\\/\",\"url\":\"https:\\\/\\\/filicdecor.com\\\/ornament-prateca-lajsna-l-24\\\/\",\"name\":\"Ornament prate\u0107a lajsna L-24 - Dekorativni stiropor | Fili\u0107 Decor | Fili\u0107\",\"isPartOf\":{\"@id\":\"https:\\\/\\\/filicdecor.com\\\/fr\\\/#website\"},\"primaryImageOfPage\":{\"@id\":\"https:\\\/\\\/filicdecor.com\\\/ornament-prateca-lajsna-l-24\\\/#primaryimage\"},\"image\":{\"@id\":\"https:\\\/\\\/filicdecor.com\\\/ornament-prateca-lajsna-l-24\\\/#primaryimage\"},\"thumbnailUrl\":\"https:\\\/\\\/filicdecor.com\\\/wp-content\\\/uploads\\\/2023\\\/12\\\/L-24.webp\",\"datePublished\":\"2023-12-18T12:25:00+00:00\",\"dateModified\":\"2024-08-12T11:55:46+00:00\",\"breadcrumb\":{\"@id\":\"https:\\\/\\\/filicdecor.com\\\/ornament-prateca-lajsna-l-24\\\/#breadcrumb\"},\"inLanguage\":\"fr-FR\",\"potentialAction\":[{\"@type\":\"ReadAction\",\"target\":[\"https:\\\/\\\/filicdecor.com\\\/ornament-prateca-lajsna-l-24\\\/\"]}]},{\"@type\":\"ImageObject\",\"inLanguage\":\"fr-FR\",\"@id\":\"https:\\\/\\\/filicdecor.com\\\/ornament-prateca-lajsna-l-24\\\/#primaryimage\",\"url\":\"https:\\\/\\\/filicdecor.com\\\/wp-content\\\/uploads\\\/2023\\\/12\\\/L-24.webp\",\"contentUrl\":\"https:\\\/\\\/filicdecor.com\\\/wp-content\\\/uploads\\\/2023\\\/12\\\/L-24.webp\",\"width\":920,\"height\":480},{\"@type\":\"BreadcrumbList\",\"@id\":\"https:\\\/\\\/filicdecor.com\\\/ornament-prateca-lajsna-l-24\\\/#breadcrumb\",\"itemListElement\":[{\"@type\":\"ListItem\",\"position\":1,\"name\":\"\u041f\u043e\u0447\u0435\u0442\u043d\u0430\",\"item\":\"https:\\\/\\\/filicdecor.com\\\/\"},{\"@type\":\"ListItem\",\"position\":2,\"name\":\"Shop\",\"item\":\"https:\\\/\\\/filicdecor.com\\\/shop\\\/\"},{\"@type\":\"ListItem\",\"position\":3,\"name\":\"Ornament prate\u0107a lajsna L-24\"}]},{\"@type\":\"WebSite\",\"@id\":\"https:\\\/\\\/filicdecor.com\\\/fr\\\/#website\",\"url\":\"https:\\\/\\\/filicdecor.com\\\/fr\\\/\",\"name\":\"Dekorativni stiropor | Fili\u0107 Decor | Fili\u0107\",\"description\":\"| - Fili\u0107 Fasade za poneti\",\"potentialAction\":[{\"@type\":\"SearchAction\",\"target\":{\"@type\":\"EntryPoint\",\"urlTemplate\":\"https:\\\/\\\/filicdecor.com\\\/fr\\\/?s={search_term_string}\"},\"query-input\":{\"@type\":\"PropertyValueSpecification\",\"valueRequired\":true,\"valueName\":\"search_term_string\"}}],\"inLanguage\":\"fr-FR\"}]}<\/script>\n<!-- \/ Yoast SEO plugin. -->","yoast_head_json":{"title":"Ornement accompagnant la moulure L-24","robots":{"index":"index","follow":"follow","max-snippet":"max-snippet:-1","max-image-preview":"max-image-preview:large","max-video-preview":"max-video-preview:-1"},"canonical":"https:\/\/filicdecor.com\/fr\/ornament-prateca-lajsna-l-24\/","og_locale":"fr_FR","og_type":"article","og_title":"Ornament prate\u0107a lajsna L-24 - Dekorativni stiropor | Fili\u0107 Decor | Fili\u0107","og_description":"Dimenzije:\u00a03,5\u00a0cm x 1,5\u00a0cm Materijal:\u00a0Modelarski gips Ravne prate\u0107e lajsne su 1m du\u017eine. Mogu se izra\u0111ivati po nacrtu, zadatom profilu, u lu\u010dnom i kru\u017enom obliku.","og_url":"https:\/\/filicdecor.com\/fr\/ornament-prateca-lajsna-l-24\/","og_site_name":"Dekorativni stiropor | Fili\u0107 Decor | Fili\u0107","article_modified_time":"2024-08-12T11:55:46+00:00","og_image":[{"width":920,"height":480,"url":"https:\/\/filicdecor.com\/wp-content\/uploads\/2023\/12\/L-24.webp","type":"image\/webp"}],"twitter_card":"summary_large_image","twitter_misc":{"Dur\u00e9e de lecture estim\u00e9e":"1 minute"},"schema":{"@context":"https:\/\/schema.org","@graph":[{"@type":"WebPage","@id":"https:\/\/filicdecor.com\/ornament-prateca-lajsna-l-24\/","url":"https:\/\/filicdecor.com\/ornament-prateca-lajsna-l-24\/","name":"Ornement accompagnant la moulure L-24","isPartOf":{"@id":"https:\/\/filicdecor.com\/fr\/#website"},"primaryImageOfPage":{"@id":"https:\/\/filicdecor.com\/ornament-prateca-lajsna-l-24\/#primaryimage"},"image":{"@id":"https:\/\/filicdecor.com\/ornament-prateca-lajsna-l-24\/#primaryimage"},"thumbnailUrl":"https:\/\/filicdecor.com\/wp-content\/uploads\/2023\/12\/L-24.webp","datePublished":"2023-12-18T12:25:00+00:00","dateModified":"2024-08-12T11:55:46+00:00","breadcrumb":{"@id":"https:\/\/filicdecor.com\/ornament-prateca-lajsna-l-24\/#breadcrumb"},"inLanguage":"fr-FR","potentialAction":[{"@type":"ReadAction","target":["https:\/\/filicdecor.com\/ornament-prateca-lajsna-l-24\/"]}]},{"@type":"ImageObject","inLanguage":"fr-FR","@id":"https:\/\/filicdecor.com\/ornament-prateca-lajsna-l-24\/#primaryimage","url":"https:\/\/filicdecor.com\/wp-content\/uploads\/2023\/12\/L-24.webp","contentUrl":"https:\/\/filicdecor.com\/wp-content\/uploads\/2023\/12\/L-24.webp","width":920,"height":480},{"@type":"BreadcrumbList","@id":"https:\/\/filicdecor.com\/ornament-prateca-lajsna-l-24\/#breadcrumb","itemListElement":[{"@type":"ListItem","position":1,"name":"Po\u010detna","item":"https:\/\/filicdecor.com\/"},{"@type":"ListItem","position":2,"name":"Shop","item":"https:\/\/filicdecor.com\/shop\/"},{"@type":"ListItem","position":3,"name":"Ornament prate\u0107a lajsna L-24"}]},{"@type":"WebSite","@id":"https:\/\/filicdecor.com\/fr\/#website","url":"https:\/\/filicdecor.com\/fr\/","name":"Polystyr\u00e8ne d\u00e9coratif | D\u00e9cor Fili\u0107 | Filic","description":"| - Fili\u0107 Fasade za poneti","potentialAction":[{"@type":"SearchAction","target":{"@type":"EntryPoint","urlTemplate":"https:\/\/filicdecor.com\/fr\/?s={search_term_string}"},"query-input":{"@type":"PropertyValueSpecification","valueRequired":true,"valueName":"search_term_string"}}],"inLanguage":"fr-FR"}]}},"_links":{"self":[{"href":"https:\/\/filicdecor.com\/fr\/wp-json\/wp\/v2\/product\/5131","targetHints":{"allow":["GET"]}}],"collection":[{"href":"https:\/\/filicdecor.com\/fr\/wp-json\/wp\/v2\/product"}],"about":[{"href":"https:\/\/filicdecor.com\/fr\/wp-json\/wp\/v2\/types\/product"}],"version-history":[{"count":2,"href":"https:\/\/filicdecor.com\/fr\/wp-json\/wp\/v2\/product\/5131\/revisions"}],"predecessor-version":[{"id":7169,"href":"https:\/\/filicdecor.com\/fr\/wp-json\/wp\/v2\/product\/5131\/revisions\/7169"}],"wp:featuredmedia":[{"embeddable":true,"href":"https:\/\/filicdecor.com\/fr\/wp-json\/wp\/v2\/media\/5132"}],"wp:attachment":[{"href":"https:\/\/filicdecor.com\/fr\/wp-json\/wp\/v2\/media?parent=5131"}],"wp:term":[{"taxonomy":"product_brand","embeddable":true,"href":"https:\/\/filicdecor.com\/fr\/wp-json\/wp\/v2\/product_brand?post=5131"},{"taxonomy":"product_cat","embeddable":true,"href":"https:\/\/filicdecor.com\/fr\/wp-json\/wp\/v2\/product_cat?post=5131"},{"taxonomy":"product_tag","embeddable":true,"href":"https:\/\/filicdecor.com\/fr\/wp-json\/wp\/v2\/product_tag?post=5131"}],"curies":[{"name":"wp","href":"https:\/\/api.w.org\/{rel}","templated":true}]}}