{"id":4586,"date":"2023-12-16T13:43:11","date_gmt":"2023-12-16T13:43:11","guid":{"rendered":"https:\/\/filicdecor.com\/?post_type=product&#038;p=4586"},"modified":"2023-12-23T14:27:37","modified_gmt":"2023-12-23T14:27:37","slug":"prozor-11","status":"publish","type":"product","link":"https:\/\/filicdecor.com\/fr\/prozor-11\/","title":{"rendered":"Fen\u00eatre 11"},"content":{"rendered":"<p>L'offre de mod\u00e8les de fen\u00eatres standards est pr\u00e9sent\u00e9e sur le site Internet.<br \/>\nChacune des fen\u00eatres affich\u00e9es poss\u00e8de ses propres \u00e9l\u00e9ments qui la composent.<br \/>\nCertains \u00e9l\u00e9ments sont flexibles pour \u00eatre combin\u00e9s avec d\u2019autres fen\u00eatres.<br \/>\nLes rev\u00eatements de fen\u00eatres sont fabriqu\u00e9s selon le plan et les dimensions exactes des besoins du client.<br \/>\nLe prix de la fen\u00eatre d\u00e9pend des dimensions.<\/p>\n<p>Pour la r\u00e9alisation de fen\u00eatres plates, il est n\u00e9cessaire de pr\u00e9voir les dimensions suivantes (voir photo 2) :<br \/>\n\u2013 largeur de la fen\u00eatre<br \/>\n\u2013 hauteur de la fen\u00eatre<br \/>\n\u2013 la profondeur de la latte<\/p>\n<p>Pour r\u00e9aliser des fen\u00eatres cintr\u00e9es, il faut pr\u00e9voir les dimensions suivantes (voir photo 2) :<br \/>\n\u2013 largeur de la fen\u00eatre<br \/>\n\u2013 la hauteur de la partie plate de la fen\u00eatre<br \/>\n- la hauteur de la partie cintr\u00e9e de la fen\u00eatre<br \/>\n\u2013 la profondeur de la latte<\/p>","protected":false},"excerpt":{"rendered":"<p>\u00c9l\u00e9ments de la fen\u00eatre 11:<br \/>\n1. Moulure\u00a0<a href=\"https:\/\/filicdecor.com\/fr\/stiropor-fasadna-lajsna-sls-154\/\" target=\"_blank\" rel=\"noopener\"><span style=\"color: #0000ff;\">SLS-154<\/span><\/a><br \/>\n2, Moulure\u00a0<span style=\"color: #0000ff;\"><a style=\"color: #0000ff;\" href=\"https:\/\/filicdecor.com\/fr\/stiropor-fasadna-lajsna-sls-562\/\" target=\"_blank\" rel=\"noopener\">SLS-562\u00a0<\/a><\/span><br \/>\n3. Console de fa\u00e7ade\u00a0<span style=\"color: #0000ff;\"><a style=\"color: #0000ff;\" href=\"https:\/\/filicdecor.com\/fr\/fasadna-konzola-sk-4\/\" target=\"_blank\" rel=\"noopener\">SK-4<\/a><\/span><br \/>\n4. Moulure <span style=\"color: #0000ff;\"><a style=\"color: #0000ff;\" href=\"https:\/\/filicdecor.com\/fr\/stiropor-fasadna-lajsna-sls-557\/\">SLS-557<\/a><\/span>\u00a0(modifi\u00e9)<br \/>\n5. Peinture<\/p>","protected":false},"featured_media":4593,"template":"","meta":[],"product_brand":[],"product_cat":[218],"product_tag":[],"class_list":{"0":"post-4586","1":"product","2":"type-product","3":"status-publish","4":"has-post-thumbnail","6":"product_cat-fasadne-lajsne-oko-prozora","8":"first","9":"onbackorder","10":"shipping-taxable","11":"purchasable","12":"product-type-variable"},"yoast_head":"<!-- This site is optimized with the Yoast SEO plugin v27.4 - https:\/\/yoast.com\/product\/yoast-seo-wordpress\/ -->\n<title>Prozor 11 - Dekorativni stiropor | Fili\u0107 Decor | Fili\u0107<\/title>\n<meta name=\"robots\" content=\"index, follow, max-snippet:-1, max-image-preview:large, max-video-preview:-1\" \/>\n<link rel=\"canonical\" href=\"http:\/\/filicdecor.com\/fr\/prozor-11\/\" \/>\n<meta property=\"og:locale\" content=\"fr_FR\" \/>\n<meta property=\"og:type\" content=\"article\" \/>\n<meta property=\"og:title\" content=\"Prozor 11 - Dekorativni stiropor | Fili\u0107 Decor | Fili\u0107\" \/>\n<meta property=\"og:description\" content=\"Elementi prozora 11: 1. Lajsna\u00a0SLS-154 2. Lajsna\u00a0SLS-562\u00a0 3. Fasadna konzola\u00a0SK-4 4. Lajsna SLS-557\u00a0(modifikovana) 5. Farbanje\" \/>\n<meta property=\"og:url\" content=\"http:\/\/filicdecor.com\/fr\/prozor-11\/\" \/>\n<meta property=\"og:site_name\" content=\"Dekorativni stiropor | Fili\u0107 Decor | Fili\u0107\" \/>\n<meta property=\"article:modified_time\" content=\"2023-12-23T14:27:37+00:00\" \/>\n<meta property=\"og:image\" content=\"https:\/\/filicdecor.com\/wp-content\/uploads\/2023\/12\/11N.webp\" \/>\n\t<meta property=\"og:image:width\" content=\"920\" \/>\n\t<meta property=\"og:image:height\" content=\"480\" \/>\n\t<meta property=\"og:image:type\" content=\"image\/webp\" \/>\n<meta name=\"twitter:card\" content=\"summary_large_image\" \/>\n<meta name=\"twitter:label1\" content=\"Dur\u00e9e de lecture estim\u00e9e\" \/>\n\t<meta name=\"twitter:data1\" content=\"1 minute\" \/>\n<script type=\"application\/ld+json\" class=\"yoast-schema-graph\">{\"@context\":\"https:\\\/\\\/schema.org\",\"@graph\":[{\"@type\":\"WebPage\",\"@id\":\"http:\\\/\\\/filicdecor.com\\\/de\\\/prozor-11\\\/\",\"url\":\"http:\\\/\\\/filicdecor.com\\\/de\\\/prozor-11\\\/\",\"name\":\"Prozor 11 - Dekorativni stiropor | Fili\u0107 Decor | Fili\u0107\",\"isPartOf\":{\"@id\":\"https:\\\/\\\/filicdecor.com\\\/fr\\\/#website\"},\"primaryImageOfPage\":{\"@id\":\"http:\\\/\\\/filicdecor.com\\\/de\\\/prozor-11\\\/#primaryimage\"},\"image\":{\"@id\":\"http:\\\/\\\/filicdecor.com\\\/de\\\/prozor-11\\\/#primaryimage\"},\"thumbnailUrl\":\"https:\\\/\\\/filicdecor.com\\\/wp-content\\\/uploads\\\/2023\\\/12\\\/11N.webp\",\"datePublished\":\"2023-12-16T13:43:11+00:00\",\"dateModified\":\"2023-12-23T14:27:37+00:00\",\"breadcrumb\":{\"@id\":\"http:\\\/\\\/filicdecor.com\\\/de\\\/prozor-11\\\/#breadcrumb\"},\"inLanguage\":\"fr-FR\",\"potentialAction\":[{\"@type\":\"ReadAction\",\"target\":[\"http:\\\/\\\/filicdecor.com\\\/de\\\/prozor-11\\\/\"]}]},{\"@type\":\"ImageObject\",\"inLanguage\":\"fr-FR\",\"@id\":\"http:\\\/\\\/filicdecor.com\\\/de\\\/prozor-11\\\/#primaryimage\",\"url\":\"https:\\\/\\\/filicdecor.com\\\/wp-content\\\/uploads\\\/2023\\\/12\\\/11N.webp\",\"contentUrl\":\"https:\\\/\\\/filicdecor.com\\\/wp-content\\\/uploads\\\/2023\\\/12\\\/11N.webp\",\"width\":920,\"height\":480},{\"@type\":\"BreadcrumbList\",\"@id\":\"http:\\\/\\\/filicdecor.com\\\/de\\\/prozor-11\\\/#breadcrumb\",\"itemListElement\":[{\"@type\":\"ListItem\",\"position\":1,\"name\":\"\u041f\u043e\u0447\u0435\u0442\u043d\u0430\",\"item\":\"https:\\\/\\\/filicdecor.com\\\/\"},{\"@type\":\"ListItem\",\"position\":2,\"name\":\"Shop\",\"item\":\"https:\\\/\\\/filicdecor.com\\\/shop\\\/\"},{\"@type\":\"ListItem\",\"position\":3,\"name\":\"Prozor 11\"}]},{\"@type\":\"WebSite\",\"@id\":\"https:\\\/\\\/filicdecor.com\\\/fr\\\/#website\",\"url\":\"https:\\\/\\\/filicdecor.com\\\/fr\\\/\",\"name\":\"Dekorativni stiropor | Fili\u0107 Decor | Fili\u0107\",\"description\":\"| - Fili\u0107 Fasade za poneti\",\"potentialAction\":[{\"@type\":\"SearchAction\",\"target\":{\"@type\":\"EntryPoint\",\"urlTemplate\":\"https:\\\/\\\/filicdecor.com\\\/fr\\\/?s={search_term_string}\"},\"query-input\":{\"@type\":\"PropertyValueSpecification\",\"valueRequired\":true,\"valueName\":\"search_term_string\"}}],\"inLanguage\":\"fr-FR\"}]}<\/script>\n<!-- \/ Yoast SEO plugin. -->","yoast_head_json":{"title":"Fen\u00eatre 11 - Polystyr\u00e8ne d\u00e9coratif | D\u00e9cor Fili\u0107 | Filic","robots":{"index":"index","follow":"follow","max-snippet":"max-snippet:-1","max-image-preview":"max-image-preview:large","max-video-preview":"max-video-preview:-1"},"canonical":"http:\/\/filicdecor.com\/fr\/prozor-11\/","og_locale":"fr_FR","og_type":"article","og_title":"Prozor 11 - Dekorativni stiropor | Fili\u0107 Decor | Fili\u0107","og_description":"Elementi prozora 11: 1. Lajsna\u00a0SLS-154 2. Lajsna\u00a0SLS-562\u00a0 3. Fasadna konzola\u00a0SK-4 4. Lajsna SLS-557\u00a0(modifikovana) 5. Farbanje","og_url":"http:\/\/filicdecor.com\/fr\/prozor-11\/","og_site_name":"Dekorativni stiropor | Fili\u0107 Decor | Fili\u0107","article_modified_time":"2023-12-23T14:27:37+00:00","og_image":[{"width":920,"height":480,"url":"https:\/\/filicdecor.com\/wp-content\/uploads\/2023\/12\/11N.webp","type":"image\/webp"}],"twitter_card":"summary_large_image","twitter_misc":{"Dur\u00e9e de lecture estim\u00e9e":"1 minute"},"schema":{"@context":"https:\/\/schema.org","@graph":[{"@type":"WebPage","@id":"http:\/\/filicdecor.com\/de\/prozor-11\/","url":"http:\/\/filicdecor.com\/de\/prozor-11\/","name":"Fen\u00eatre 11 - Polystyr\u00e8ne d\u00e9coratif | D\u00e9cor Fili\u0107 | Filic","isPartOf":{"@id":"https:\/\/filicdecor.com\/fr\/#website"},"primaryImageOfPage":{"@id":"http:\/\/filicdecor.com\/de\/prozor-11\/#primaryimage"},"image":{"@id":"http:\/\/filicdecor.com\/de\/prozor-11\/#primaryimage"},"thumbnailUrl":"https:\/\/filicdecor.com\/wp-content\/uploads\/2023\/12\/11N.webp","datePublished":"2023-12-16T13:43:11+00:00","dateModified":"2023-12-23T14:27:37+00:00","breadcrumb":{"@id":"http:\/\/filicdecor.com\/de\/prozor-11\/#breadcrumb"},"inLanguage":"fr-FR","potentialAction":[{"@type":"ReadAction","target":["http:\/\/filicdecor.com\/de\/prozor-11\/"]}]},{"@type":"ImageObject","inLanguage":"fr-FR","@id":"http:\/\/filicdecor.com\/de\/prozor-11\/#primaryimage","url":"https:\/\/filicdecor.com\/wp-content\/uploads\/2023\/12\/11N.webp","contentUrl":"https:\/\/filicdecor.com\/wp-content\/uploads\/2023\/12\/11N.webp","width":920,"height":480},{"@type":"BreadcrumbList","@id":"http:\/\/filicdecor.com\/de\/prozor-11\/#breadcrumb","itemListElement":[{"@type":"ListItem","position":1,"name":"Po\u010detna","item":"https:\/\/filicdecor.com\/"},{"@type":"ListItem","position":2,"name":"Shop","item":"https:\/\/filicdecor.com\/shop\/"},{"@type":"ListItem","position":3,"name":"Prozor 11"}]},{"@type":"WebSite","@id":"https:\/\/filicdecor.com\/fr\/#website","url":"https:\/\/filicdecor.com\/fr\/","name":"Polystyr\u00e8ne d\u00e9coratif | D\u00e9cor Fili\u0107 | Filic","description":"| - Fili\u0107 Fasade za poneti","potentialAction":[{"@type":"SearchAction","target":{"@type":"EntryPoint","urlTemplate":"https:\/\/filicdecor.com\/fr\/?s={search_term_string}"},"query-input":{"@type":"PropertyValueSpecification","valueRequired":true,"valueName":"search_term_string"}}],"inLanguage":"fr-FR"}]}},"_links":{"self":[{"href":"https:\/\/filicdecor.com\/fr\/wp-json\/wp\/v2\/product\/4586","targetHints":{"allow":["GET"]}}],"collection":[{"href":"https:\/\/filicdecor.com\/fr\/wp-json\/wp\/v2\/product"}],"about":[{"href":"https:\/\/filicdecor.com\/fr\/wp-json\/wp\/v2\/types\/product"}],"version-history":[{"count":2,"href":"https:\/\/filicdecor.com\/fr\/wp-json\/wp\/v2\/product\/4586\/revisions"}],"predecessor-version":[{"id":6995,"href":"https:\/\/filicdecor.com\/fr\/wp-json\/wp\/v2\/product\/4586\/revisions\/6995"}],"wp:featuredmedia":[{"embeddable":true,"href":"https:\/\/filicdecor.com\/fr\/wp-json\/wp\/v2\/media\/4593"}],"wp:attachment":[{"href":"https:\/\/filicdecor.com\/fr\/wp-json\/wp\/v2\/media?parent=4586"}],"wp:term":[{"taxonomy":"product_brand","embeddable":true,"href":"https:\/\/filicdecor.com\/fr\/wp-json\/wp\/v2\/product_brand?post=4586"},{"taxonomy":"product_cat","embeddable":true,"href":"https:\/\/filicdecor.com\/fr\/wp-json\/wp\/v2\/product_cat?post=4586"},{"taxonomy":"product_tag","embeddable":true,"href":"https:\/\/filicdecor.com\/fr\/wp-json\/wp\/v2\/product_tag?post=4586"}],"curies":[{"name":"wp","href":"https:\/\/api.w.org\/{rel}","templated":true}]}}