{"id":4262,"date":"2023-12-15T14:56:43","date_gmt":"2023-12-15T14:56:43","guid":{"rendered":"https:\/\/filicdecor.com\/?post_type=product&#038;p=4262"},"modified":"2023-12-23T13:59:45","modified_gmt":"2023-12-23T13:59:45","slug":"fasadna-kocka-sks-206","status":"publish","type":"product","link":"https:\/\/filicdecor.com\/fr\/fasadna-kocka-sks-206\/","title":{"rendered":"Cha\u00eene angle Pierre parement ext\u00e9rieur SKS-206"},"content":{"rendered":"<p><strong>Cubes d\u00e9coratifs de fa\u00e7ade<\/strong>\u00a0en polystyr\u00e8ne sont le plus souvent plac\u00e9s sur les bords d'une maison ou d'un b\u00e2timent comme un excellent moyen de d\u00e9corer l'ext\u00e9rieur.<br \/>\n<strong>Blocs de fa\u00e7ade en polystyr\u00e8ne<\/strong>\u00a0sont prot\u00e9g\u00e9s par une protection sp\u00e9ciale \u00e0 trois couches qui les rend r\u00e9sistants \u00e0 toutes les conditions m\u00e9t\u00e9orologiques et m\u00e9caniques.<br \/>\nEn plus des mod\u00e8les de cubes standard pr\u00e9sent\u00e9s que nous avons dans notre offre, nous les fabriquons \u00e9galement dans les dimensions selon vos souhaits.<\/p>","protected":false},"excerpt":{"rendered":"<p><strong>Dimensions:<\/strong>\u00a022cm x 22cm x 22cm<br \/>\n<strong>Mat\u00e9riel:\u00a0<\/strong>Polystyr\u00e8ne expans\u00e9 - EPS\u00a0avec rev\u00eatement protecteur<\/p>","protected":false},"featured_media":4263,"template":"","meta":[],"product_brand":[],"product_cat":[213],"product_tag":[],"class_list":{"0":"post-4262","1":"product","2":"type-product","3":"status-publish","4":"has-post-thumbnail","6":"product_cat-kocke-za-fasadu","8":"first","9":"instock","10":"shipping-taxable","11":"purchasable","12":"product-type-simple"},"yoast_head":"<!-- This site is optimized with the Yoast SEO plugin v27.4 - https:\/\/yoast.com\/product\/yoast-seo-wordpress\/ -->\n<title>Fasadna kocka SKS-206 - Dekorativni stiropor | Fili\u0107 Decor | Fili\u0107<\/title>\n<meta name=\"robots\" content=\"index, follow, max-snippet:-1, max-image-preview:large, max-video-preview:-1\" \/>\n<link rel=\"canonical\" href=\"https:\/\/filicdecor.com\/fr\/fasadna-kocka-sks-206\/\" \/>\n<meta property=\"og:locale\" content=\"fr_FR\" \/>\n<meta property=\"og:type\" content=\"article\" \/>\n<meta property=\"og:title\" content=\"Fasadna kocka SKS-206 - Dekorativni stiropor | Fili\u0107 Decor | Fili\u0107\" \/>\n<meta property=\"og:description\" content=\"Dimenzije:\u00a022cm x 22cm x 22cm Materijal:\u00a0Ekspandirani polistiren - EPS\u00a0sa za\u0161titnim premazom\" \/>\n<meta property=\"og:url\" content=\"https:\/\/filicdecor.com\/fr\/fasadna-kocka-sks-206\/\" \/>\n<meta property=\"og:site_name\" content=\"Dekorativni stiropor | Fili\u0107 Decor | Fili\u0107\" \/>\n<meta property=\"article:modified_time\" content=\"2023-12-23T13:59:45+00:00\" \/>\n<meta property=\"og:image\" content=\"https:\/\/filicdecor.com\/wp-content\/uploads\/2023\/12\/SKS-206-1.webp\" \/>\n\t<meta property=\"og:image:width\" content=\"920\" \/>\n\t<meta property=\"og:image:height\" content=\"480\" \/>\n\t<meta property=\"og:image:type\" content=\"image\/webp\" \/>\n<meta name=\"twitter:card\" content=\"summary_large_image\" \/>\n<script type=\"application\/ld+json\" class=\"yoast-schema-graph\">{\"@context\":\"https:\\\/\\\/schema.org\",\"@graph\":[{\"@type\":\"WebPage\",\"@id\":\"https:\\\/\\\/filicdecor.com\\\/fasadna-kocka-sks-206\\\/\",\"url\":\"https:\\\/\\\/filicdecor.com\\\/fasadna-kocka-sks-206\\\/\",\"name\":\"Fasadna kocka SKS-206 - Dekorativni stiropor | Fili\u0107 Decor | Fili\u0107\",\"isPartOf\":{\"@id\":\"https:\\\/\\\/filicdecor.com\\\/fr\\\/#website\"},\"primaryImageOfPage\":{\"@id\":\"https:\\\/\\\/filicdecor.com\\\/fasadna-kocka-sks-206\\\/#primaryimage\"},\"image\":{\"@id\":\"https:\\\/\\\/filicdecor.com\\\/fasadna-kocka-sks-206\\\/#primaryimage\"},\"thumbnailUrl\":\"https:\\\/\\\/filicdecor.com\\\/wp-content\\\/uploads\\\/2023\\\/12\\\/SKS-206-1.webp\",\"datePublished\":\"2023-12-15T14:56:43+00:00\",\"dateModified\":\"2023-12-23T13:59:45+00:00\",\"breadcrumb\":{\"@id\":\"https:\\\/\\\/filicdecor.com\\\/fasadna-kocka-sks-206\\\/#breadcrumb\"},\"inLanguage\":\"fr-FR\",\"potentialAction\":[{\"@type\":\"ReadAction\",\"target\":[\"https:\\\/\\\/filicdecor.com\\\/fasadna-kocka-sks-206\\\/\"]}]},{\"@type\":\"ImageObject\",\"inLanguage\":\"fr-FR\",\"@id\":\"https:\\\/\\\/filicdecor.com\\\/fasadna-kocka-sks-206\\\/#primaryimage\",\"url\":\"https:\\\/\\\/filicdecor.com\\\/wp-content\\\/uploads\\\/2023\\\/12\\\/SKS-206-1.webp\",\"contentUrl\":\"https:\\\/\\\/filicdecor.com\\\/wp-content\\\/uploads\\\/2023\\\/12\\\/SKS-206-1.webp\",\"width\":920,\"height\":480},{\"@type\":\"BreadcrumbList\",\"@id\":\"https:\\\/\\\/filicdecor.com\\\/fasadna-kocka-sks-206\\\/#breadcrumb\",\"itemListElement\":[{\"@type\":\"ListItem\",\"position\":1,\"name\":\"\u041f\u043e\u0447\u0435\u0442\u043d\u0430\",\"item\":\"https:\\\/\\\/filicdecor.com\\\/\"},{\"@type\":\"ListItem\",\"position\":2,\"name\":\"Shop\",\"item\":\"https:\\\/\\\/filicdecor.com\\\/shop\\\/\"},{\"@type\":\"ListItem\",\"position\":3,\"name\":\"Fasadna kocka SKS-206\"}]},{\"@type\":\"WebSite\",\"@id\":\"https:\\\/\\\/filicdecor.com\\\/fr\\\/#website\",\"url\":\"https:\\\/\\\/filicdecor.com\\\/fr\\\/\",\"name\":\"Dekorativni stiropor | Fili\u0107 Decor | Fili\u0107\",\"description\":\"| - Fili\u0107 Fasade za poneti\",\"potentialAction\":[{\"@type\":\"SearchAction\",\"target\":{\"@type\":\"EntryPoint\",\"urlTemplate\":\"https:\\\/\\\/filicdecor.com\\\/fr\\\/?s={search_term_string}\"},\"query-input\":{\"@type\":\"PropertyValueSpecification\",\"valueRequired\":true,\"valueName\":\"search_term_string\"}}],\"inLanguage\":\"fr-FR\"}]}<\/script>\n<!-- \/ Yoast SEO plugin. -->","yoast_head_json":{"title":"Fasadna kocka SKS-206 - Dekorativni stiropor | Fili\u0107 Decor | Fili\u0107","robots":{"index":"index","follow":"follow","max-snippet":"max-snippet:-1","max-image-preview":"max-image-preview:large","max-video-preview":"max-video-preview:-1"},"canonical":"https:\/\/filicdecor.com\/fr\/fasadna-kocka-sks-206\/","og_locale":"fr_FR","og_type":"article","og_title":"Fasadna kocka SKS-206 - Dekorativni stiropor | Fili\u0107 Decor | Fili\u0107","og_description":"Dimenzije:\u00a022cm x 22cm x 22cm Materijal:\u00a0Ekspandirani polistiren - EPS\u00a0sa za\u0161titnim premazom","og_url":"https:\/\/filicdecor.com\/fr\/fasadna-kocka-sks-206\/","og_site_name":"Dekorativni stiropor | Fili\u0107 Decor | Fili\u0107","article_modified_time":"2023-12-23T13:59:45+00:00","og_image":[{"width":920,"height":480,"url":"https:\/\/filicdecor.com\/wp-content\/uploads\/2023\/12\/SKS-206-1.webp","type":"image\/webp"}],"twitter_card":"summary_large_image","schema":{"@context":"https:\/\/schema.org","@graph":[{"@type":"WebPage","@id":"https:\/\/filicdecor.com\/fasadna-kocka-sks-206\/","url":"https:\/\/filicdecor.com\/fasadna-kocka-sks-206\/","name":"Fasadna kocka SKS-206 - Dekorativni stiropor | Fili\u0107 Decor | Fili\u0107","isPartOf":{"@id":"https:\/\/filicdecor.com\/fr\/#website"},"primaryImageOfPage":{"@id":"https:\/\/filicdecor.com\/fasadna-kocka-sks-206\/#primaryimage"},"image":{"@id":"https:\/\/filicdecor.com\/fasadna-kocka-sks-206\/#primaryimage"},"thumbnailUrl":"https:\/\/filicdecor.com\/wp-content\/uploads\/2023\/12\/SKS-206-1.webp","datePublished":"2023-12-15T14:56:43+00:00","dateModified":"2023-12-23T13:59:45+00:00","breadcrumb":{"@id":"https:\/\/filicdecor.com\/fasadna-kocka-sks-206\/#breadcrumb"},"inLanguage":"fr-FR","potentialAction":[{"@type":"ReadAction","target":["https:\/\/filicdecor.com\/fasadna-kocka-sks-206\/"]}]},{"@type":"ImageObject","inLanguage":"fr-FR","@id":"https:\/\/filicdecor.com\/fasadna-kocka-sks-206\/#primaryimage","url":"https:\/\/filicdecor.com\/wp-content\/uploads\/2023\/12\/SKS-206-1.webp","contentUrl":"https:\/\/filicdecor.com\/wp-content\/uploads\/2023\/12\/SKS-206-1.webp","width":920,"height":480},{"@type":"BreadcrumbList","@id":"https:\/\/filicdecor.com\/fasadna-kocka-sks-206\/#breadcrumb","itemListElement":[{"@type":"ListItem","position":1,"name":"Po\u010detna","item":"https:\/\/filicdecor.com\/"},{"@type":"ListItem","position":2,"name":"Shop","item":"https:\/\/filicdecor.com\/shop\/"},{"@type":"ListItem","position":3,"name":"Fasadna kocka SKS-206"}]},{"@type":"WebSite","@id":"https:\/\/filicdecor.com\/fr\/#website","url":"https:\/\/filicdecor.com\/fr\/","name":"Polystyr\u00e8ne d\u00e9coratif | D\u00e9cor Fili\u0107 | Filic","description":"| - Fili\u0107 Fasade za poneti","potentialAction":[{"@type":"SearchAction","target":{"@type":"EntryPoint","urlTemplate":"https:\/\/filicdecor.com\/fr\/?s={search_term_string}"},"query-input":{"@type":"PropertyValueSpecification","valueRequired":true,"valueName":"search_term_string"}}],"inLanguage":"fr-FR"}]}},"_links":{"self":[{"href":"https:\/\/filicdecor.com\/fr\/wp-json\/wp\/v2\/product\/4262","targetHints":{"allow":["GET"]}}],"collection":[{"href":"https:\/\/filicdecor.com\/fr\/wp-json\/wp\/v2\/product"}],"about":[{"href":"https:\/\/filicdecor.com\/fr\/wp-json\/wp\/v2\/types\/product"}],"version-history":[{"count":2,"href":"https:\/\/filicdecor.com\/fr\/wp-json\/wp\/v2\/product\/4262\/revisions"}],"predecessor-version":[{"id":6942,"href":"https:\/\/filicdecor.com\/fr\/wp-json\/wp\/v2\/product\/4262\/revisions\/6942"}],"wp:featuredmedia":[{"embeddable":true,"href":"https:\/\/filicdecor.com\/fr\/wp-json\/wp\/v2\/media\/4263"}],"wp:attachment":[{"href":"https:\/\/filicdecor.com\/fr\/wp-json\/wp\/v2\/media?parent=4262"}],"wp:term":[{"taxonomy":"product_brand","embeddable":true,"href":"https:\/\/filicdecor.com\/fr\/wp-json\/wp\/v2\/product_brand?post=4262"},{"taxonomy":"product_cat","embeddable":true,"href":"https:\/\/filicdecor.com\/fr\/wp-json\/wp\/v2\/product_cat?post=4262"},{"taxonomy":"product_tag","embeddable":true,"href":"https:\/\/filicdecor.com\/fr\/wp-json\/wp\/v2\/product_tag?post=4262"}],"curies":[{"name":"wp","href":"https:\/\/api.w.org\/{rel}","templated":true}]}}