{"id":3721,"date":"2023-12-14T16:54:48","date_gmt":"2023-12-14T16:54:48","guid":{"rendered":"https:\/\/filicdecor.com\/?post_type=product&#038;p=3721"},"modified":"2023-12-14T16:55:31","modified_gmt":"2023-12-14T16:55:31","slug":"poliuretanska-zidna-lajsna-hw-3","status":"publish","type":"product","link":"https:\/\/filicdecor.com\/fr\/poliuretanska-zidna-lajsna-hw-3\/","title":{"rendered":"Moulure murale en polyur\u00e9thane HW-3"},"content":{"rendered":"<p>Le polyur\u00e9thane est un mat\u00e9riau extr\u00eamement durable qui r\u00e9siste \u00e0 l\u2019humidit\u00e9, aux fissures et \u00e0 l\u2019usure. Ainsi, les plinthes de sol en polyur\u00e9thane conservent leur aspect et leur fonctionnalit\u00e9 au fil des ann\u00e9es. L'entretien est \u00e9galement simple : il suffit de les essuyer avec un chiffon humide pour les nettoyer de la poussi\u00e8re et de la salet\u00e9.<\/p>\n<p>Les moulures en polyur\u00e9thane sont des d\u00e9tails polyvalents qui am\u00e9liorent l'apparence, prot\u00e8gent les murs et assurent la praticit\u00e9. Que vous souhaitiez ajouter de l'\u00e9l\u00e9gance \u00e0 votre maison, masquer des imperfections ou simplement rafra\u00eechir l'espace, pensez \u00e0 introduire ces moulures dans votre int\u00e9rieur. Transformez votre espace avec le style et la fonctionnalit\u00e9 des moulures de sol en polyur\u00e9thane.<\/p>","protected":false},"excerpt":{"rendered":"<p><strong>Dimensions:<\/strong>\u00a04,7cm x 0,8cm x 200cm<br \/>\n<strong>Fabricant:\u00a0\u00a0<\/strong>Marbet Design<br \/>\n<strong>Mat\u00e9riel:\u00a0<\/strong>Polyur\u00e9thane<br \/>\n<strong>Composants recommand\u00e9s<\/strong>:<br \/>\nPogodan lepak &#8211;\u00a0TITAN SUPER<\/p>","protected":false},"featured_media":3723,"template":"","meta":[],"product_brand":[],"product_cat":[76,198,201],"product_tag":[],"class_list":{"0":"post-3721","1":"product","2":"type-product","3":"status-publish","4":"has-post-thumbnail","6":"product_cat-poliuretan","7":"product_cat-poliuretanske-lajsne","8":"product_cat-zidne-lajsne","10":"first","11":"instock","12":"shipping-taxable","13":"purchasable","14":"product-type-simple"},"yoast_head":"<!-- This site is optimized with the Yoast SEO plugin v27.4 - https:\/\/yoast.com\/product\/yoast-seo-wordpress\/ -->\n<title>Poliuretanska zidna lajsna HW-3 - Dekorativni stiropor | Fili\u0107 Decor | Fili\u0107<\/title>\n<meta name=\"robots\" content=\"index, follow, max-snippet:-1, max-image-preview:large, max-video-preview:-1\" \/>\n<link rel=\"canonical\" href=\"https:\/\/filicdecor.com\/fr\/poliuretanska-zidna-lajsna-hw-3\/\" \/>\n<meta property=\"og:locale\" content=\"fr_FR\" \/>\n<meta property=\"og:type\" content=\"article\" \/>\n<meta property=\"og:title\" content=\"Poliuretanska zidna lajsna HW-3 - Dekorativni stiropor | Fili\u0107 Decor | Fili\u0107\" \/>\n<meta property=\"og:description\" content=\"Dimenzije:\u00a04,7cm x 0,8cm x 200cm Proizvo\u0111a\u010d:\u00a0\u00a0Marbet Design Materijal:\u00a0Poliuretan Preporu\u010dene komponente: Pogodan lepak -\u00a0TITAN SUPER\" \/>\n<meta property=\"og:url\" content=\"https:\/\/filicdecor.com\/fr\/poliuretanska-zidna-lajsna-hw-3\/\" \/>\n<meta property=\"og:site_name\" content=\"Dekorativni stiropor | Fili\u0107 Decor | Fili\u0107\" \/>\n<meta property=\"article:modified_time\" content=\"2023-12-14T16:55:31+00:00\" \/>\n<meta property=\"og:image\" content=\"https:\/\/filicdecor.com\/wp-content\/uploads\/2023\/12\/hw3.jpg\" \/>\n\t<meta property=\"og:image:width\" content=\"920\" \/>\n\t<meta property=\"og:image:height\" content=\"480\" \/>\n\t<meta property=\"og:image:type\" content=\"image\/jpeg\" \/>\n<meta name=\"twitter:card\" content=\"summary_large_image\" \/>\n<meta name=\"twitter:label1\" content=\"Dur\u00e9e de lecture estim\u00e9e\" \/>\n\t<meta name=\"twitter:data1\" content=\"1 minute\" \/>\n<script type=\"application\/ld+json\" class=\"yoast-schema-graph\">{\"@context\":\"https:\\\/\\\/schema.org\",\"@graph\":[{\"@type\":\"WebPage\",\"@id\":\"https:\\\/\\\/filicdecor.com\\\/poliuretanska-zidna-lajsna-hw-3\\\/\",\"url\":\"https:\\\/\\\/filicdecor.com\\\/poliuretanska-zidna-lajsna-hw-3\\\/\",\"name\":\"Poliuretanska zidna lajsna HW-3 - Dekorativni stiropor | Fili\u0107 Decor | Fili\u0107\",\"isPartOf\":{\"@id\":\"https:\\\/\\\/filicdecor.com\\\/fr\\\/#website\"},\"primaryImageOfPage\":{\"@id\":\"https:\\\/\\\/filicdecor.com\\\/poliuretanska-zidna-lajsna-hw-3\\\/#primaryimage\"},\"image\":{\"@id\":\"https:\\\/\\\/filicdecor.com\\\/poliuretanska-zidna-lajsna-hw-3\\\/#primaryimage\"},\"thumbnailUrl\":\"https:\\\/\\\/filicdecor.com\\\/wp-content\\\/uploads\\\/2023\\\/12\\\/hw3.jpg\",\"datePublished\":\"2023-12-14T16:54:48+00:00\",\"dateModified\":\"2023-12-14T16:55:31+00:00\",\"breadcrumb\":{\"@id\":\"https:\\\/\\\/filicdecor.com\\\/poliuretanska-zidna-lajsna-hw-3\\\/#breadcrumb\"},\"inLanguage\":\"fr-FR\",\"potentialAction\":[{\"@type\":\"ReadAction\",\"target\":[\"https:\\\/\\\/filicdecor.com\\\/poliuretanska-zidna-lajsna-hw-3\\\/\"]}]},{\"@type\":\"ImageObject\",\"inLanguage\":\"fr-FR\",\"@id\":\"https:\\\/\\\/filicdecor.com\\\/poliuretanska-zidna-lajsna-hw-3\\\/#primaryimage\",\"url\":\"https:\\\/\\\/filicdecor.com\\\/wp-content\\\/uploads\\\/2023\\\/12\\\/hw3.jpg\",\"contentUrl\":\"https:\\\/\\\/filicdecor.com\\\/wp-content\\\/uploads\\\/2023\\\/12\\\/hw3.jpg\",\"width\":920,\"height\":480},{\"@type\":\"BreadcrumbList\",\"@id\":\"https:\\\/\\\/filicdecor.com\\\/poliuretanska-zidna-lajsna-hw-3\\\/#breadcrumb\",\"itemListElement\":[{\"@type\":\"ListItem\",\"position\":1,\"name\":\"\u041f\u043e\u0447\u0435\u0442\u043d\u0430\",\"item\":\"https:\\\/\\\/filicdecor.com\\\/\"},{\"@type\":\"ListItem\",\"position\":2,\"name\":\"Shop\",\"item\":\"https:\\\/\\\/filicdecor.com\\\/shop\\\/\"},{\"@type\":\"ListItem\",\"position\":3,\"name\":\"Poliuretanska zidna lajsna HW-3\"}]},{\"@type\":\"WebSite\",\"@id\":\"https:\\\/\\\/filicdecor.com\\\/fr\\\/#website\",\"url\":\"https:\\\/\\\/filicdecor.com\\\/fr\\\/\",\"name\":\"Dekorativni stiropor | Fili\u0107 Decor | Fili\u0107\",\"description\":\"| - Fili\u0107 Fasade za poneti\",\"potentialAction\":[{\"@type\":\"SearchAction\",\"target\":{\"@type\":\"EntryPoint\",\"urlTemplate\":\"https:\\\/\\\/filicdecor.com\\\/fr\\\/?s={search_term_string}\"},\"query-input\":{\"@type\":\"PropertyValueSpecification\",\"valueRequired\":true,\"valueName\":\"search_term_string\"}}],\"inLanguage\":\"fr-FR\"}]}<\/script>\n<!-- \/ Yoast SEO plugin. -->","yoast_head_json":{"title":"Moulure murale en polyur\u00e9thane HW-3","robots":{"index":"index","follow":"follow","max-snippet":"max-snippet:-1","max-image-preview":"max-image-preview:large","max-video-preview":"max-video-preview:-1"},"canonical":"https:\/\/filicdecor.com\/fr\/poliuretanska-zidna-lajsna-hw-3\/","og_locale":"fr_FR","og_type":"article","og_title":"Poliuretanska zidna lajsna HW-3 - Dekorativni stiropor | Fili\u0107 Decor | Fili\u0107","og_description":"Dimenzije:\u00a04,7cm x 0,8cm x 200cm Proizvo\u0111a\u010d:\u00a0\u00a0Marbet Design Materijal:\u00a0Poliuretan Preporu\u010dene komponente: Pogodan lepak -\u00a0TITAN SUPER","og_url":"https:\/\/filicdecor.com\/fr\/poliuretanska-zidna-lajsna-hw-3\/","og_site_name":"Dekorativni stiropor | Fili\u0107 Decor | Fili\u0107","article_modified_time":"2023-12-14T16:55:31+00:00","og_image":[{"width":920,"height":480,"url":"https:\/\/filicdecor.com\/wp-content\/uploads\/2023\/12\/hw3.jpg","type":"image\/jpeg"}],"twitter_card":"summary_large_image","twitter_misc":{"Dur\u00e9e de lecture estim\u00e9e":"1 minute"},"schema":{"@context":"https:\/\/schema.org","@graph":[{"@type":"WebPage","@id":"https:\/\/filicdecor.com\/poliuretanska-zidna-lajsna-hw-3\/","url":"https:\/\/filicdecor.com\/poliuretanska-zidna-lajsna-hw-3\/","name":"Moulure murale en polyur\u00e9thane HW-3","isPartOf":{"@id":"https:\/\/filicdecor.com\/fr\/#website"},"primaryImageOfPage":{"@id":"https:\/\/filicdecor.com\/poliuretanska-zidna-lajsna-hw-3\/#primaryimage"},"image":{"@id":"https:\/\/filicdecor.com\/poliuretanska-zidna-lajsna-hw-3\/#primaryimage"},"thumbnailUrl":"https:\/\/filicdecor.com\/wp-content\/uploads\/2023\/12\/hw3.jpg","datePublished":"2023-12-14T16:54:48+00:00","dateModified":"2023-12-14T16:55:31+00:00","breadcrumb":{"@id":"https:\/\/filicdecor.com\/poliuretanska-zidna-lajsna-hw-3\/#breadcrumb"},"inLanguage":"fr-FR","potentialAction":[{"@type":"ReadAction","target":["https:\/\/filicdecor.com\/poliuretanska-zidna-lajsna-hw-3\/"]}]},{"@type":"ImageObject","inLanguage":"fr-FR","@id":"https:\/\/filicdecor.com\/poliuretanska-zidna-lajsna-hw-3\/#primaryimage","url":"https:\/\/filicdecor.com\/wp-content\/uploads\/2023\/12\/hw3.jpg","contentUrl":"https:\/\/filicdecor.com\/wp-content\/uploads\/2023\/12\/hw3.jpg","width":920,"height":480},{"@type":"BreadcrumbList","@id":"https:\/\/filicdecor.com\/poliuretanska-zidna-lajsna-hw-3\/#breadcrumb","itemListElement":[{"@type":"ListItem","position":1,"name":"Po\u010detna","item":"https:\/\/filicdecor.com\/"},{"@type":"ListItem","position":2,"name":"Shop","item":"https:\/\/filicdecor.com\/shop\/"},{"@type":"ListItem","position":3,"name":"Poliuretanska zidna lajsna HW-3"}]},{"@type":"WebSite","@id":"https:\/\/filicdecor.com\/fr\/#website","url":"https:\/\/filicdecor.com\/fr\/","name":"Polystyr\u00e8ne d\u00e9coratif | D\u00e9cor Fili\u0107 | Filic","description":"| - Fili\u0107 Fasade za poneti","potentialAction":[{"@type":"SearchAction","target":{"@type":"EntryPoint","urlTemplate":"https:\/\/filicdecor.com\/fr\/?s={search_term_string}"},"query-input":{"@type":"PropertyValueSpecification","valueRequired":true,"valueName":"search_term_string"}}],"inLanguage":"fr-FR"}]}},"_links":{"self":[{"href":"https:\/\/filicdecor.com\/fr\/wp-json\/wp\/v2\/product\/3721","targetHints":{"allow":["GET"]}}],"collection":[{"href":"https:\/\/filicdecor.com\/fr\/wp-json\/wp\/v2\/product"}],"about":[{"href":"https:\/\/filicdecor.com\/fr\/wp-json\/wp\/v2\/types\/product"}],"version-history":[{"count":1,"href":"https:\/\/filicdecor.com\/fr\/wp-json\/wp\/v2\/product\/3721\/revisions"}],"predecessor-version":[{"id":3724,"href":"https:\/\/filicdecor.com\/fr\/wp-json\/wp\/v2\/product\/3721\/revisions\/3724"}],"wp:featuredmedia":[{"embeddable":true,"href":"https:\/\/filicdecor.com\/fr\/wp-json\/wp\/v2\/media\/3723"}],"wp:attachment":[{"href":"https:\/\/filicdecor.com\/fr\/wp-json\/wp\/v2\/media?parent=3721"}],"wp:term":[{"taxonomy":"product_brand","embeddable":true,"href":"https:\/\/filicdecor.com\/fr\/wp-json\/wp\/v2\/product_brand?post=3721"},{"taxonomy":"product_cat","embeddable":true,"href":"https:\/\/filicdecor.com\/fr\/wp-json\/wp\/v2\/product_cat?post=3721"},{"taxonomy":"product_tag","embeddable":true,"href":"https:\/\/filicdecor.com\/fr\/wp-json\/wp\/v2\/product_tag?post=3721"}],"curies":[{"name":"wp","href":"https:\/\/api.w.org\/{rel}","templated":true}]}}