{"id":3667,"date":"2023-12-14T16:42:02","date_gmt":"2023-12-14T16:42:02","guid":{"rendered":"https:\/\/filicdecor.com\/?post_type=product&#038;p=3667"},"modified":"2024-08-13T13:38:10","modified_gmt":"2024-08-13T13:38:10","slug":"plafonska-obloga-len-bez-falca","status":"publish","type":"product","link":"https:\/\/filicdecor.com\/fr\/plafonska-obloga-len-bez-falca\/","title":{"rendered":"Plaque polystyr\u00e8ne plafond Len sans couture"},"content":{"rendered":"<p>En raison de sa grande surface, le plafond est l\u2019\u00e9l\u00e9ment le plus important de toute pi\u00e8ce et peut compl\u00e8tement changer ses caract\u00e9ristiques gr\u00e2ce \u00e0 un design cr\u00e9atif. C'est pourquoi le bon choix du rev\u00eatement de plafond est important. Les rev\u00eatements de plafond impressionnent par leur fonctionnalit\u00e9, comme l'isolation thermique et phonique, mais ils cachent en outre astucieusement toutes les fissures et d\u00e9fauts des plafonds. Gr\u00e2ce au polystyr\u00e8ne l\u00e9ger, les rev\u00eatements de plafond d\u00e9coratifs peuvent \u00eatre facilement fix\u00e9s au plafond par simple collage.<\/p>\n<ul dir=\"ltr\">\n<li>Ils sont tr\u00e8s faciles \u00e0 entretenir et \u00e0 installer.<\/li>\n<li>Polystyr\u00e8ne expans\u00e9 - mat\u00e9riau \u00e9cologique et l\u00e9ger.<\/li>\n<li>Les rev\u00eatements peuvent \u00eatre recouverts de toutes les peintures acryliques et \u00e0 l'eau.<\/li>\n<li>Ils sont recommand\u00e9s pour une utilisation en int\u00e9rieur et peuvent \u00eatre utilis\u00e9s dans les sous-sols et les pi\u00e8ces humides.<\/li>\n<\/ul>\n<p><strong>En tant que fabricant, nous offrons la possibilit\u00e9 de r\u00e9aliser et de commander des rev\u00eatements de plafond dans des \u00e9paisseurs allant jusqu'\u00e0 3 cm.<\/strong><\/p>","protected":false},"excerpt":{"rendered":"<p><strong>Dimensions:<\/strong>\u00a050cm x 50cm x 1cm<br \/>\n<strong>Fabricant:\u00a0\u00a0<\/strong>Marbet Design<br \/>\n<strong>Mat\u00e9riel:\u00a0<\/strong>Polystyr\u00e8ne expans\u00e9 - PSE<br \/>\n<strong>Composants recommand\u00e9s<\/strong>:<br \/>\nColle appropri\u00e9e - TITAN PLUS, TITAN SUPER<\/p>\n<p><img decoding=\"async\" class=\"alignnone size-full wp-image-1740\" src=\"https:\/\/filicdecor.com\/wp-content\/uploads\/2023\/12\/MarbetDesignLogo.png\" alt=\"\" width=\"189\" height=\"28\" srcset=\"https:\/\/filicdecor.com\/wp-content\/uploads\/2023\/12\/MarbetDesignLogo.png 189w, https:\/\/filicdecor.com\/wp-content\/uploads\/2023\/12\/MarbetDesignLogo-150x22.png 150w\" sizes=\"(max-width: 189px) 100vw, 189px\" \/><\/p>","protected":false},"featured_media":3668,"template":"","meta":[],"product_brand":[],"product_cat":[191],"product_tag":[],"class_list":{"0":"post-3667","1":"product","2":"type-product","3":"status-publish","4":"has-post-thumbnail","6":"product_cat-plafonske-obloge","8":"first","9":"instock","10":"shipping-taxable","11":"purchasable","12":"product-type-simple"},"yoast_head":"<!-- This site is optimized with the Yoast SEO plugin v27.4 - https:\/\/yoast.com\/product\/yoast-seo-wordpress\/ -->\n<title>Plafonska obloga Len bez falca - Dekorativni stiropor | Fili\u0107 Decor | Fili\u0107<\/title>\n<meta name=\"robots\" content=\"index, follow, max-snippet:-1, max-image-preview:large, max-video-preview:-1\" \/>\n<link rel=\"canonical\" href=\"https:\/\/filicdecor.com\/fr\/plafonska-obloga-len-bez-falca\/\" \/>\n<meta property=\"og:locale\" content=\"fr_FR\" \/>\n<meta property=\"og:type\" content=\"article\" \/>\n<meta property=\"og:title\" content=\"Plafonska obloga Len bez falca - Dekorativni stiropor | Fili\u0107 Decor | Fili\u0107\" \/>\n<meta property=\"og:description\" content=\"Dimenzije:\u00a050cm x 50cm x 1cm Proizvo\u0111a\u010d:\u00a0\u00a0Marbet Design Materijal:\u00a0Ekspandirani polistiren - EPS Preporu\u010dene komponente: Pogodan lepak -\u00a0TITAN PLUS,\u00a0TITAN SUPER\" \/>\n<meta property=\"og:url\" content=\"https:\/\/filicdecor.com\/fr\/plafonska-obloga-len-bez-falca\/\" \/>\n<meta property=\"og:site_name\" content=\"Dekorativni stiropor | Fili\u0107 Decor | Fili\u0107\" \/>\n<meta property=\"article:modified_time\" content=\"2024-08-13T13:38:10+00:00\" \/>\n<meta property=\"og:image\" content=\"https:\/\/filicdecor.com\/wp-content\/uploads\/2023\/12\/Len.webp\" \/>\n\t<meta property=\"og:image:width\" content=\"920\" \/>\n\t<meta property=\"og:image:height\" content=\"480\" \/>\n\t<meta property=\"og:image:type\" content=\"image\/webp\" \/>\n<meta name=\"twitter:card\" content=\"summary_large_image\" \/>\n<meta name=\"twitter:label1\" content=\"Dur\u00e9e de lecture estim\u00e9e\" \/>\n\t<meta name=\"twitter:data1\" content=\"1 minute\" \/>\n<script type=\"application\/ld+json\" class=\"yoast-schema-graph\">{\"@context\":\"https:\\\/\\\/schema.org\",\"@graph\":[{\"@type\":\"WebPage\",\"@id\":\"https:\\\/\\\/filicdecor.com\\\/plafonska-obloga-len-bez-falca\\\/\",\"url\":\"https:\\\/\\\/filicdecor.com\\\/plafonska-obloga-len-bez-falca\\\/\",\"name\":\"Plafonska obloga Len bez falca - Dekorativni stiropor | Fili\u0107 Decor | Fili\u0107\",\"isPartOf\":{\"@id\":\"https:\\\/\\\/filicdecor.com\\\/fr\\\/#website\"},\"primaryImageOfPage\":{\"@id\":\"https:\\\/\\\/filicdecor.com\\\/plafonska-obloga-len-bez-falca\\\/#primaryimage\"},\"image\":{\"@id\":\"https:\\\/\\\/filicdecor.com\\\/plafonska-obloga-len-bez-falca\\\/#primaryimage\"},\"thumbnailUrl\":\"https:\\\/\\\/filicdecor.com\\\/wp-content\\\/uploads\\\/2023\\\/12\\\/Len.webp\",\"datePublished\":\"2023-12-14T16:42:02+00:00\",\"dateModified\":\"2024-08-13T13:38:10+00:00\",\"breadcrumb\":{\"@id\":\"https:\\\/\\\/filicdecor.com\\\/plafonska-obloga-len-bez-falca\\\/#breadcrumb\"},\"inLanguage\":\"fr-FR\",\"potentialAction\":[{\"@type\":\"ReadAction\",\"target\":[\"https:\\\/\\\/filicdecor.com\\\/plafonska-obloga-len-bez-falca\\\/\"]}]},{\"@type\":\"ImageObject\",\"inLanguage\":\"fr-FR\",\"@id\":\"https:\\\/\\\/filicdecor.com\\\/plafonska-obloga-len-bez-falca\\\/#primaryimage\",\"url\":\"https:\\\/\\\/filicdecor.com\\\/wp-content\\\/uploads\\\/2023\\\/12\\\/Len.webp\",\"contentUrl\":\"https:\\\/\\\/filicdecor.com\\\/wp-content\\\/uploads\\\/2023\\\/12\\\/Len.webp\",\"width\":920,\"height\":480},{\"@type\":\"BreadcrumbList\",\"@id\":\"https:\\\/\\\/filicdecor.com\\\/plafonska-obloga-len-bez-falca\\\/#breadcrumb\",\"itemListElement\":[{\"@type\":\"ListItem\",\"position\":1,\"name\":\"\u041f\u043e\u0447\u0435\u0442\u043d\u0430\",\"item\":\"https:\\\/\\\/filicdecor.com\\\/\"},{\"@type\":\"ListItem\",\"position\":2,\"name\":\"Shop\",\"item\":\"https:\\\/\\\/filicdecor.com\\\/shop\\\/\"},{\"@type\":\"ListItem\",\"position\":3,\"name\":\"Plafonska obloga Len bez falca\"}]},{\"@type\":\"WebSite\",\"@id\":\"https:\\\/\\\/filicdecor.com\\\/fr\\\/#website\",\"url\":\"https:\\\/\\\/filicdecor.com\\\/fr\\\/\",\"name\":\"Dekorativni stiropor | Fili\u0107 Decor | Fili\u0107\",\"description\":\"| - Fili\u0107 Fasade za poneti\",\"potentialAction\":[{\"@type\":\"SearchAction\",\"target\":{\"@type\":\"EntryPoint\",\"urlTemplate\":\"https:\\\/\\\/filicdecor.com\\\/fr\\\/?s={search_term_string}\"},\"query-input\":{\"@type\":\"PropertyValueSpecification\",\"valueRequired\":true,\"valueName\":\"search_term_string\"}}],\"inLanguage\":\"fr-FR\"}]}<\/script>\n<!-- \/ Yoast SEO plugin. -->","yoast_head_json":{"title":"Plafonska obloga Len bez falca - Dekorativni stiropor | Fili\u0107 Decor | Fili\u0107","robots":{"index":"index","follow":"follow","max-snippet":"max-snippet:-1","max-image-preview":"max-image-preview:large","max-video-preview":"max-video-preview:-1"},"canonical":"https:\/\/filicdecor.com\/fr\/plafonska-obloga-len-bez-falca\/","og_locale":"fr_FR","og_type":"article","og_title":"Plafonska obloga Len bez falca - Dekorativni stiropor | Fili\u0107 Decor | Fili\u0107","og_description":"Dimenzije:\u00a050cm x 50cm x 1cm Proizvo\u0111a\u010d:\u00a0\u00a0Marbet Design Materijal:\u00a0Ekspandirani polistiren - EPS Preporu\u010dene komponente: Pogodan lepak -\u00a0TITAN PLUS,\u00a0TITAN SUPER","og_url":"https:\/\/filicdecor.com\/fr\/plafonska-obloga-len-bez-falca\/","og_site_name":"Dekorativni stiropor | Fili\u0107 Decor | Fili\u0107","article_modified_time":"2024-08-13T13:38:10+00:00","og_image":[{"width":920,"height":480,"url":"https:\/\/filicdecor.com\/wp-content\/uploads\/2023\/12\/Len.webp","type":"image\/webp"}],"twitter_card":"summary_large_image","twitter_misc":{"Dur\u00e9e de lecture estim\u00e9e":"1 minute"},"schema":{"@context":"https:\/\/schema.org","@graph":[{"@type":"WebPage","@id":"https:\/\/filicdecor.com\/plafonska-obloga-len-bez-falca\/","url":"https:\/\/filicdecor.com\/plafonska-obloga-len-bez-falca\/","name":"Plafonska obloga Len bez falca - Dekorativni stiropor | Fili\u0107 Decor | Fili\u0107","isPartOf":{"@id":"https:\/\/filicdecor.com\/fr\/#website"},"primaryImageOfPage":{"@id":"https:\/\/filicdecor.com\/plafonska-obloga-len-bez-falca\/#primaryimage"},"image":{"@id":"https:\/\/filicdecor.com\/plafonska-obloga-len-bez-falca\/#primaryimage"},"thumbnailUrl":"https:\/\/filicdecor.com\/wp-content\/uploads\/2023\/12\/Len.webp","datePublished":"2023-12-14T16:42:02+00:00","dateModified":"2024-08-13T13:38:10+00:00","breadcrumb":{"@id":"https:\/\/filicdecor.com\/plafonska-obloga-len-bez-falca\/#breadcrumb"},"inLanguage":"fr-FR","potentialAction":[{"@type":"ReadAction","target":["https:\/\/filicdecor.com\/plafonska-obloga-len-bez-falca\/"]}]},{"@type":"ImageObject","inLanguage":"fr-FR","@id":"https:\/\/filicdecor.com\/plafonska-obloga-len-bez-falca\/#primaryimage","url":"https:\/\/filicdecor.com\/wp-content\/uploads\/2023\/12\/Len.webp","contentUrl":"https:\/\/filicdecor.com\/wp-content\/uploads\/2023\/12\/Len.webp","width":920,"height":480},{"@type":"BreadcrumbList","@id":"https:\/\/filicdecor.com\/plafonska-obloga-len-bez-falca\/#breadcrumb","itemListElement":[{"@type":"ListItem","position":1,"name":"Po\u010detna","item":"https:\/\/filicdecor.com\/"},{"@type":"ListItem","position":2,"name":"Shop","item":"https:\/\/filicdecor.com\/shop\/"},{"@type":"ListItem","position":3,"name":"Plafonska obloga Len bez falca"}]},{"@type":"WebSite","@id":"https:\/\/filicdecor.com\/fr\/#website","url":"https:\/\/filicdecor.com\/fr\/","name":"Polystyr\u00e8ne d\u00e9coratif | D\u00e9cor Fili\u0107 | Filic","description":"| - Fili\u0107 Fasade za poneti","potentialAction":[{"@type":"SearchAction","target":{"@type":"EntryPoint","urlTemplate":"https:\/\/filicdecor.com\/fr\/?s={search_term_string}"},"query-input":{"@type":"PropertyValueSpecification","valueRequired":true,"valueName":"search_term_string"}}],"inLanguage":"fr-FR"}]}},"_links":{"self":[{"href":"https:\/\/filicdecor.com\/fr\/wp-json\/wp\/v2\/product\/3667","targetHints":{"allow":["GET"]}}],"collection":[{"href":"https:\/\/filicdecor.com\/fr\/wp-json\/wp\/v2\/product"}],"about":[{"href":"https:\/\/filicdecor.com\/fr\/wp-json\/wp\/v2\/types\/product"}],"version-history":[{"count":2,"href":"https:\/\/filicdecor.com\/fr\/wp-json\/wp\/v2\/product\/3667\/revisions"}],"predecessor-version":[{"id":6728,"href":"https:\/\/filicdecor.com\/fr\/wp-json\/wp\/v2\/product\/3667\/revisions\/6728"}],"wp:featuredmedia":[{"embeddable":true,"href":"https:\/\/filicdecor.com\/fr\/wp-json\/wp\/v2\/media\/3668"}],"wp:attachment":[{"href":"https:\/\/filicdecor.com\/fr\/wp-json\/wp\/v2\/media?parent=3667"}],"wp:term":[{"taxonomy":"product_brand","embeddable":true,"href":"https:\/\/filicdecor.com\/fr\/wp-json\/wp\/v2\/product_brand?post=3667"},{"taxonomy":"product_cat","embeddable":true,"href":"https:\/\/filicdecor.com\/fr\/wp-json\/wp\/v2\/product_cat?post=3667"},{"taxonomy":"product_tag","embeddable":true,"href":"https:\/\/filicdecor.com\/fr\/wp-json\/wp\/v2\/product_tag?post=3667"}],"curies":[{"name":"wp","href":"https:\/\/api.w.org\/{rel}","templated":true}]}}