{"id":3462,"date":"2023-12-14T15:32:26","date_gmt":"2023-12-14T15:32:26","guid":{"rendered":"https:\/\/filicdecor.com\/?post_type=product&#038;p=3462"},"modified":"2023-12-14T15:33:06","modified_gmt":"2023-12-14T15:33:06","slug":"fasadni-okrugli-stub-od-stiropora-o30-fs-6-r","status":"publish","type":"product","link":"https:\/\/filicdecor.com\/fr\/fasadni-okrugli-stub-od-stiropora-o30-fs-6-r\/","title":{"rendered":"Colonne de fa\u00e7ade ronde en polystyr\u00e8ne \u00f830 FS-6 R"},"content":{"rendered":"<p><strong>Colonnes de fa\u00e7ade<\/strong>\u00a0sont fabriqu\u00e9s en EPS dur (styromousse), sont prot\u00e9g\u00e9s par un pl\u00e2tre acrylique-polyur\u00e9thane et peuvent \u00eatre plats ou coniques.<br \/>\nLes b\u00e2tons plats sont des b\u00e2tons dont le diam\u00e8tre est le m\u00eame sur les c\u00f4t\u00e9s inf\u00e9rieur et sup\u00e9rieur, et les b\u00e2tons coniques ont un diam\u00e8tre plus grand dans la partie inf\u00e9rieure du corps.<br \/>\nL'enduit protecteur acrylique-polyur\u00e9thane pr\u00e9sente une r\u00e9sistance exceptionnelle aux chocs m\u00e9caniques, est imperm\u00e9able, incombustible, antigel, de couleur blanche, et donc adapt\u00e9 \u00e0 la peinture de toute autre couleur.<br \/>\nVous pouvez commander des colonnes dans n'importe quelle dimension du diam\u00e8tre ext\u00e9rieur et dans n'importe quelle \u00e9paisseur.<br \/>\nUne fa\u00e7on id\u00e9ale de rev\u00eatir des piliers en b\u00e9ton et d\u2019en faire les plus beaux d\u00e9tails de votre maison.<\/p>\n<p>Les colonnes (rev\u00eatements de colonnes) sont constitu\u00e9es des \u00e9l\u00e9ments suivants :<br \/>\n&#8211;\u00a0<strong>Chapiteau de la colonne<\/strong>\u00a0qui peut \u00eatre dorique, ionique ou corinthien.<br \/>\nLes chapiteaux corinthiens et ioniques sont en polyur\u00e9thane ou en EPS coul\u00e9 et en pl\u00e2tre protecteur acrylique-polyur\u00e9thane, ils sont disponibles uniquement dans les dimensions sp\u00e9cifi\u00e9es.<br \/>\nLes chapiteaux doriques peuvent \u00eatre r\u00e9alis\u00e9s dans n'importe quelle dimension.<br \/>\n&#8211;\u00a0<strong>Corps de colonnes<\/strong>, qui peut \u00eatre rainur\u00e9 (nervur\u00e9) ou lisse et est disponible pour la production dans les dimensions que vous souhaitez.<br \/>\n&#8211;\u00a0<strong>Base de colonne\u00a0<\/strong>qui peut \u00eatre de n'importe quelle dimension et sous n'importe quelle forme, quel que soit le mod\u00e8le.<br \/>\n&#8211;\u00a0<strong>socles (cubes)<\/strong>\u00a0adaptable \u00e0 toutes les formes et dimensions.<\/p>","protected":false},"excerpt":{"rendered":"<div class=\"full-text\">\n<div class=\"full-text\">\n<p><strong>Dimensions:<\/strong>\u00a0\u00f824<br \/>\n<strong>Mat\u00e9riel:<\/strong>\u00a0Polystyr\u00e8ne press\u00e9 dur - EPS<br \/>\nChapiteau en polystyr\u00e8ne assorti\u00a0:\u00a0<strong>SKP-4<\/strong><br \/>\nCapital polyur\u00e9thane assorti :<strong>\u00a0PKP-4<\/strong><br \/>\nSupport appropri\u00e9\u00a0:\u00a0<strong>FSP-4<\/strong><\/p>\n<\/div>\n<\/div>","protected":false},"featured_media":3463,"template":"","meta":[],"product_brand":[],"product_cat":[73,190,187],"product_tag":[],"class_list":{"0":"post-3462","1":"product","2":"type-product","3":"status-publish","4":"has-post-thumbnail","6":"product_cat-dekorativni-stubovi-i-pilasteri","7":"product_cat-okrugli-stubovi-stubovi-od-stiropora","8":"product_cat-stubovi-od-stiropora","10":"first","11":"onbackorder","12":"shipping-taxable","13":"purchasable","14":"product-type-simple"},"yoast_head":"<!-- This site is optimized with the Yoast SEO plugin v27.4 - https:\/\/yoast.com\/product\/yoast-seo-wordpress\/ -->\n<title>Fasadni okrugli stub od stiropora \u00f830 FS-6 R - Dekorativni stiropor | Fili\u0107 Decor | Fili\u0107<\/title>\n<meta name=\"robots\" content=\"index, follow, max-snippet:-1, max-image-preview:large, max-video-preview:-1\" \/>\n<link rel=\"canonical\" href=\"https:\/\/filicdecor.com\/fr\/fasadni-okrugli-stub-od-stiropora-o30-fs-6-r\/\" \/>\n<meta property=\"og:locale\" content=\"fr_FR\" \/>\n<meta property=\"og:type\" content=\"article\" \/>\n<meta property=\"og:title\" content=\"Fasadni okrugli stub od stiropora \u00f830 FS-6 R - Dekorativni stiropor | Fili\u0107 Decor | Fili\u0107\" \/>\n<meta property=\"og:description\" content=\"Dimenzije:\u00a0\u00f824 Materijal:\u00a0Tvrdo presovani polistirol - EPS Odgovaraju\u0107i kapitel od stiropora:\u00a0SKP-4 Odgovaraju\u0107i kapitel od poliuretana:\u00a0PKP-4 Odgovaraju\u0107e postolje:\u00a0FSP-4\" \/>\n<meta property=\"og:url\" content=\"https:\/\/filicdecor.com\/fr\/fasadni-okrugli-stub-od-stiropora-o30-fs-6-r\/\" \/>\n<meta property=\"og:site_name\" content=\"Dekorativni stiropor | Fili\u0107 Decor | Fili\u0107\" \/>\n<meta property=\"article:modified_time\" content=\"2023-12-14T15:33:06+00:00\" \/>\n<meta property=\"og:image\" content=\"https:\/\/filicdecor.com\/wp-content\/uploads\/2023\/12\/TELO-R-2.webp\" \/>\n\t<meta property=\"og:image:width\" content=\"920\" \/>\n\t<meta property=\"og:image:height\" content=\"480\" \/>\n\t<meta property=\"og:image:type\" content=\"image\/webp\" \/>\n<meta name=\"twitter:card\" content=\"summary_large_image\" \/>\n<meta name=\"twitter:label1\" content=\"Dur\u00e9e de lecture estim\u00e9e\" \/>\n\t<meta name=\"twitter:data1\" content=\"1 minute\" \/>\n<script type=\"application\/ld+json\" class=\"yoast-schema-graph\">{\"@context\":\"https:\\\/\\\/schema.org\",\"@graph\":[{\"@type\":\"WebPage\",\"@id\":\"https:\\\/\\\/filicdecor.com\\\/fasadni-okrugli-stub-od-stiropora-o30-fs-6-r\\\/\",\"url\":\"https:\\\/\\\/filicdecor.com\\\/fasadni-okrugli-stub-od-stiropora-o30-fs-6-r\\\/\",\"name\":\"Fasadni okrugli stub od stiropora \u00f830 FS-6 R - Dekorativni stiropor | Fili\u0107 Decor | Fili\u0107\",\"isPartOf\":{\"@id\":\"https:\\\/\\\/filicdecor.com\\\/fr\\\/#website\"},\"primaryImageOfPage\":{\"@id\":\"https:\\\/\\\/filicdecor.com\\\/fasadni-okrugli-stub-od-stiropora-o30-fs-6-r\\\/#primaryimage\"},\"image\":{\"@id\":\"https:\\\/\\\/filicdecor.com\\\/fasadni-okrugli-stub-od-stiropora-o30-fs-6-r\\\/#primaryimage\"},\"thumbnailUrl\":\"https:\\\/\\\/filicdecor.com\\\/wp-content\\\/uploads\\\/2023\\\/12\\\/TELO-R-2.webp\",\"datePublished\":\"2023-12-14T15:32:26+00:00\",\"dateModified\":\"2023-12-14T15:33:06+00:00\",\"breadcrumb\":{\"@id\":\"https:\\\/\\\/filicdecor.com\\\/fasadni-okrugli-stub-od-stiropora-o30-fs-6-r\\\/#breadcrumb\"},\"inLanguage\":\"fr-FR\",\"potentialAction\":[{\"@type\":\"ReadAction\",\"target\":[\"https:\\\/\\\/filicdecor.com\\\/fasadni-okrugli-stub-od-stiropora-o30-fs-6-r\\\/\"]}]},{\"@type\":\"ImageObject\",\"inLanguage\":\"fr-FR\",\"@id\":\"https:\\\/\\\/filicdecor.com\\\/fasadni-okrugli-stub-od-stiropora-o30-fs-6-r\\\/#primaryimage\",\"url\":\"https:\\\/\\\/filicdecor.com\\\/wp-content\\\/uploads\\\/2023\\\/12\\\/TELO-R-2.webp\",\"contentUrl\":\"https:\\\/\\\/filicdecor.com\\\/wp-content\\\/uploads\\\/2023\\\/12\\\/TELO-R-2.webp\",\"width\":920,\"height\":480},{\"@type\":\"BreadcrumbList\",\"@id\":\"https:\\\/\\\/filicdecor.com\\\/fasadni-okrugli-stub-od-stiropora-o30-fs-6-r\\\/#breadcrumb\",\"itemListElement\":[{\"@type\":\"ListItem\",\"position\":1,\"name\":\"\u041f\u043e\u0447\u0435\u0442\u043d\u0430\",\"item\":\"https:\\\/\\\/filicdecor.com\\\/\"},{\"@type\":\"ListItem\",\"position\":2,\"name\":\"Shop\",\"item\":\"https:\\\/\\\/filicdecor.com\\\/shop\\\/\"},{\"@type\":\"ListItem\",\"position\":3,\"name\":\"Fasadni okrugli stub od stiropora \u00f830 FS-6 R\"}]},{\"@type\":\"WebSite\",\"@id\":\"https:\\\/\\\/filicdecor.com\\\/fr\\\/#website\",\"url\":\"https:\\\/\\\/filicdecor.com\\\/fr\\\/\",\"name\":\"Dekorativni stiropor | Fili\u0107 Decor | Fili\u0107\",\"description\":\"| - Fili\u0107 Fasade za poneti\",\"potentialAction\":[{\"@type\":\"SearchAction\",\"target\":{\"@type\":\"EntryPoint\",\"urlTemplate\":\"https:\\\/\\\/filicdecor.com\\\/fr\\\/?s={search_term_string}\"},\"query-input\":{\"@type\":\"PropertyValueSpecification\",\"valueRequired\":true,\"valueName\":\"search_term_string\"}}],\"inLanguage\":\"fr-FR\"}]}<\/script>\n<!-- \/ Yoast SEO plugin. -->","yoast_head_json":{"title":"Colonne ronde de fa\u00e7ade en polystyr\u00e8ne \u00f830 FS-6 R - Polystyr\u00e8ne d\u00e9coratif | D\u00e9cor Fili\u0107 | Filic","robots":{"index":"index","follow":"follow","max-snippet":"max-snippet:-1","max-image-preview":"max-image-preview:large","max-video-preview":"max-video-preview:-1"},"canonical":"https:\/\/filicdecor.com\/fr\/fasadni-okrugli-stub-od-stiropora-o30-fs-6-r\/","og_locale":"fr_FR","og_type":"article","og_title":"Fasadni okrugli stub od stiropora \u00f830 FS-6 R - Dekorativni stiropor | Fili\u0107 Decor | Fili\u0107","og_description":"Dimenzije:\u00a0\u00f824 Materijal:\u00a0Tvrdo presovani polistirol - EPS Odgovaraju\u0107i kapitel od stiropora:\u00a0SKP-4 Odgovaraju\u0107i kapitel od poliuretana:\u00a0PKP-4 Odgovaraju\u0107e postolje:\u00a0FSP-4","og_url":"https:\/\/filicdecor.com\/fr\/fasadni-okrugli-stub-od-stiropora-o30-fs-6-r\/","og_site_name":"Dekorativni stiropor | Fili\u0107 Decor | Fili\u0107","article_modified_time":"2023-12-14T15:33:06+00:00","og_image":[{"width":920,"height":480,"url":"https:\/\/filicdecor.com\/wp-content\/uploads\/2023\/12\/TELO-R-2.webp","type":"image\/webp"}],"twitter_card":"summary_large_image","twitter_misc":{"Dur\u00e9e de lecture estim\u00e9e":"1 minute"},"schema":{"@context":"https:\/\/schema.org","@graph":[{"@type":"WebPage","@id":"https:\/\/filicdecor.com\/fasadni-okrugli-stub-od-stiropora-o30-fs-6-r\/","url":"https:\/\/filicdecor.com\/fasadni-okrugli-stub-od-stiropora-o30-fs-6-r\/","name":"Colonne ronde de fa\u00e7ade en polystyr\u00e8ne \u00f830 FS-6 R - Polystyr\u00e8ne d\u00e9coratif | D\u00e9cor Fili\u0107 | Filic","isPartOf":{"@id":"https:\/\/filicdecor.com\/fr\/#website"},"primaryImageOfPage":{"@id":"https:\/\/filicdecor.com\/fasadni-okrugli-stub-od-stiropora-o30-fs-6-r\/#primaryimage"},"image":{"@id":"https:\/\/filicdecor.com\/fasadni-okrugli-stub-od-stiropora-o30-fs-6-r\/#primaryimage"},"thumbnailUrl":"https:\/\/filicdecor.com\/wp-content\/uploads\/2023\/12\/TELO-R-2.webp","datePublished":"2023-12-14T15:32:26+00:00","dateModified":"2023-12-14T15:33:06+00:00","breadcrumb":{"@id":"https:\/\/filicdecor.com\/fasadni-okrugli-stub-od-stiropora-o30-fs-6-r\/#breadcrumb"},"inLanguage":"fr-FR","potentialAction":[{"@type":"ReadAction","target":["https:\/\/filicdecor.com\/fasadni-okrugli-stub-od-stiropora-o30-fs-6-r\/"]}]},{"@type":"ImageObject","inLanguage":"fr-FR","@id":"https:\/\/filicdecor.com\/fasadni-okrugli-stub-od-stiropora-o30-fs-6-r\/#primaryimage","url":"https:\/\/filicdecor.com\/wp-content\/uploads\/2023\/12\/TELO-R-2.webp","contentUrl":"https:\/\/filicdecor.com\/wp-content\/uploads\/2023\/12\/TELO-R-2.webp","width":920,"height":480},{"@type":"BreadcrumbList","@id":"https:\/\/filicdecor.com\/fasadni-okrugli-stub-od-stiropora-o30-fs-6-r\/#breadcrumb","itemListElement":[{"@type":"ListItem","position":1,"name":"Po\u010detna","item":"https:\/\/filicdecor.com\/"},{"@type":"ListItem","position":2,"name":"Shop","item":"https:\/\/filicdecor.com\/shop\/"},{"@type":"ListItem","position":3,"name":"Fasadni okrugli stub od stiropora \u00f830 FS-6 R"}]},{"@type":"WebSite","@id":"https:\/\/filicdecor.com\/fr\/#website","url":"https:\/\/filicdecor.com\/fr\/","name":"Polystyr\u00e8ne d\u00e9coratif | D\u00e9cor Fili\u0107 | Filic","description":"| - Fili\u0107 Fasade za poneti","potentialAction":[{"@type":"SearchAction","target":{"@type":"EntryPoint","urlTemplate":"https:\/\/filicdecor.com\/fr\/?s={search_term_string}"},"query-input":{"@type":"PropertyValueSpecification","valueRequired":true,"valueName":"search_term_string"}}],"inLanguage":"fr-FR"}]}},"_links":{"self":[{"href":"https:\/\/filicdecor.com\/fr\/wp-json\/wp\/v2\/product\/3462","targetHints":{"allow":["GET"]}}],"collection":[{"href":"https:\/\/filicdecor.com\/fr\/wp-json\/wp\/v2\/product"}],"about":[{"href":"https:\/\/filicdecor.com\/fr\/wp-json\/wp\/v2\/types\/product"}],"version-history":[{"count":1,"href":"https:\/\/filicdecor.com\/fr\/wp-json\/wp\/v2\/product\/3462\/revisions"}],"predecessor-version":[{"id":3466,"href":"https:\/\/filicdecor.com\/fr\/wp-json\/wp\/v2\/product\/3462\/revisions\/3466"}],"wp:featuredmedia":[{"embeddable":true,"href":"https:\/\/filicdecor.com\/fr\/wp-json\/wp\/v2\/media\/3463"}],"wp:attachment":[{"href":"https:\/\/filicdecor.com\/fr\/wp-json\/wp\/v2\/media?parent=3462"}],"wp:term":[{"taxonomy":"product_brand","embeddable":true,"href":"https:\/\/filicdecor.com\/fr\/wp-json\/wp\/v2\/product_brand?post=3462"},{"taxonomy":"product_cat","embeddable":true,"href":"https:\/\/filicdecor.com\/fr\/wp-json\/wp\/v2\/product_cat?post=3462"},{"taxonomy":"product_tag","embeddable":true,"href":"https:\/\/filicdecor.com\/fr\/wp-json\/wp\/v2\/product_tag?post=3462"}],"curies":[{"name":"wp","href":"https:\/\/api.w.org\/{rel}","templated":true}]}}