{"id":3381,"date":"2023-12-14T15:16:27","date_gmt":"2023-12-14T15:16:27","guid":{"rendered":"https:\/\/filicdecor.com\/?post_type=product&#038;p=3381"},"modified":"2023-12-14T15:17:39","modified_gmt":"2023-12-14T15:17:39","slug":"postolje-ssp-9-2","status":"publish","type":"product","link":"https:\/\/filicdecor.com\/fr\/postolje-ssp-9-2\/","title":{"rendered":"Support SSP 9\/2"},"content":{"rendered":"<p><strong>Pilastres en L double fa\u00e7ade<\/strong>\u00a0sont constitu\u00e9s de mousse de polystyr\u00e8ne de 34 \u00e0 40 kg\/m\u00b3 recouverte d'un rev\u00eatement acrylique-polyur\u00e9thane de 3 \u00e0 5 mm d'\u00e9paisseur, de couleur blanche, ce qui permet d'\u00e9conomiser du temps et de la peinture.<\/p>\n<p>Les piliers sont constitu\u00e9s des \u00e9l\u00e9ments suivants :<br \/>\n&#8211;<strong>\u00a0des stands<\/strong>\u00a0(qui peut \u00eatre ajust\u00e9 \u00e0 n'importe quelle dimension quel que soit le mod\u00e8le)<br \/>\n&#8211;\u00a0<strong>corps de la colonne<\/strong>\u00a0(qui peut \u00eatre personnalis\u00e9 en taille et en forme)<br \/>\n&#8211;\u00a0<strong>capital<\/strong>\u00a0(les dimensions des chapiteaux standards sont donn\u00e9es, il y a la possibilit\u00e9 de les r\u00e9aliser dans toutes les dimensions ainsi que de les combiner avec des chapiteaux ornementaux de pilastres ordinaires).<\/p>","protected":false},"excerpt":{"rendered":"<p><strong>Dimensions:<\/strong>\u00a039,5cm x 39,5cm<br \/>\n<strong>Mat\u00e9riel:<\/strong>\u00a0Polystyr\u00e8ne press\u00e9 dur<br \/>\nLe socle SSP 9\/2 correspond au pilastre de fa\u00e7ade L SLS 31\/2<br \/>\nLe socle SSP 9\/2 sert \u00e9galement de chapiteau pour le pilastre SLS 31\/2<\/p>","protected":false},"featured_media":3384,"template":"","meta":[],"product_brand":[],"product_cat":[73,189,187],"product_tag":[],"class_list":{"0":"post-3381","1":"product","2":"type-product","3":"status-publish","4":"has-post-thumbnail","6":"product_cat-dekorativni-stubovi-i-pilasteri","7":"product_cat-l-pilasteri","8":"product_cat-stubovi-od-stiropora","10":"first","11":"onbackorder","12":"shipping-taxable","13":"purchasable","14":"product-type-simple"},"yoast_head":"<!-- This site is optimized with the Yoast SEO plugin v27.4 - https:\/\/yoast.com\/product\/yoast-seo-wordpress\/ -->\n<title>Postolje SSP 9\/2 - Dekorativni stiropor | Fili\u0107 Decor | Fili\u0107<\/title>\n<meta name=\"robots\" content=\"index, follow, max-snippet:-1, max-image-preview:large, max-video-preview:-1\" \/>\n<link rel=\"canonical\" href=\"https:\/\/filicdecor.com\/fr\/postolje-ssp-9-2\/\" \/>\n<meta property=\"og:locale\" content=\"fr_FR\" \/>\n<meta property=\"og:type\" content=\"article\" \/>\n<meta property=\"og:title\" content=\"Postolje SSP 9\/2 - Dekorativni stiropor | Fili\u0107 Decor | Fili\u0107\" \/>\n<meta property=\"og:description\" content=\"Dimenzije:\u00a039,5cm x 39,5cm Materijal:\u00a0Tvrdo presovani polistirol Postolje SSP 9\/2\u00a0odgovara fasadnom L pilasteru SLS 31\/2 Postolje SSP 9\/2 koristi se i kao kapitel za pilaster SLS 31\/2\" \/>\n<meta property=\"og:url\" content=\"https:\/\/filicdecor.com\/fr\/postolje-ssp-9-2\/\" \/>\n<meta property=\"og:site_name\" content=\"Dekorativni stiropor | Fili\u0107 Decor | Fili\u0107\" \/>\n<meta property=\"article:modified_time\" content=\"2023-12-14T15:17:39+00:00\" \/>\n<meta property=\"og:image\" content=\"https:\/\/filicdecor.com\/wp-content\/uploads\/2023\/12\/CELOPOSTOLJE.png\" \/>\n\t<meta property=\"og:image:width\" content=\"920\" \/>\n\t<meta property=\"og:image:height\" content=\"480\" \/>\n\t<meta property=\"og:image:type\" content=\"image\/png\" \/>\n<meta name=\"twitter:card\" content=\"summary_large_image\" \/>\n<script type=\"application\/ld+json\" class=\"yoast-schema-graph\">{\"@context\":\"https:\\\/\\\/schema.org\",\"@graph\":[{\"@type\":\"WebPage\",\"@id\":\"https:\\\/\\\/filicdecor.com\\\/postolje-ssp-9-2\\\/\",\"url\":\"https:\\\/\\\/filicdecor.com\\\/postolje-ssp-9-2\\\/\",\"name\":\"Postolje SSP 9\\\/2 - Dekorativni stiropor | Fili\u0107 Decor | Fili\u0107\",\"isPartOf\":{\"@id\":\"https:\\\/\\\/filicdecor.com\\\/fr\\\/#website\"},\"primaryImageOfPage\":{\"@id\":\"https:\\\/\\\/filicdecor.com\\\/postolje-ssp-9-2\\\/#primaryimage\"},\"image\":{\"@id\":\"https:\\\/\\\/filicdecor.com\\\/postolje-ssp-9-2\\\/#primaryimage\"},\"thumbnailUrl\":\"https:\\\/\\\/filicdecor.com\\\/wp-content\\\/uploads\\\/2023\\\/12\\\/CELOPOSTOLJE.png\",\"datePublished\":\"2023-12-14T15:16:27+00:00\",\"dateModified\":\"2023-12-14T15:17:39+00:00\",\"breadcrumb\":{\"@id\":\"https:\\\/\\\/filicdecor.com\\\/postolje-ssp-9-2\\\/#breadcrumb\"},\"inLanguage\":\"fr-FR\",\"potentialAction\":[{\"@type\":\"ReadAction\",\"target\":[\"https:\\\/\\\/filicdecor.com\\\/postolje-ssp-9-2\\\/\"]}]},{\"@type\":\"ImageObject\",\"inLanguage\":\"fr-FR\",\"@id\":\"https:\\\/\\\/filicdecor.com\\\/postolje-ssp-9-2\\\/#primaryimage\",\"url\":\"https:\\\/\\\/filicdecor.com\\\/wp-content\\\/uploads\\\/2023\\\/12\\\/CELOPOSTOLJE.png\",\"contentUrl\":\"https:\\\/\\\/filicdecor.com\\\/wp-content\\\/uploads\\\/2023\\\/12\\\/CELOPOSTOLJE.png\",\"width\":920,\"height\":480},{\"@type\":\"BreadcrumbList\",\"@id\":\"https:\\\/\\\/filicdecor.com\\\/postolje-ssp-9-2\\\/#breadcrumb\",\"itemListElement\":[{\"@type\":\"ListItem\",\"position\":1,\"name\":\"\u041f\u043e\u0447\u0435\u0442\u043d\u0430\",\"item\":\"https:\\\/\\\/filicdecor.com\\\/\"},{\"@type\":\"ListItem\",\"position\":2,\"name\":\"Shop\",\"item\":\"https:\\\/\\\/filicdecor.com\\\/shop\\\/\"},{\"@type\":\"ListItem\",\"position\":3,\"name\":\"Postolje SSP 9\\\/2\"}]},{\"@type\":\"WebSite\",\"@id\":\"https:\\\/\\\/filicdecor.com\\\/fr\\\/#website\",\"url\":\"https:\\\/\\\/filicdecor.com\\\/fr\\\/\",\"name\":\"Dekorativni stiropor | Fili\u0107 Decor | Fili\u0107\",\"description\":\"| - Fili\u0107 Fasade za poneti\",\"potentialAction\":[{\"@type\":\"SearchAction\",\"target\":{\"@type\":\"EntryPoint\",\"urlTemplate\":\"https:\\\/\\\/filicdecor.com\\\/fr\\\/?s={search_term_string}\"},\"query-input\":{\"@type\":\"PropertyValueSpecification\",\"valueRequired\":true,\"valueName\":\"search_term_string\"}}],\"inLanguage\":\"fr-FR\"}]}<\/script>\n<!-- \/ Yoast SEO plugin. -->","yoast_head_json":{"title":"Postolje SSP 9\/2 - Dekorativni stiropor | Fili\u0107 Decor | Fili\u0107","robots":{"index":"index","follow":"follow","max-snippet":"max-snippet:-1","max-image-preview":"max-image-preview:large","max-video-preview":"max-video-preview:-1"},"canonical":"https:\/\/filicdecor.com\/fr\/postolje-ssp-9-2\/","og_locale":"fr_FR","og_type":"article","og_title":"Postolje SSP 9\/2 - Dekorativni stiropor | Fili\u0107 Decor | Fili\u0107","og_description":"Dimenzije:\u00a039,5cm x 39,5cm Materijal:\u00a0Tvrdo presovani polistirol Postolje SSP 9\/2\u00a0odgovara fasadnom L pilasteru SLS 31\/2 Postolje SSP 9\/2 koristi se i kao kapitel za pilaster SLS 31\/2","og_url":"https:\/\/filicdecor.com\/fr\/postolje-ssp-9-2\/","og_site_name":"Dekorativni stiropor | Fili\u0107 Decor | Fili\u0107","article_modified_time":"2023-12-14T15:17:39+00:00","og_image":[{"width":920,"height":480,"url":"https:\/\/filicdecor.com\/wp-content\/uploads\/2023\/12\/CELOPOSTOLJE.png","type":"image\/png"}],"twitter_card":"summary_large_image","schema":{"@context":"https:\/\/schema.org","@graph":[{"@type":"WebPage","@id":"https:\/\/filicdecor.com\/postolje-ssp-9-2\/","url":"https:\/\/filicdecor.com\/postolje-ssp-9-2\/","name":"Postolje SSP 9\/2 - Dekorativni stiropor | Fili\u0107 Decor | Fili\u0107","isPartOf":{"@id":"https:\/\/filicdecor.com\/fr\/#website"},"primaryImageOfPage":{"@id":"https:\/\/filicdecor.com\/postolje-ssp-9-2\/#primaryimage"},"image":{"@id":"https:\/\/filicdecor.com\/postolje-ssp-9-2\/#primaryimage"},"thumbnailUrl":"https:\/\/filicdecor.com\/wp-content\/uploads\/2023\/12\/CELOPOSTOLJE.png","datePublished":"2023-12-14T15:16:27+00:00","dateModified":"2023-12-14T15:17:39+00:00","breadcrumb":{"@id":"https:\/\/filicdecor.com\/postolje-ssp-9-2\/#breadcrumb"},"inLanguage":"fr-FR","potentialAction":[{"@type":"ReadAction","target":["https:\/\/filicdecor.com\/postolje-ssp-9-2\/"]}]},{"@type":"ImageObject","inLanguage":"fr-FR","@id":"https:\/\/filicdecor.com\/postolje-ssp-9-2\/#primaryimage","url":"https:\/\/filicdecor.com\/wp-content\/uploads\/2023\/12\/CELOPOSTOLJE.png","contentUrl":"https:\/\/filicdecor.com\/wp-content\/uploads\/2023\/12\/CELOPOSTOLJE.png","width":920,"height":480},{"@type":"BreadcrumbList","@id":"https:\/\/filicdecor.com\/postolje-ssp-9-2\/#breadcrumb","itemListElement":[{"@type":"ListItem","position":1,"name":"Po\u010detna","item":"https:\/\/filicdecor.com\/"},{"@type":"ListItem","position":2,"name":"Shop","item":"https:\/\/filicdecor.com\/shop\/"},{"@type":"ListItem","position":3,"name":"Postolje SSP 9\/2"}]},{"@type":"WebSite","@id":"https:\/\/filicdecor.com\/fr\/#website","url":"https:\/\/filicdecor.com\/fr\/","name":"Polystyr\u00e8ne d\u00e9coratif | D\u00e9cor Fili\u0107 | Filic","description":"| - Fili\u0107 Fasade za poneti","potentialAction":[{"@type":"SearchAction","target":{"@type":"EntryPoint","urlTemplate":"https:\/\/filicdecor.com\/fr\/?s={search_term_string}"},"query-input":{"@type":"PropertyValueSpecification","valueRequired":true,"valueName":"search_term_string"}}],"inLanguage":"fr-FR"}]}},"_links":{"self":[{"href":"https:\/\/filicdecor.com\/fr\/wp-json\/wp\/v2\/product\/3381","targetHints":{"allow":["GET"]}}],"collection":[{"href":"https:\/\/filicdecor.com\/fr\/wp-json\/wp\/v2\/product"}],"about":[{"href":"https:\/\/filicdecor.com\/fr\/wp-json\/wp\/v2\/types\/product"}],"version-history":[{"count":1,"href":"https:\/\/filicdecor.com\/fr\/wp-json\/wp\/v2\/product\/3381\/revisions"}],"predecessor-version":[{"id":3388,"href":"https:\/\/filicdecor.com\/fr\/wp-json\/wp\/v2\/product\/3381\/revisions\/3388"}],"wp:featuredmedia":[{"embeddable":true,"href":"https:\/\/filicdecor.com\/fr\/wp-json\/wp\/v2\/media\/3384"}],"wp:attachment":[{"href":"https:\/\/filicdecor.com\/fr\/wp-json\/wp\/v2\/media?parent=3381"}],"wp:term":[{"taxonomy":"product_brand","embeddable":true,"href":"https:\/\/filicdecor.com\/fr\/wp-json\/wp\/v2\/product_brand?post=3381"},{"taxonomy":"product_cat","embeddable":true,"href":"https:\/\/filicdecor.com\/fr\/wp-json\/wp\/v2\/product_cat?post=3381"},{"taxonomy":"product_tag","embeddable":true,"href":"https:\/\/filicdecor.com\/fr\/wp-json\/wp\/v2\/product_tag?post=3381"}],"curies":[{"name":"wp","href":"https:\/\/api.w.org\/{rel}","templated":true}]}}