{"id":3176,"date":"2023-12-14T14:11:05","date_gmt":"2023-12-14T14:11:05","guid":{"rendered":"https:\/\/filicdecor.com\/?post_type=product&#038;p=3176"},"modified":"2024-08-12T12:56:49","modified_gmt":"2024-08-12T12:56:49","slug":"gipsani-stub-f-34-rebrasti","status":"publish","type":"product","link":"https:\/\/filicdecor.com\/fr\/gipsani-stub-f-34-rebrasti\/","title":{"rendered":"Colonne de gypse f-34 nrvur\u00e9e"},"content":{"rendered":"","protected":false},"excerpt":{"rendered":"<div class=\"full-text\">\n<p><strong>Dimensions:<\/strong> \u00f834\u00a0cm<br \/>\n<strong>Mat\u00e9riel:\u00a0<\/strong>Pl\u00e2tre \u00e0 modeler<\/p>\n<\/div>","protected":false},"featured_media":3147,"template":"","meta":[],"product_brand":[],"product_cat":[73,185,183],"product_tag":[],"class_list":{"0":"post-3176","1":"product","2":"type-product","3":"status-publish","4":"has-post-thumbnail","6":"product_cat-dekorativni-stubovi-i-pilasteri","7":"product_cat-okrugli-stubovi","8":"product_cat-stubovi-od-gipsa","10":"first","11":"instock","12":"shipping-taxable","13":"purchasable","14":"product-type-simple"},"yoast_head":"<!-- This site is optimized with the Yoast SEO plugin v27.4 - https:\/\/yoast.com\/product\/yoast-seo-wordpress\/ -->\n<title>Gipsani stub f-34 rebrasti - Dekorativni stiropor | Fili\u0107 Decor | Fili\u0107<\/title>\n<meta name=\"robots\" content=\"index, follow, max-snippet:-1, max-image-preview:large, max-video-preview:-1\" \/>\n<link rel=\"canonical\" href=\"https:\/\/filicdecor.com\/fr\/gipsani-stub-f-34-rebrasti\/\" \/>\n<meta property=\"og:locale\" content=\"fr_FR\" \/>\n<meta property=\"og:type\" content=\"article\" \/>\n<meta property=\"og:title\" content=\"Gipsani stub f-34 rebrasti - Dekorativni stiropor | Fili\u0107 Decor | Fili\u0107\" \/>\n<meta property=\"og:description\" content=\"Dimenzije: \u00f834\u00a0cm Materijal:\u00a0Modelarski gips\" \/>\n<meta property=\"og:url\" content=\"https:\/\/filicdecor.com\/fr\/gipsani-stub-f-34-rebrasti\/\" \/>\n<meta property=\"og:site_name\" content=\"Dekorativni stiropor | Fili\u0107 Decor | Fili\u0107\" \/>\n<meta property=\"article:modified_time\" content=\"2024-08-12T12:56:49+00:00\" \/>\n<meta property=\"og:image\" content=\"https:\/\/filicdecor.com\/wp-content\/uploads\/2023\/12\/F-34-rebrasti.webp\" \/>\n\t<meta property=\"og:image:width\" content=\"920\" \/>\n\t<meta property=\"og:image:height\" content=\"480\" \/>\n\t<meta property=\"og:image:type\" content=\"image\/webp\" \/>\n<meta name=\"twitter:card\" content=\"summary_large_image\" \/>\n<script type=\"application\/ld+json\" class=\"yoast-schema-graph\">{\"@context\":\"https:\\\/\\\/schema.org\",\"@graph\":[{\"@type\":\"WebPage\",\"@id\":\"https:\\\/\\\/filicdecor.com\\\/gipsani-stub-f-34-rebrasti\\\/\",\"url\":\"https:\\\/\\\/filicdecor.com\\\/gipsani-stub-f-34-rebrasti\\\/\",\"name\":\"Gipsani stub f-34 rebrasti - Dekorativni stiropor | Fili\u0107 Decor | Fili\u0107\",\"isPartOf\":{\"@id\":\"https:\\\/\\\/filicdecor.com\\\/fr\\\/#website\"},\"primaryImageOfPage\":{\"@id\":\"https:\\\/\\\/filicdecor.com\\\/gipsani-stub-f-34-rebrasti\\\/#primaryimage\"},\"image\":{\"@id\":\"https:\\\/\\\/filicdecor.com\\\/gipsani-stub-f-34-rebrasti\\\/#primaryimage\"},\"thumbnailUrl\":\"https:\\\/\\\/filicdecor.com\\\/wp-content\\\/uploads\\\/2023\\\/12\\\/F-34-rebrasti.webp\",\"datePublished\":\"2023-12-14T14:11:05+00:00\",\"dateModified\":\"2024-08-12T12:56:49+00:00\",\"breadcrumb\":{\"@id\":\"https:\\\/\\\/filicdecor.com\\\/gipsani-stub-f-34-rebrasti\\\/#breadcrumb\"},\"inLanguage\":\"fr-FR\",\"potentialAction\":[{\"@type\":\"ReadAction\",\"target\":[\"https:\\\/\\\/filicdecor.com\\\/gipsani-stub-f-34-rebrasti\\\/\"]}]},{\"@type\":\"ImageObject\",\"inLanguage\":\"fr-FR\",\"@id\":\"https:\\\/\\\/filicdecor.com\\\/gipsani-stub-f-34-rebrasti\\\/#primaryimage\",\"url\":\"https:\\\/\\\/filicdecor.com\\\/wp-content\\\/uploads\\\/2023\\\/12\\\/F-34-rebrasti.webp\",\"contentUrl\":\"https:\\\/\\\/filicdecor.com\\\/wp-content\\\/uploads\\\/2023\\\/12\\\/F-34-rebrasti.webp\",\"width\":920,\"height\":480},{\"@type\":\"BreadcrumbList\",\"@id\":\"https:\\\/\\\/filicdecor.com\\\/gipsani-stub-f-34-rebrasti\\\/#breadcrumb\",\"itemListElement\":[{\"@type\":\"ListItem\",\"position\":1,\"name\":\"\u041f\u043e\u0447\u0435\u0442\u043d\u0430\",\"item\":\"https:\\\/\\\/filicdecor.com\\\/\"},{\"@type\":\"ListItem\",\"position\":2,\"name\":\"Shop\",\"item\":\"https:\\\/\\\/filicdecor.com\\\/shop\\\/\"},{\"@type\":\"ListItem\",\"position\":3,\"name\":\"Gipsani stub f-34 rebrasti\"}]},{\"@type\":\"WebSite\",\"@id\":\"https:\\\/\\\/filicdecor.com\\\/fr\\\/#website\",\"url\":\"https:\\\/\\\/filicdecor.com\\\/fr\\\/\",\"name\":\"Dekorativni stiropor | Fili\u0107 Decor | Fili\u0107\",\"description\":\"| - Fili\u0107 Fasade za poneti\",\"potentialAction\":[{\"@type\":\"SearchAction\",\"target\":{\"@type\":\"EntryPoint\",\"urlTemplate\":\"https:\\\/\\\/filicdecor.com\\\/fr\\\/?s={search_term_string}\"},\"query-input\":{\"@type\":\"PropertyValueSpecification\",\"valueRequired\":true,\"valueName\":\"search_term_string\"}}],\"inLanguage\":\"fr-FR\"}]}<\/script>\n<!-- \/ Yoast SEO plugin. -->","yoast_head_json":{"title":"Colonne de gypse f-34 nervur\u00e9e - Polystyr\u00e8ne d\u00e9coratif | D\u00e9cor Fili\u0107 | Filic","robots":{"index":"index","follow":"follow","max-snippet":"max-snippet:-1","max-image-preview":"max-image-preview:large","max-video-preview":"max-video-preview:-1"},"canonical":"https:\/\/filicdecor.com\/fr\/gipsani-stub-f-34-rebrasti\/","og_locale":"fr_FR","og_type":"article","og_title":"Gipsani stub f-34 rebrasti - Dekorativni stiropor | Fili\u0107 Decor | Fili\u0107","og_description":"Dimenzije: \u00f834\u00a0cm Materijal:\u00a0Modelarski gips","og_url":"https:\/\/filicdecor.com\/fr\/gipsani-stub-f-34-rebrasti\/","og_site_name":"Dekorativni stiropor | Fili\u0107 Decor | Fili\u0107","article_modified_time":"2024-08-12T12:56:49+00:00","og_image":[{"width":920,"height":480,"url":"https:\/\/filicdecor.com\/wp-content\/uploads\/2023\/12\/F-34-rebrasti.webp","type":"image\/webp"}],"twitter_card":"summary_large_image","schema":{"@context":"https:\/\/schema.org","@graph":[{"@type":"WebPage","@id":"https:\/\/filicdecor.com\/gipsani-stub-f-34-rebrasti\/","url":"https:\/\/filicdecor.com\/gipsani-stub-f-34-rebrasti\/","name":"Colonne de gypse f-34 nervur\u00e9e - Polystyr\u00e8ne d\u00e9coratif | D\u00e9cor Fili\u0107 | Filic","isPartOf":{"@id":"https:\/\/filicdecor.com\/fr\/#website"},"primaryImageOfPage":{"@id":"https:\/\/filicdecor.com\/gipsani-stub-f-34-rebrasti\/#primaryimage"},"image":{"@id":"https:\/\/filicdecor.com\/gipsani-stub-f-34-rebrasti\/#primaryimage"},"thumbnailUrl":"https:\/\/filicdecor.com\/wp-content\/uploads\/2023\/12\/F-34-rebrasti.webp","datePublished":"2023-12-14T14:11:05+00:00","dateModified":"2024-08-12T12:56:49+00:00","breadcrumb":{"@id":"https:\/\/filicdecor.com\/gipsani-stub-f-34-rebrasti\/#breadcrumb"},"inLanguage":"fr-FR","potentialAction":[{"@type":"ReadAction","target":["https:\/\/filicdecor.com\/gipsani-stub-f-34-rebrasti\/"]}]},{"@type":"ImageObject","inLanguage":"fr-FR","@id":"https:\/\/filicdecor.com\/gipsani-stub-f-34-rebrasti\/#primaryimage","url":"https:\/\/filicdecor.com\/wp-content\/uploads\/2023\/12\/F-34-rebrasti.webp","contentUrl":"https:\/\/filicdecor.com\/wp-content\/uploads\/2023\/12\/F-34-rebrasti.webp","width":920,"height":480},{"@type":"BreadcrumbList","@id":"https:\/\/filicdecor.com\/gipsani-stub-f-34-rebrasti\/#breadcrumb","itemListElement":[{"@type":"ListItem","position":1,"name":"Po\u010detna","item":"https:\/\/filicdecor.com\/"},{"@type":"ListItem","position":2,"name":"Shop","item":"https:\/\/filicdecor.com\/shop\/"},{"@type":"ListItem","position":3,"name":"Gipsani stub f-34 rebrasti"}]},{"@type":"WebSite","@id":"https:\/\/filicdecor.com\/fr\/#website","url":"https:\/\/filicdecor.com\/fr\/","name":"Polystyr\u00e8ne d\u00e9coratif | D\u00e9cor Fili\u0107 | Filic","description":"| - Fili\u0107 Fasade za poneti","potentialAction":[{"@type":"SearchAction","target":{"@type":"EntryPoint","urlTemplate":"https:\/\/filicdecor.com\/fr\/?s={search_term_string}"},"query-input":{"@type":"PropertyValueSpecification","valueRequired":true,"valueName":"search_term_string"}}],"inLanguage":"fr-FR"}]}},"_links":{"self":[{"href":"https:\/\/filicdecor.com\/fr\/wp-json\/wp\/v2\/product\/3176","targetHints":{"allow":["GET"]}}],"collection":[{"href":"https:\/\/filicdecor.com\/fr\/wp-json\/wp\/v2\/product"}],"about":[{"href":"https:\/\/filicdecor.com\/fr\/wp-json\/wp\/v2\/types\/product"}],"version-history":[{"count":1,"href":"https:\/\/filicdecor.com\/fr\/wp-json\/wp\/v2\/product\/3176\/revisions"}],"predecessor-version":[{"id":3178,"href":"https:\/\/filicdecor.com\/fr\/wp-json\/wp\/v2\/product\/3176\/revisions\/3178"}],"wp:featuredmedia":[{"embeddable":true,"href":"https:\/\/filicdecor.com\/fr\/wp-json\/wp\/v2\/media\/3147"}],"wp:attachment":[{"href":"https:\/\/filicdecor.com\/fr\/wp-json\/wp\/v2\/media?parent=3176"}],"wp:term":[{"taxonomy":"product_brand","embeddable":true,"href":"https:\/\/filicdecor.com\/fr\/wp-json\/wp\/v2\/product_brand?post=3176"},{"taxonomy":"product_cat","embeddable":true,"href":"https:\/\/filicdecor.com\/fr\/wp-json\/wp\/v2\/product_cat?post=3176"},{"taxonomy":"product_tag","embeddable":true,"href":"https:\/\/filicdecor.com\/fr\/wp-json\/wp\/v2\/product_tag?post=3176"}],"curies":[{"name":"wp","href":"https:\/\/api.w.org\/{rel}","templated":true}]}}