{"id":2969,"date":"2023-12-14T12:44:24","date_gmt":"2023-12-14T12:44:24","guid":{"rendered":"https:\/\/filicdecor.com\/?post_type=product&#038;p=2969"},"modified":"2023-12-14T12:45:52","modified_gmt":"2023-12-14T12:45:52","slug":"stiropor-ugaona-lajsna-stok-48","status":"publish","type":"product","link":"https:\/\/filicdecor.com\/fr\/stiropor-ugaona-lajsna-stok-48\/","title":{"rendered":"Moulure d'angle en polystyr\u00e8ne 48"},"content":{"rendered":"<div class=\"product-details-container product-full-desktop-content\">\n<div class=\"container\">\n<div class=\"row\">\n<div class=\"col-12 nav-tabs-containre\">\n<div id=\"myTabContent\" class=\"tab-content\">\n<div class=\"tab-pane specification-tab active\">\n<p>Les portes int\u00e9rieures peuvent s\u00e9parer ou relier visuellement les pi\u00e8ces de l'appartement. Le mat\u00e9riau, la couleur et la forme de la porte ont un effet significatif sur l'apparence de la pi\u00e8ce.<br \/>\n<strong>Moulures de chambranle<\/strong>\u00a0sont construits de haute qualit\u00e9\u00a0<strong>styrodura en polystyr\u00e8ne extrud\u00e9.<\/strong><\/p>\n<p>Le design intemporel s'adapte \u00e0 tout style de mobilier et apporte un dynamisme suppl\u00e9mentaire \u00e0 vos pi\u00e8ces.<br \/>\nDans la couleur blanche universelle, les plinthes en stock cr\u00e9ent une image lumineuse et claire dans votre appartement et se marient bien avec tous les rev\u00eatements de sol tels que le vinyle, le stratifi\u00e9, le parquet ou la moquette.<br \/>\nSi n\u00e9cessaire, le film blanc peut \u00eatre facilement repeint avec n'importe quelle peinture acrylique.<\/p>\n<p>Malgr\u00e9 son poids l\u00e9ger, le moulage Styrodur est solide et r\u00e9sistant \u00e0 la pression.<br \/>\nIl se caract\u00e9rise par une facilit\u00e9 de traitement et un ajustement pr\u00e9cis des contours du profil\u00e9, ainsi que par une surface lisse.<br \/>\nIl est possible de peindre les moulures d'origine avec toutes les peintures acryliques et \u00e0 base d'eau courantes.<\/p>\n<\/div>\n<\/div>\n<\/div>\n<\/div>\n<\/div>\n<\/div>\n<div id=\"about\" class=\"mb-50\">\n<div id=\"about-content\">\n<div id=\"about-content2\" class=\"clearfix\">\n<div id=\"same-collection\" class=\"clearfix;\"><\/div>\n<\/div>\n<\/div>\n<\/div>","protected":false},"excerpt":{"rendered":"<h3 class=\"bold h3\">DESCRIPTION<\/h3>\n<p><strong>Dimensions:<\/strong>\u00a04.2cm x 4.1cm<br \/>\n<strong>Fabricant: \u00a0<\/strong>&#8220;Fili\u0107&#8220;<br \/>\n<strong>Mat\u00e9riel:\u00a0<\/strong>Polystyr\u00e8ne styr\u00e8ne extrud\u00e9<\/p>\n<p>&nbsp;<\/p>","protected":false},"featured_media":2970,"template":"","meta":[],"product_brand":[],"product_cat":[175],"product_tag":[],"class_list":{"0":"post-2969","1":"product","2":"type-product","3":"status-publish","4":"has-post-thumbnail","6":"product_cat-ugaone-lajsne","8":"first","9":"instock","10":"shipping-taxable","11":"purchasable","12":"product-type-simple"},"yoast_head":"<!-- This site is optimized with the Yoast SEO plugin v27.4 - https:\/\/yoast.com\/product\/yoast-seo-wordpress\/ -->\n<title>Stiropor ugaona lajsna \u0160tok 48 - Dekorativni stiropor | Fili\u0107 Decor | Fili\u0107<\/title>\n<meta name=\"robots\" content=\"index, follow, max-snippet:-1, max-image-preview:large, max-video-preview:-1\" \/>\n<link rel=\"canonical\" href=\"https:\/\/filicdecor.com\/fr\/stiropor-ugaona-lajsna-stok-48\/\" \/>\n<meta property=\"og:locale\" content=\"fr_FR\" \/>\n<meta property=\"og:type\" content=\"article\" \/>\n<meta property=\"og:title\" content=\"Stiropor ugaona lajsna \u0160tok 48 - Dekorativni stiropor | Fili\u0107 Decor | Fili\u0107\" \/>\n<meta property=\"og:description\" content=\"OPIS: Dimenzije:\u00a04.2cm x 4.1cm Proizvo\u0111a\u010d: \u00a0&#039;&#039;Fili\u0107&#039;&#039; Materijal:\u00a0Ekstrudirani polistiren stirodur  &nbsp;\" \/>\n<meta property=\"og:url\" content=\"https:\/\/filicdecor.com\/fr\/stiropor-ugaona-lajsna-stok-48\/\" \/>\n<meta property=\"og:site_name\" content=\"Dekorativni stiropor | Fili\u0107 Decor | Fili\u0107\" \/>\n<meta property=\"article:modified_time\" content=\"2023-12-14T12:45:52+00:00\" \/>\n<meta property=\"og:image\" content=\"https:\/\/filicdecor.com\/wp-content\/uploads\/2023\/12\/48.webp\" \/>\n\t<meta property=\"og:image:width\" content=\"920\" \/>\n\t<meta property=\"og:image:height\" content=\"480\" \/>\n\t<meta property=\"og:image:type\" content=\"image\/webp\" \/>\n<meta name=\"twitter:card\" content=\"summary_large_image\" \/>\n<meta name=\"twitter:label1\" content=\"Dur\u00e9e de lecture estim\u00e9e\" \/>\n\t<meta name=\"twitter:data1\" content=\"1 minute\" \/>\n<script type=\"application\/ld+json\" class=\"yoast-schema-graph\">{\"@context\":\"https:\\\/\\\/schema.org\",\"@graph\":[{\"@type\":\"WebPage\",\"@id\":\"https:\\\/\\\/filicdecor.com\\\/stiropor-ugaona-lajsna-stok-48\\\/\",\"url\":\"https:\\\/\\\/filicdecor.com\\\/stiropor-ugaona-lajsna-stok-48\\\/\",\"name\":\"Stiropor ugaona lajsna \u0160tok 48 - Dekorativni stiropor | Fili\u0107 Decor | Fili\u0107\",\"isPartOf\":{\"@id\":\"https:\\\/\\\/filicdecor.com\\\/fr\\\/#website\"},\"primaryImageOfPage\":{\"@id\":\"https:\\\/\\\/filicdecor.com\\\/stiropor-ugaona-lajsna-stok-48\\\/#primaryimage\"},\"image\":{\"@id\":\"https:\\\/\\\/filicdecor.com\\\/stiropor-ugaona-lajsna-stok-48\\\/#primaryimage\"},\"thumbnailUrl\":\"https:\\\/\\\/filicdecor.com\\\/wp-content\\\/uploads\\\/2023\\\/12\\\/48.webp\",\"datePublished\":\"2023-12-14T12:44:24+00:00\",\"dateModified\":\"2023-12-14T12:45:52+00:00\",\"breadcrumb\":{\"@id\":\"https:\\\/\\\/filicdecor.com\\\/stiropor-ugaona-lajsna-stok-48\\\/#breadcrumb\"},\"inLanguage\":\"fr-FR\",\"potentialAction\":[{\"@type\":\"ReadAction\",\"target\":[\"https:\\\/\\\/filicdecor.com\\\/stiropor-ugaona-lajsna-stok-48\\\/\"]}]},{\"@type\":\"ImageObject\",\"inLanguage\":\"fr-FR\",\"@id\":\"https:\\\/\\\/filicdecor.com\\\/stiropor-ugaona-lajsna-stok-48\\\/#primaryimage\",\"url\":\"https:\\\/\\\/filicdecor.com\\\/wp-content\\\/uploads\\\/2023\\\/12\\\/48.webp\",\"contentUrl\":\"https:\\\/\\\/filicdecor.com\\\/wp-content\\\/uploads\\\/2023\\\/12\\\/48.webp\",\"width\":920,\"height\":480},{\"@type\":\"BreadcrumbList\",\"@id\":\"https:\\\/\\\/filicdecor.com\\\/stiropor-ugaona-lajsna-stok-48\\\/#breadcrumb\",\"itemListElement\":[{\"@type\":\"ListItem\",\"position\":1,\"name\":\"\u041f\u043e\u0447\u0435\u0442\u043d\u0430\",\"item\":\"https:\\\/\\\/filicdecor.com\\\/\"},{\"@type\":\"ListItem\",\"position\":2,\"name\":\"Shop\",\"item\":\"https:\\\/\\\/filicdecor.com\\\/shop\\\/\"},{\"@type\":\"ListItem\",\"position\":3,\"name\":\"Stiropor ugaona lajsna \u0160tok 48\"}]},{\"@type\":\"WebSite\",\"@id\":\"https:\\\/\\\/filicdecor.com\\\/fr\\\/#website\",\"url\":\"https:\\\/\\\/filicdecor.com\\\/fr\\\/\",\"name\":\"Dekorativni stiropor | Fili\u0107 Decor | Fili\u0107\",\"description\":\"| - Fili\u0107 Fasade za poneti\",\"potentialAction\":[{\"@type\":\"SearchAction\",\"target\":{\"@type\":\"EntryPoint\",\"urlTemplate\":\"https:\\\/\\\/filicdecor.com\\\/fr\\\/?s={search_term_string}\"},\"query-input\":{\"@type\":\"PropertyValueSpecification\",\"valueRequired\":true,\"valueName\":\"search_term_string\"}}],\"inLanguage\":\"fr-FR\"}]}<\/script>\n<!-- \/ Yoast SEO plugin. -->","yoast_head_json":{"title":"Moulure d'angle en polystyr\u00e8ne 48 - Polystyr\u00e8ne d\u00e9coratif | D\u00e9cor Fili\u0107 | Fili\u0107","robots":{"index":"index","follow":"follow","max-snippet":"max-snippet:-1","max-image-preview":"max-image-preview:large","max-video-preview":"max-video-preview:-1"},"canonical":"https:\/\/filicdecor.com\/fr\/stiropor-ugaona-lajsna-stok-48\/","og_locale":"fr_FR","og_type":"article","og_title":"Stiropor ugaona lajsna \u0160tok 48 - Dekorativni stiropor | Fili\u0107 Decor | Fili\u0107","og_description":"OPIS: Dimenzije:\u00a04.2cm x 4.1cm Proizvo\u0111a\u010d: \u00a0''Fili\u0107'' Materijal:\u00a0Ekstrudirani polistiren stirodur  &nbsp;","og_url":"https:\/\/filicdecor.com\/fr\/stiropor-ugaona-lajsna-stok-48\/","og_site_name":"Dekorativni stiropor | Fili\u0107 Decor | Fili\u0107","article_modified_time":"2023-12-14T12:45:52+00:00","og_image":[{"width":920,"height":480,"url":"https:\/\/filicdecor.com\/wp-content\/uploads\/2023\/12\/48.webp","type":"image\/webp"}],"twitter_card":"summary_large_image","twitter_misc":{"Dur\u00e9e de lecture estim\u00e9e":"1 minute"},"schema":{"@context":"https:\/\/schema.org","@graph":[{"@type":"WebPage","@id":"https:\/\/filicdecor.com\/stiropor-ugaona-lajsna-stok-48\/","url":"https:\/\/filicdecor.com\/stiropor-ugaona-lajsna-stok-48\/","name":"Moulure d'angle en polystyr\u00e8ne 48 - Polystyr\u00e8ne d\u00e9coratif | D\u00e9cor Fili\u0107 | Fili\u0107","isPartOf":{"@id":"https:\/\/filicdecor.com\/fr\/#website"},"primaryImageOfPage":{"@id":"https:\/\/filicdecor.com\/stiropor-ugaona-lajsna-stok-48\/#primaryimage"},"image":{"@id":"https:\/\/filicdecor.com\/stiropor-ugaona-lajsna-stok-48\/#primaryimage"},"thumbnailUrl":"https:\/\/filicdecor.com\/wp-content\/uploads\/2023\/12\/48.webp","datePublished":"2023-12-14T12:44:24+00:00","dateModified":"2023-12-14T12:45:52+00:00","breadcrumb":{"@id":"https:\/\/filicdecor.com\/stiropor-ugaona-lajsna-stok-48\/#breadcrumb"},"inLanguage":"fr-FR","potentialAction":[{"@type":"ReadAction","target":["https:\/\/filicdecor.com\/stiropor-ugaona-lajsna-stok-48\/"]}]},{"@type":"ImageObject","inLanguage":"fr-FR","@id":"https:\/\/filicdecor.com\/stiropor-ugaona-lajsna-stok-48\/#primaryimage","url":"https:\/\/filicdecor.com\/wp-content\/uploads\/2023\/12\/48.webp","contentUrl":"https:\/\/filicdecor.com\/wp-content\/uploads\/2023\/12\/48.webp","width":920,"height":480},{"@type":"BreadcrumbList","@id":"https:\/\/filicdecor.com\/stiropor-ugaona-lajsna-stok-48\/#breadcrumb","itemListElement":[{"@type":"ListItem","position":1,"name":"Po\u010detna","item":"https:\/\/filicdecor.com\/"},{"@type":"ListItem","position":2,"name":"Shop","item":"https:\/\/filicdecor.com\/shop\/"},{"@type":"ListItem","position":3,"name":"Stiropor ugaona lajsna \u0160tok 48"}]},{"@type":"WebSite","@id":"https:\/\/filicdecor.com\/fr\/#website","url":"https:\/\/filicdecor.com\/fr\/","name":"Polystyr\u00e8ne d\u00e9coratif | D\u00e9cor Fili\u0107 | Filic","description":"| - Fili\u0107 Fasade za poneti","potentialAction":[{"@type":"SearchAction","target":{"@type":"EntryPoint","urlTemplate":"https:\/\/filicdecor.com\/fr\/?s={search_term_string}"},"query-input":{"@type":"PropertyValueSpecification","valueRequired":true,"valueName":"search_term_string"}}],"inLanguage":"fr-FR"}]}},"_links":{"self":[{"href":"https:\/\/filicdecor.com\/fr\/wp-json\/wp\/v2\/product\/2969","targetHints":{"allow":["GET"]}}],"collection":[{"href":"https:\/\/filicdecor.com\/fr\/wp-json\/wp\/v2\/product"}],"about":[{"href":"https:\/\/filicdecor.com\/fr\/wp-json\/wp\/v2\/types\/product"}],"version-history":[{"count":1,"href":"https:\/\/filicdecor.com\/fr\/wp-json\/wp\/v2\/product\/2969\/revisions"}],"predecessor-version":[{"id":2971,"href":"https:\/\/filicdecor.com\/fr\/wp-json\/wp\/v2\/product\/2969\/revisions\/2971"}],"wp:featuredmedia":[{"embeddable":true,"href":"https:\/\/filicdecor.com\/fr\/wp-json\/wp\/v2\/media\/2970"}],"wp:attachment":[{"href":"https:\/\/filicdecor.com\/fr\/wp-json\/wp\/v2\/media?parent=2969"}],"wp:term":[{"taxonomy":"product_brand","embeddable":true,"href":"https:\/\/filicdecor.com\/fr\/wp-json\/wp\/v2\/product_brand?post=2969"},{"taxonomy":"product_cat","embeddable":true,"href":"https:\/\/filicdecor.com\/fr\/wp-json\/wp\/v2\/product_cat?post=2969"},{"taxonomy":"product_tag","embeddable":true,"href":"https:\/\/filicdecor.com\/fr\/wp-json\/wp\/v2\/product_tag?post=2969"}],"curies":[{"name":"wp","href":"https:\/\/api.w.org\/{rel}","templated":true}]}}