{"id":2932,"date":"2023-12-14T12:24:06","date_gmt":"2023-12-14T12:24:06","guid":{"rendered":"https:\/\/filicdecor.com\/?post_type=product&#038;p=2932"},"modified":"2023-12-14T12:25:31","modified_gmt":"2023-12-14T12:25:31","slug":"zidna-obloga-pillow","status":"publish","type":"product","link":"https:\/\/filicdecor.com\/fr\/zidna-obloga-pillow\/","title":{"rendered":"Rev\u00eatement mural Pillow"},"content":{"rendered":"<p>Avec le n\u00f4tre\u00a0<strong>Panneaux muraux 3D\u00a0<\/strong>en polystyr\u00e8ne (EPS), nous vous proposons une option cr\u00e9ative pour la d\u00e9coration int\u00e9rieure. Cr\u00e9ez votre propre style unique et donnez une touche personnelle \u00e0 votre maison.<br \/>\nLes panneaux 3D originaux de Marbet Design sont id\u00e9aux comme \u00e9l\u00e9ments de conception efficaces, mais aussi comme\u00a0<strong>audible\u00a0<\/strong>et<strong>\u00a0isolants thermiques<\/strong>\u00a0qui couvrent tous les d\u00e9fauts de vos murs.<\/p>\n<ul>\n<li>Des panneaux 3D pour une d\u00e9coration murale efficace et passionnante<\/li>\n<li>Des panneaux 3D pour une d\u00e9coration murale efficace et passionn\u00e9e<\/li>\n<li>Il est recommand\u00e9 pour un usage interne - isolation phonique et thermique<\/li>\n<li>Ils couvrent les fissures et les d\u00e9fauts des murs<\/li>\n<\/ul>\n<p><strong>Mettre en place<\/strong>:<br \/>\nLes panneaux muraux 3D ont un aspect attrayant et sont tr\u00e8s faciles \u00e0 installer. Ils sont tr\u00e8s l\u00e9gers, n\u2019alourdissent pas les murs et r\u00e9sistent \u00e0 l\u2019humidit\u00e9, \u00e0 la moisissure et aux insectes. Ils sont blancs, mais gr\u00e2ce \u00e0 une bonne base, ils peuvent \u00eatre repeints avec n'importe quelle peinture acrylique. Ils peuvent \u00eatre plac\u00e9s sur n\u2019importe quelle surface, \u00e0 condition qu\u2019elle soit plane et s\u00e8che. Lors de l'installation de panneaux muraux 3D, nous vous recommandons d'utiliser de la colle acrylique. L\u2019utilisation de colles ou de peintures sans eau peut endommager vos panneaux, tandis que les colles et peintures \u00e0 base d\u2019acrylique garantissent s\u00e9curit\u00e9 et aspect impeccable.Les panneaux muraux 3D sont construits en panneaux qui peuvent \u00eatre assembl\u00e9s ou avec des espaces entre les panneaux pour cr\u00e9er des joints l\u00e9g\u00e8rement accentu\u00e9s. Les panneaux peuvent \u00eatre install\u00e9s individuellement ou en unit\u00e9 plus grande, selon vos id\u00e9es. De la colle est appliqu\u00e9e au dos du panneau mural 3D le long de ses bords ext\u00e9rieurs, et les panneaux sont plac\u00e9s et coll\u00e9s au mur avec une l\u00e9g\u00e8re pression. Lorsque vous recouvrez la surface souhait\u00e9e de panneaux d\u00e9coratifs 3D, attendez une heure que la colle s\u00e8che. Ensuite, lissez les compositions de plaques pour qu'elles ne soient pas visibles. Le lissage se fait avec la m\u00eame colle utilis\u00e9e pour la pose des panneaux. Si vous souhaitez des joints accentu\u00e9s entre les panneaux, utilisez des croix en c\u00e9ramique.<\/p>","protected":false},"excerpt":{"rendered":"<p><strong>Dimensions:<\/strong>\u00a096 cm x 48 cm x 3,4 cm d'\u00e9paisseur - correspondant \u00e0 environ 0,5 m\u00b2<br \/>\n<strong>Fabricant:\u00a0\u00a0<\/strong>Marbet design<br \/>\n<strong>Composants recommand\u00e9s<\/strong>:<br \/>\n<strong>Colle appropri\u00e9e \u2013<\/strong>\u00a0TITAN PLUS,\u00a0TITAN SUPER<\/p>\n<p><img decoding=\"async\" class=\"alignnone size-full wp-image-1740\" src=\"https:\/\/filicdecor.com\/wp-content\/uploads\/2023\/12\/MarbetDesignLogo.png\" alt=\"\" width=\"189\" height=\"28\" srcset=\"https:\/\/filicdecor.com\/wp-content\/uploads\/2023\/12\/MarbetDesignLogo.png 189w, https:\/\/filicdecor.com\/wp-content\/uploads\/2023\/12\/MarbetDesignLogo-150x22.png 150w\" sizes=\"(max-width: 189px) 100vw, 189px\" \/><\/p>","protected":false},"featured_media":2933,"template":"","meta":[],"product_brand":[],"product_cat":[174,72],"product_tag":[],"class_list":{"0":"post-2932","1":"product","2":"type-product","3":"status-publish","4":"has-post-thumbnail","6":"product_cat-3d-paneli","7":"product_cat-zidne-obloge","9":"first","10":"outofstock","11":"shipping-taxable","12":"purchasable","13":"product-type-simple"},"yoast_head":"<!-- This site is optimized with the Yoast SEO plugin v27.4 - https:\/\/yoast.com\/product\/yoast-seo-wordpress\/ -->\n<title>Zidna obloga Pillow - Dekorativni stiropor | Fili\u0107 Decor | Fili\u0107<\/title>\n<meta name=\"robots\" content=\"index, follow, max-snippet:-1, max-image-preview:large, max-video-preview:-1\" \/>\n<link rel=\"canonical\" href=\"https:\/\/filicdecor.com\/fr\/zidna-obloga-pillow\/\" \/>\n<meta property=\"og:locale\" content=\"fr_FR\" \/>\n<meta property=\"og:type\" content=\"article\" \/>\n<meta property=\"og:title\" content=\"Zidna obloga Pillow - Dekorativni stiropor | Fili\u0107 Decor | Fili\u0107\" \/>\n<meta property=\"og:description\" content=\"Dimenzije:\u00a096cm x 48cm x 3,4cm debljine - odgovaraju pribli\u017eno 0,5 \u00a0m\u00b2 Proizvo\u0111a\u010d:\u00a0\u00a0Marbet design Preporu\u010dene komponente: Pogodan lepak -\u00a0TITAN PLUS,\u00a0TITAN SUPER\" \/>\n<meta property=\"og:url\" content=\"https:\/\/filicdecor.com\/fr\/zidna-obloga-pillow\/\" \/>\n<meta property=\"og:site_name\" content=\"Dekorativni stiropor | Fili\u0107 Decor | Fili\u0107\" \/>\n<meta property=\"article:modified_time\" content=\"2023-12-14T12:25:31+00:00\" \/>\n<meta property=\"og:image\" content=\"https:\/\/filicdecor.com\/wp-content\/uploads\/2023\/12\/3d-zidni-panel-pillow-1.webp\" \/>\n\t<meta property=\"og:image:width\" content=\"1000\" \/>\n\t<meta property=\"og:image:height\" content=\"750\" \/>\n\t<meta property=\"og:image:type\" content=\"image\/webp\" \/>\n<meta name=\"twitter:card\" content=\"summary_large_image\" \/>\n<meta name=\"twitter:label1\" content=\"Dur\u00e9e de lecture estim\u00e9e\" \/>\n\t<meta name=\"twitter:data1\" content=\"2 minutes\" \/>\n<script type=\"application\/ld+json\" class=\"yoast-schema-graph\">{\"@context\":\"https:\\\/\\\/schema.org\",\"@graph\":[{\"@type\":\"WebPage\",\"@id\":\"https:\\\/\\\/filicdecor.com\\\/zidna-obloga-pillow\\\/\",\"url\":\"https:\\\/\\\/filicdecor.com\\\/zidna-obloga-pillow\\\/\",\"name\":\"Zidna obloga Pillow - Dekorativni stiropor | Fili\u0107 Decor | Fili\u0107\",\"isPartOf\":{\"@id\":\"https:\\\/\\\/filicdecor.com\\\/fr\\\/#website\"},\"primaryImageOfPage\":{\"@id\":\"https:\\\/\\\/filicdecor.com\\\/zidna-obloga-pillow\\\/#primaryimage\"},\"image\":{\"@id\":\"https:\\\/\\\/filicdecor.com\\\/zidna-obloga-pillow\\\/#primaryimage\"},\"thumbnailUrl\":\"https:\\\/\\\/filicdecor.com\\\/wp-content\\\/uploads\\\/2023\\\/12\\\/3d-zidni-panel-pillow-1.webp\",\"datePublished\":\"2023-12-14T12:24:06+00:00\",\"dateModified\":\"2023-12-14T12:25:31+00:00\",\"breadcrumb\":{\"@id\":\"https:\\\/\\\/filicdecor.com\\\/zidna-obloga-pillow\\\/#breadcrumb\"},\"inLanguage\":\"fr-FR\",\"potentialAction\":[{\"@type\":\"ReadAction\",\"target\":[\"https:\\\/\\\/filicdecor.com\\\/zidna-obloga-pillow\\\/\"]}]},{\"@type\":\"ImageObject\",\"inLanguage\":\"fr-FR\",\"@id\":\"https:\\\/\\\/filicdecor.com\\\/zidna-obloga-pillow\\\/#primaryimage\",\"url\":\"https:\\\/\\\/filicdecor.com\\\/wp-content\\\/uploads\\\/2023\\\/12\\\/3d-zidni-panel-pillow-1.webp\",\"contentUrl\":\"https:\\\/\\\/filicdecor.com\\\/wp-content\\\/uploads\\\/2023\\\/12\\\/3d-zidni-panel-pillow-1.webp\",\"width\":1000,\"height\":750},{\"@type\":\"BreadcrumbList\",\"@id\":\"https:\\\/\\\/filicdecor.com\\\/zidna-obloga-pillow\\\/#breadcrumb\",\"itemListElement\":[{\"@type\":\"ListItem\",\"position\":1,\"name\":\"\u041f\u043e\u0447\u0435\u0442\u043d\u0430\",\"item\":\"https:\\\/\\\/filicdecor.com\\\/\"},{\"@type\":\"ListItem\",\"position\":2,\"name\":\"Shop\",\"item\":\"https:\\\/\\\/filicdecor.com\\\/shop\\\/\"},{\"@type\":\"ListItem\",\"position\":3,\"name\":\"Zidna obloga Pillow\"}]},{\"@type\":\"WebSite\",\"@id\":\"https:\\\/\\\/filicdecor.com\\\/fr\\\/#website\",\"url\":\"https:\\\/\\\/filicdecor.com\\\/fr\\\/\",\"name\":\"Dekorativni stiropor | Fili\u0107 Decor | Fili\u0107\",\"description\":\"| - Fili\u0107 Fasade za poneti\",\"potentialAction\":[{\"@type\":\"SearchAction\",\"target\":{\"@type\":\"EntryPoint\",\"urlTemplate\":\"https:\\\/\\\/filicdecor.com\\\/fr\\\/?s={search_term_string}\"},\"query-input\":{\"@type\":\"PropertyValueSpecification\",\"valueRequired\":true,\"valueName\":\"search_term_string\"}}],\"inLanguage\":\"fr-FR\"}]}<\/script>\n<!-- \/ Yoast SEO plugin. -->","yoast_head_json":{"title":"Rev\u00eatement mural Pillow","robots":{"index":"index","follow":"follow","max-snippet":"max-snippet:-1","max-image-preview":"max-image-preview:large","max-video-preview":"max-video-preview:-1"},"canonical":"https:\/\/filicdecor.com\/fr\/zidna-obloga-pillow\/","og_locale":"fr_FR","og_type":"article","og_title":"Zidna obloga Pillow - Dekorativni stiropor | Fili\u0107 Decor | Fili\u0107","og_description":"Dimenzije:\u00a096cm x 48cm x 3,4cm debljine - odgovaraju pribli\u017eno 0,5 \u00a0m\u00b2 Proizvo\u0111a\u010d:\u00a0\u00a0Marbet design Preporu\u010dene komponente: Pogodan lepak -\u00a0TITAN PLUS,\u00a0TITAN SUPER","og_url":"https:\/\/filicdecor.com\/fr\/zidna-obloga-pillow\/","og_site_name":"Dekorativni stiropor | Fili\u0107 Decor | Fili\u0107","article_modified_time":"2023-12-14T12:25:31+00:00","og_image":[{"width":1000,"height":750,"url":"https:\/\/filicdecor.com\/wp-content\/uploads\/2023\/12\/3d-zidni-panel-pillow-1.webp","type":"image\/webp"}],"twitter_card":"summary_large_image","twitter_misc":{"Dur\u00e9e de lecture estim\u00e9e":"2 minutes"},"schema":{"@context":"https:\/\/schema.org","@graph":[{"@type":"WebPage","@id":"https:\/\/filicdecor.com\/zidna-obloga-pillow\/","url":"https:\/\/filicdecor.com\/zidna-obloga-pillow\/","name":"Rev\u00eatement mural Pillow","isPartOf":{"@id":"https:\/\/filicdecor.com\/fr\/#website"},"primaryImageOfPage":{"@id":"https:\/\/filicdecor.com\/zidna-obloga-pillow\/#primaryimage"},"image":{"@id":"https:\/\/filicdecor.com\/zidna-obloga-pillow\/#primaryimage"},"thumbnailUrl":"https:\/\/filicdecor.com\/wp-content\/uploads\/2023\/12\/3d-zidni-panel-pillow-1.webp","datePublished":"2023-12-14T12:24:06+00:00","dateModified":"2023-12-14T12:25:31+00:00","breadcrumb":{"@id":"https:\/\/filicdecor.com\/zidna-obloga-pillow\/#breadcrumb"},"inLanguage":"fr-FR","potentialAction":[{"@type":"ReadAction","target":["https:\/\/filicdecor.com\/zidna-obloga-pillow\/"]}]},{"@type":"ImageObject","inLanguage":"fr-FR","@id":"https:\/\/filicdecor.com\/zidna-obloga-pillow\/#primaryimage","url":"https:\/\/filicdecor.com\/wp-content\/uploads\/2023\/12\/3d-zidni-panel-pillow-1.webp","contentUrl":"https:\/\/filicdecor.com\/wp-content\/uploads\/2023\/12\/3d-zidni-panel-pillow-1.webp","width":1000,"height":750},{"@type":"BreadcrumbList","@id":"https:\/\/filicdecor.com\/zidna-obloga-pillow\/#breadcrumb","itemListElement":[{"@type":"ListItem","position":1,"name":"Po\u010detna","item":"https:\/\/filicdecor.com\/"},{"@type":"ListItem","position":2,"name":"Shop","item":"https:\/\/filicdecor.com\/shop\/"},{"@type":"ListItem","position":3,"name":"Zidna obloga Pillow"}]},{"@type":"WebSite","@id":"https:\/\/filicdecor.com\/fr\/#website","url":"https:\/\/filicdecor.com\/fr\/","name":"Polystyr\u00e8ne d\u00e9coratif | D\u00e9cor Fili\u0107 | Filic","description":"| - Fili\u0107 Fasade za poneti","potentialAction":[{"@type":"SearchAction","target":{"@type":"EntryPoint","urlTemplate":"https:\/\/filicdecor.com\/fr\/?s={search_term_string}"},"query-input":{"@type":"PropertyValueSpecification","valueRequired":true,"valueName":"search_term_string"}}],"inLanguage":"fr-FR"}]}},"_links":{"self":[{"href":"https:\/\/filicdecor.com\/fr\/wp-json\/wp\/v2\/product\/2932","targetHints":{"allow":["GET"]}}],"collection":[{"href":"https:\/\/filicdecor.com\/fr\/wp-json\/wp\/v2\/product"}],"about":[{"href":"https:\/\/filicdecor.com\/fr\/wp-json\/wp\/v2\/types\/product"}],"version-history":[{"count":1,"href":"https:\/\/filicdecor.com\/fr\/wp-json\/wp\/v2\/product\/2932\/revisions"}],"predecessor-version":[{"id":2937,"href":"https:\/\/filicdecor.com\/fr\/wp-json\/wp\/v2\/product\/2932\/revisions\/2937"}],"wp:featuredmedia":[{"embeddable":true,"href":"https:\/\/filicdecor.com\/fr\/wp-json\/wp\/v2\/media\/2933"}],"wp:attachment":[{"href":"https:\/\/filicdecor.com\/fr\/wp-json\/wp\/v2\/media?parent=2932"}],"wp:term":[{"taxonomy":"product_brand","embeddable":true,"href":"https:\/\/filicdecor.com\/fr\/wp-json\/wp\/v2\/product_brand?post=2932"},{"taxonomy":"product_cat","embeddable":true,"href":"https:\/\/filicdecor.com\/fr\/wp-json\/wp\/v2\/product_cat?post=2932"},{"taxonomy":"product_tag","embeddable":true,"href":"https:\/\/filicdecor.com\/fr\/wp-json\/wp\/v2\/product_tag?post=2932"}],"curies":[{"name":"wp","href":"https:\/\/api.w.org\/{rel}","templated":true}]}}