{"id":2765,"date":"2023-12-14T11:15:59","date_gmt":"2023-12-14T11:15:59","guid":{"rendered":"https:\/\/filicdecor.com\/?post_type=product&#038;p=2765"},"modified":"2023-12-14T11:31:25","modified_gmt":"2023-12-14T11:31:25","slug":"flatline-trougao-fl-tr-200x200","status":"publish","type":"product","link":"https:\/\/filicdecor.com\/fr\/flatline-trougao-fl-tr-200x200\/","title":{"rendered":"Flatline  Triangle - FL TR 200\u00d7200"},"content":{"rendered":"<p>Collection <strong>FLATLINE<\/strong> est con\u00e7u pour d\u00e9corer les espaces professionnels et r\u00e9sidentiels priv\u00e9s. La forme finale compos\u00e9e de diff\u00e9rentes tailles et nombres d'\u00e9l\u00e9ments conviendra parfaitement comme d\u00e9coration dans une chambre, un salon ou un bureau. Les composants FLATLINE sont des produits mono-mat\u00e9riaux enti\u00e8rement constitu\u00e9s de tissus non tiss\u00e9s en polyester, comprenant plus de 50 % de fibres issues de bouteilles PET recycl\u00e9es.<\/p>\n<p>Les \u00e9l\u00e9ments FLATLINE sont double face - le dos est gris clair (rPET1100) et le devant est disponible dans n'importe quelle couleur du catalogue de motifs intiss\u00e9s.<\/p>\n<p>Les \u00e9l\u00e9ments FLATLINE se montent directement au mur \u00e0 l'aide du ruban adh\u00e9sif double face inclus dans le kit<\/p>\n<p>La collection FLATLINE est \u00e9galement disponible en huit ensembles pr\u00eats \u00e0 l'emploi. Ils constituent la solution id\u00e9ale pour d\u00e9corer vos espaces muraux de mani\u00e8re unique, rapide et facile, sans avoir \u00e0 passer du temps \u00e0 imaginer un design.<\/p>","protected":false},"excerpt":{"rendered":"<p><strong>Dimensions:<\/strong>\u00a0200 x 200mm<br \/>\n<strong>Mat\u00e9riel:\u00a0<\/strong>filc<br \/>\n<strong>Fabricant:\u00a0<\/strong>Marbet design<br \/>\n<strong>Note:\u00a0<\/strong>Le prix indiqu\u00e9 est pour 1 pi\u00e8ce<\/p>\n<p><img decoding=\"async\" class=\"alignnone size-full wp-image-1740\" src=\"https:\/\/filicdecor.com\/wp-content\/uploads\/2023\/12\/MarbetDesignLogo.png\" alt=\"\" width=\"189\" height=\"28\" srcset=\"https:\/\/filicdecor.com\/wp-content\/uploads\/2023\/12\/MarbetDesignLogo.png 189w, https:\/\/filicdecor.com\/wp-content\/uploads\/2023\/12\/MarbetDesignLogo-150x22.png 150w\" sizes=\"(max-width: 189px) 100vw, 189px\" \/><\/p>","protected":false},"featured_media":2812,"template":"","meta":[],"product_brand":[],"product_cat":[166,72],"product_tag":[],"class_list":{"0":"post-2765","1":"product","2":"type-product","3":"status-publish","4":"has-post-thumbnail","6":"product_cat-flatline","7":"product_cat-zidne-obloge","9":"first","10":"onbackorder","11":"shipping-taxable","12":"purchasable","13":"product-type-variable"},"yoast_head":"<!-- This site is optimized with the Yoast SEO plugin v27.4 - https:\/\/yoast.com\/product\/yoast-seo-wordpress\/ -->\n<title>Flatline Trougao - FL TR 200x200 - Dekorativni stiropor | Fili\u0107 Decor | Fili\u0107<\/title>\n<meta name=\"robots\" content=\"index, follow, max-snippet:-1, max-image-preview:large, max-video-preview:-1\" \/>\n<link rel=\"canonical\" href=\"https:\/\/filicdecor.com\/fr\/flatline-trougao-fl-tr-200x200\/\" \/>\n<meta property=\"og:locale\" content=\"fr_FR\" \/>\n<meta property=\"og:type\" content=\"article\" \/>\n<meta property=\"og:title\" content=\"Flatline Trougao - FL TR 200x200 - Dekorativni stiropor | Fili\u0107 Decor | Fili\u0107\" \/>\n<meta property=\"og:description\" content=\"Dimenzije:\u00a0200 x 200mm Materijal:\u00a0filc Proizvo\u0111a\u010d:\u00a0Marbet design Napomena:\u00a0Cena je prikazana\u00a0za 1kom\" \/>\n<meta property=\"og:url\" content=\"https:\/\/filicdecor.com\/fr\/flatline-trougao-fl-tr-200x200\/\" \/>\n<meta property=\"og:site_name\" content=\"Dekorativni stiropor | Fili\u0107 Decor | Fili\u0107\" \/>\n<meta property=\"article:modified_time\" content=\"2023-12-14T11:31:25+00:00\" \/>\n<meta property=\"og:image\" content=\"https:\/\/filicdecor.com\/wp-content\/uploads\/2023\/12\/FL-TR-200X200-TEX496ML.webp\" \/>\n\t<meta property=\"og:image:width\" content=\"1000\" \/>\n\t<meta property=\"og:image:height\" content=\"750\" \/>\n\t<meta property=\"og:image:type\" content=\"image\/webp\" \/>\n<meta name=\"twitter:card\" content=\"summary_large_image\" \/>\n<meta name=\"twitter:label1\" content=\"Dur\u00e9e de lecture estim\u00e9e\" \/>\n\t<meta name=\"twitter:data1\" content=\"1 minute\" \/>\n<script type=\"application\/ld+json\" class=\"yoast-schema-graph\">{\"@context\":\"https:\\\/\\\/schema.org\",\"@graph\":[{\"@type\":\"WebPage\",\"@id\":\"https:\\\/\\\/filicdecor.com\\\/flatline-trougao-fl-tr-200x200\\\/\",\"url\":\"https:\\\/\\\/filicdecor.com\\\/flatline-trougao-fl-tr-200x200\\\/\",\"name\":\"Flatline Trougao - FL TR 200x200 - Dekorativni stiropor | Fili\u0107 Decor | Fili\u0107\",\"isPartOf\":{\"@id\":\"https:\\\/\\\/filicdecor.com\\\/fr\\\/#website\"},\"primaryImageOfPage\":{\"@id\":\"https:\\\/\\\/filicdecor.com\\\/flatline-trougao-fl-tr-200x200\\\/#primaryimage\"},\"image\":{\"@id\":\"https:\\\/\\\/filicdecor.com\\\/flatline-trougao-fl-tr-200x200\\\/#primaryimage\"},\"thumbnailUrl\":\"https:\\\/\\\/filicdecor.com\\\/wp-content\\\/uploads\\\/2023\\\/12\\\/FL-TR-200X200-TEX496ML.webp\",\"datePublished\":\"2023-12-14T11:15:59+00:00\",\"dateModified\":\"2023-12-14T11:31:25+00:00\",\"breadcrumb\":{\"@id\":\"https:\\\/\\\/filicdecor.com\\\/flatline-trougao-fl-tr-200x200\\\/#breadcrumb\"},\"inLanguage\":\"fr-FR\",\"potentialAction\":[{\"@type\":\"ReadAction\",\"target\":[\"https:\\\/\\\/filicdecor.com\\\/flatline-trougao-fl-tr-200x200\\\/\"]}]},{\"@type\":\"ImageObject\",\"inLanguage\":\"fr-FR\",\"@id\":\"https:\\\/\\\/filicdecor.com\\\/flatline-trougao-fl-tr-200x200\\\/#primaryimage\",\"url\":\"https:\\\/\\\/filicdecor.com\\\/wp-content\\\/uploads\\\/2023\\\/12\\\/FL-TR-200X200-TEX496ML.webp\",\"contentUrl\":\"https:\\\/\\\/filicdecor.com\\\/wp-content\\\/uploads\\\/2023\\\/12\\\/FL-TR-200X200-TEX496ML.webp\",\"width\":1000,\"height\":750},{\"@type\":\"BreadcrumbList\",\"@id\":\"https:\\\/\\\/filicdecor.com\\\/flatline-trougao-fl-tr-200x200\\\/#breadcrumb\",\"itemListElement\":[{\"@type\":\"ListItem\",\"position\":1,\"name\":\"\u041f\u043e\u0447\u0435\u0442\u043d\u0430\",\"item\":\"https:\\\/\\\/filicdecor.com\\\/\"},{\"@type\":\"ListItem\",\"position\":2,\"name\":\"Shop\",\"item\":\"https:\\\/\\\/filicdecor.com\\\/shop\\\/\"},{\"@type\":\"ListItem\",\"position\":3,\"name\":\"Flatline Trougao &#8211; FL TR 200&#215;200\"}]},{\"@type\":\"WebSite\",\"@id\":\"https:\\\/\\\/filicdecor.com\\\/fr\\\/#website\",\"url\":\"https:\\\/\\\/filicdecor.com\\\/fr\\\/\",\"name\":\"Dekorativni stiropor | Fili\u0107 Decor | Fili\u0107\",\"description\":\"| - Fili\u0107 Fasade za poneti\",\"potentialAction\":[{\"@type\":\"SearchAction\",\"target\":{\"@type\":\"EntryPoint\",\"urlTemplate\":\"https:\\\/\\\/filicdecor.com\\\/fr\\\/?s={search_term_string}\"},\"query-input\":{\"@type\":\"PropertyValueSpecification\",\"valueRequired\":true,\"valueName\":\"search_term_string\"}}],\"inLanguage\":\"fr-FR\"}]}<\/script>\n<!-- \/ Yoast SEO plugin. -->","yoast_head_json":{"title":"Flatline Trougao - FL TR 200x200 - Dekorativni stiropor | Fili\u0107 Decor | Fili\u0107","robots":{"index":"index","follow":"follow","max-snippet":"max-snippet:-1","max-image-preview":"max-image-preview:large","max-video-preview":"max-video-preview:-1"},"canonical":"https:\/\/filicdecor.com\/fr\/flatline-trougao-fl-tr-200x200\/","og_locale":"fr_FR","og_type":"article","og_title":"Flatline Trougao - FL TR 200x200 - Dekorativni stiropor | Fili\u0107 Decor | Fili\u0107","og_description":"Dimenzije:\u00a0200 x 200mm Materijal:\u00a0filc Proizvo\u0111a\u010d:\u00a0Marbet design Napomena:\u00a0Cena je prikazana\u00a0za 1kom","og_url":"https:\/\/filicdecor.com\/fr\/flatline-trougao-fl-tr-200x200\/","og_site_name":"Dekorativni stiropor | Fili\u0107 Decor | Fili\u0107","article_modified_time":"2023-12-14T11:31:25+00:00","og_image":[{"width":1000,"height":750,"url":"https:\/\/filicdecor.com\/wp-content\/uploads\/2023\/12\/FL-TR-200X200-TEX496ML.webp","type":"image\/webp"}],"twitter_card":"summary_large_image","twitter_misc":{"Dur\u00e9e de lecture estim\u00e9e":"1 minute"},"schema":{"@context":"https:\/\/schema.org","@graph":[{"@type":"WebPage","@id":"https:\/\/filicdecor.com\/flatline-trougao-fl-tr-200x200\/","url":"https:\/\/filicdecor.com\/flatline-trougao-fl-tr-200x200\/","name":"Flatline Trougao - FL TR 200x200 - Dekorativni stiropor | Fili\u0107 Decor | Fili\u0107","isPartOf":{"@id":"https:\/\/filicdecor.com\/fr\/#website"},"primaryImageOfPage":{"@id":"https:\/\/filicdecor.com\/flatline-trougao-fl-tr-200x200\/#primaryimage"},"image":{"@id":"https:\/\/filicdecor.com\/flatline-trougao-fl-tr-200x200\/#primaryimage"},"thumbnailUrl":"https:\/\/filicdecor.com\/wp-content\/uploads\/2023\/12\/FL-TR-200X200-TEX496ML.webp","datePublished":"2023-12-14T11:15:59+00:00","dateModified":"2023-12-14T11:31:25+00:00","breadcrumb":{"@id":"https:\/\/filicdecor.com\/flatline-trougao-fl-tr-200x200\/#breadcrumb"},"inLanguage":"fr-FR","potentialAction":[{"@type":"ReadAction","target":["https:\/\/filicdecor.com\/flatline-trougao-fl-tr-200x200\/"]}]},{"@type":"ImageObject","inLanguage":"fr-FR","@id":"https:\/\/filicdecor.com\/flatline-trougao-fl-tr-200x200\/#primaryimage","url":"https:\/\/filicdecor.com\/wp-content\/uploads\/2023\/12\/FL-TR-200X200-TEX496ML.webp","contentUrl":"https:\/\/filicdecor.com\/wp-content\/uploads\/2023\/12\/FL-TR-200X200-TEX496ML.webp","width":1000,"height":750},{"@type":"BreadcrumbList","@id":"https:\/\/filicdecor.com\/flatline-trougao-fl-tr-200x200\/#breadcrumb","itemListElement":[{"@type":"ListItem","position":1,"name":"Po\u010detna","item":"https:\/\/filicdecor.com\/"},{"@type":"ListItem","position":2,"name":"Shop","item":"https:\/\/filicdecor.com\/shop\/"},{"@type":"ListItem","position":3,"name":"Flatline Trougao &#8211; FL TR 200&#215;200"}]},{"@type":"WebSite","@id":"https:\/\/filicdecor.com\/fr\/#website","url":"https:\/\/filicdecor.com\/fr\/","name":"Polystyr\u00e8ne d\u00e9coratif | D\u00e9cor Fili\u0107 | Filic","description":"| - Fili\u0107 Fasade za poneti","potentialAction":[{"@type":"SearchAction","target":{"@type":"EntryPoint","urlTemplate":"https:\/\/filicdecor.com\/fr\/?s={search_term_string}"},"query-input":{"@type":"PropertyValueSpecification","valueRequired":true,"valueName":"search_term_string"}}],"inLanguage":"fr-FR"}]}},"_links":{"self":[{"href":"https:\/\/filicdecor.com\/fr\/wp-json\/wp\/v2\/product\/2765","targetHints":{"allow":["GET"]}}],"collection":[{"href":"https:\/\/filicdecor.com\/fr\/wp-json\/wp\/v2\/product"}],"about":[{"href":"https:\/\/filicdecor.com\/fr\/wp-json\/wp\/v2\/types\/product"}],"version-history":[{"count":1,"href":"https:\/\/filicdecor.com\/fr\/wp-json\/wp\/v2\/product\/2765\/revisions"}],"predecessor-version":[{"id":2825,"href":"https:\/\/filicdecor.com\/fr\/wp-json\/wp\/v2\/product\/2765\/revisions\/2825"}],"wp:featuredmedia":[{"embeddable":true,"href":"https:\/\/filicdecor.com\/fr\/wp-json\/wp\/v2\/media\/2812"}],"wp:attachment":[{"href":"https:\/\/filicdecor.com\/fr\/wp-json\/wp\/v2\/media?parent=2765"}],"wp:term":[{"taxonomy":"product_brand","embeddable":true,"href":"https:\/\/filicdecor.com\/fr\/wp-json\/wp\/v2\/product_brand?post=2765"},{"taxonomy":"product_cat","embeddable":true,"href":"https:\/\/filicdecor.com\/fr\/wp-json\/wp\/v2\/product_cat?post=2765"},{"taxonomy":"product_tag","embeddable":true,"href":"https:\/\/filicdecor.com\/fr\/wp-json\/wp\/v2\/product_tag?post=2765"}],"curies":[{"name":"wp","href":"https:\/\/api.w.org\/{rel}","templated":true}]}}