{"id":9314,"date":"2024-09-11T12:54:02","date_gmt":"2024-09-11T12:54:02","guid":{"rendered":"https:\/\/filicdecor.com\/?post_type=product&#038;p=9314"},"modified":"2025-02-05T09:28:15","modified_gmt":"2025-02-05T09:28:15","slug":"plafonska-obloga-fo-chicago-0-8cm","status":"publish","type":"product","link":"https:\/\/filicdecor.com\/en\/plafonska-obloga-fo-chicago-0-8cm\/","title":{"rendered":"Ceiling tile FO \u2013 Chicago 0.8cm"},"content":{"rendered":"<p>Due to the large area, the ceiling is the most important component of any room and can completely change its characteristics through creative design. That is why the right choice of ceiling covering is important. Ceiling tiles impress with their functionality, such as heat and sound insulation, but they also cleverly hide all cracks and imperfections on the ceilings. Thanks to the light polystyrene, decorative ceiling coverings can be easily attached to the ceiling by simple gluing.<\/p>\n<ul dir=\"ltr\">\n<li>They are very easy to care for and install.<\/li>\n<li>Expanded polystyrene - environmentally friendly and lightweight material.<\/li>\n<li>Tiles can be coated with all acrylic paints and water-based paints.<\/li>\n<li>Tiles can be coated with all acrylic paints and water-based paints.<\/li>\n<\/ul>\n<p>&nbsp;<\/p>","protected":false},"excerpt":{"rendered":"<p><strong>Manufacturer:\u00a0 <\/strong>&#8222;Fili\u0107&#8220;<br \/>\n<strong>Material:\u00a0<\/strong>Expanded polystyrene - EPS<br \/>\n<strong>Recommended components<\/strong>:<br \/>\nSuitable adhesive - TITAN PLUS, TITAN SUPER<\/p>","protected":false},"featured_media":9303,"template":"","meta":[],"product_brand":[],"product_cat":[191],"product_tag":[],"class_list":{"0":"post-9314","1":"product","2":"type-product","3":"status-publish","4":"has-post-thumbnail","6":"product_cat-plafonske-obloge","8":"first","9":"instock","10":"shipping-taxable","11":"purchasable","12":"product-type-simple"},"yoast_head":"<!-- This site is optimized with the Yoast SEO plugin v27.4 - https:\/\/yoast.com\/product\/yoast-seo-wordpress\/ -->\n<title>Plafonska obloga FO - Chicago 0.8cm - Dekorativni stiropor | Fili\u0107 Decor | Fili\u0107<\/title>\n<meta name=\"robots\" content=\"index, follow, max-snippet:-1, max-image-preview:large, max-video-preview:-1\" \/>\n<link rel=\"canonical\" href=\"https:\/\/filicdecor.com\/en\/plafonska-obloga-fo-chicago-0-8cm\/\" \/>\n<meta property=\"og:locale\" content=\"en_GB\" \/>\n<meta property=\"og:type\" content=\"article\" \/>\n<meta property=\"og:title\" content=\"Plafonska obloga FO - Chicago 0.8cm - Dekorativni stiropor | Fili\u0107 Decor | Fili\u0107\" \/>\n<meta property=\"og:description\" content=\"Proizvo\u0111a\u010d:\u00a0 &quot;Fili\u0107&quot; Materijal:\u00a0Ekspandirani polistiren - EPS Preporu\u010dene komponente: Pogodan lepak -\u00a0TITAN PLUS,\u00a0TITAN SUPER\" \/>\n<meta property=\"og:url\" content=\"https:\/\/filicdecor.com\/en\/plafonska-obloga-fo-chicago-0-8cm\/\" \/>\n<meta property=\"og:site_name\" content=\"Dekorativni stiropor | Fili\u0107 Decor | Fili\u0107\" \/>\n<meta property=\"article:modified_time\" content=\"2025-02-05T09:28:15+00:00\" \/>\n<meta property=\"og:image\" content=\"https:\/\/filicdecor.com\/wp-content\/uploads\/2023\/12\/palfonska-obloga-chicago.webp\" \/>\n\t<meta property=\"og:image:width\" content=\"920\" \/>\n\t<meta property=\"og:image:height\" content=\"480\" \/>\n\t<meta property=\"og:image:type\" content=\"image\/webp\" \/>\n<meta name=\"twitter:card\" content=\"summary_large_image\" \/>\n<meta name=\"twitter:label1\" content=\"Estimated reading time\" \/>\n\t<meta name=\"twitter:data1\" content=\"1 minute\" \/>\n<script type=\"application\/ld+json\" class=\"yoast-schema-graph\">{\"@context\":\"https:\\\/\\\/schema.org\",\"@graph\":[{\"@type\":\"WebPage\",\"@id\":\"https:\\\/\\\/filicdecor.com\\\/plafonska-obloga-fo-chicago-0-8cm\\\/\",\"url\":\"https:\\\/\\\/filicdecor.com\\\/plafonska-obloga-fo-chicago-0-8cm\\\/\",\"name\":\"Plafonska obloga FO - Chicago 0.8cm - Dekorativni stiropor | Fili\u0107 Decor | Fili\u0107\",\"isPartOf\":{\"@id\":\"https:\\\/\\\/filicdecor.com\\\/fr\\\/#website\"},\"primaryImageOfPage\":{\"@id\":\"https:\\\/\\\/filicdecor.com\\\/plafonska-obloga-fo-chicago-0-8cm\\\/#primaryimage\"},\"image\":{\"@id\":\"https:\\\/\\\/filicdecor.com\\\/plafonska-obloga-fo-chicago-0-8cm\\\/#primaryimage\"},\"thumbnailUrl\":\"https:\\\/\\\/filicdecor.com\\\/wp-content\\\/uploads\\\/2023\\\/12\\\/palfonska-obloga-chicago.webp\",\"datePublished\":\"2024-09-11T12:54:02+00:00\",\"dateModified\":\"2025-02-05T09:28:15+00:00\",\"breadcrumb\":{\"@id\":\"https:\\\/\\\/filicdecor.com\\\/plafonska-obloga-fo-chicago-0-8cm\\\/#breadcrumb\"},\"inLanguage\":\"en-GB\",\"potentialAction\":[{\"@type\":\"ReadAction\",\"target\":[\"https:\\\/\\\/filicdecor.com\\\/plafonska-obloga-fo-chicago-0-8cm\\\/\"]}]},{\"@type\":\"ImageObject\",\"inLanguage\":\"en-GB\",\"@id\":\"https:\\\/\\\/filicdecor.com\\\/plafonska-obloga-fo-chicago-0-8cm\\\/#primaryimage\",\"url\":\"https:\\\/\\\/filicdecor.com\\\/wp-content\\\/uploads\\\/2023\\\/12\\\/palfonska-obloga-chicago.webp\",\"contentUrl\":\"https:\\\/\\\/filicdecor.com\\\/wp-content\\\/uploads\\\/2023\\\/12\\\/palfonska-obloga-chicago.webp\",\"width\":920,\"height\":480},{\"@type\":\"BreadcrumbList\",\"@id\":\"https:\\\/\\\/filicdecor.com\\\/plafonska-obloga-fo-chicago-0-8cm\\\/#breadcrumb\",\"itemListElement\":[{\"@type\":\"ListItem\",\"position\":1,\"name\":\"\u041f\u043e\u0447\u0435\u0442\u043d\u0430\",\"item\":\"https:\\\/\\\/filicdecor.com\\\/\"},{\"@type\":\"ListItem\",\"position\":2,\"name\":\"Shop\",\"item\":\"https:\\\/\\\/filicdecor.com\\\/shop\\\/\"},{\"@type\":\"ListItem\",\"position\":3,\"name\":\"Plafonska obloga FO &#8211; Chicago 0.8cm\"}]},{\"@type\":\"WebSite\",\"@id\":\"https:\\\/\\\/filicdecor.com\\\/fr\\\/#website\",\"url\":\"https:\\\/\\\/filicdecor.com\\\/fr\\\/\",\"name\":\"Dekorativni stiropor | Fili\u0107 Decor | Fili\u0107\",\"description\":\"| - Fili\u0107 Fasade za poneti\",\"potentialAction\":[{\"@type\":\"SearchAction\",\"target\":{\"@type\":\"EntryPoint\",\"urlTemplate\":\"https:\\\/\\\/filicdecor.com\\\/fr\\\/?s={search_term_string}\"},\"query-input\":{\"@type\":\"PropertyValueSpecification\",\"valueRequired\":true,\"valueName\":\"search_term_string\"}}],\"inLanguage\":\"en-GB\"}]}<\/script>\n<!-- \/ Yoast SEO plugin. -->","yoast_head_json":{"title":"Plafonska obloga FO - Chicago 0.8cm - Dekorativni stiropor | Fili\u0107 Decor | Fili\u0107","robots":{"index":"index","follow":"follow","max-snippet":"max-snippet:-1","max-image-preview":"max-image-preview:large","max-video-preview":"max-video-preview:-1"},"canonical":"https:\/\/filicdecor.com\/en\/plafonska-obloga-fo-chicago-0-8cm\/","og_locale":"en_GB","og_type":"article","og_title":"Plafonska obloga FO - Chicago 0.8cm - Dekorativni stiropor | Fili\u0107 Decor | Fili\u0107","og_description":"Proizvo\u0111a\u010d:\u00a0 \"Fili\u0107\" Materijal:\u00a0Ekspandirani polistiren - EPS Preporu\u010dene komponente: Pogodan lepak -\u00a0TITAN PLUS,\u00a0TITAN SUPER","og_url":"https:\/\/filicdecor.com\/en\/plafonska-obloga-fo-chicago-0-8cm\/","og_site_name":"Dekorativni stiropor | Fili\u0107 Decor | Fili\u0107","article_modified_time":"2025-02-05T09:28:15+00:00","og_image":[{"width":920,"height":480,"url":"https:\/\/filicdecor.com\/wp-content\/uploads\/2023\/12\/palfonska-obloga-chicago.webp","type":"image\/webp"}],"twitter_card":"summary_large_image","twitter_misc":{"Estimated reading time":"1 minute"},"schema":{"@context":"https:\/\/schema.org","@graph":[{"@type":"WebPage","@id":"https:\/\/filicdecor.com\/plafonska-obloga-fo-chicago-0-8cm\/","url":"https:\/\/filicdecor.com\/plafonska-obloga-fo-chicago-0-8cm\/","name":"Plafonska obloga FO - Chicago 0.8cm - Dekorativni stiropor | Fili\u0107 Decor | Fili\u0107","isPartOf":{"@id":"https:\/\/filicdecor.com\/fr\/#website"},"primaryImageOfPage":{"@id":"https:\/\/filicdecor.com\/plafonska-obloga-fo-chicago-0-8cm\/#primaryimage"},"image":{"@id":"https:\/\/filicdecor.com\/plafonska-obloga-fo-chicago-0-8cm\/#primaryimage"},"thumbnailUrl":"https:\/\/filicdecor.com\/wp-content\/uploads\/2023\/12\/palfonska-obloga-chicago.webp","datePublished":"2024-09-11T12:54:02+00:00","dateModified":"2025-02-05T09:28:15+00:00","breadcrumb":{"@id":"https:\/\/filicdecor.com\/plafonska-obloga-fo-chicago-0-8cm\/#breadcrumb"},"inLanguage":"en-GB","potentialAction":[{"@type":"ReadAction","target":["https:\/\/filicdecor.com\/plafonska-obloga-fo-chicago-0-8cm\/"]}]},{"@type":"ImageObject","inLanguage":"en-GB","@id":"https:\/\/filicdecor.com\/plafonska-obloga-fo-chicago-0-8cm\/#primaryimage","url":"https:\/\/filicdecor.com\/wp-content\/uploads\/2023\/12\/palfonska-obloga-chicago.webp","contentUrl":"https:\/\/filicdecor.com\/wp-content\/uploads\/2023\/12\/palfonska-obloga-chicago.webp","width":920,"height":480},{"@type":"BreadcrumbList","@id":"https:\/\/filicdecor.com\/plafonska-obloga-fo-chicago-0-8cm\/#breadcrumb","itemListElement":[{"@type":"ListItem","position":1,"name":"Po\u010detna","item":"https:\/\/filicdecor.com\/"},{"@type":"ListItem","position":2,"name":"Shop","item":"https:\/\/filicdecor.com\/shop\/"},{"@type":"ListItem","position":3,"name":"Plafonska obloga FO &#8211; Chicago 0.8cm"}]},{"@type":"WebSite","@id":"https:\/\/filicdecor.com\/fr\/#website","url":"https:\/\/filicdecor.com\/fr\/","name":"Dekorativni stiropor | Fili\u0107 Decor | Fili\u0107","description":"| - Fili\u0107 Fasade za poneti","potentialAction":[{"@type":"SearchAction","target":{"@type":"EntryPoint","urlTemplate":"https:\/\/filicdecor.com\/fr\/?s={search_term_string}"},"query-input":{"@type":"PropertyValueSpecification","valueRequired":true,"valueName":"search_term_string"}}],"inLanguage":"en-GB"}]}},"_links":{"self":[{"href":"https:\/\/filicdecor.com\/en\/wp-json\/wp\/v2\/product\/9314","targetHints":{"allow":["GET"]}}],"collection":[{"href":"https:\/\/filicdecor.com\/en\/wp-json\/wp\/v2\/product"}],"about":[{"href":"https:\/\/filicdecor.com\/en\/wp-json\/wp\/v2\/types\/product"}],"version-history":[{"count":2,"href":"https:\/\/filicdecor.com\/en\/wp-json\/wp\/v2\/product\/9314\/revisions"}],"predecessor-version":[{"id":9326,"href":"https:\/\/filicdecor.com\/en\/wp-json\/wp\/v2\/product\/9314\/revisions\/9326"}],"wp:featuredmedia":[{"embeddable":true,"href":"https:\/\/filicdecor.com\/en\/wp-json\/wp\/v2\/media\/9303"}],"wp:attachment":[{"href":"https:\/\/filicdecor.com\/en\/wp-json\/wp\/v2\/media?parent=9314"}],"wp:term":[{"taxonomy":"product_brand","embeddable":true,"href":"https:\/\/filicdecor.com\/en\/wp-json\/wp\/v2\/product_brand?post=9314"},{"taxonomy":"product_cat","embeddable":true,"href":"https:\/\/filicdecor.com\/en\/wp-json\/wp\/v2\/product_cat?post=9314"},{"taxonomy":"product_tag","embeddable":true,"href":"https:\/\/filicdecor.com\/en\/wp-json\/wp\/v2\/product_tag?post=9314"}],"curies":[{"name":"wp","href":"https:\/\/api.w.org\/{rel}","templated":true}]}}