{"id":5564,"date":"2023-12-21T11:53:47","date_gmt":"2023-12-21T11:53:47","guid":{"rendered":"https:\/\/filicdecor.com\/?post_type=product&#038;p=5564"},"modified":"2023-12-21T11:54:43","modified_gmt":"2023-12-21T11:54:43","slug":"imitacija-drvene-grede-br-03-bela-3m","status":"publish","type":"product","link":"https:\/\/filicdecor.com\/en\/imitacija-drvene-grede-br-03-bela-3m\/","title":{"rendered":"Imitation of wooden beam BR-03 white 3m"},"content":{"rendered":"<p>If you are a fan of ethno style, rusticity or simply love the look of natural materials, you certainly do not want to miss out on the beauty of wood in your home.<br \/>\nThe ideal solution for you\u00a0<strong>are imitation of wooden beams .\u00a0<\/strong>We offer polyurethane imitations of wooden beams in standard dimensions.<\/p>\n<p>What distinguishes them from wooden beams is that they are a more durable, economical and environmentally responsible solution.<br \/>\nThey come in two standard shades: light and dark wood color. You can see them<strong>\u00a0here.\u00a0<\/strong><\/p>\n<p>All elements of wood imitation of our production are hand-sculpted and protected with a triple layer of protective mass, which guarantees quality and durability.<br \/>\nIn addition to all the above advantages, imitations of wooden beams are also lighter than real wood, so they are safer because they do not burden the structure on which they are placed.<br \/>\nDue to the multi-layer protection, which is used in the production of facade elements and moldings, they are resistant to water, moisture, mold, rot, insects and do not require any additional work after installation.<br \/>\nMaintenance is performed by occasional wiping with a slightly damp cloth or vacuuming the surface of the beam.<\/p>\n<p><strong>Instalation of wooden beams imitation:<\/strong><br \/>\nThe surface on which they are placed must be dry and clean.<br \/>\nThe elements are glued with a special glue for styrofoam beams -\u00a0<strong>TITAN SUPER.<\/strong><br \/>\nConsumption of glue: 310ml per 12 meters.<br \/>\nThe glue applied on the element must sit for 30 seconds and then you can press the element on the desired surface.<br \/>\nThen tighten the element by pressing it against the surface a few more times.<br \/>\nIf it is not possible to get an element from one piece, the joints can be covered with the help of decorative\u00a0<strong>joint tape.\u00a0<\/strong><\/p>","protected":false},"excerpt":{"rendered":"<div class=\"full-text\">\n<p><strong>Dimensions:<\/strong> 20cm x 13cm x 300cm<br \/>\n<strong>Manufacturer:\u00a0\u00a0<\/strong>Marbet Design<br \/>\n<strong>Material:\u00a0<\/strong>Polyurethane decorations<br \/>\n<strong>Recommended components<\/strong>:<br \/>\nSuitable glue - TITAN SUPER<br \/>\n<strong>Note:\u00a0<\/strong>Possibility of making beams from styrofoam, according to the design and exact dimensions at the request of the client.<\/p>\n<\/div>","protected":false},"featured_media":5565,"template":"","meta":[],"product_brand":[],"product_cat":[235,74],"product_tag":[],"class_list":{"0":"post-5564","1":"product","2":"type-product","3":"status-publish","4":"has-post-thumbnail","6":"product_cat-grede","7":"product_cat-grede-od-stiropora","9":"first","10":"instock","11":"shipping-taxable","12":"purchasable","13":"product-type-simple"},"yoast_head":"<!-- This site is optimized with the Yoast SEO plugin v27.4 - https:\/\/yoast.com\/product\/yoast-seo-wordpress\/ -->\n<title>Imitacija drvene grede BR-03 bela 3m - Dekorativni stiropor | Fili\u0107 Decor | Fili\u0107<\/title>\n<meta name=\"robots\" content=\"index, follow, max-snippet:-1, max-image-preview:large, max-video-preview:-1\" \/>\n<link rel=\"canonical\" href=\"https:\/\/filicdecor.com\/en\/imitacija-drvene-grede-br-03-bela-3m\/\" \/>\n<meta property=\"og:locale\" content=\"en_GB\" \/>\n<meta property=\"og:type\" content=\"article\" \/>\n<meta property=\"og:title\" content=\"Imitacija drvene grede BR-03 bela 3m - Dekorativni stiropor | Fili\u0107 Decor | Fili\u0107\" \/>\n<meta property=\"og:description\" content=\"Dimenzije: 20cm x 13cm x 300cm Proizvo\u0111a\u010d:\u00a0\u00a0Marbet Design Materijal:\u00a0Poliuretan Preporu\u010dene komponente: Pogodan lepak - TITAN SUPER Napomena:\u00a0Mogu\u0107nost izrade greda\u00a0i od stiropora, po nacrtu i ta\u010dnim dimenzijama po zahtevu klijenta.\" \/>\n<meta property=\"og:url\" content=\"https:\/\/filicdecor.com\/en\/imitacija-drvene-grede-br-03-bela-3m\/\" \/>\n<meta property=\"og:site_name\" content=\"Dekorativni stiropor | Fili\u0107 Decor | Fili\u0107\" \/>\n<meta property=\"article:modified_time\" content=\"2023-12-21T11:54:43+00:00\" \/>\n<meta property=\"og:image\" content=\"https:\/\/filicdecor.com\/wp-content\/uploads\/2023\/12\/BR-03-BELA.jpg\" \/>\n\t<meta property=\"og:image:width\" content=\"920\" \/>\n\t<meta property=\"og:image:height\" content=\"480\" \/>\n\t<meta property=\"og:image:type\" content=\"image\/jpeg\" \/>\n<meta name=\"twitter:card\" content=\"summary_large_image\" \/>\n<meta name=\"twitter:label1\" content=\"Estimated reading time\" \/>\n\t<meta name=\"twitter:data1\" content=\"1 minute\" \/>\n<script type=\"application\/ld+json\" class=\"yoast-schema-graph\">{\"@context\":\"https:\\\/\\\/schema.org\",\"@graph\":[{\"@type\":\"WebPage\",\"@id\":\"https:\\\/\\\/filicdecor.com\\\/imitacija-drvene-grede-br-03-bela-3m\\\/\",\"url\":\"https:\\\/\\\/filicdecor.com\\\/imitacija-drvene-grede-br-03-bela-3m\\\/\",\"name\":\"Imitacija drvene grede BR-03 bela 3m - Dekorativni stiropor | Fili\u0107 Decor | Fili\u0107\",\"isPartOf\":{\"@id\":\"https:\\\/\\\/filicdecor.com\\\/fr\\\/#website\"},\"primaryImageOfPage\":{\"@id\":\"https:\\\/\\\/filicdecor.com\\\/imitacija-drvene-grede-br-03-bela-3m\\\/#primaryimage\"},\"image\":{\"@id\":\"https:\\\/\\\/filicdecor.com\\\/imitacija-drvene-grede-br-03-bela-3m\\\/#primaryimage\"},\"thumbnailUrl\":\"https:\\\/\\\/filicdecor.com\\\/wp-content\\\/uploads\\\/2023\\\/12\\\/BR-03-BELA.jpg\",\"datePublished\":\"2023-12-21T11:53:47+00:00\",\"dateModified\":\"2023-12-21T11:54:43+00:00\",\"breadcrumb\":{\"@id\":\"https:\\\/\\\/filicdecor.com\\\/imitacija-drvene-grede-br-03-bela-3m\\\/#breadcrumb\"},\"inLanguage\":\"en-GB\",\"potentialAction\":[{\"@type\":\"ReadAction\",\"target\":[\"https:\\\/\\\/filicdecor.com\\\/imitacija-drvene-grede-br-03-bela-3m\\\/\"]}]},{\"@type\":\"ImageObject\",\"inLanguage\":\"en-GB\",\"@id\":\"https:\\\/\\\/filicdecor.com\\\/imitacija-drvene-grede-br-03-bela-3m\\\/#primaryimage\",\"url\":\"https:\\\/\\\/filicdecor.com\\\/wp-content\\\/uploads\\\/2023\\\/12\\\/BR-03-BELA.jpg\",\"contentUrl\":\"https:\\\/\\\/filicdecor.com\\\/wp-content\\\/uploads\\\/2023\\\/12\\\/BR-03-BELA.jpg\",\"width\":920,\"height\":480},{\"@type\":\"BreadcrumbList\",\"@id\":\"https:\\\/\\\/filicdecor.com\\\/imitacija-drvene-grede-br-03-bela-3m\\\/#breadcrumb\",\"itemListElement\":[{\"@type\":\"ListItem\",\"position\":1,\"name\":\"\u041f\u043e\u0447\u0435\u0442\u043d\u0430\",\"item\":\"https:\\\/\\\/filicdecor.com\\\/\"},{\"@type\":\"ListItem\",\"position\":2,\"name\":\"Shop\",\"item\":\"https:\\\/\\\/filicdecor.com\\\/shop\\\/\"},{\"@type\":\"ListItem\",\"position\":3,\"name\":\"Imitacija drvene grede BR-03 bela 3m\"}]},{\"@type\":\"WebSite\",\"@id\":\"https:\\\/\\\/filicdecor.com\\\/fr\\\/#website\",\"url\":\"https:\\\/\\\/filicdecor.com\\\/fr\\\/\",\"name\":\"Dekorativni stiropor | Fili\u0107 Decor | Fili\u0107\",\"description\":\"| - Fili\u0107 Fasade za poneti\",\"potentialAction\":[{\"@type\":\"SearchAction\",\"target\":{\"@type\":\"EntryPoint\",\"urlTemplate\":\"https:\\\/\\\/filicdecor.com\\\/fr\\\/?s={search_term_string}\"},\"query-input\":{\"@type\":\"PropertyValueSpecification\",\"valueRequired\":true,\"valueName\":\"search_term_string\"}}],\"inLanguage\":\"en-GB\"}]}<\/script>\n<!-- \/ Yoast SEO plugin. -->","yoast_head_json":{"title":"Imitacija drvene grede BR-03 bela 3m - Dekorativni stiropor | Fili\u0107 Decor | Fili\u0107","robots":{"index":"index","follow":"follow","max-snippet":"max-snippet:-1","max-image-preview":"max-image-preview:large","max-video-preview":"max-video-preview:-1"},"canonical":"https:\/\/filicdecor.com\/en\/imitacija-drvene-grede-br-03-bela-3m\/","og_locale":"en_GB","og_type":"article","og_title":"Imitacija drvene grede BR-03 bela 3m - Dekorativni stiropor | Fili\u0107 Decor | Fili\u0107","og_description":"Dimenzije: 20cm x 13cm x 300cm Proizvo\u0111a\u010d:\u00a0\u00a0Marbet Design Materijal:\u00a0Poliuretan Preporu\u010dene komponente: Pogodan lepak - TITAN SUPER Napomena:\u00a0Mogu\u0107nost izrade greda\u00a0i od stiropora, po nacrtu i ta\u010dnim dimenzijama po zahtevu klijenta.","og_url":"https:\/\/filicdecor.com\/en\/imitacija-drvene-grede-br-03-bela-3m\/","og_site_name":"Dekorativni stiropor | Fili\u0107 Decor | Fili\u0107","article_modified_time":"2023-12-21T11:54:43+00:00","og_image":[{"width":920,"height":480,"url":"https:\/\/filicdecor.com\/wp-content\/uploads\/2023\/12\/BR-03-BELA.jpg","type":"image\/jpeg"}],"twitter_card":"summary_large_image","twitter_misc":{"Estimated reading time":"1 minute"},"schema":{"@context":"https:\/\/schema.org","@graph":[{"@type":"WebPage","@id":"https:\/\/filicdecor.com\/imitacija-drvene-grede-br-03-bela-3m\/","url":"https:\/\/filicdecor.com\/imitacija-drvene-grede-br-03-bela-3m\/","name":"Imitacija drvene grede BR-03 bela 3m - Dekorativni stiropor | Fili\u0107 Decor | Fili\u0107","isPartOf":{"@id":"https:\/\/filicdecor.com\/fr\/#website"},"primaryImageOfPage":{"@id":"https:\/\/filicdecor.com\/imitacija-drvene-grede-br-03-bela-3m\/#primaryimage"},"image":{"@id":"https:\/\/filicdecor.com\/imitacija-drvene-grede-br-03-bela-3m\/#primaryimage"},"thumbnailUrl":"https:\/\/filicdecor.com\/wp-content\/uploads\/2023\/12\/BR-03-BELA.jpg","datePublished":"2023-12-21T11:53:47+00:00","dateModified":"2023-12-21T11:54:43+00:00","breadcrumb":{"@id":"https:\/\/filicdecor.com\/imitacija-drvene-grede-br-03-bela-3m\/#breadcrumb"},"inLanguage":"en-GB","potentialAction":[{"@type":"ReadAction","target":["https:\/\/filicdecor.com\/imitacija-drvene-grede-br-03-bela-3m\/"]}]},{"@type":"ImageObject","inLanguage":"en-GB","@id":"https:\/\/filicdecor.com\/imitacija-drvene-grede-br-03-bela-3m\/#primaryimage","url":"https:\/\/filicdecor.com\/wp-content\/uploads\/2023\/12\/BR-03-BELA.jpg","contentUrl":"https:\/\/filicdecor.com\/wp-content\/uploads\/2023\/12\/BR-03-BELA.jpg","width":920,"height":480},{"@type":"BreadcrumbList","@id":"https:\/\/filicdecor.com\/imitacija-drvene-grede-br-03-bela-3m\/#breadcrumb","itemListElement":[{"@type":"ListItem","position":1,"name":"Po\u010detna","item":"https:\/\/filicdecor.com\/"},{"@type":"ListItem","position":2,"name":"Shop","item":"https:\/\/filicdecor.com\/shop\/"},{"@type":"ListItem","position":3,"name":"Imitacija drvene grede BR-03 bela 3m"}]},{"@type":"WebSite","@id":"https:\/\/filicdecor.com\/fr\/#website","url":"https:\/\/filicdecor.com\/fr\/","name":"Dekorativni stiropor | Fili\u0107 Decor | Fili\u0107","description":"| - Fili\u0107 Fasade za poneti","potentialAction":[{"@type":"SearchAction","target":{"@type":"EntryPoint","urlTemplate":"https:\/\/filicdecor.com\/fr\/?s={search_term_string}"},"query-input":{"@type":"PropertyValueSpecification","valueRequired":true,"valueName":"search_term_string"}}],"inLanguage":"en-GB"}]}},"_links":{"self":[{"href":"https:\/\/filicdecor.com\/en\/wp-json\/wp\/v2\/product\/5564","targetHints":{"allow":["GET"]}}],"collection":[{"href":"https:\/\/filicdecor.com\/en\/wp-json\/wp\/v2\/product"}],"about":[{"href":"https:\/\/filicdecor.com\/en\/wp-json\/wp\/v2\/types\/product"}],"version-history":[{"count":2,"href":"https:\/\/filicdecor.com\/en\/wp-json\/wp\/v2\/product\/5564\/revisions"}],"predecessor-version":[{"id":5568,"href":"https:\/\/filicdecor.com\/en\/wp-json\/wp\/v2\/product\/5564\/revisions\/5568"}],"wp:featuredmedia":[{"embeddable":true,"href":"https:\/\/filicdecor.com\/en\/wp-json\/wp\/v2\/media\/5565"}],"wp:attachment":[{"href":"https:\/\/filicdecor.com\/en\/wp-json\/wp\/v2\/media?parent=5564"}],"wp:term":[{"taxonomy":"product_brand","embeddable":true,"href":"https:\/\/filicdecor.com\/en\/wp-json\/wp\/v2\/product_brand?post=5564"},{"taxonomy":"product_cat","embeddable":true,"href":"https:\/\/filicdecor.com\/en\/wp-json\/wp\/v2\/product_cat?post=5564"},{"taxonomy":"product_tag","embeddable":true,"href":"https:\/\/filicdecor.com\/en\/wp-json\/wp\/v2\/product_tag?post=5564"}],"curies":[{"name":"wp","href":"https:\/\/api.w.org\/{rel}","templated":true}]}}