{"id":5455,"date":"2023-12-21T11:02:05","date_gmt":"2023-12-21T11:02:05","guid":{"rendered":"https:\/\/filicdecor.com\/?post_type=product&#038;p=5455"},"modified":"2023-12-21T11:02:27","modified_gmt":"2023-12-21T11:02:27","slug":"japanska-vuna-no-29","status":"publish","type":"product","link":"https:\/\/filicdecor.com\/en\/japanska-vuna-no-29\/","title":{"rendered":"Textile decorative wallpaper No 29"},"content":{"rendered":"<p><strong>Japanska vuna<\/strong>\u00a0is a wallpaper of exceptional performance.<br \/>\nIt is easily maintained by light cleaning with a vacuum cleaner or a damp and well-drained cloth.<br \/>\nIt is made of\u00a0<strong>natural and ecological materials<\/strong>\u00a0such as wool, cotton and cellulose.<br \/>\nIt is a decorative, antistatic material, which repels microparticles, does not attract dust, and in addition to all that, it has the ability of thermal and sound insulation.<br \/>\nIt is used for coating and decorating interior walls.<br \/>\nYou can simply wet it, take it off and apply it to another wall or you can even put it off until another time.<\/p>\n<p><strong>Application instructions:<\/strong><br \/>\nThe wall on which textile decorative wallpaper is applied should be prepared in an appropriate way, because only a well-prepared substrate guarantees full effect and durability.<br \/>\n1. In the case of smoothed and painted walls it can be applied directly, without any special preparation, but with the prior application of an acrylic base.<br \/>\n2. In certain cases when the quality of the previous layers is doubted, before applying the wall should first be cleaned, degreased, repaired, smoothed, treated with acrylic substrate.<br \/>\n- Pour the entire amount provided for one room into a larger container and mix in a dry state.<br \/>\n- Pour 4-6 liters of water per one bag in a container and add warm water if necessary. Hot water is better, but if you decide on cold water, continue the whole process with it, so that there is no difference in the design.<br \/>\n- Mix the blend well until you get an evenly moist mixture.<br \/>\n- Leave the mixture to sit for at least one hour, it is best to prepare it in the evening for the next day and cover the dish with a damp cloth.<br \/>\n- After that, mix again before applying, in order to break up possible lumps.<br \/>\nThe mass is applied with a stainless\u00a0<strong>trowel \/ spatula or with special roller<\/strong>\u00a0(which you can find in our shop).<\/p>\n<p>Any damage is easily and quickly repaired by moistening the damaged area, applying a little mass left over during installation and lightly leveling it with a trowel or spatula. Excess mass is easily stored closed in plastic bags in the refrigerator.<\/p>","protected":false},"excerpt":{"rendered":"<p><strong>Covering power:<\/strong>: 3\u00a0&#8211; 6m\u00b2<br \/>\n<strong>Material:\u00a0<\/strong>Ecological (wool, cotton and cellulose).<\/p>","protected":false},"featured_media":5456,"template":"","meta":[],"product_brand":[],"product_cat":[77],"product_tag":[],"class_list":{"0":"post-5455","1":"product","2":"type-product","3":"status-publish","4":"has-post-thumbnail","6":"product_cat-japanske-vune","8":"first","9":"instock","10":"shipping-taxable","11":"purchasable","12":"product-type-simple"},"yoast_head":"<!-- This site is optimized with the Yoast SEO plugin v27.4 - https:\/\/yoast.com\/product\/yoast-seo-wordpress\/ -->\n<title>Japanska vuna No 29 - Dekorativni stiropor | Fili\u0107 Decor | Fili\u0107<\/title>\n<meta name=\"robots\" content=\"index, follow, max-snippet:-1, max-image-preview:large, max-video-preview:-1\" \/>\n<link rel=\"canonical\" href=\"https:\/\/filicdecor.com\/en\/japanska-vuna-no-29\/\" \/>\n<meta property=\"og:locale\" content=\"en_GB\" \/>\n<meta property=\"og:type\" content=\"article\" \/>\n<meta property=\"og:title\" content=\"Japanska vuna No 29 - Dekorativni stiropor | Fili\u0107 Decor | Fili\u0107\" \/>\n<meta property=\"og:description\" content=\"Pokrivna mo\u0107: 3\u00a0- 6m\u00b2 Materijal:\u00a0Ekolo\u0161ki (vuna, pamuk i celuloza).\" \/>\n<meta property=\"og:url\" content=\"https:\/\/filicdecor.com\/en\/japanska-vuna-no-29\/\" \/>\n<meta property=\"og:site_name\" content=\"Dekorativni stiropor | Fili\u0107 Decor | Fili\u0107\" \/>\n<meta property=\"article:modified_time\" content=\"2023-12-21T11:02:27+00:00\" \/>\n<meta property=\"og:image\" content=\"https:\/\/filicdecor.com\/wp-content\/uploads\/2023\/12\/No-29n.jpg\" \/>\n\t<meta property=\"og:image:width\" content=\"920\" \/>\n\t<meta property=\"og:image:height\" content=\"480\" \/>\n\t<meta property=\"og:image:type\" content=\"image\/jpeg\" \/>\n<meta name=\"twitter:card\" content=\"summary_large_image\" \/>\n<meta name=\"twitter:label1\" content=\"Estimated reading time\" \/>\n\t<meta name=\"twitter:data1\" content=\"2 minutes\" \/>\n<script type=\"application\/ld+json\" class=\"yoast-schema-graph\">{\"@context\":\"https:\\\/\\\/schema.org\",\"@graph\":[{\"@type\":\"WebPage\",\"@id\":\"https:\\\/\\\/filicdecor.com\\\/en\\\/japanska-vuna-no-29\\\/\",\"url\":\"https:\\\/\\\/filicdecor.com\\\/en\\\/japanska-vuna-no-29\\\/\",\"name\":\"Japanska vuna No 29 - Dekorativni stiropor | Fili\u0107 Decor | Fili\u0107\",\"isPartOf\":{\"@id\":\"https:\\\/\\\/filicdecor.com\\\/fr\\\/#website\"},\"primaryImageOfPage\":{\"@id\":\"https:\\\/\\\/filicdecor.com\\\/en\\\/japanska-vuna-no-29\\\/#primaryimage\"},\"image\":{\"@id\":\"https:\\\/\\\/filicdecor.com\\\/en\\\/japanska-vuna-no-29\\\/#primaryimage\"},\"thumbnailUrl\":\"https:\\\/\\\/filicdecor.com\\\/wp-content\\\/uploads\\\/2023\\\/12\\\/No-29n.jpg\",\"datePublished\":\"2023-12-21T11:02:05+00:00\",\"dateModified\":\"2023-12-21T11:02:27+00:00\",\"breadcrumb\":{\"@id\":\"https:\\\/\\\/filicdecor.com\\\/en\\\/japanska-vuna-no-29\\\/#breadcrumb\"},\"inLanguage\":\"en-GB\",\"potentialAction\":[{\"@type\":\"ReadAction\",\"target\":[\"https:\\\/\\\/filicdecor.com\\\/en\\\/japanska-vuna-no-29\\\/\"]}]},{\"@type\":\"ImageObject\",\"inLanguage\":\"en-GB\",\"@id\":\"https:\\\/\\\/filicdecor.com\\\/en\\\/japanska-vuna-no-29\\\/#primaryimage\",\"url\":\"https:\\\/\\\/filicdecor.com\\\/wp-content\\\/uploads\\\/2023\\\/12\\\/No-29n.jpg\",\"contentUrl\":\"https:\\\/\\\/filicdecor.com\\\/wp-content\\\/uploads\\\/2023\\\/12\\\/No-29n.jpg\",\"width\":920,\"height\":480},{\"@type\":\"BreadcrumbList\",\"@id\":\"https:\\\/\\\/filicdecor.com\\\/en\\\/japanska-vuna-no-29\\\/#breadcrumb\",\"itemListElement\":[{\"@type\":\"ListItem\",\"position\":1,\"name\":\"\u041f\u043e\u0447\u0435\u0442\u043d\u0430\",\"item\":\"https:\\\/\\\/filicdecor.com\\\/\"},{\"@type\":\"ListItem\",\"position\":2,\"name\":\"Shop\",\"item\":\"https:\\\/\\\/filicdecor.com\\\/shop\\\/\"},{\"@type\":\"ListItem\",\"position\":3,\"name\":\"Japanska vuna No 29\"}]},{\"@type\":\"WebSite\",\"@id\":\"https:\\\/\\\/filicdecor.com\\\/fr\\\/#website\",\"url\":\"https:\\\/\\\/filicdecor.com\\\/fr\\\/\",\"name\":\"Dekorativni stiropor | Fili\u0107 Decor | Fili\u0107\",\"description\":\"| - Fili\u0107 Fasade za poneti\",\"potentialAction\":[{\"@type\":\"SearchAction\",\"target\":{\"@type\":\"EntryPoint\",\"urlTemplate\":\"https:\\\/\\\/filicdecor.com\\\/fr\\\/?s={search_term_string}\"},\"query-input\":{\"@type\":\"PropertyValueSpecification\",\"valueRequired\":true,\"valueName\":\"search_term_string\"}}],\"inLanguage\":\"en-GB\"}]}<\/script>\n<!-- \/ Yoast SEO plugin. -->","yoast_head_json":{"title":"Japanska vuna No 29 - Dekorativni stiropor | Fili\u0107 Decor | Fili\u0107","robots":{"index":"index","follow":"follow","max-snippet":"max-snippet:-1","max-image-preview":"max-image-preview:large","max-video-preview":"max-video-preview:-1"},"canonical":"https:\/\/filicdecor.com\/en\/japanska-vuna-no-29\/","og_locale":"en_GB","og_type":"article","og_title":"Japanska vuna No 29 - Dekorativni stiropor | Fili\u0107 Decor | Fili\u0107","og_description":"Pokrivna mo\u0107: 3\u00a0- 6m\u00b2 Materijal:\u00a0Ekolo\u0161ki (vuna, pamuk i celuloza).","og_url":"https:\/\/filicdecor.com\/en\/japanska-vuna-no-29\/","og_site_name":"Dekorativni stiropor | Fili\u0107 Decor | Fili\u0107","article_modified_time":"2023-12-21T11:02:27+00:00","og_image":[{"width":920,"height":480,"url":"https:\/\/filicdecor.com\/wp-content\/uploads\/2023\/12\/No-29n.jpg","type":"image\/jpeg"}],"twitter_card":"summary_large_image","twitter_misc":{"Estimated reading time":"2 minutes"},"schema":{"@context":"https:\/\/schema.org","@graph":[{"@type":"WebPage","@id":"https:\/\/filicdecor.com\/en\/japanska-vuna-no-29\/","url":"https:\/\/filicdecor.com\/en\/japanska-vuna-no-29\/","name":"Japanska vuna No 29 - Dekorativni stiropor | Fili\u0107 Decor | Fili\u0107","isPartOf":{"@id":"https:\/\/filicdecor.com\/fr\/#website"},"primaryImageOfPage":{"@id":"https:\/\/filicdecor.com\/en\/japanska-vuna-no-29\/#primaryimage"},"image":{"@id":"https:\/\/filicdecor.com\/en\/japanska-vuna-no-29\/#primaryimage"},"thumbnailUrl":"https:\/\/filicdecor.com\/wp-content\/uploads\/2023\/12\/No-29n.jpg","datePublished":"2023-12-21T11:02:05+00:00","dateModified":"2023-12-21T11:02:27+00:00","breadcrumb":{"@id":"https:\/\/filicdecor.com\/en\/japanska-vuna-no-29\/#breadcrumb"},"inLanguage":"en-GB","potentialAction":[{"@type":"ReadAction","target":["https:\/\/filicdecor.com\/en\/japanska-vuna-no-29\/"]}]},{"@type":"ImageObject","inLanguage":"en-GB","@id":"https:\/\/filicdecor.com\/en\/japanska-vuna-no-29\/#primaryimage","url":"https:\/\/filicdecor.com\/wp-content\/uploads\/2023\/12\/No-29n.jpg","contentUrl":"https:\/\/filicdecor.com\/wp-content\/uploads\/2023\/12\/No-29n.jpg","width":920,"height":480},{"@type":"BreadcrumbList","@id":"https:\/\/filicdecor.com\/en\/japanska-vuna-no-29\/#breadcrumb","itemListElement":[{"@type":"ListItem","position":1,"name":"Po\u010detna","item":"https:\/\/filicdecor.com\/"},{"@type":"ListItem","position":2,"name":"Shop","item":"https:\/\/filicdecor.com\/shop\/"},{"@type":"ListItem","position":3,"name":"Japanska vuna No 29"}]},{"@type":"WebSite","@id":"https:\/\/filicdecor.com\/fr\/#website","url":"https:\/\/filicdecor.com\/fr\/","name":"Dekorativni stiropor | Fili\u0107 Decor | Fili\u0107","description":"| - Fili\u0107 Fasade za poneti","potentialAction":[{"@type":"SearchAction","target":{"@type":"EntryPoint","urlTemplate":"https:\/\/filicdecor.com\/fr\/?s={search_term_string}"},"query-input":{"@type":"PropertyValueSpecification","valueRequired":true,"valueName":"search_term_string"}}],"inLanguage":"en-GB"}]}},"_links":{"self":[{"href":"https:\/\/filicdecor.com\/en\/wp-json\/wp\/v2\/product\/5455","targetHints":{"allow":["GET"]}}],"collection":[{"href":"https:\/\/filicdecor.com\/en\/wp-json\/wp\/v2\/product"}],"about":[{"href":"https:\/\/filicdecor.com\/en\/wp-json\/wp\/v2\/types\/product"}],"version-history":[{"count":1,"href":"https:\/\/filicdecor.com\/en\/wp-json\/wp\/v2\/product\/5455\/revisions"}],"predecessor-version":[{"id":5457,"href":"https:\/\/filicdecor.com\/en\/wp-json\/wp\/v2\/product\/5455\/revisions\/5457"}],"wp:featuredmedia":[{"embeddable":true,"href":"https:\/\/filicdecor.com\/en\/wp-json\/wp\/v2\/media\/5456"}],"wp:attachment":[{"href":"https:\/\/filicdecor.com\/en\/wp-json\/wp\/v2\/media?parent=5455"}],"wp:term":[{"taxonomy":"product_brand","embeddable":true,"href":"https:\/\/filicdecor.com\/en\/wp-json\/wp\/v2\/product_brand?post=5455"},{"taxonomy":"product_cat","embeddable":true,"href":"https:\/\/filicdecor.com\/en\/wp-json\/wp\/v2\/product_cat?post=5455"},{"taxonomy":"product_tag","embeddable":true,"href":"https:\/\/filicdecor.com\/en\/wp-json\/wp\/v2\/product_tag?post=5455"}],"curies":[{"name":"wp","href":"https:\/\/api.w.org\/{rel}","templated":true}]}}