{"id":5208,"date":"2023-12-18T13:02:16","date_gmt":"2023-12-18T13:02:16","guid":{"rendered":"https:\/\/filicdecor.com\/?post_type=product&#038;p=5208"},"modified":"2023-12-23T15:24:01","modified_gmt":"2023-12-23T15:24:01","slug":"gipsana-rozeta-kalota","status":"publish","type":"product","link":"https:\/\/filicdecor.com\/en\/gipsana-rozeta-kalota\/","title":{"rendered":"Gypsum rosette - Kalota"},"content":{"rendered":"","protected":false},"excerpt":{"rendered":"<p><strong>Dimensions:<\/strong>\u00a0\u00f8100\u00a0cm<br \/>\n<strong>Material:\u00a0<\/strong>Modeling gypsum<\/p>","protected":false},"featured_media":5209,"template":"","meta":[],"product_brand":[],"product_cat":[231],"product_tag":[],"class_list":{"0":"post-5208","1":"product","2":"type-product","3":"status-publish","4":"has-post-thumbnail","6":"product_cat-rozete-gipsani-elementi","8":"first","9":"instock","10":"shipping-taxable","11":"purchasable","12":"product-type-simple"},"yoast_head":"<!-- This site is optimized with the Yoast SEO plugin v27.4 - https:\/\/yoast.com\/product\/yoast-seo-wordpress\/ -->\n<title>Gipsana rozeta - Kalota - Dekorativni stiropor | Fili\u0107 Decor | Fili\u0107<\/title>\n<meta name=\"robots\" content=\"index, follow, max-snippet:-1, max-image-preview:large, max-video-preview:-1\" \/>\n<link rel=\"canonical\" href=\"http:\/\/filicdecor.com\/en\/gipsana-rozeta-kalota\/\" \/>\n<meta property=\"og:locale\" content=\"en_GB\" \/>\n<meta property=\"og:type\" content=\"article\" \/>\n<meta property=\"og:title\" content=\"Gipsana rozeta - Kalota - Dekorativni stiropor | Fili\u0107 Decor | Fili\u0107\" \/>\n<meta property=\"og:description\" content=\"Dimenzije:\u00a0\u00f8100\u00a0cm Materijal:\u00a0Modelarski gips\" \/>\n<meta property=\"og:url\" content=\"http:\/\/filicdecor.com\/en\/gipsana-rozeta-kalota\/\" \/>\n<meta property=\"og:site_name\" content=\"Dekorativni stiropor | Fili\u0107 Decor | Fili\u0107\" \/>\n<meta property=\"article:modified_time\" content=\"2023-12-23T15:24:01+00:00\" \/>\n<meta property=\"og:image\" content=\"https:\/\/filicdecor.com\/wp-content\/uploads\/2023\/12\/Kalota.webp\" \/>\n\t<meta property=\"og:image:width\" content=\"920\" \/>\n\t<meta property=\"og:image:height\" content=\"480\" \/>\n\t<meta property=\"og:image:type\" content=\"image\/webp\" \/>\n<meta name=\"twitter:card\" content=\"summary_large_image\" \/>\n<script type=\"application\/ld+json\" class=\"yoast-schema-graph\">{\"@context\":\"https:\\\/\\\/schema.org\",\"@graph\":[{\"@type\":\"WebPage\",\"@id\":\"http:\\\/\\\/filicdecor.com\\\/de\\\/gipsana-rozeta-kalota\\\/\",\"url\":\"http:\\\/\\\/filicdecor.com\\\/de\\\/gipsana-rozeta-kalota\\\/\",\"name\":\"Gipsana rozeta - Kalota - Dekorativni stiropor | Fili\u0107 Decor | Fili\u0107\",\"isPartOf\":{\"@id\":\"https:\\\/\\\/filicdecor.com\\\/fr\\\/#website\"},\"primaryImageOfPage\":{\"@id\":\"http:\\\/\\\/filicdecor.com\\\/de\\\/gipsana-rozeta-kalota\\\/#primaryimage\"},\"image\":{\"@id\":\"http:\\\/\\\/filicdecor.com\\\/de\\\/gipsana-rozeta-kalota\\\/#primaryimage\"},\"thumbnailUrl\":\"https:\\\/\\\/filicdecor.com\\\/wp-content\\\/uploads\\\/2023\\\/12\\\/Kalota.webp\",\"datePublished\":\"2023-12-18T13:02:16+00:00\",\"dateModified\":\"2023-12-23T15:24:01+00:00\",\"breadcrumb\":{\"@id\":\"http:\\\/\\\/filicdecor.com\\\/de\\\/gipsana-rozeta-kalota\\\/#breadcrumb\"},\"inLanguage\":\"en-GB\",\"potentialAction\":[{\"@type\":\"ReadAction\",\"target\":[\"http:\\\/\\\/filicdecor.com\\\/de\\\/gipsana-rozeta-kalota\\\/\"]}]},{\"@type\":\"ImageObject\",\"inLanguage\":\"en-GB\",\"@id\":\"http:\\\/\\\/filicdecor.com\\\/de\\\/gipsana-rozeta-kalota\\\/#primaryimage\",\"url\":\"https:\\\/\\\/filicdecor.com\\\/wp-content\\\/uploads\\\/2023\\\/12\\\/Kalota.webp\",\"contentUrl\":\"https:\\\/\\\/filicdecor.com\\\/wp-content\\\/uploads\\\/2023\\\/12\\\/Kalota.webp\",\"width\":920,\"height\":480},{\"@type\":\"BreadcrumbList\",\"@id\":\"http:\\\/\\\/filicdecor.com\\\/de\\\/gipsana-rozeta-kalota\\\/#breadcrumb\",\"itemListElement\":[{\"@type\":\"ListItem\",\"position\":1,\"name\":\"\u041f\u043e\u0447\u0435\u0442\u043d\u0430\",\"item\":\"https:\\\/\\\/filicdecor.com\\\/\"},{\"@type\":\"ListItem\",\"position\":2,\"name\":\"Shop\",\"item\":\"https:\\\/\\\/filicdecor.com\\\/shop\\\/\"},{\"@type\":\"ListItem\",\"position\":3,\"name\":\"Gipsana rozeta &#8211; Kalota\"}]},{\"@type\":\"WebSite\",\"@id\":\"https:\\\/\\\/filicdecor.com\\\/fr\\\/#website\",\"url\":\"https:\\\/\\\/filicdecor.com\\\/fr\\\/\",\"name\":\"Dekorativni stiropor | Fili\u0107 Decor | Fili\u0107\",\"description\":\"| - Fili\u0107 Fasade za poneti\",\"potentialAction\":[{\"@type\":\"SearchAction\",\"target\":{\"@type\":\"EntryPoint\",\"urlTemplate\":\"https:\\\/\\\/filicdecor.com\\\/fr\\\/?s={search_term_string}\"},\"query-input\":{\"@type\":\"PropertyValueSpecification\",\"valueRequired\":true,\"valueName\":\"search_term_string\"}}],\"inLanguage\":\"en-GB\"}]}<\/script>\n<!-- \/ Yoast SEO plugin. -->","yoast_head_json":{"title":"Gipsana rozeta - Kalota - Dekorativni stiropor | Fili\u0107 Decor | Fili\u0107","robots":{"index":"index","follow":"follow","max-snippet":"max-snippet:-1","max-image-preview":"max-image-preview:large","max-video-preview":"max-video-preview:-1"},"canonical":"http:\/\/filicdecor.com\/en\/gipsana-rozeta-kalota\/","og_locale":"en_GB","og_type":"article","og_title":"Gipsana rozeta - Kalota - Dekorativni stiropor | Fili\u0107 Decor | Fili\u0107","og_description":"Dimenzije:\u00a0\u00f8100\u00a0cm Materijal:\u00a0Modelarski gips","og_url":"http:\/\/filicdecor.com\/en\/gipsana-rozeta-kalota\/","og_site_name":"Dekorativni stiropor | Fili\u0107 Decor | Fili\u0107","article_modified_time":"2023-12-23T15:24:01+00:00","og_image":[{"width":920,"height":480,"url":"https:\/\/filicdecor.com\/wp-content\/uploads\/2023\/12\/Kalota.webp","type":"image\/webp"}],"twitter_card":"summary_large_image","schema":{"@context":"https:\/\/schema.org","@graph":[{"@type":"WebPage","@id":"http:\/\/filicdecor.com\/de\/gipsana-rozeta-kalota\/","url":"http:\/\/filicdecor.com\/de\/gipsana-rozeta-kalota\/","name":"Gipsana rozeta - Kalota - Dekorativni stiropor | Fili\u0107 Decor | Fili\u0107","isPartOf":{"@id":"https:\/\/filicdecor.com\/fr\/#website"},"primaryImageOfPage":{"@id":"http:\/\/filicdecor.com\/de\/gipsana-rozeta-kalota\/#primaryimage"},"image":{"@id":"http:\/\/filicdecor.com\/de\/gipsana-rozeta-kalota\/#primaryimage"},"thumbnailUrl":"https:\/\/filicdecor.com\/wp-content\/uploads\/2023\/12\/Kalota.webp","datePublished":"2023-12-18T13:02:16+00:00","dateModified":"2023-12-23T15:24:01+00:00","breadcrumb":{"@id":"http:\/\/filicdecor.com\/de\/gipsana-rozeta-kalota\/#breadcrumb"},"inLanguage":"en-GB","potentialAction":[{"@type":"ReadAction","target":["http:\/\/filicdecor.com\/de\/gipsana-rozeta-kalota\/"]}]},{"@type":"ImageObject","inLanguage":"en-GB","@id":"http:\/\/filicdecor.com\/de\/gipsana-rozeta-kalota\/#primaryimage","url":"https:\/\/filicdecor.com\/wp-content\/uploads\/2023\/12\/Kalota.webp","contentUrl":"https:\/\/filicdecor.com\/wp-content\/uploads\/2023\/12\/Kalota.webp","width":920,"height":480},{"@type":"BreadcrumbList","@id":"http:\/\/filicdecor.com\/de\/gipsana-rozeta-kalota\/#breadcrumb","itemListElement":[{"@type":"ListItem","position":1,"name":"Po\u010detna","item":"https:\/\/filicdecor.com\/"},{"@type":"ListItem","position":2,"name":"Shop","item":"https:\/\/filicdecor.com\/shop\/"},{"@type":"ListItem","position":3,"name":"Gipsana rozeta &#8211; Kalota"}]},{"@type":"WebSite","@id":"https:\/\/filicdecor.com\/fr\/#website","url":"https:\/\/filicdecor.com\/fr\/","name":"Dekorativni stiropor | Fili\u0107 Decor | Fili\u0107","description":"| - Fili\u0107 Fasade za poneti","potentialAction":[{"@type":"SearchAction","target":{"@type":"EntryPoint","urlTemplate":"https:\/\/filicdecor.com\/fr\/?s={search_term_string}"},"query-input":{"@type":"PropertyValueSpecification","valueRequired":true,"valueName":"search_term_string"}}],"inLanguage":"en-GB"}]}},"_links":{"self":[{"href":"https:\/\/filicdecor.com\/en\/wp-json\/wp\/v2\/product\/5208","targetHints":{"allow":["GET"]}}],"collection":[{"href":"https:\/\/filicdecor.com\/en\/wp-json\/wp\/v2\/product"}],"about":[{"href":"https:\/\/filicdecor.com\/en\/wp-json\/wp\/v2\/types\/product"}],"version-history":[{"count":2,"href":"https:\/\/filicdecor.com\/en\/wp-json\/wp\/v2\/product\/5208\/revisions"}],"predecessor-version":[{"id":7202,"href":"https:\/\/filicdecor.com\/en\/wp-json\/wp\/v2\/product\/5208\/revisions\/7202"}],"wp:featuredmedia":[{"embeddable":true,"href":"https:\/\/filicdecor.com\/en\/wp-json\/wp\/v2\/media\/5209"}],"wp:attachment":[{"href":"https:\/\/filicdecor.com\/en\/wp-json\/wp\/v2\/media?parent=5208"}],"wp:term":[{"taxonomy":"product_brand","embeddable":true,"href":"https:\/\/filicdecor.com\/en\/wp-json\/wp\/v2\/product_brand?post=5208"},{"taxonomy":"product_cat","embeddable":true,"href":"https:\/\/filicdecor.com\/en\/wp-json\/wp\/v2\/product_cat?post=5208"},{"taxonomy":"product_tag","embeddable":true,"href":"https:\/\/filicdecor.com\/en\/wp-json\/wp\/v2\/product_tag?post=5208"}],"curies":[{"name":"wp","href":"https:\/\/api.w.org\/{rel}","templated":true}]}}