{"id":4000,"date":"2023-12-15T12:14:39","date_gmt":"2023-12-15T12:14:39","guid":{"rendered":"https:\/\/filicdecor.com\/?post_type=product&#038;p=4000"},"modified":"2023-12-23T13:47:34","modified_gmt":"2023-12-23T13:47:34","slug":"stiropor-fasadna-lajsna-sls-205","status":"publish","type":"product","link":"https:\/\/filicdecor.com\/en\/stiropor-fasadna-lajsna-sls-205\/","title":{"rendered":"Styrofoam facade moulding SLS-205"},"content":{"rendered":"<p><strong>Fili\u0107 decorative facade elements\u00a0<\/strong>are an ideal material for quality realization of even the most demanding facades.<br \/>\nFacade elements are made of completely pure\u00a0<strong>polystyrene<\/strong>, coated with a thin, flexible, durable, UV-resistant and weather-resistant acrylic-polyurethane coating.<br \/>\nAll<strong>\u00a0facade elements<\/strong>\u00a0are designed to easily adapt to a wide range of situations on buildings, from ideal construction conditions to very problematic substrates.<br \/>\nThe unique protective coating of the product is characterized by high durability, flexibility and impact resistance without the use of reinforcement.<br \/>\nThanks to the\u00a0<strong>acrylic<\/strong>\u00a0base of the coating, which is white, primers and water-based paints are easy to apply, prolonging lifespan of product and save color.<\/p>","protected":false},"excerpt":{"rendered":"<p><strong>Dimensions:<\/strong>\u00a013cm x 8,5cm<br \/>\n<strong>Material:<\/strong>\u00a0Hard pressed polystyrene<br \/>\n<strong>Note:<\/strong>\u00a0The listed price is the price for 1 meter long moulding. Mouldings are delivered in two meter length.<\/p>","protected":false},"featured_media":4002,"template":"","meta":[],"product_brand":[],"product_cat":[207,209],"product_tag":[],"class_list":{"0":"post-4000","1":"product","2":"type-product","3":"status-publish","4":"has-post-thumbnail","6":"product_cat-fasadne-lajsne","7":"product_cat-fasadne-linijske-lajsne","9":"first","10":"instock","11":"shipping-taxable","12":"purchasable","13":"product-type-simple"},"yoast_head":"<!-- This site is optimized with the Yoast SEO plugin v27.4 - https:\/\/yoast.com\/product\/yoast-seo-wordpress\/ -->\n<title>Stiropor fasadna lajsna SLS-205 - Dekorativni stiropor | Fili\u0107 Decor | Fili\u0107<\/title>\n<meta name=\"robots\" content=\"index, follow, max-snippet:-1, max-image-preview:large, max-video-preview:-1\" \/>\n<link rel=\"canonical\" href=\"http:\/\/filicdecor.com\/en\/stiropor-fasadna-lajsna-sls-205\/\" \/>\n<meta property=\"og:locale\" content=\"en_GB\" \/>\n<meta property=\"og:type\" content=\"article\" \/>\n<meta property=\"og:title\" content=\"Stiropor fasadna lajsna SLS-205 - Dekorativni stiropor | Fili\u0107 Decor | Fili\u0107\" \/>\n<meta property=\"og:description\" content=\"Dimenzije:\u00a013cm x 8,5cm Materijal:\u00a0Tvrdo presovani polistirol Napomena:\u00a0Navedena cena je cena za 1m lajsne. Lajsne se isporu\u010duju u du\u017eini od 2m.\" \/>\n<meta property=\"og:url\" content=\"http:\/\/filicdecor.com\/en\/stiropor-fasadna-lajsna-sls-205\/\" \/>\n<meta property=\"og:site_name\" content=\"Dekorativni stiropor | Fili\u0107 Decor | Fili\u0107\" \/>\n<meta property=\"article:modified_time\" content=\"2023-12-23T13:47:34+00:00\" \/>\n<meta property=\"og:image\" content=\"https:\/\/filicdecor.com\/wp-content\/uploads\/2023\/12\/SLS-205.webp\" \/>\n\t<meta property=\"og:image:width\" content=\"920\" \/>\n\t<meta property=\"og:image:height\" content=\"480\" \/>\n\t<meta property=\"og:image:type\" content=\"image\/webp\" \/>\n<meta name=\"twitter:card\" content=\"summary_large_image\" \/>\n<meta name=\"twitter:label1\" content=\"Estimated reading time\" \/>\n\t<meta name=\"twitter:data1\" content=\"1 minute\" \/>\n<script type=\"application\/ld+json\" class=\"yoast-schema-graph\">{\"@context\":\"https:\\\/\\\/schema.org\",\"@graph\":[{\"@type\":\"WebPage\",\"@id\":\"http:\\\/\\\/filicdecor.com\\\/en\\\/stiropor-fasadna-lajsna-sls-205\\\/\",\"url\":\"http:\\\/\\\/filicdecor.com\\\/en\\\/stiropor-fasadna-lajsna-sls-205\\\/\",\"name\":\"Stiropor fasadna lajsna SLS-205 - Dekorativni stiropor | Fili\u0107 Decor | Fili\u0107\",\"isPartOf\":{\"@id\":\"https:\\\/\\\/filicdecor.com\\\/fr\\\/#website\"},\"primaryImageOfPage\":{\"@id\":\"http:\\\/\\\/filicdecor.com\\\/en\\\/stiropor-fasadna-lajsna-sls-205\\\/#primaryimage\"},\"image\":{\"@id\":\"http:\\\/\\\/filicdecor.com\\\/en\\\/stiropor-fasadna-lajsna-sls-205\\\/#primaryimage\"},\"thumbnailUrl\":\"https:\\\/\\\/filicdecor.com\\\/wp-content\\\/uploads\\\/2023\\\/12\\\/SLS-205.webp\",\"datePublished\":\"2023-12-15T12:14:39+00:00\",\"dateModified\":\"2023-12-23T13:47:34+00:00\",\"breadcrumb\":{\"@id\":\"http:\\\/\\\/filicdecor.com\\\/en\\\/stiropor-fasadna-lajsna-sls-205\\\/#breadcrumb\"},\"inLanguage\":\"en-GB\",\"potentialAction\":[{\"@type\":\"ReadAction\",\"target\":[\"http:\\\/\\\/filicdecor.com\\\/en\\\/stiropor-fasadna-lajsna-sls-205\\\/\"]}]},{\"@type\":\"ImageObject\",\"inLanguage\":\"en-GB\",\"@id\":\"http:\\\/\\\/filicdecor.com\\\/en\\\/stiropor-fasadna-lajsna-sls-205\\\/#primaryimage\",\"url\":\"https:\\\/\\\/filicdecor.com\\\/wp-content\\\/uploads\\\/2023\\\/12\\\/SLS-205.webp\",\"contentUrl\":\"https:\\\/\\\/filicdecor.com\\\/wp-content\\\/uploads\\\/2023\\\/12\\\/SLS-205.webp\",\"width\":920,\"height\":480},{\"@type\":\"BreadcrumbList\",\"@id\":\"http:\\\/\\\/filicdecor.com\\\/en\\\/stiropor-fasadna-lajsna-sls-205\\\/#breadcrumb\",\"itemListElement\":[{\"@type\":\"ListItem\",\"position\":1,\"name\":\"\u041f\u043e\u0447\u0435\u0442\u043d\u0430\",\"item\":\"https:\\\/\\\/filicdecor.com\\\/\"},{\"@type\":\"ListItem\",\"position\":2,\"name\":\"Shop\",\"item\":\"https:\\\/\\\/filicdecor.com\\\/shop\\\/\"},{\"@type\":\"ListItem\",\"position\":3,\"name\":\"Stiropor fasadna lajsna SLS-205\"}]},{\"@type\":\"WebSite\",\"@id\":\"https:\\\/\\\/filicdecor.com\\\/fr\\\/#website\",\"url\":\"https:\\\/\\\/filicdecor.com\\\/fr\\\/\",\"name\":\"Dekorativni stiropor | Fili\u0107 Decor | Fili\u0107\",\"description\":\"| - Fili\u0107 Fasade za poneti\",\"potentialAction\":[{\"@type\":\"SearchAction\",\"target\":{\"@type\":\"EntryPoint\",\"urlTemplate\":\"https:\\\/\\\/filicdecor.com\\\/fr\\\/?s={search_term_string}\"},\"query-input\":{\"@type\":\"PropertyValueSpecification\",\"valueRequired\":true,\"valueName\":\"search_term_string\"}}],\"inLanguage\":\"en-GB\"}]}<\/script>\n<!-- \/ Yoast SEO plugin. -->","yoast_head_json":{"title":"Stiropor fasadna lajsna SLS-205 - Dekorativni stiropor | Fili\u0107 Decor | Fili\u0107","robots":{"index":"index","follow":"follow","max-snippet":"max-snippet:-1","max-image-preview":"max-image-preview:large","max-video-preview":"max-video-preview:-1"},"canonical":"http:\/\/filicdecor.com\/en\/stiropor-fasadna-lajsna-sls-205\/","og_locale":"en_GB","og_type":"article","og_title":"Stiropor fasadna lajsna SLS-205 - Dekorativni stiropor | Fili\u0107 Decor | Fili\u0107","og_description":"Dimenzije:\u00a013cm x 8,5cm Materijal:\u00a0Tvrdo presovani polistirol Napomena:\u00a0Navedena cena je cena za 1m lajsne. Lajsne se isporu\u010duju u du\u017eini od 2m.","og_url":"http:\/\/filicdecor.com\/en\/stiropor-fasadna-lajsna-sls-205\/","og_site_name":"Dekorativni stiropor | Fili\u0107 Decor | Fili\u0107","article_modified_time":"2023-12-23T13:47:34+00:00","og_image":[{"width":920,"height":480,"url":"https:\/\/filicdecor.com\/wp-content\/uploads\/2023\/12\/SLS-205.webp","type":"image\/webp"}],"twitter_card":"summary_large_image","twitter_misc":{"Estimated reading time":"1 minute"},"schema":{"@context":"https:\/\/schema.org","@graph":[{"@type":"WebPage","@id":"http:\/\/filicdecor.com\/en\/stiropor-fasadna-lajsna-sls-205\/","url":"http:\/\/filicdecor.com\/en\/stiropor-fasadna-lajsna-sls-205\/","name":"Stiropor fasadna lajsna SLS-205 - Dekorativni stiropor | Fili\u0107 Decor | Fili\u0107","isPartOf":{"@id":"https:\/\/filicdecor.com\/fr\/#website"},"primaryImageOfPage":{"@id":"http:\/\/filicdecor.com\/en\/stiropor-fasadna-lajsna-sls-205\/#primaryimage"},"image":{"@id":"http:\/\/filicdecor.com\/en\/stiropor-fasadna-lajsna-sls-205\/#primaryimage"},"thumbnailUrl":"https:\/\/filicdecor.com\/wp-content\/uploads\/2023\/12\/SLS-205.webp","datePublished":"2023-12-15T12:14:39+00:00","dateModified":"2023-12-23T13:47:34+00:00","breadcrumb":{"@id":"http:\/\/filicdecor.com\/en\/stiropor-fasadna-lajsna-sls-205\/#breadcrumb"},"inLanguage":"en-GB","potentialAction":[{"@type":"ReadAction","target":["http:\/\/filicdecor.com\/en\/stiropor-fasadna-lajsna-sls-205\/"]}]},{"@type":"ImageObject","inLanguage":"en-GB","@id":"http:\/\/filicdecor.com\/en\/stiropor-fasadna-lajsna-sls-205\/#primaryimage","url":"https:\/\/filicdecor.com\/wp-content\/uploads\/2023\/12\/SLS-205.webp","contentUrl":"https:\/\/filicdecor.com\/wp-content\/uploads\/2023\/12\/SLS-205.webp","width":920,"height":480},{"@type":"BreadcrumbList","@id":"http:\/\/filicdecor.com\/en\/stiropor-fasadna-lajsna-sls-205\/#breadcrumb","itemListElement":[{"@type":"ListItem","position":1,"name":"Po\u010detna","item":"https:\/\/filicdecor.com\/"},{"@type":"ListItem","position":2,"name":"Shop","item":"https:\/\/filicdecor.com\/shop\/"},{"@type":"ListItem","position":3,"name":"Stiropor fasadna lajsna SLS-205"}]},{"@type":"WebSite","@id":"https:\/\/filicdecor.com\/fr\/#website","url":"https:\/\/filicdecor.com\/fr\/","name":"Dekorativni stiropor | Fili\u0107 Decor | Fili\u0107","description":"| - Fili\u0107 Fasade za poneti","potentialAction":[{"@type":"SearchAction","target":{"@type":"EntryPoint","urlTemplate":"https:\/\/filicdecor.com\/fr\/?s={search_term_string}"},"query-input":{"@type":"PropertyValueSpecification","valueRequired":true,"valueName":"search_term_string"}}],"inLanguage":"en-GB"}]}},"_links":{"self":[{"href":"https:\/\/filicdecor.com\/en\/wp-json\/wp\/v2\/product\/4000","targetHints":{"allow":["GET"]}}],"collection":[{"href":"https:\/\/filicdecor.com\/en\/wp-json\/wp\/v2\/product"}],"about":[{"href":"https:\/\/filicdecor.com\/en\/wp-json\/wp\/v2\/types\/product"}],"version-history":[{"count":3,"href":"https:\/\/filicdecor.com\/en\/wp-json\/wp\/v2\/product\/4000\/revisions"}],"predecessor-version":[{"id":6867,"href":"https:\/\/filicdecor.com\/en\/wp-json\/wp\/v2\/product\/4000\/revisions\/6867"}],"wp:featuredmedia":[{"embeddable":true,"href":"https:\/\/filicdecor.com\/en\/wp-json\/wp\/v2\/media\/4002"}],"wp:attachment":[{"href":"https:\/\/filicdecor.com\/en\/wp-json\/wp\/v2\/media?parent=4000"}],"wp:term":[{"taxonomy":"product_brand","embeddable":true,"href":"https:\/\/filicdecor.com\/en\/wp-json\/wp\/v2\/product_brand?post=4000"},{"taxonomy":"product_cat","embeddable":true,"href":"https:\/\/filicdecor.com\/en\/wp-json\/wp\/v2\/product_cat?post=4000"},{"taxonomy":"product_tag","embeddable":true,"href":"https:\/\/filicdecor.com\/en\/wp-json\/wp\/v2\/product_tag?post=4000"}],"curies":[{"name":"wp","href":"https:\/\/api.w.org\/{rel}","templated":true}]}}