{"id":3418,"date":"2023-12-14T15:24:49","date_gmt":"2023-12-14T15:24:49","guid":{"rendered":"https:\/\/filicdecor.com\/?post_type=product&#038;p=3418"},"modified":"2023-12-14T15:25:17","modified_gmt":"2023-12-14T15:25:17","slug":"fasadni-okrugli-stub-od-stiropora-o16-fs-3-r","status":"publish","type":"product","link":"https:\/\/filicdecor.com\/en\/fasadni-okrugli-stub-od-stiropora-o16-fs-3-r\/","title":{"rendered":"Facade Round Styrofoam Pillar  \u00f816 FS-3 R"},"content":{"rendered":"<p><strong>Facade pillars<\/strong>\u00a0are made of hard EPS (styrofoam), protected with acrylic-polyurethane plaster and can be flat or conical.<br \/>\nStraight pillars are pillars whose diameter is equal on the lower and upper side, and conical columns have a larger diameter in the lower part of the shaft.<br \/>\nProtective acrylic-polyurethane plaster has exceptional resistance to mechanical shocks, is waterproof, non-combustible, frost-resistant, white in color, and therefore suitable for painting in any other color.<br \/>\nYou can order pillars in any dimension of external diameter and in any thickness.<br \/>\nThe ideal way to cover concrete pillars and turn them into the most beautiful details of your home.<\/p>\n<p>Pillars (pillar coverings) consist of the following elements:<br \/>\n&#8211;\u00a0<strong>The capital of a pillar<\/strong>\u00a0which may be Doric, Ionic or Corinthian.<br \/>\nCorinthian and Ionic capitals are made of polyurethane or cast EPS and protective acrylic-polyurethane plaster, they are available only in the specified dimensions.<br \/>\nDoric capitals can be made in any dimension.<br \/>\n&#8211;\u00a0<strong>Pillar shaft<\/strong>, which can be with grooves (ribbed) or smooth and are available for construction in the dimensions desired.<br \/>\n&#8211;\u00a0<strong>Pillar base\u00a0<\/strong>that can be in any dimension and in any shape, regardless of the model.<br \/>\n&#8211;\u00a0<strong>Pedestals (cubes)<\/strong>\u00a0adaptable to any shape and dimension.<\/p>","protected":false},"excerpt":{"rendered":"<p><strong>Dimensions:<\/strong>\u00a0\u00f816<br \/>\n<strong>Material:<\/strong>\u00a0Hard pressed polystyrene - EPS<br \/>\nSuitable styrofoam capital:<strong>\u00a0SKP-3<\/strong><br \/>\nSuitable polyurethane capital:\u00a0<strong>PKP-3<\/strong><br \/>\nSuitable base:\u00a0<strong>FSP-3<\/strong><\/p>","protected":false},"featured_media":3419,"template":"","meta":[],"product_brand":[],"product_cat":[73,190,187],"product_tag":[],"class_list":{"0":"post-3418","1":"product","2":"type-product","3":"status-publish","4":"has-post-thumbnail","6":"product_cat-dekorativni-stubovi-i-pilasteri","7":"product_cat-okrugli-stubovi-stubovi-od-stiropora","8":"product_cat-stubovi-od-stiropora","10":"first","11":"onbackorder","12":"shipping-taxable","13":"purchasable","14":"product-type-simple"},"yoast_head":"<!-- This site is optimized with the Yoast SEO plugin v27.4 - https:\/\/yoast.com\/product\/yoast-seo-wordpress\/ -->\n<title>Fasadni okrugli stub od stiropora \u00f816 FS-3 R - Dekorativni stiropor | Fili\u0107 Decor | Fili\u0107<\/title>\n<meta name=\"robots\" content=\"index, follow, max-snippet:-1, max-image-preview:large, max-video-preview:-1\" \/>\n<link rel=\"canonical\" href=\"https:\/\/filicdecor.com\/en\/fasadni-okrugli-stub-od-stiropora-o16-fs-3-r\/\" \/>\n<meta property=\"og:locale\" content=\"en_GB\" \/>\n<meta property=\"og:type\" content=\"article\" \/>\n<meta property=\"og:title\" content=\"Fasadni okrugli stub od stiropora \u00f816 FS-3 R - Dekorativni stiropor | Fili\u0107 Decor | Fili\u0107\" \/>\n<meta property=\"og:description\" content=\"Dimenzije:\u00a0\u00f816 Materijal:\u00a0Tvrdo presovani polistirol - EPS Odgovaraju\u0107i kapitel od stiropora:\u00a0SKP-3 Odgovaraju\u0107i kapitel od poliuretana:\u00a0PKP-3 Odgovaraju\u0107e postolje:\u00a0FSP-3\" \/>\n<meta property=\"og:url\" content=\"https:\/\/filicdecor.com\/en\/fasadni-okrugli-stub-od-stiropora-o16-fs-3-r\/\" \/>\n<meta property=\"og:site_name\" content=\"Dekorativni stiropor | Fili\u0107 Decor | Fili\u0107\" \/>\n<meta property=\"article:modified_time\" content=\"2023-12-14T15:25:17+00:00\" \/>\n<meta property=\"og:image\" content=\"https:\/\/filicdecor.com\/wp-content\/uploads\/2023\/12\/TELO-R.png.webp\" \/>\n\t<meta property=\"og:image:width\" content=\"920\" \/>\n\t<meta property=\"og:image:height\" content=\"480\" \/>\n\t<meta property=\"og:image:type\" content=\"image\/webp\" \/>\n<meta name=\"twitter:card\" content=\"summary_large_image\" \/>\n<meta name=\"twitter:label1\" content=\"Estimated reading time\" \/>\n\t<meta name=\"twitter:data1\" content=\"1 minute\" \/>\n<script type=\"application\/ld+json\" class=\"yoast-schema-graph\">{\"@context\":\"https:\\\/\\\/schema.org\",\"@graph\":[{\"@type\":\"WebPage\",\"@id\":\"https:\\\/\\\/filicdecor.com\\\/fasadni-okrugli-stub-od-stiropora-o16-fs-3-r\\\/\",\"url\":\"https:\\\/\\\/filicdecor.com\\\/fasadni-okrugli-stub-od-stiropora-o16-fs-3-r\\\/\",\"name\":\"Fasadni okrugli stub od stiropora \u00f816 FS-3 R - Dekorativni stiropor | Fili\u0107 Decor | Fili\u0107\",\"isPartOf\":{\"@id\":\"https:\\\/\\\/filicdecor.com\\\/fr\\\/#website\"},\"primaryImageOfPage\":{\"@id\":\"https:\\\/\\\/filicdecor.com\\\/fasadni-okrugli-stub-od-stiropora-o16-fs-3-r\\\/#primaryimage\"},\"image\":{\"@id\":\"https:\\\/\\\/filicdecor.com\\\/fasadni-okrugli-stub-od-stiropora-o16-fs-3-r\\\/#primaryimage\"},\"thumbnailUrl\":\"https:\\\/\\\/filicdecor.com\\\/wp-content\\\/uploads\\\/2023\\\/12\\\/TELO-R.png.webp\",\"datePublished\":\"2023-12-14T15:24:49+00:00\",\"dateModified\":\"2023-12-14T15:25:17+00:00\",\"breadcrumb\":{\"@id\":\"https:\\\/\\\/filicdecor.com\\\/fasadni-okrugli-stub-od-stiropora-o16-fs-3-r\\\/#breadcrumb\"},\"inLanguage\":\"en-GB\",\"potentialAction\":[{\"@type\":\"ReadAction\",\"target\":[\"https:\\\/\\\/filicdecor.com\\\/fasadni-okrugli-stub-od-stiropora-o16-fs-3-r\\\/\"]}]},{\"@type\":\"ImageObject\",\"inLanguage\":\"en-GB\",\"@id\":\"https:\\\/\\\/filicdecor.com\\\/fasadni-okrugli-stub-od-stiropora-o16-fs-3-r\\\/#primaryimage\",\"url\":\"https:\\\/\\\/filicdecor.com\\\/wp-content\\\/uploads\\\/2023\\\/12\\\/TELO-R.png.webp\",\"contentUrl\":\"https:\\\/\\\/filicdecor.com\\\/wp-content\\\/uploads\\\/2023\\\/12\\\/TELO-R.png.webp\",\"width\":920,\"height\":480},{\"@type\":\"BreadcrumbList\",\"@id\":\"https:\\\/\\\/filicdecor.com\\\/fasadni-okrugli-stub-od-stiropora-o16-fs-3-r\\\/#breadcrumb\",\"itemListElement\":[{\"@type\":\"ListItem\",\"position\":1,\"name\":\"\u041f\u043e\u0447\u0435\u0442\u043d\u0430\",\"item\":\"https:\\\/\\\/filicdecor.com\\\/\"},{\"@type\":\"ListItem\",\"position\":2,\"name\":\"Shop\",\"item\":\"https:\\\/\\\/filicdecor.com\\\/shop\\\/\"},{\"@type\":\"ListItem\",\"position\":3,\"name\":\"Fasadni okrugli stub od stiropora \u00f816 FS-3 R\"}]},{\"@type\":\"WebSite\",\"@id\":\"https:\\\/\\\/filicdecor.com\\\/fr\\\/#website\",\"url\":\"https:\\\/\\\/filicdecor.com\\\/fr\\\/\",\"name\":\"Dekorativni stiropor | Fili\u0107 Decor | Fili\u0107\",\"description\":\"| - Fili\u0107 Fasade za poneti\",\"potentialAction\":[{\"@type\":\"SearchAction\",\"target\":{\"@type\":\"EntryPoint\",\"urlTemplate\":\"https:\\\/\\\/filicdecor.com\\\/fr\\\/?s={search_term_string}\"},\"query-input\":{\"@type\":\"PropertyValueSpecification\",\"valueRequired\":true,\"valueName\":\"search_term_string\"}}],\"inLanguage\":\"en-GB\"}]}<\/script>\n<!-- \/ Yoast SEO plugin. -->","yoast_head_json":{"title":"Fasadni okrugli stub od stiropora \u00f816 FS-3 R - Dekorativni stiropor | Fili\u0107 Decor | Fili\u0107","robots":{"index":"index","follow":"follow","max-snippet":"max-snippet:-1","max-image-preview":"max-image-preview:large","max-video-preview":"max-video-preview:-1"},"canonical":"https:\/\/filicdecor.com\/en\/fasadni-okrugli-stub-od-stiropora-o16-fs-3-r\/","og_locale":"en_GB","og_type":"article","og_title":"Fasadni okrugli stub od stiropora \u00f816 FS-3 R - Dekorativni stiropor | Fili\u0107 Decor | Fili\u0107","og_description":"Dimenzije:\u00a0\u00f816 Materijal:\u00a0Tvrdo presovani polistirol - EPS Odgovaraju\u0107i kapitel od stiropora:\u00a0SKP-3 Odgovaraju\u0107i kapitel od poliuretana:\u00a0PKP-3 Odgovaraju\u0107e postolje:\u00a0FSP-3","og_url":"https:\/\/filicdecor.com\/en\/fasadni-okrugli-stub-od-stiropora-o16-fs-3-r\/","og_site_name":"Dekorativni stiropor | Fili\u0107 Decor | Fili\u0107","article_modified_time":"2023-12-14T15:25:17+00:00","og_image":[{"width":920,"height":480,"url":"https:\/\/filicdecor.com\/wp-content\/uploads\/2023\/12\/TELO-R.png.webp","type":"image\/webp"}],"twitter_card":"summary_large_image","twitter_misc":{"Estimated reading time":"1 minute"},"schema":{"@context":"https:\/\/schema.org","@graph":[{"@type":"WebPage","@id":"https:\/\/filicdecor.com\/fasadni-okrugli-stub-od-stiropora-o16-fs-3-r\/","url":"https:\/\/filicdecor.com\/fasadni-okrugli-stub-od-stiropora-o16-fs-3-r\/","name":"Fasadni okrugli stub od stiropora \u00f816 FS-3 R - Dekorativni stiropor | Fili\u0107 Decor | Fili\u0107","isPartOf":{"@id":"https:\/\/filicdecor.com\/fr\/#website"},"primaryImageOfPage":{"@id":"https:\/\/filicdecor.com\/fasadni-okrugli-stub-od-stiropora-o16-fs-3-r\/#primaryimage"},"image":{"@id":"https:\/\/filicdecor.com\/fasadni-okrugli-stub-od-stiropora-o16-fs-3-r\/#primaryimage"},"thumbnailUrl":"https:\/\/filicdecor.com\/wp-content\/uploads\/2023\/12\/TELO-R.png.webp","datePublished":"2023-12-14T15:24:49+00:00","dateModified":"2023-12-14T15:25:17+00:00","breadcrumb":{"@id":"https:\/\/filicdecor.com\/fasadni-okrugli-stub-od-stiropora-o16-fs-3-r\/#breadcrumb"},"inLanguage":"en-GB","potentialAction":[{"@type":"ReadAction","target":["https:\/\/filicdecor.com\/fasadni-okrugli-stub-od-stiropora-o16-fs-3-r\/"]}]},{"@type":"ImageObject","inLanguage":"en-GB","@id":"https:\/\/filicdecor.com\/fasadni-okrugli-stub-od-stiropora-o16-fs-3-r\/#primaryimage","url":"https:\/\/filicdecor.com\/wp-content\/uploads\/2023\/12\/TELO-R.png.webp","contentUrl":"https:\/\/filicdecor.com\/wp-content\/uploads\/2023\/12\/TELO-R.png.webp","width":920,"height":480},{"@type":"BreadcrumbList","@id":"https:\/\/filicdecor.com\/fasadni-okrugli-stub-od-stiropora-o16-fs-3-r\/#breadcrumb","itemListElement":[{"@type":"ListItem","position":1,"name":"Po\u010detna","item":"https:\/\/filicdecor.com\/"},{"@type":"ListItem","position":2,"name":"Shop","item":"https:\/\/filicdecor.com\/shop\/"},{"@type":"ListItem","position":3,"name":"Fasadni okrugli stub od stiropora \u00f816 FS-3 R"}]},{"@type":"WebSite","@id":"https:\/\/filicdecor.com\/fr\/#website","url":"https:\/\/filicdecor.com\/fr\/","name":"Dekorativni stiropor | Fili\u0107 Decor | Fili\u0107","description":"| - Fili\u0107 Fasade za poneti","potentialAction":[{"@type":"SearchAction","target":{"@type":"EntryPoint","urlTemplate":"https:\/\/filicdecor.com\/fr\/?s={search_term_string}"},"query-input":{"@type":"PropertyValueSpecification","valueRequired":true,"valueName":"search_term_string"}}],"inLanguage":"en-GB"}]}},"_links":{"self":[{"href":"https:\/\/filicdecor.com\/en\/wp-json\/wp\/v2\/product\/3418","targetHints":{"allow":["GET"]}}],"collection":[{"href":"https:\/\/filicdecor.com\/en\/wp-json\/wp\/v2\/product"}],"about":[{"href":"https:\/\/filicdecor.com\/en\/wp-json\/wp\/v2\/types\/product"}],"version-history":[{"count":1,"href":"https:\/\/filicdecor.com\/en\/wp-json\/wp\/v2\/product\/3418\/revisions"}],"predecessor-version":[{"id":3422,"href":"https:\/\/filicdecor.com\/en\/wp-json\/wp\/v2\/product\/3418\/revisions\/3422"}],"wp:featuredmedia":[{"embeddable":true,"href":"https:\/\/filicdecor.com\/en\/wp-json\/wp\/v2\/media\/3419"}],"wp:attachment":[{"href":"https:\/\/filicdecor.com\/en\/wp-json\/wp\/v2\/media?parent=3418"}],"wp:term":[{"taxonomy":"product_brand","embeddable":true,"href":"https:\/\/filicdecor.com\/en\/wp-json\/wp\/v2\/product_brand?post=3418"},{"taxonomy":"product_cat","embeddable":true,"href":"https:\/\/filicdecor.com\/en\/wp-json\/wp\/v2\/product_cat?post=3418"},{"taxonomy":"product_tag","embeddable":true,"href":"https:\/\/filicdecor.com\/en\/wp-json\/wp\/v2\/product_tag?post=3418"}],"curies":[{"name":"wp","href":"https:\/\/api.w.org\/{rel}","templated":true}]}}