{"id":3351,"date":"2023-12-14T15:10:44","date_gmt":"2023-12-14T15:10:44","guid":{"rendered":"https:\/\/filicdecor.com\/?post_type=product&#038;p=3351"},"modified":"2023-12-14T15:11:23","modified_gmt":"2023-12-14T15:11:23","slug":"fasadni-l-pilaster-od-stiropora-sls-31-r","status":"publish","type":"product","link":"https:\/\/filicdecor.com\/en\/fasadni-l-pilaster-od-stiropora-sls-31-r\/","title":{"rendered":"Styrofoam Facade L Pilaster  SLS-31 R"},"content":{"rendered":"<p><strong>Double facade \u201cL\u201d pilasters<\/strong>\u00a0are made of 34-40 kg\/m\u00b3 of styrofoam covered with acrylic-polyurethane coating 3-5 mm thick, which is white so that it saves color and painting time.<\/p>\n<p>Pilasters consist of the following elements:<br \/>\n&#8211;<strong>\u00a0base<\/strong>\u00a0(which can be adjusted to any dimension regardless of the model)<br \/>\n&#8211;\u00a0<strong>pilaster shaft<\/strong>\u00a0(which can be adjusted to size and shape)<br \/>\n&#8211;\u00a0<strong>capital<\/strong>\u00a0(dimensions of standard capitals are given, there is a possibility of making in all dimensions as well as combining with ornament capitals of ordinary pilasters).<\/p>","protected":false},"excerpt":{"rendered":"<p><strong>Dimensions:<\/strong>\u00a031cm x 2cm<br \/>\n<strong>Material:<\/strong>\u00a0Hard pressed polystyrene<br \/>\nSuitable capital and base:\u00a0<strong>SSP 9\/2<\/strong><\/p>","protected":false},"featured_media":3357,"template":"","meta":[],"product_brand":[],"product_cat":[73,189,187],"product_tag":[],"class_list":{"0":"post-3351","1":"product","2":"type-product","3":"status-publish","4":"has-post-thumbnail","6":"product_cat-dekorativni-stubovi-i-pilasteri","7":"product_cat-l-pilasteri","8":"product_cat-stubovi-od-stiropora","10":"first","11":"onbackorder","12":"shipping-taxable","13":"purchasable","14":"product-type-simple"},"yoast_head":"<!-- This site is optimized with the Yoast SEO plugin v27.4 - https:\/\/yoast.com\/product\/yoast-seo-wordpress\/ -->\n<title>Fasadni L pilaster od stiropora SLS-31 R - Dekorativni stiropor | Fili\u0107 Decor | Fili\u0107<\/title>\n<meta name=\"robots\" content=\"index, follow, max-snippet:-1, max-image-preview:large, max-video-preview:-1\" \/>\n<link rel=\"canonical\" href=\"https:\/\/filicdecor.com\/en\/fasadni-l-pilaster-od-stiropora-sls-31-r\/\" \/>\n<meta property=\"og:locale\" content=\"en_GB\" \/>\n<meta property=\"og:type\" content=\"article\" \/>\n<meta property=\"og:title\" content=\"Fasadni L pilaster od stiropora SLS-31 R - Dekorativni stiropor | Fili\u0107 Decor | Fili\u0107\" \/>\n<meta property=\"og:description\" content=\"Dimenzije:\u00a031cm x 2cm Materijal:\u00a0Tvrdo presovani polistirol Odgovaraju\u0107i kapitel i postolje:\u00a0SSP 9\/2\" \/>\n<meta property=\"og:url\" content=\"https:\/\/filicdecor.com\/en\/fasadni-l-pilaster-od-stiropora-sls-31-r\/\" \/>\n<meta property=\"og:site_name\" content=\"Dekorativni stiropor | Fili\u0107 Decor | Fili\u0107\" \/>\n<meta property=\"article:modified_time\" content=\"2023-12-14T15:11:23+00:00\" \/>\n<meta property=\"og:image\" content=\"https:\/\/filicdecor.com\/wp-content\/uploads\/2023\/12\/TELOR-1-1.png\" \/>\n\t<meta property=\"og:image:width\" content=\"920\" \/>\n\t<meta property=\"og:image:height\" content=\"480\" \/>\n\t<meta property=\"og:image:type\" content=\"image\/png\" \/>\n<meta name=\"twitter:card\" content=\"summary_large_image\" \/>\n<script type=\"application\/ld+json\" class=\"yoast-schema-graph\">{\"@context\":\"https:\\\/\\\/schema.org\",\"@graph\":[{\"@type\":\"WebPage\",\"@id\":\"https:\\\/\\\/filicdecor.com\\\/fasadni-l-pilaster-od-stiropora-sls-31-r\\\/\",\"url\":\"https:\\\/\\\/filicdecor.com\\\/fasadni-l-pilaster-od-stiropora-sls-31-r\\\/\",\"name\":\"Fasadni L pilaster od stiropora SLS-31 R - Dekorativni stiropor | Fili\u0107 Decor | Fili\u0107\",\"isPartOf\":{\"@id\":\"https:\\\/\\\/filicdecor.com\\\/fr\\\/#website\"},\"primaryImageOfPage\":{\"@id\":\"https:\\\/\\\/filicdecor.com\\\/fasadni-l-pilaster-od-stiropora-sls-31-r\\\/#primaryimage\"},\"image\":{\"@id\":\"https:\\\/\\\/filicdecor.com\\\/fasadni-l-pilaster-od-stiropora-sls-31-r\\\/#primaryimage\"},\"thumbnailUrl\":\"https:\\\/\\\/filicdecor.com\\\/wp-content\\\/uploads\\\/2023\\\/12\\\/TELOR-1-1.png\",\"datePublished\":\"2023-12-14T15:10:44+00:00\",\"dateModified\":\"2023-12-14T15:11:23+00:00\",\"breadcrumb\":{\"@id\":\"https:\\\/\\\/filicdecor.com\\\/fasadni-l-pilaster-od-stiropora-sls-31-r\\\/#breadcrumb\"},\"inLanguage\":\"en-GB\",\"potentialAction\":[{\"@type\":\"ReadAction\",\"target\":[\"https:\\\/\\\/filicdecor.com\\\/fasadni-l-pilaster-od-stiropora-sls-31-r\\\/\"]}]},{\"@type\":\"ImageObject\",\"inLanguage\":\"en-GB\",\"@id\":\"https:\\\/\\\/filicdecor.com\\\/fasadni-l-pilaster-od-stiropora-sls-31-r\\\/#primaryimage\",\"url\":\"https:\\\/\\\/filicdecor.com\\\/wp-content\\\/uploads\\\/2023\\\/12\\\/TELOR-1-1.png\",\"contentUrl\":\"https:\\\/\\\/filicdecor.com\\\/wp-content\\\/uploads\\\/2023\\\/12\\\/TELOR-1-1.png\",\"width\":920,\"height\":480},{\"@type\":\"BreadcrumbList\",\"@id\":\"https:\\\/\\\/filicdecor.com\\\/fasadni-l-pilaster-od-stiropora-sls-31-r\\\/#breadcrumb\",\"itemListElement\":[{\"@type\":\"ListItem\",\"position\":1,\"name\":\"\u041f\u043e\u0447\u0435\u0442\u043d\u0430\",\"item\":\"https:\\\/\\\/filicdecor.com\\\/\"},{\"@type\":\"ListItem\",\"position\":2,\"name\":\"Shop\",\"item\":\"https:\\\/\\\/filicdecor.com\\\/shop\\\/\"},{\"@type\":\"ListItem\",\"position\":3,\"name\":\"Fasadni L pilaster od stiropora SLS-31 R\"}]},{\"@type\":\"WebSite\",\"@id\":\"https:\\\/\\\/filicdecor.com\\\/fr\\\/#website\",\"url\":\"https:\\\/\\\/filicdecor.com\\\/fr\\\/\",\"name\":\"Dekorativni stiropor | Fili\u0107 Decor | Fili\u0107\",\"description\":\"| - Fili\u0107 Fasade za poneti\",\"potentialAction\":[{\"@type\":\"SearchAction\",\"target\":{\"@type\":\"EntryPoint\",\"urlTemplate\":\"https:\\\/\\\/filicdecor.com\\\/fr\\\/?s={search_term_string}\"},\"query-input\":{\"@type\":\"PropertyValueSpecification\",\"valueRequired\":true,\"valueName\":\"search_term_string\"}}],\"inLanguage\":\"en-GB\"}]}<\/script>\n<!-- \/ Yoast SEO plugin. -->","yoast_head_json":{"title":"Fasadni L pilaster od stiropora SLS-31 R - Dekorativni stiropor | Fili\u0107 Decor | Fili\u0107","robots":{"index":"index","follow":"follow","max-snippet":"max-snippet:-1","max-image-preview":"max-image-preview:large","max-video-preview":"max-video-preview:-1"},"canonical":"https:\/\/filicdecor.com\/en\/fasadni-l-pilaster-od-stiropora-sls-31-r\/","og_locale":"en_GB","og_type":"article","og_title":"Fasadni L pilaster od stiropora SLS-31 R - Dekorativni stiropor | Fili\u0107 Decor | Fili\u0107","og_description":"Dimenzije:\u00a031cm x 2cm Materijal:\u00a0Tvrdo presovani polistirol Odgovaraju\u0107i kapitel i postolje:\u00a0SSP 9\/2","og_url":"https:\/\/filicdecor.com\/en\/fasadni-l-pilaster-od-stiropora-sls-31-r\/","og_site_name":"Dekorativni stiropor | Fili\u0107 Decor | Fili\u0107","article_modified_time":"2023-12-14T15:11:23+00:00","og_image":[{"width":920,"height":480,"url":"https:\/\/filicdecor.com\/wp-content\/uploads\/2023\/12\/TELOR-1-1.png","type":"image\/png"}],"twitter_card":"summary_large_image","schema":{"@context":"https:\/\/schema.org","@graph":[{"@type":"WebPage","@id":"https:\/\/filicdecor.com\/fasadni-l-pilaster-od-stiropora-sls-31-r\/","url":"https:\/\/filicdecor.com\/fasadni-l-pilaster-od-stiropora-sls-31-r\/","name":"Fasadni L pilaster od stiropora SLS-31 R - Dekorativni stiropor | Fili\u0107 Decor | Fili\u0107","isPartOf":{"@id":"https:\/\/filicdecor.com\/fr\/#website"},"primaryImageOfPage":{"@id":"https:\/\/filicdecor.com\/fasadni-l-pilaster-od-stiropora-sls-31-r\/#primaryimage"},"image":{"@id":"https:\/\/filicdecor.com\/fasadni-l-pilaster-od-stiropora-sls-31-r\/#primaryimage"},"thumbnailUrl":"https:\/\/filicdecor.com\/wp-content\/uploads\/2023\/12\/TELOR-1-1.png","datePublished":"2023-12-14T15:10:44+00:00","dateModified":"2023-12-14T15:11:23+00:00","breadcrumb":{"@id":"https:\/\/filicdecor.com\/fasadni-l-pilaster-od-stiropora-sls-31-r\/#breadcrumb"},"inLanguage":"en-GB","potentialAction":[{"@type":"ReadAction","target":["https:\/\/filicdecor.com\/fasadni-l-pilaster-od-stiropora-sls-31-r\/"]}]},{"@type":"ImageObject","inLanguage":"en-GB","@id":"https:\/\/filicdecor.com\/fasadni-l-pilaster-od-stiropora-sls-31-r\/#primaryimage","url":"https:\/\/filicdecor.com\/wp-content\/uploads\/2023\/12\/TELOR-1-1.png","contentUrl":"https:\/\/filicdecor.com\/wp-content\/uploads\/2023\/12\/TELOR-1-1.png","width":920,"height":480},{"@type":"BreadcrumbList","@id":"https:\/\/filicdecor.com\/fasadni-l-pilaster-od-stiropora-sls-31-r\/#breadcrumb","itemListElement":[{"@type":"ListItem","position":1,"name":"Po\u010detna","item":"https:\/\/filicdecor.com\/"},{"@type":"ListItem","position":2,"name":"Shop","item":"https:\/\/filicdecor.com\/shop\/"},{"@type":"ListItem","position":3,"name":"Fasadni L pilaster od stiropora SLS-31 R"}]},{"@type":"WebSite","@id":"https:\/\/filicdecor.com\/fr\/#website","url":"https:\/\/filicdecor.com\/fr\/","name":"Dekorativni stiropor | Fili\u0107 Decor | Fili\u0107","description":"| - Fili\u0107 Fasade za poneti","potentialAction":[{"@type":"SearchAction","target":{"@type":"EntryPoint","urlTemplate":"https:\/\/filicdecor.com\/fr\/?s={search_term_string}"},"query-input":{"@type":"PropertyValueSpecification","valueRequired":true,"valueName":"search_term_string"}}],"inLanguage":"en-GB"}]}},"_links":{"self":[{"href":"https:\/\/filicdecor.com\/en\/wp-json\/wp\/v2\/product\/3351","targetHints":{"allow":["GET"]}}],"collection":[{"href":"https:\/\/filicdecor.com\/en\/wp-json\/wp\/v2\/product"}],"about":[{"href":"https:\/\/filicdecor.com\/en\/wp-json\/wp\/v2\/types\/product"}],"version-history":[{"count":1,"href":"https:\/\/filicdecor.com\/en\/wp-json\/wp\/v2\/product\/3351\/revisions"}],"predecessor-version":[{"id":3358,"href":"https:\/\/filicdecor.com\/en\/wp-json\/wp\/v2\/product\/3351\/revisions\/3358"}],"wp:featuredmedia":[{"embeddable":true,"href":"https:\/\/filicdecor.com\/en\/wp-json\/wp\/v2\/media\/3357"}],"wp:attachment":[{"href":"https:\/\/filicdecor.com\/en\/wp-json\/wp\/v2\/media?parent=3351"}],"wp:term":[{"taxonomy":"product_brand","embeddable":true,"href":"https:\/\/filicdecor.com\/en\/wp-json\/wp\/v2\/product_brand?post=3351"},{"taxonomy":"product_cat","embeddable":true,"href":"https:\/\/filicdecor.com\/en\/wp-json\/wp\/v2\/product_cat?post=3351"},{"taxonomy":"product_tag","embeddable":true,"href":"https:\/\/filicdecor.com\/en\/wp-json\/wp\/v2\/product_tag?post=3351"}],"curies":[{"name":"wp","href":"https:\/\/api.w.org\/{rel}","templated":true}]}}