{"id":3262,"date":"2023-12-14T14:50:17","date_gmt":"2023-12-14T14:50:17","guid":{"rendered":"https:\/\/filicdecor.com\/?post_type=product&#038;p=3262"},"modified":"2023-12-14T14:51:07","modified_gmt":"2023-12-14T14:51:07","slug":"postolje-ssp-2","status":"publish","type":"product","link":"https:\/\/filicdecor.com\/en\/postolje-ssp-2\/","title":{"rendered":"Base SSP-2"},"content":{"rendered":"<p><strong>Facade pilasters<\/strong>\u00a0are made of hard EPS (styrofoam), protected with acrylic-polyurethane plaster.<br \/>\nPilasters consist of the following elements:<br \/>\n&#8211;\u00a0<strong>base<\/strong>\u00a0(can be adjusted to any dimension regardless of the model)<br \/>\n&#8211;<strong>\u00a0pilaster shaft<\/strong>\u00a0(can be adjusted in size and shape)<br \/>\n&#8211;\u00a0<strong>capital\u00a0<\/strong>(standardized dimensions and for a certain dimension of the pilasters).<\/p>","protected":false},"excerpt":{"rendered":"<p><strong>Dimensions:<\/strong>\u00a021cm x 37cm<br \/>\n<strong>Material:<\/strong>\u00a0Hard pressed polystyrene<br \/>\nBase SSP-2 corresponds to flat pillar - SLS 28.<\/p>","protected":false},"featured_media":3263,"template":"","meta":[],"product_brand":[],"product_cat":[73,188,187],"product_tag":[],"class_list":{"0":"post-3262","1":"product","2":"type-product","3":"status-publish","4":"has-post-thumbnail","6":"product_cat-dekorativni-stubovi-i-pilasteri","7":"product_cat-pilasteri","8":"product_cat-stubovi-od-stiropora","10":"first","11":"onbackorder","12":"shipping-taxable","13":"purchasable","14":"product-type-simple"},"yoast_head":"<!-- This site is optimized with the Yoast SEO plugin v27.4 - https:\/\/yoast.com\/product\/yoast-seo-wordpress\/ -->\n<title>Postolje SSP-2 - Dekorativni stiropor | Fili\u0107 Decor | Fili\u0107<\/title>\n<meta name=\"robots\" content=\"index, follow, max-snippet:-1, max-image-preview:large, max-video-preview:-1\" \/>\n<link rel=\"canonical\" href=\"https:\/\/filicdecor.com\/en\/postolje-ssp-2\/\" \/>\n<meta property=\"og:locale\" content=\"en_GB\" \/>\n<meta property=\"og:type\" content=\"article\" \/>\n<meta property=\"og:title\" content=\"Postolje SSP-2 - Dekorativni stiropor | Fili\u0107 Decor | Fili\u0107\" \/>\n<meta property=\"og:description\" content=\"Dimenzije:\u00a021cm x 37cm Materijal:\u00a0Tvrdo presovani polistirol Postolje SSP-2\u00a0odgovara ravnom\u00a0stubu - SLS 28.\" \/>\n<meta property=\"og:url\" content=\"https:\/\/filicdecor.com\/en\/postolje-ssp-2\/\" \/>\n<meta property=\"og:site_name\" content=\"Dekorativni stiropor | Fili\u0107 Decor | Fili\u0107\" \/>\n<meta property=\"article:modified_time\" content=\"2023-12-14T14:51:07+00:00\" \/>\n<meta property=\"og:image\" content=\"https:\/\/filicdecor.com\/wp-content\/uploads\/2023\/12\/postolje-ssp.jpg\" \/>\n\t<meta property=\"og:image:width\" content=\"920\" \/>\n\t<meta property=\"og:image:height\" content=\"480\" \/>\n\t<meta property=\"og:image:type\" content=\"image\/jpeg\" \/>\n<meta name=\"twitter:card\" content=\"summary_large_image\" \/>\n<script type=\"application\/ld+json\" class=\"yoast-schema-graph\">{\"@context\":\"https:\\\/\\\/schema.org\",\"@graph\":[{\"@type\":\"WebPage\",\"@id\":\"https:\\\/\\\/filicdecor.com\\\/postolje-ssp-2\\\/\",\"url\":\"https:\\\/\\\/filicdecor.com\\\/postolje-ssp-2\\\/\",\"name\":\"Postolje SSP-2 - Dekorativni stiropor | Fili\u0107 Decor | Fili\u0107\",\"isPartOf\":{\"@id\":\"https:\\\/\\\/filicdecor.com\\\/fr\\\/#website\"},\"primaryImageOfPage\":{\"@id\":\"https:\\\/\\\/filicdecor.com\\\/postolje-ssp-2\\\/#primaryimage\"},\"image\":{\"@id\":\"https:\\\/\\\/filicdecor.com\\\/postolje-ssp-2\\\/#primaryimage\"},\"thumbnailUrl\":\"https:\\\/\\\/filicdecor.com\\\/wp-content\\\/uploads\\\/2023\\\/12\\\/postolje-ssp.jpg\",\"datePublished\":\"2023-12-14T14:50:17+00:00\",\"dateModified\":\"2023-12-14T14:51:07+00:00\",\"breadcrumb\":{\"@id\":\"https:\\\/\\\/filicdecor.com\\\/postolje-ssp-2\\\/#breadcrumb\"},\"inLanguage\":\"en-GB\",\"potentialAction\":[{\"@type\":\"ReadAction\",\"target\":[\"https:\\\/\\\/filicdecor.com\\\/postolje-ssp-2\\\/\"]}]},{\"@type\":\"ImageObject\",\"inLanguage\":\"en-GB\",\"@id\":\"https:\\\/\\\/filicdecor.com\\\/postolje-ssp-2\\\/#primaryimage\",\"url\":\"https:\\\/\\\/filicdecor.com\\\/wp-content\\\/uploads\\\/2023\\\/12\\\/postolje-ssp.jpg\",\"contentUrl\":\"https:\\\/\\\/filicdecor.com\\\/wp-content\\\/uploads\\\/2023\\\/12\\\/postolje-ssp.jpg\",\"width\":920,\"height\":480},{\"@type\":\"BreadcrumbList\",\"@id\":\"https:\\\/\\\/filicdecor.com\\\/postolje-ssp-2\\\/#breadcrumb\",\"itemListElement\":[{\"@type\":\"ListItem\",\"position\":1,\"name\":\"\u041f\u043e\u0447\u0435\u0442\u043d\u0430\",\"item\":\"https:\\\/\\\/filicdecor.com\\\/\"},{\"@type\":\"ListItem\",\"position\":2,\"name\":\"Shop\",\"item\":\"https:\\\/\\\/filicdecor.com\\\/shop\\\/\"},{\"@type\":\"ListItem\",\"position\":3,\"name\":\"Postolje SSP-2\"}]},{\"@type\":\"WebSite\",\"@id\":\"https:\\\/\\\/filicdecor.com\\\/fr\\\/#website\",\"url\":\"https:\\\/\\\/filicdecor.com\\\/fr\\\/\",\"name\":\"Dekorativni stiropor | Fili\u0107 Decor | Fili\u0107\",\"description\":\"| - Fili\u0107 Fasade za poneti\",\"potentialAction\":[{\"@type\":\"SearchAction\",\"target\":{\"@type\":\"EntryPoint\",\"urlTemplate\":\"https:\\\/\\\/filicdecor.com\\\/fr\\\/?s={search_term_string}\"},\"query-input\":{\"@type\":\"PropertyValueSpecification\",\"valueRequired\":true,\"valueName\":\"search_term_string\"}}],\"inLanguage\":\"en-GB\"}]}<\/script>\n<!-- \/ Yoast SEO plugin. -->","yoast_head_json":{"title":"Postolje SSP-2 - Dekorativni stiropor | Fili\u0107 Decor | Fili\u0107","robots":{"index":"index","follow":"follow","max-snippet":"max-snippet:-1","max-image-preview":"max-image-preview:large","max-video-preview":"max-video-preview:-1"},"canonical":"https:\/\/filicdecor.com\/en\/postolje-ssp-2\/","og_locale":"en_GB","og_type":"article","og_title":"Postolje SSP-2 - Dekorativni stiropor | Fili\u0107 Decor | Fili\u0107","og_description":"Dimenzije:\u00a021cm x 37cm Materijal:\u00a0Tvrdo presovani polistirol Postolje SSP-2\u00a0odgovara ravnom\u00a0stubu - SLS 28.","og_url":"https:\/\/filicdecor.com\/en\/postolje-ssp-2\/","og_site_name":"Dekorativni stiropor | Fili\u0107 Decor | Fili\u0107","article_modified_time":"2023-12-14T14:51:07+00:00","og_image":[{"width":920,"height":480,"url":"https:\/\/filicdecor.com\/wp-content\/uploads\/2023\/12\/postolje-ssp.jpg","type":"image\/jpeg"}],"twitter_card":"summary_large_image","schema":{"@context":"https:\/\/schema.org","@graph":[{"@type":"WebPage","@id":"https:\/\/filicdecor.com\/postolje-ssp-2\/","url":"https:\/\/filicdecor.com\/postolje-ssp-2\/","name":"Postolje SSP-2 - Dekorativni stiropor | Fili\u0107 Decor | Fili\u0107","isPartOf":{"@id":"https:\/\/filicdecor.com\/fr\/#website"},"primaryImageOfPage":{"@id":"https:\/\/filicdecor.com\/postolje-ssp-2\/#primaryimage"},"image":{"@id":"https:\/\/filicdecor.com\/postolje-ssp-2\/#primaryimage"},"thumbnailUrl":"https:\/\/filicdecor.com\/wp-content\/uploads\/2023\/12\/postolje-ssp.jpg","datePublished":"2023-12-14T14:50:17+00:00","dateModified":"2023-12-14T14:51:07+00:00","breadcrumb":{"@id":"https:\/\/filicdecor.com\/postolje-ssp-2\/#breadcrumb"},"inLanguage":"en-GB","potentialAction":[{"@type":"ReadAction","target":["https:\/\/filicdecor.com\/postolje-ssp-2\/"]}]},{"@type":"ImageObject","inLanguage":"en-GB","@id":"https:\/\/filicdecor.com\/postolje-ssp-2\/#primaryimage","url":"https:\/\/filicdecor.com\/wp-content\/uploads\/2023\/12\/postolje-ssp.jpg","contentUrl":"https:\/\/filicdecor.com\/wp-content\/uploads\/2023\/12\/postolje-ssp.jpg","width":920,"height":480},{"@type":"BreadcrumbList","@id":"https:\/\/filicdecor.com\/postolje-ssp-2\/#breadcrumb","itemListElement":[{"@type":"ListItem","position":1,"name":"Po\u010detna","item":"https:\/\/filicdecor.com\/"},{"@type":"ListItem","position":2,"name":"Shop","item":"https:\/\/filicdecor.com\/shop\/"},{"@type":"ListItem","position":3,"name":"Postolje SSP-2"}]},{"@type":"WebSite","@id":"https:\/\/filicdecor.com\/fr\/#website","url":"https:\/\/filicdecor.com\/fr\/","name":"Dekorativni stiropor | Fili\u0107 Decor | Fili\u0107","description":"| - Fili\u0107 Fasade za poneti","potentialAction":[{"@type":"SearchAction","target":{"@type":"EntryPoint","urlTemplate":"https:\/\/filicdecor.com\/fr\/?s={search_term_string}"},"query-input":{"@type":"PropertyValueSpecification","valueRequired":true,"valueName":"search_term_string"}}],"inLanguage":"en-GB"}]}},"_links":{"self":[{"href":"https:\/\/filicdecor.com\/en\/wp-json\/wp\/v2\/product\/3262","targetHints":{"allow":["GET"]}}],"collection":[{"href":"https:\/\/filicdecor.com\/en\/wp-json\/wp\/v2\/product"}],"about":[{"href":"https:\/\/filicdecor.com\/en\/wp-json\/wp\/v2\/types\/product"}],"version-history":[{"count":1,"href":"https:\/\/filicdecor.com\/en\/wp-json\/wp\/v2\/product\/3262\/revisions"}],"predecessor-version":[{"id":3268,"href":"https:\/\/filicdecor.com\/en\/wp-json\/wp\/v2\/product\/3262\/revisions\/3268"}],"wp:featuredmedia":[{"embeddable":true,"href":"https:\/\/filicdecor.com\/en\/wp-json\/wp\/v2\/media\/3263"}],"wp:attachment":[{"href":"https:\/\/filicdecor.com\/en\/wp-json\/wp\/v2\/media?parent=3262"}],"wp:term":[{"taxonomy":"product_brand","embeddable":true,"href":"https:\/\/filicdecor.com\/en\/wp-json\/wp\/v2\/product_brand?post=3262"},{"taxonomy":"product_cat","embeddable":true,"href":"https:\/\/filicdecor.com\/en\/wp-json\/wp\/v2\/product_cat?post=3262"},{"taxonomy":"product_tag","embeddable":true,"href":"https:\/\/filicdecor.com\/en\/wp-json\/wp\/v2\/product_tag?post=3262"}],"curies":[{"name":"wp","href":"https:\/\/api.w.org\/{rel}","templated":true}]}}