{"id":2973,"date":"2023-12-14T12:46:18","date_gmt":"2023-12-14T12:46:18","guid":{"rendered":"https:\/\/filicdecor.com\/?post_type=product&#038;p=2973"},"modified":"2023-12-14T12:47:58","modified_gmt":"2023-12-14T12:47:58","slug":"stiropor-ugaona-lajsna-stok-75","status":"publish","type":"product","link":"https:\/\/filicdecor.com\/en\/stiropor-ugaona-lajsna-stok-75\/","title":{"rendered":"Stiropor ugaona lajsna \u0160tok 75"},"content":{"rendered":"<div class=\"product-details-container product-full-desktop-content\">\n<div class=\"container\">\n<div class=\"row\">\n<div class=\"col-12 nav-tabs-containre\">\n<div id=\"myTabContent\" class=\"tab-content\">\n<div class=\"tab-pane specification-tab active\">\n<p>Unutra\u0161nja vrata mogu vizuelno odvojiti ili spojiti prostorije stana. Materijal, boja i oblik vrata bitno deluju na izgled prostorije.<br \/>\n<strong>Corner mouldings<\/strong>\u00a0su izgra\u0111ene od visokokvalitetnog\u00a0<strong>ekstrudiranog polistirena stirodura.<\/strong><\/p>\n<p>Bezvremenski dizajn prilago\u0111ava se svakom stilu name\u0161taja i pru\u017ea dodatnu dinamiku u Va\u0161im sobama.<br \/>\nU univerzalnoj beloj boji, \u0161tok lajsne stvaraju svetlu i jasnu sliku u Va\u0161em stanu i odli\u010dno se sla\u017eu sa svim podnim oblogama kao \u0161to su vinil, laminat, parket ili tepih.<br \/>\nAko je potrebno, beli film se lako mo\u017ee prebojiti bilo kojom akrilnom bojom.<\/p>\n<p>Stirodur lajsna je i pored male te\u017eine \u010dvrsta i otporna na pritisak.<br \/>\nIt is characterized by ease of processing and precise fitting of the contours of the profile, as well as a smooth surface.<br \/>\n\u0160tok lajsne je mogu\u0107e bojiti svim uobi\u010dajenim bojama na akrilnoj i vodenoj bazi.<\/p>\n<\/div>\n<\/div>\n<\/div>\n<\/div>\n<\/div>\n<\/div>\n<div id=\"about\" class=\"mb-50\">\n<div id=\"about-content\">\n<div id=\"about-content2\" class=\"clearfix\">\n<div id=\"same-collection\" class=\"clearfix;\"><\/div>\n<\/div>\n<\/div>\n<\/div>","protected":false},"excerpt":{"rendered":"<h3 class=\"bold h3\">OPIS:<\/h3>\n<p><strong>Dimensions:<\/strong>\u00a04.2cm x 2.6cm<br \/>\n<strong>Manufacturer: \u00a0<\/strong>&#8220;Fili\u0107&#8220;<br \/>\n<strong>Material:\u00a0<\/strong>Ekstrudirani polistiren stirodur<\/p>\n<p>&nbsp;<\/p>","protected":false},"featured_media":2974,"template":"","meta":[],"product_brand":[],"product_cat":[175],"product_tag":[],"class_list":{"0":"post-2973","1":"product","2":"type-product","3":"status-publish","4":"has-post-thumbnail","6":"product_cat-ugaone-lajsne","8":"first","9":"instock","10":"shipping-taxable","11":"purchasable","12":"product-type-simple"},"yoast_head":"<!-- This site is optimized with the Yoast SEO plugin v27.4 - https:\/\/yoast.com\/product\/yoast-seo-wordpress\/ -->\n<title>Stiropor ugaona lajsna \u0160tok 75 - Dekorativni stiropor | Fili\u0107 Decor | Fili\u0107<\/title>\n<meta name=\"robots\" content=\"index, follow, max-snippet:-1, max-image-preview:large, max-video-preview:-1\" \/>\n<link rel=\"canonical\" href=\"https:\/\/filicdecor.com\/en\/stiropor-ugaona-lajsna-stok-75\/\" \/>\n<meta property=\"og:locale\" content=\"en_GB\" \/>\n<meta property=\"og:type\" content=\"article\" \/>\n<meta property=\"og:title\" content=\"Stiropor ugaona lajsna \u0160tok 75 - Dekorativni stiropor | Fili\u0107 Decor | Fili\u0107\" \/>\n<meta property=\"og:description\" content=\"OPIS: Dimenzije:\u00a04.2cm x 2.6cm Proizvo\u0111a\u010d: \u00a0&#039;&#039;Fili\u0107&#039;&#039; Materijal:\u00a0Ekstrudirani polistiren stirodur  &nbsp;\" \/>\n<meta property=\"og:url\" content=\"https:\/\/filicdecor.com\/en\/stiropor-ugaona-lajsna-stok-75\/\" \/>\n<meta property=\"og:site_name\" content=\"Dekorativni stiropor | Fili\u0107 Decor | Fili\u0107\" \/>\n<meta property=\"article:modified_time\" content=\"2023-12-14T12:47:58+00:00\" \/>\n<meta property=\"og:image\" content=\"https:\/\/filicdecor.com\/wp-content\/uploads\/2023\/12\/75.webp\" \/>\n\t<meta property=\"og:image:width\" content=\"920\" \/>\n\t<meta property=\"og:image:height\" content=\"480\" \/>\n\t<meta property=\"og:image:type\" content=\"image\/webp\" \/>\n<meta name=\"twitter:card\" content=\"summary_large_image\" \/>\n<meta name=\"twitter:label1\" content=\"Estimated reading time\" \/>\n\t<meta name=\"twitter:data1\" content=\"1 minute\" \/>\n<script type=\"application\/ld+json\" class=\"yoast-schema-graph\">{\"@context\":\"https:\\\/\\\/schema.org\",\"@graph\":[{\"@type\":\"WebPage\",\"@id\":\"https:\\\/\\\/filicdecor.com\\\/stiropor-ugaona-lajsna-stok-75\\\/\",\"url\":\"https:\\\/\\\/filicdecor.com\\\/stiropor-ugaona-lajsna-stok-75\\\/\",\"name\":\"Stiropor ugaona lajsna \u0160tok 75 - Dekorativni stiropor | Fili\u0107 Decor | Fili\u0107\",\"isPartOf\":{\"@id\":\"https:\\\/\\\/filicdecor.com\\\/fr\\\/#website\"},\"primaryImageOfPage\":{\"@id\":\"https:\\\/\\\/filicdecor.com\\\/stiropor-ugaona-lajsna-stok-75\\\/#primaryimage\"},\"image\":{\"@id\":\"https:\\\/\\\/filicdecor.com\\\/stiropor-ugaona-lajsna-stok-75\\\/#primaryimage\"},\"thumbnailUrl\":\"https:\\\/\\\/filicdecor.com\\\/wp-content\\\/uploads\\\/2023\\\/12\\\/75.webp\",\"datePublished\":\"2023-12-14T12:46:18+00:00\",\"dateModified\":\"2023-12-14T12:47:58+00:00\",\"breadcrumb\":{\"@id\":\"https:\\\/\\\/filicdecor.com\\\/stiropor-ugaona-lajsna-stok-75\\\/#breadcrumb\"},\"inLanguage\":\"en-GB\",\"potentialAction\":[{\"@type\":\"ReadAction\",\"target\":[\"https:\\\/\\\/filicdecor.com\\\/stiropor-ugaona-lajsna-stok-75\\\/\"]}]},{\"@type\":\"ImageObject\",\"inLanguage\":\"en-GB\",\"@id\":\"https:\\\/\\\/filicdecor.com\\\/stiropor-ugaona-lajsna-stok-75\\\/#primaryimage\",\"url\":\"https:\\\/\\\/filicdecor.com\\\/wp-content\\\/uploads\\\/2023\\\/12\\\/75.webp\",\"contentUrl\":\"https:\\\/\\\/filicdecor.com\\\/wp-content\\\/uploads\\\/2023\\\/12\\\/75.webp\",\"width\":920,\"height\":480},{\"@type\":\"BreadcrumbList\",\"@id\":\"https:\\\/\\\/filicdecor.com\\\/stiropor-ugaona-lajsna-stok-75\\\/#breadcrumb\",\"itemListElement\":[{\"@type\":\"ListItem\",\"position\":1,\"name\":\"\u041f\u043e\u0447\u0435\u0442\u043d\u0430\",\"item\":\"https:\\\/\\\/filicdecor.com\\\/\"},{\"@type\":\"ListItem\",\"position\":2,\"name\":\"Shop\",\"item\":\"https:\\\/\\\/filicdecor.com\\\/shop\\\/\"},{\"@type\":\"ListItem\",\"position\":3,\"name\":\"Stiropor ugaona lajsna \u0160tok 75\"}]},{\"@type\":\"WebSite\",\"@id\":\"https:\\\/\\\/filicdecor.com\\\/fr\\\/#website\",\"url\":\"https:\\\/\\\/filicdecor.com\\\/fr\\\/\",\"name\":\"Dekorativni stiropor | Fili\u0107 Decor | Fili\u0107\",\"description\":\"| - Fili\u0107 Fasade za poneti\",\"potentialAction\":[{\"@type\":\"SearchAction\",\"target\":{\"@type\":\"EntryPoint\",\"urlTemplate\":\"https:\\\/\\\/filicdecor.com\\\/fr\\\/?s={search_term_string}\"},\"query-input\":{\"@type\":\"PropertyValueSpecification\",\"valueRequired\":true,\"valueName\":\"search_term_string\"}}],\"inLanguage\":\"en-GB\"}]}<\/script>\n<!-- \/ Yoast SEO plugin. -->","yoast_head_json":{"title":"Stiropor ugaona lajsna \u0160tok 75 - Dekorativni stiropor | Fili\u0107 Decor | Fili\u0107","robots":{"index":"index","follow":"follow","max-snippet":"max-snippet:-1","max-image-preview":"max-image-preview:large","max-video-preview":"max-video-preview:-1"},"canonical":"https:\/\/filicdecor.com\/en\/stiropor-ugaona-lajsna-stok-75\/","og_locale":"en_GB","og_type":"article","og_title":"Stiropor ugaona lajsna \u0160tok 75 - Dekorativni stiropor | Fili\u0107 Decor | Fili\u0107","og_description":"OPIS: Dimenzije:\u00a04.2cm x 2.6cm Proizvo\u0111a\u010d: \u00a0''Fili\u0107'' Materijal:\u00a0Ekstrudirani polistiren stirodur  &nbsp;","og_url":"https:\/\/filicdecor.com\/en\/stiropor-ugaona-lajsna-stok-75\/","og_site_name":"Dekorativni stiropor | Fili\u0107 Decor | Fili\u0107","article_modified_time":"2023-12-14T12:47:58+00:00","og_image":[{"width":920,"height":480,"url":"https:\/\/filicdecor.com\/wp-content\/uploads\/2023\/12\/75.webp","type":"image\/webp"}],"twitter_card":"summary_large_image","twitter_misc":{"Estimated reading time":"1 minute"},"schema":{"@context":"https:\/\/schema.org","@graph":[{"@type":"WebPage","@id":"https:\/\/filicdecor.com\/stiropor-ugaona-lajsna-stok-75\/","url":"https:\/\/filicdecor.com\/stiropor-ugaona-lajsna-stok-75\/","name":"Stiropor ugaona lajsna \u0160tok 75 - Dekorativni stiropor | Fili\u0107 Decor | Fili\u0107","isPartOf":{"@id":"https:\/\/filicdecor.com\/fr\/#website"},"primaryImageOfPage":{"@id":"https:\/\/filicdecor.com\/stiropor-ugaona-lajsna-stok-75\/#primaryimage"},"image":{"@id":"https:\/\/filicdecor.com\/stiropor-ugaona-lajsna-stok-75\/#primaryimage"},"thumbnailUrl":"https:\/\/filicdecor.com\/wp-content\/uploads\/2023\/12\/75.webp","datePublished":"2023-12-14T12:46:18+00:00","dateModified":"2023-12-14T12:47:58+00:00","breadcrumb":{"@id":"https:\/\/filicdecor.com\/stiropor-ugaona-lajsna-stok-75\/#breadcrumb"},"inLanguage":"en-GB","potentialAction":[{"@type":"ReadAction","target":["https:\/\/filicdecor.com\/stiropor-ugaona-lajsna-stok-75\/"]}]},{"@type":"ImageObject","inLanguage":"en-GB","@id":"https:\/\/filicdecor.com\/stiropor-ugaona-lajsna-stok-75\/#primaryimage","url":"https:\/\/filicdecor.com\/wp-content\/uploads\/2023\/12\/75.webp","contentUrl":"https:\/\/filicdecor.com\/wp-content\/uploads\/2023\/12\/75.webp","width":920,"height":480},{"@type":"BreadcrumbList","@id":"https:\/\/filicdecor.com\/stiropor-ugaona-lajsna-stok-75\/#breadcrumb","itemListElement":[{"@type":"ListItem","position":1,"name":"Po\u010detna","item":"https:\/\/filicdecor.com\/"},{"@type":"ListItem","position":2,"name":"Shop","item":"https:\/\/filicdecor.com\/shop\/"},{"@type":"ListItem","position":3,"name":"Stiropor ugaona lajsna \u0160tok 75"}]},{"@type":"WebSite","@id":"https:\/\/filicdecor.com\/fr\/#website","url":"https:\/\/filicdecor.com\/fr\/","name":"Dekorativni stiropor | Fili\u0107 Decor | Fili\u0107","description":"| - Fili\u0107 Fasade za poneti","potentialAction":[{"@type":"SearchAction","target":{"@type":"EntryPoint","urlTemplate":"https:\/\/filicdecor.com\/fr\/?s={search_term_string}"},"query-input":{"@type":"PropertyValueSpecification","valueRequired":true,"valueName":"search_term_string"}}],"inLanguage":"en-GB"}]}},"_links":{"self":[{"href":"https:\/\/filicdecor.com\/en\/wp-json\/wp\/v2\/product\/2973","targetHints":{"allow":["GET"]}}],"collection":[{"href":"https:\/\/filicdecor.com\/en\/wp-json\/wp\/v2\/product"}],"about":[{"href":"https:\/\/filicdecor.com\/en\/wp-json\/wp\/v2\/types\/product"}],"version-history":[{"count":1,"href":"https:\/\/filicdecor.com\/en\/wp-json\/wp\/v2\/product\/2973\/revisions"}],"predecessor-version":[{"id":2975,"href":"https:\/\/filicdecor.com\/en\/wp-json\/wp\/v2\/product\/2973\/revisions\/2975"}],"wp:featuredmedia":[{"embeddable":true,"href":"https:\/\/filicdecor.com\/en\/wp-json\/wp\/v2\/media\/2974"}],"wp:attachment":[{"href":"https:\/\/filicdecor.com\/en\/wp-json\/wp\/v2\/media?parent=2973"}],"wp:term":[{"taxonomy":"product_brand","embeddable":true,"href":"https:\/\/filicdecor.com\/en\/wp-json\/wp\/v2\/product_brand?post=2973"},{"taxonomy":"product_cat","embeddable":true,"href":"https:\/\/filicdecor.com\/en\/wp-json\/wp\/v2\/product_cat?post=2973"},{"taxonomy":"product_tag","embeddable":true,"href":"https:\/\/filicdecor.com\/en\/wp-json\/wp\/v2\/product_tag?post=2973"}],"curies":[{"name":"wp","href":"https:\/\/api.w.org\/{rel}","templated":true}]}}