{"id":2932,"date":"2023-12-14T12:24:06","date_gmt":"2023-12-14T12:24:06","guid":{"rendered":"https:\/\/filicdecor.com\/?post_type=product&#038;p=2932"},"modified":"2023-12-14T12:25:31","modified_gmt":"2023-12-14T12:25:31","slug":"zidna-obloga-pillow","status":"publish","type":"product","link":"https:\/\/filicdecor.com\/en\/zidna-obloga-pillow\/","title":{"rendered":"Wall panel Pillow"},"content":{"rendered":"<p>With our\u00a0<strong>3D polystyrene wall panels\u00a0<\/strong>we offer you a creative option for interior design. Create your own unique style and give your home a personal touch.<br \/>\nOriginal Marbet Design 3D panels are ideal as efficient design elements, but also as\u00a0<strong>sound\u00a0<\/strong>and<strong>\u00a0heat insulators<\/strong>\u00a0that cover all the imperfections on your walls.<\/p>\n<ul>\n<li>3D panels for effective and exciting wall decoration<\/li>\n<li>Expanded polystyrene - solvent and CFC free<\/li>\n<li>Recommended for indoor use - sound and heat insulation<\/li>\n<li>They cover cracks and imperfections in the walls<\/li>\n<\/ul>\n<p><strong>Installation<\/strong>:<br \/>\n3D wall panels have an attractive appearance and are very easy to install. They are very light, do not burden the walls, and are resistant to moisture, mold and insects. They come in white color, but thanks to a good base, they can be repainted with any acrylic paint. They can be placed on any surface, as long as it is flat and dry. When installing 3D wall panels, we recommend the use of acrylic glue. Using non-water-based adhesives or paints can damage your panels, while acrylic-based adhesives and paints guarantee safety and a flawless appearance. 3D wall panels are built in panels that can be joined together or with gaps between panels, which can create slightly accentuated joints. The panels can be installed individually or as a larger unit, depending on your idea. On the backside of the 3D wall panel board, glue is applied along its end edges, and with light pressure, the boards are placed and glued to the wall. When you cover the desired surface with 3D decorative panels, wait one hour for the glue to dry. Then smooth the panel joints so that they do not notice. Smoothing is done with the same glue with which the boards are placed. If you want accentuated joints between the panels, use ceramic crosses.<\/p>","protected":false},"excerpt":{"rendered":"<p><strong>Dimensions:<\/strong>\u00a096cm x 48cm x 3.4cm thick - corresponding to approximately 0.5 m\u00b2<br \/>\n<strong>Manufacturer:\u00a0\u00a0<\/strong>Marbet design<br \/>\n<strong>Recommended components<\/strong>:<br \/>\n<strong>Suitable adhesive -<\/strong>\u00a0TITAN PLUS,\u00a0TITAN SUPER<\/p>\n<p><img decoding=\"async\" class=\"alignnone size-full wp-image-1740\" src=\"https:\/\/filicdecor.com\/wp-content\/uploads\/2023\/12\/MarbetDesignLogo.png\" alt=\"\" width=\"189\" height=\"28\" srcset=\"https:\/\/filicdecor.com\/wp-content\/uploads\/2023\/12\/MarbetDesignLogo.png 189w, https:\/\/filicdecor.com\/wp-content\/uploads\/2023\/12\/MarbetDesignLogo-150x22.png 150w\" sizes=\"(max-width: 189px) 100vw, 189px\" \/><\/p>","protected":false},"featured_media":2933,"template":"","meta":[],"product_brand":[],"product_cat":[174,72],"product_tag":[],"class_list":{"0":"post-2932","1":"product","2":"type-product","3":"status-publish","4":"has-post-thumbnail","6":"product_cat-3d-paneli","7":"product_cat-zidne-obloge","9":"first","10":"outofstock","11":"shipping-taxable","12":"purchasable","13":"product-type-simple"},"yoast_head":"<!-- This site is optimized with the Yoast SEO plugin v27.4 - https:\/\/yoast.com\/product\/yoast-seo-wordpress\/ -->\n<title>Zidna obloga Pillow - Dekorativni stiropor | Fili\u0107 Decor | Fili\u0107<\/title>\n<meta name=\"robots\" content=\"index, follow, max-snippet:-1, max-image-preview:large, max-video-preview:-1\" \/>\n<link rel=\"canonical\" href=\"https:\/\/filicdecor.com\/en\/zidna-obloga-pillow\/\" \/>\n<meta property=\"og:locale\" content=\"en_GB\" \/>\n<meta property=\"og:type\" content=\"article\" \/>\n<meta property=\"og:title\" content=\"Zidna obloga Pillow - Dekorativni stiropor | Fili\u0107 Decor | Fili\u0107\" \/>\n<meta property=\"og:description\" content=\"Dimenzije:\u00a096cm x 48cm x 3,4cm debljine - odgovaraju pribli\u017eno 0,5 \u00a0m\u00b2 Proizvo\u0111a\u010d:\u00a0\u00a0Marbet design Preporu\u010dene komponente: Pogodan lepak -\u00a0TITAN PLUS,\u00a0TITAN SUPER\" \/>\n<meta property=\"og:url\" content=\"https:\/\/filicdecor.com\/en\/zidna-obloga-pillow\/\" \/>\n<meta property=\"og:site_name\" content=\"Dekorativni stiropor | Fili\u0107 Decor | Fili\u0107\" \/>\n<meta property=\"article:modified_time\" content=\"2023-12-14T12:25:31+00:00\" \/>\n<meta property=\"og:image\" content=\"https:\/\/filicdecor.com\/wp-content\/uploads\/2023\/12\/3d-zidni-panel-pillow-1.webp\" \/>\n\t<meta property=\"og:image:width\" content=\"1000\" \/>\n\t<meta property=\"og:image:height\" content=\"750\" \/>\n\t<meta property=\"og:image:type\" content=\"image\/webp\" \/>\n<meta name=\"twitter:card\" content=\"summary_large_image\" \/>\n<meta name=\"twitter:label1\" content=\"Estimated reading time\" \/>\n\t<meta name=\"twitter:data1\" content=\"2 minutes\" \/>\n<script type=\"application\/ld+json\" class=\"yoast-schema-graph\">{\"@context\":\"https:\\\/\\\/schema.org\",\"@graph\":[{\"@type\":\"WebPage\",\"@id\":\"https:\\\/\\\/filicdecor.com\\\/zidna-obloga-pillow\\\/\",\"url\":\"https:\\\/\\\/filicdecor.com\\\/zidna-obloga-pillow\\\/\",\"name\":\"Zidna obloga Pillow - Dekorativni stiropor | Fili\u0107 Decor | Fili\u0107\",\"isPartOf\":{\"@id\":\"https:\\\/\\\/filicdecor.com\\\/fr\\\/#website\"},\"primaryImageOfPage\":{\"@id\":\"https:\\\/\\\/filicdecor.com\\\/zidna-obloga-pillow\\\/#primaryimage\"},\"image\":{\"@id\":\"https:\\\/\\\/filicdecor.com\\\/zidna-obloga-pillow\\\/#primaryimage\"},\"thumbnailUrl\":\"https:\\\/\\\/filicdecor.com\\\/wp-content\\\/uploads\\\/2023\\\/12\\\/3d-zidni-panel-pillow-1.webp\",\"datePublished\":\"2023-12-14T12:24:06+00:00\",\"dateModified\":\"2023-12-14T12:25:31+00:00\",\"breadcrumb\":{\"@id\":\"https:\\\/\\\/filicdecor.com\\\/zidna-obloga-pillow\\\/#breadcrumb\"},\"inLanguage\":\"en-GB\",\"potentialAction\":[{\"@type\":\"ReadAction\",\"target\":[\"https:\\\/\\\/filicdecor.com\\\/zidna-obloga-pillow\\\/\"]}]},{\"@type\":\"ImageObject\",\"inLanguage\":\"en-GB\",\"@id\":\"https:\\\/\\\/filicdecor.com\\\/zidna-obloga-pillow\\\/#primaryimage\",\"url\":\"https:\\\/\\\/filicdecor.com\\\/wp-content\\\/uploads\\\/2023\\\/12\\\/3d-zidni-panel-pillow-1.webp\",\"contentUrl\":\"https:\\\/\\\/filicdecor.com\\\/wp-content\\\/uploads\\\/2023\\\/12\\\/3d-zidni-panel-pillow-1.webp\",\"width\":1000,\"height\":750},{\"@type\":\"BreadcrumbList\",\"@id\":\"https:\\\/\\\/filicdecor.com\\\/zidna-obloga-pillow\\\/#breadcrumb\",\"itemListElement\":[{\"@type\":\"ListItem\",\"position\":1,\"name\":\"\u041f\u043e\u0447\u0435\u0442\u043d\u0430\",\"item\":\"https:\\\/\\\/filicdecor.com\\\/\"},{\"@type\":\"ListItem\",\"position\":2,\"name\":\"Shop\",\"item\":\"https:\\\/\\\/filicdecor.com\\\/shop\\\/\"},{\"@type\":\"ListItem\",\"position\":3,\"name\":\"Zidna obloga Pillow\"}]},{\"@type\":\"WebSite\",\"@id\":\"https:\\\/\\\/filicdecor.com\\\/fr\\\/#website\",\"url\":\"https:\\\/\\\/filicdecor.com\\\/fr\\\/\",\"name\":\"Dekorativni stiropor | Fili\u0107 Decor | Fili\u0107\",\"description\":\"| - Fili\u0107 Fasade za poneti\",\"potentialAction\":[{\"@type\":\"SearchAction\",\"target\":{\"@type\":\"EntryPoint\",\"urlTemplate\":\"https:\\\/\\\/filicdecor.com\\\/fr\\\/?s={search_term_string}\"},\"query-input\":{\"@type\":\"PropertyValueSpecification\",\"valueRequired\":true,\"valueName\":\"search_term_string\"}}],\"inLanguage\":\"en-GB\"}]}<\/script>\n<!-- \/ Yoast SEO plugin. -->","yoast_head_json":{"title":"Zidna obloga Pillow - Dekorativni stiropor | Fili\u0107 Decor | Fili\u0107","robots":{"index":"index","follow":"follow","max-snippet":"max-snippet:-1","max-image-preview":"max-image-preview:large","max-video-preview":"max-video-preview:-1"},"canonical":"https:\/\/filicdecor.com\/en\/zidna-obloga-pillow\/","og_locale":"en_GB","og_type":"article","og_title":"Zidna obloga Pillow - Dekorativni stiropor | Fili\u0107 Decor | Fili\u0107","og_description":"Dimenzije:\u00a096cm x 48cm x 3,4cm debljine - odgovaraju pribli\u017eno 0,5 \u00a0m\u00b2 Proizvo\u0111a\u010d:\u00a0\u00a0Marbet design Preporu\u010dene komponente: Pogodan lepak -\u00a0TITAN PLUS,\u00a0TITAN SUPER","og_url":"https:\/\/filicdecor.com\/en\/zidna-obloga-pillow\/","og_site_name":"Dekorativni stiropor | Fili\u0107 Decor | Fili\u0107","article_modified_time":"2023-12-14T12:25:31+00:00","og_image":[{"width":1000,"height":750,"url":"https:\/\/filicdecor.com\/wp-content\/uploads\/2023\/12\/3d-zidni-panel-pillow-1.webp","type":"image\/webp"}],"twitter_card":"summary_large_image","twitter_misc":{"Estimated reading time":"2 minutes"},"schema":{"@context":"https:\/\/schema.org","@graph":[{"@type":"WebPage","@id":"https:\/\/filicdecor.com\/zidna-obloga-pillow\/","url":"https:\/\/filicdecor.com\/zidna-obloga-pillow\/","name":"Zidna obloga Pillow - Dekorativni stiropor | Fili\u0107 Decor | Fili\u0107","isPartOf":{"@id":"https:\/\/filicdecor.com\/fr\/#website"},"primaryImageOfPage":{"@id":"https:\/\/filicdecor.com\/zidna-obloga-pillow\/#primaryimage"},"image":{"@id":"https:\/\/filicdecor.com\/zidna-obloga-pillow\/#primaryimage"},"thumbnailUrl":"https:\/\/filicdecor.com\/wp-content\/uploads\/2023\/12\/3d-zidni-panel-pillow-1.webp","datePublished":"2023-12-14T12:24:06+00:00","dateModified":"2023-12-14T12:25:31+00:00","breadcrumb":{"@id":"https:\/\/filicdecor.com\/zidna-obloga-pillow\/#breadcrumb"},"inLanguage":"en-GB","potentialAction":[{"@type":"ReadAction","target":["https:\/\/filicdecor.com\/zidna-obloga-pillow\/"]}]},{"@type":"ImageObject","inLanguage":"en-GB","@id":"https:\/\/filicdecor.com\/zidna-obloga-pillow\/#primaryimage","url":"https:\/\/filicdecor.com\/wp-content\/uploads\/2023\/12\/3d-zidni-panel-pillow-1.webp","contentUrl":"https:\/\/filicdecor.com\/wp-content\/uploads\/2023\/12\/3d-zidni-panel-pillow-1.webp","width":1000,"height":750},{"@type":"BreadcrumbList","@id":"https:\/\/filicdecor.com\/zidna-obloga-pillow\/#breadcrumb","itemListElement":[{"@type":"ListItem","position":1,"name":"Po\u010detna","item":"https:\/\/filicdecor.com\/"},{"@type":"ListItem","position":2,"name":"Shop","item":"https:\/\/filicdecor.com\/shop\/"},{"@type":"ListItem","position":3,"name":"Zidna obloga Pillow"}]},{"@type":"WebSite","@id":"https:\/\/filicdecor.com\/fr\/#website","url":"https:\/\/filicdecor.com\/fr\/","name":"Dekorativni stiropor | Fili\u0107 Decor | Fili\u0107","description":"| - Fili\u0107 Fasade za poneti","potentialAction":[{"@type":"SearchAction","target":{"@type":"EntryPoint","urlTemplate":"https:\/\/filicdecor.com\/fr\/?s={search_term_string}"},"query-input":{"@type":"PropertyValueSpecification","valueRequired":true,"valueName":"search_term_string"}}],"inLanguage":"en-GB"}]}},"_links":{"self":[{"href":"https:\/\/filicdecor.com\/en\/wp-json\/wp\/v2\/product\/2932","targetHints":{"allow":["GET"]}}],"collection":[{"href":"https:\/\/filicdecor.com\/en\/wp-json\/wp\/v2\/product"}],"about":[{"href":"https:\/\/filicdecor.com\/en\/wp-json\/wp\/v2\/types\/product"}],"version-history":[{"count":1,"href":"https:\/\/filicdecor.com\/en\/wp-json\/wp\/v2\/product\/2932\/revisions"}],"predecessor-version":[{"id":2937,"href":"https:\/\/filicdecor.com\/en\/wp-json\/wp\/v2\/product\/2932\/revisions\/2937"}],"wp:featuredmedia":[{"embeddable":true,"href":"https:\/\/filicdecor.com\/en\/wp-json\/wp\/v2\/media\/2933"}],"wp:attachment":[{"href":"https:\/\/filicdecor.com\/en\/wp-json\/wp\/v2\/media?parent=2932"}],"wp:term":[{"taxonomy":"product_brand","embeddable":true,"href":"https:\/\/filicdecor.com\/en\/wp-json\/wp\/v2\/product_brand?post=2932"},{"taxonomy":"product_cat","embeddable":true,"href":"https:\/\/filicdecor.com\/en\/wp-json\/wp\/v2\/product_cat?post=2932"},{"taxonomy":"product_tag","embeddable":true,"href":"https:\/\/filicdecor.com\/en\/wp-json\/wp\/v2\/product_tag?post=2932"}],"curies":[{"name":"wp","href":"https:\/\/api.w.org\/{rel}","templated":true}]}}