{"id":1914,"date":"2023-12-13T11:20:53","date_gmt":"2023-12-13T11:20:53","guid":{"rendered":"https:\/\/filicdecor.com\/?post_type=product&#038;p=1914"},"modified":"2024-01-03T14:16:47","modified_gmt":"2024-01-03T14:16:47","slug":"fasadni-decoterm-panel-klasik","status":"publish","type":"product","link":"https:\/\/filicdecor.com\/en\/fasadni-decoterm-panel-klasik\/","title":{"rendered":"Facade Decoterm panel - Classic"},"content":{"rendered":"<p><strong>Decoterm EPS panels<\/strong>\u00a0are a patented facade system designed to simplify and improve the look of your building.<br \/>\nEasy and simple installation enables fast completion of facade works without excessive preparatory works.<br \/>\nThe system is designed to skip the gluing of styrofoam, reinforcement and second-hand glue on the masonry building,<br \/>\nbut this process is replaced only by gluing Decoterm EPS panels to a masonry wall made of solid material.<\/p>\n<p>By simply processing the vertical joints, your building is ready for the application of base and finishing plaster \u201eBavalit\u201c or some of your favorite decorative techniques to obtain effects such as \u201eALUBOND\u201c, WOODEN LOG or BRICK with a\u00a0<strong>thermal<\/strong>\u00a0effect.<\/p>\n<p>The big advantage is in the adaptability of the panel - you get any desired\u00a0<strong>visual<\/strong>\u00a0effect with the panel retaining all of its<strong>\u00a0thermal<\/strong>\u00a0properties!<br \/>\nDecoterm facades are made of completely<strong>\u00a0pure<\/strong>\u00a0which achieves better thermal insulation compared to the classic facade system - they are covered with thin, flexible,<br \/>\nUV and weather resistant acrylic-polyurethane coating -<strong>\u00a0energy savings of up to 60%!<\/strong><\/p>\n<p><strong>Decoterm panels<\/strong>\u00a0can be made in thickness from 5 to 125 cm and in width up to 100 cm. The final layer is built in a fine structure. After gluing and processing the joints, the surface is treated with acrylic paint, final facade plasters or some other, modern relief techniques and at the request of the investor. Corners are made for each model, which further facilitates and speeds up the installation of these facades.<\/p>\n<p><strong>No dowels, sanding and smoothing!<\/strong><\/p>","protected":false},"excerpt":{"rendered":"<p><strong>Manufacturer: <\/strong>&#8220;Fili\u0107&#8220;<br \/>\n<strong>Material:\u00a0<\/strong>EPS with acrylic polyurethane coating.<br \/>\nYou can see photos of real buildings with Decoterm panels in our gallery\u00a0<strong><a href=\"https:\/\/filicdecor.com\/en\/galerija-fasade\/\" target=\"_blank\" rel=\"noopener\">click here.<\/a><\/strong><a href=\"https:\/\/www.filic.rs\/galeries\/single\/fasade\" target=\"_blank\" rel=\"noopener\"><strong>.<\/strong><\/a><\/p>","protected":false},"featured_media":1934,"template":"","meta":[],"product_brand":[],"product_cat":[27],"product_tag":[],"class_list":{"0":"post-1914","1":"product","2":"type-product","3":"status-publish","4":"has-post-thumbnail","6":"product_cat-fasadni-paneli-decoterm","8":"first","9":"instock","10":"shipping-taxable","11":"purchasable","12":"product-type-variable"},"yoast_head":"<!-- This site is optimized with the Yoast SEO plugin v27.4 - https:\/\/yoast.com\/product\/yoast-seo-wordpress\/ -->\n<title>Fasadni Decoterm panel - Klasik model - Dekorativni stiropor | Fili\u0107 Decor | Fili\u0107<\/title>\n<meta name=\"robots\" content=\"index, follow, max-snippet:-1, max-image-preview:large, max-video-preview:-1\" \/>\n<link rel=\"canonical\" href=\"https:\/\/filicdecor.com\/en\/fasadni-decoterm-panel-klasik\/\" \/>\n<meta property=\"og:locale\" content=\"en_GB\" \/>\n<meta property=\"og:type\" content=\"article\" \/>\n<meta property=\"og:title\" content=\"Fasadni Decoterm panel - Klasik model - Dekorativni stiropor | Fili\u0107 Decor | Fili\u0107\" \/>\n<meta property=\"og:description\" content=\"Proizvo\u0111a\u010d: &#039;&#039;Fili\u0107&#039;&#039; Materijal:\u00a0EPS sa akrilno-poliuretanskim premazom. Realne fotografije objekata sa Decoterm panelima mo\u017eete pogledati u na\u0161oj galeriji -\u00a0klikni ovde.\" \/>\n<meta property=\"og:url\" content=\"https:\/\/filicdecor.com\/en\/fasadni-decoterm-panel-klasik\/\" \/>\n<meta property=\"og:site_name\" content=\"Dekorativni stiropor | Fili\u0107 Decor | Fili\u0107\" \/>\n<meta property=\"article:modified_time\" content=\"2024-01-03T14:16:47+00:00\" \/>\n<meta property=\"og:image\" content=\"https:\/\/filicdecor.com\/wp-content\/uploads\/2023\/12\/FASADNI-PANELI-DECOTERM-5.webp\" \/>\n\t<meta property=\"og:image:width\" content=\"920\" \/>\n\t<meta property=\"og:image:height\" content=\"480\" \/>\n\t<meta property=\"og:image:type\" content=\"image\/webp\" \/>\n<meta name=\"twitter:card\" content=\"summary_large_image\" \/>\n<meta name=\"twitter:label1\" content=\"Estimated reading time\" \/>\n\t<meta name=\"twitter:data1\" content=\"1 minute\" \/>\n<script type=\"application\/ld+json\" class=\"yoast-schema-graph\">{\"@context\":\"https:\\\/\\\/schema.org\",\"@graph\":[{\"@type\":\"WebPage\",\"@id\":\"https:\\\/\\\/filicdecor.com\\\/ro\\\/fasadni-decoterm-panel-klasik\\\/\",\"url\":\"https:\\\/\\\/filicdecor.com\\\/ro\\\/fasadni-decoterm-panel-klasik\\\/\",\"name\":\"Fasadni Decoterm panel - Klasik model - Dekorativni stiropor | Fili\u0107 Decor | Fili\u0107\",\"isPartOf\":{\"@id\":\"https:\\\/\\\/filicdecor.com\\\/fr\\\/#website\"},\"primaryImageOfPage\":{\"@id\":\"https:\\\/\\\/filicdecor.com\\\/ro\\\/fasadni-decoterm-panel-klasik\\\/#primaryimage\"},\"image\":{\"@id\":\"https:\\\/\\\/filicdecor.com\\\/ro\\\/fasadni-decoterm-panel-klasik\\\/#primaryimage\"},\"thumbnailUrl\":\"https:\\\/\\\/filicdecor.com\\\/wp-content\\\/uploads\\\/2023\\\/12\\\/FASADNI-PANELI-DECOTERM-5.webp\",\"datePublished\":\"2023-12-13T11:20:53+00:00\",\"dateModified\":\"2024-01-03T14:16:47+00:00\",\"breadcrumb\":{\"@id\":\"https:\\\/\\\/filicdecor.com\\\/ro\\\/fasadni-decoterm-panel-klasik\\\/#breadcrumb\"},\"inLanguage\":\"en-GB\",\"potentialAction\":[{\"@type\":\"ReadAction\",\"target\":[\"https:\\\/\\\/filicdecor.com\\\/ro\\\/fasadni-decoterm-panel-klasik\\\/\"]}]},{\"@type\":\"ImageObject\",\"inLanguage\":\"en-GB\",\"@id\":\"https:\\\/\\\/filicdecor.com\\\/ro\\\/fasadni-decoterm-panel-klasik\\\/#primaryimage\",\"url\":\"https:\\\/\\\/filicdecor.com\\\/wp-content\\\/uploads\\\/2023\\\/12\\\/FASADNI-PANELI-DECOTERM-5.webp\",\"contentUrl\":\"https:\\\/\\\/filicdecor.com\\\/wp-content\\\/uploads\\\/2023\\\/12\\\/FASADNI-PANELI-DECOTERM-5.webp\",\"width\":920,\"height\":480},{\"@type\":\"BreadcrumbList\",\"@id\":\"https:\\\/\\\/filicdecor.com\\\/ro\\\/fasadni-decoterm-panel-klasik\\\/#breadcrumb\",\"itemListElement\":[{\"@type\":\"ListItem\",\"position\":1,\"name\":\"\u041f\u043e\u0447\u0435\u0442\u043d\u0430\",\"item\":\"https:\\\/\\\/filicdecor.com\\\/\"},{\"@type\":\"ListItem\",\"position\":2,\"name\":\"Shop\",\"item\":\"https:\\\/\\\/filicdecor.com\\\/shop\\\/\"},{\"@type\":\"ListItem\",\"position\":3,\"name\":\"Fasadni Decoterm panel &#8211; Klasik model\"}]},{\"@type\":\"WebSite\",\"@id\":\"https:\\\/\\\/filicdecor.com\\\/fr\\\/#website\",\"url\":\"https:\\\/\\\/filicdecor.com\\\/fr\\\/\",\"name\":\"Dekorativni stiropor | Fili\u0107 Decor | Fili\u0107\",\"description\":\"| - Fili\u0107 Fasade za poneti\",\"potentialAction\":[{\"@type\":\"SearchAction\",\"target\":{\"@type\":\"EntryPoint\",\"urlTemplate\":\"https:\\\/\\\/filicdecor.com\\\/fr\\\/?s={search_term_string}\"},\"query-input\":{\"@type\":\"PropertyValueSpecification\",\"valueRequired\":true,\"valueName\":\"search_term_string\"}}],\"inLanguage\":\"en-GB\"}]}<\/script>\n<!-- \/ Yoast SEO plugin. -->","yoast_head_json":{"title":"Fasadni Decoterm panel - Klasik model - Dekorativni stiropor | Fili\u0107 Decor | Fili\u0107","robots":{"index":"index","follow":"follow","max-snippet":"max-snippet:-1","max-image-preview":"max-image-preview:large","max-video-preview":"max-video-preview:-1"},"canonical":"https:\/\/filicdecor.com\/en\/fasadni-decoterm-panel-klasik\/","og_locale":"en_GB","og_type":"article","og_title":"Fasadni Decoterm panel - Klasik model - Dekorativni stiropor | Fili\u0107 Decor | Fili\u0107","og_description":"Proizvo\u0111a\u010d: ''Fili\u0107'' Materijal:\u00a0EPS sa akrilno-poliuretanskim premazom. Realne fotografije objekata sa Decoterm panelima mo\u017eete pogledati u na\u0161oj galeriji -\u00a0klikni ovde.","og_url":"https:\/\/filicdecor.com\/en\/fasadni-decoterm-panel-klasik\/","og_site_name":"Dekorativni stiropor | Fili\u0107 Decor | Fili\u0107","article_modified_time":"2024-01-03T14:16:47+00:00","og_image":[{"width":920,"height":480,"url":"https:\/\/filicdecor.com\/wp-content\/uploads\/2023\/12\/FASADNI-PANELI-DECOTERM-5.webp","type":"image\/webp"}],"twitter_card":"summary_large_image","twitter_misc":{"Estimated reading time":"1 minute"},"schema":{"@context":"https:\/\/schema.org","@graph":[{"@type":"WebPage","@id":"https:\/\/filicdecor.com\/ro\/fasadni-decoterm-panel-klasik\/","url":"https:\/\/filicdecor.com\/ro\/fasadni-decoterm-panel-klasik\/","name":"Fasadni Decoterm panel - Klasik model - Dekorativni stiropor | Fili\u0107 Decor | Fili\u0107","isPartOf":{"@id":"https:\/\/filicdecor.com\/fr\/#website"},"primaryImageOfPage":{"@id":"https:\/\/filicdecor.com\/ro\/fasadni-decoterm-panel-klasik\/#primaryimage"},"image":{"@id":"https:\/\/filicdecor.com\/ro\/fasadni-decoterm-panel-klasik\/#primaryimage"},"thumbnailUrl":"https:\/\/filicdecor.com\/wp-content\/uploads\/2023\/12\/FASADNI-PANELI-DECOTERM-5.webp","datePublished":"2023-12-13T11:20:53+00:00","dateModified":"2024-01-03T14:16:47+00:00","breadcrumb":{"@id":"https:\/\/filicdecor.com\/ro\/fasadni-decoterm-panel-klasik\/#breadcrumb"},"inLanguage":"en-GB","potentialAction":[{"@type":"ReadAction","target":["https:\/\/filicdecor.com\/ro\/fasadni-decoterm-panel-klasik\/"]}]},{"@type":"ImageObject","inLanguage":"en-GB","@id":"https:\/\/filicdecor.com\/ro\/fasadni-decoterm-panel-klasik\/#primaryimage","url":"https:\/\/filicdecor.com\/wp-content\/uploads\/2023\/12\/FASADNI-PANELI-DECOTERM-5.webp","contentUrl":"https:\/\/filicdecor.com\/wp-content\/uploads\/2023\/12\/FASADNI-PANELI-DECOTERM-5.webp","width":920,"height":480},{"@type":"BreadcrumbList","@id":"https:\/\/filicdecor.com\/ro\/fasadni-decoterm-panel-klasik\/#breadcrumb","itemListElement":[{"@type":"ListItem","position":1,"name":"Po\u010detna","item":"https:\/\/filicdecor.com\/"},{"@type":"ListItem","position":2,"name":"Shop","item":"https:\/\/filicdecor.com\/shop\/"},{"@type":"ListItem","position":3,"name":"Fasadni Decoterm panel &#8211; Klasik model"}]},{"@type":"WebSite","@id":"https:\/\/filicdecor.com\/fr\/#website","url":"https:\/\/filicdecor.com\/fr\/","name":"Dekorativni stiropor | Fili\u0107 Decor | Fili\u0107","description":"| - Fili\u0107 Fasade za poneti","potentialAction":[{"@type":"SearchAction","target":{"@type":"EntryPoint","urlTemplate":"https:\/\/filicdecor.com\/fr\/?s={search_term_string}"},"query-input":{"@type":"PropertyValueSpecification","valueRequired":true,"valueName":"search_term_string"}}],"inLanguage":"en-GB"}]}},"_links":{"self":[{"href":"https:\/\/filicdecor.com\/en\/wp-json\/wp\/v2\/product\/1914","targetHints":{"allow":["GET"]}}],"collection":[{"href":"https:\/\/filicdecor.com\/en\/wp-json\/wp\/v2\/product"}],"about":[{"href":"https:\/\/filicdecor.com\/en\/wp-json\/wp\/v2\/types\/product"}],"version-history":[{"count":8,"href":"https:\/\/filicdecor.com\/en\/wp-json\/wp\/v2\/product\/1914\/revisions"}],"predecessor-version":[{"id":1936,"href":"https:\/\/filicdecor.com\/en\/wp-json\/wp\/v2\/product\/1914\/revisions\/1936"}],"wp:featuredmedia":[{"embeddable":true,"href":"https:\/\/filicdecor.com\/en\/wp-json\/wp\/v2\/media\/1934"}],"wp:attachment":[{"href":"https:\/\/filicdecor.com\/en\/wp-json\/wp\/v2\/media?parent=1914"}],"wp:term":[{"taxonomy":"product_brand","embeddable":true,"href":"https:\/\/filicdecor.com\/en\/wp-json\/wp\/v2\/product_brand?post=1914"},{"taxonomy":"product_cat","embeddable":true,"href":"https:\/\/filicdecor.com\/en\/wp-json\/wp\/v2\/product_cat?post=1914"},{"taxonomy":"product_tag","embeddable":true,"href":"https:\/\/filicdecor.com\/en\/wp-json\/wp\/v2\/product_tag?post=1914"}],"curies":[{"name":"wp","href":"https:\/\/api.w.org\/{rel}","templated":true}]}}