{"id":9306,"date":"2024-09-11T12:48:29","date_gmt":"2024-09-11T12:48:29","guid":{"rendered":"https:\/\/filicdecor.com\/?post_type=product&#038;p=9306"},"modified":"2024-09-11T12:50:32","modified_gmt":"2024-09-11T12:50:32","slug":"plafonska-obloga-fo-putz-1-2cm","status":"publish","type":"product","link":"https:\/\/filicdecor.com\/de\/plafonska-obloga-fo-putz-1-2cm\/","title":{"rendered":"Deckenverkleidung FO - Putz 1.2cm"},"content":{"rendered":"<p>Aufgrund ihrer gro\u00dfen Oberfl\u00e4che ist die Decke der wichtigste Bestandteil eines jeden Raumes und kann durch kreative Gestaltung dessen Charakter v\u00f6llig ver\u00e4ndern. Deshalb ist die richtige Wahl der Deckenverkleidung wichtig. Deckenverkleidungen \u00fcberzeugen durch ihre Funktionalit\u00e4t, wie zum Beispiel W\u00e4rme- und Schalld\u00e4mmung, dar\u00fcber hinaus kaschieren sie aber auch geschickt alle Risse und M\u00e4ngel an der Decke. Dank des leichten Polystyrols lassen sich die dekorativen Deckenverkleidungen ganz einfach durch einfaches Kleben an der Decke befestigen.<\/p>\n<ul dir=\"ltr\">\n<li>Sie sind sehr pflegeleicht und einfach zu installieren.<\/li>\n<li>Pro\u0161ireni polistiren &#8211; ekolo\u0161ki prihvatljiv i lagan materijal.<\/li>\n<li>Die Bel\u00e4ge k\u00f6nnen mit allen Acryl- und Wasserlacken beschichtet werden.<\/li>\n<li>Sie werden f\u00fcr den Innenbereich empfohlen und k\u00f6nnen in Kellern und Feuchtr\u00e4umen eingesetzt werden.<\/li>\n<\/ul>\n<p>&nbsp;<\/p>","protected":false},"excerpt":{"rendered":"<p><strong>Hersteller:\u00a0 <\/strong>&#8222;Fili\u0107&#8220;<br \/>\n<strong>Material:\u00a0<\/strong>Ekspandirani polistiren &#8211; EPS<br \/>\n<strong>Empfohlene Komponenten<\/strong>:<br \/>\nGeeigneter Kleber \u2013 TITAN PLUS, TITAN SUPER<\/p>","protected":false},"featured_media":9304,"template":"","meta":[],"product_brand":[],"product_cat":[191],"product_tag":[],"class_list":{"0":"post-9306","1":"product","2":"type-product","3":"status-publish","4":"has-post-thumbnail","6":"product_cat-plafonske-obloge","8":"first","9":"instock","10":"shipping-taxable","11":"purchasable","12":"product-type-simple"},"yoast_head":"<!-- This site is optimized with the Yoast SEO plugin v27.4 - https:\/\/yoast.com\/product\/yoast-seo-wordpress\/ -->\n<title>Plafonska obloga FO - Putz 1.2cm - Dekorativni stiropor | Fili\u0107 Decor | Fili\u0107<\/title>\n<meta name=\"robots\" content=\"index, follow, max-snippet:-1, max-image-preview:large, max-video-preview:-1\" \/>\n<link rel=\"canonical\" href=\"https:\/\/filicdecor.com\/de\/plafonska-obloga-fo-putz-1-2cm\/\" \/>\n<meta property=\"og:locale\" content=\"de_DE\" \/>\n<meta property=\"og:type\" content=\"article\" \/>\n<meta property=\"og:title\" content=\"Plafonska obloga FO - Putz 1.2cm - Dekorativni stiropor | Fili\u0107 Decor | Fili\u0107\" \/>\n<meta property=\"og:description\" content=\"Proizvo\u0111a\u010d:\u00a0 &quot;Fili\u0107&quot; Materijal:\u00a0Ekspandirani polistiren - EPS Preporu\u010dene komponente: Pogodan lepak -\u00a0TITAN PLUS,\u00a0TITAN SUPER\" \/>\n<meta property=\"og:url\" content=\"https:\/\/filicdecor.com\/de\/plafonska-obloga-fo-putz-1-2cm\/\" \/>\n<meta property=\"og:site_name\" content=\"Dekorativni stiropor | Fili\u0107 Decor | Fili\u0107\" \/>\n<meta property=\"article:modified_time\" content=\"2024-09-11T12:50:32+00:00\" \/>\n<meta property=\"og:image\" content=\"https:\/\/filicdecor.com\/wp-content\/uploads\/2023\/12\/plafonska-obloga-fo-putz.webp\" \/>\n\t<meta property=\"og:image:width\" content=\"920\" \/>\n\t<meta property=\"og:image:height\" content=\"480\" \/>\n\t<meta property=\"og:image:type\" content=\"image\/webp\" \/>\n<meta name=\"twitter:card\" content=\"summary_large_image\" \/>\n<meta name=\"twitter:label1\" content=\"Gesch\u00e4tzte Lesezeit\" \/>\n\t<meta name=\"twitter:data1\" content=\"1\u00a0Minute\" \/>\n<script type=\"application\/ld+json\" class=\"yoast-schema-graph\">{\"@context\":\"https:\\\/\\\/schema.org\",\"@graph\":[{\"@type\":\"WebPage\",\"@id\":\"https:\\\/\\\/filicdecor.com\\\/plafonska-obloga-fo-putz-1-2cm\\\/\",\"url\":\"https:\\\/\\\/filicdecor.com\\\/plafonska-obloga-fo-putz-1-2cm\\\/\",\"name\":\"Plafonska obloga FO - Putz 1.2cm - Dekorativni stiropor | Fili\u0107 Decor | Fili\u0107\",\"isPartOf\":{\"@id\":\"https:\\\/\\\/filicdecor.com\\\/fr\\\/#website\"},\"primaryImageOfPage\":{\"@id\":\"https:\\\/\\\/filicdecor.com\\\/plafonska-obloga-fo-putz-1-2cm\\\/#primaryimage\"},\"image\":{\"@id\":\"https:\\\/\\\/filicdecor.com\\\/plafonska-obloga-fo-putz-1-2cm\\\/#primaryimage\"},\"thumbnailUrl\":\"https:\\\/\\\/filicdecor.com\\\/wp-content\\\/uploads\\\/2023\\\/12\\\/plafonska-obloga-fo-putz.webp\",\"datePublished\":\"2024-09-11T12:48:29+00:00\",\"dateModified\":\"2024-09-11T12:50:32+00:00\",\"breadcrumb\":{\"@id\":\"https:\\\/\\\/filicdecor.com\\\/plafonska-obloga-fo-putz-1-2cm\\\/#breadcrumb\"},\"inLanguage\":\"de\",\"potentialAction\":[{\"@type\":\"ReadAction\",\"target\":[\"https:\\\/\\\/filicdecor.com\\\/plafonska-obloga-fo-putz-1-2cm\\\/\"]}]},{\"@type\":\"ImageObject\",\"inLanguage\":\"de\",\"@id\":\"https:\\\/\\\/filicdecor.com\\\/plafonska-obloga-fo-putz-1-2cm\\\/#primaryimage\",\"url\":\"https:\\\/\\\/filicdecor.com\\\/wp-content\\\/uploads\\\/2023\\\/12\\\/plafonska-obloga-fo-putz.webp\",\"contentUrl\":\"https:\\\/\\\/filicdecor.com\\\/wp-content\\\/uploads\\\/2023\\\/12\\\/plafonska-obloga-fo-putz.webp\",\"width\":920,\"height\":480},{\"@type\":\"BreadcrumbList\",\"@id\":\"https:\\\/\\\/filicdecor.com\\\/plafonska-obloga-fo-putz-1-2cm\\\/#breadcrumb\",\"itemListElement\":[{\"@type\":\"ListItem\",\"position\":1,\"name\":\"\u041f\u043e\u0447\u0435\u0442\u043d\u0430\",\"item\":\"https:\\\/\\\/filicdecor.com\\\/\"},{\"@type\":\"ListItem\",\"position\":2,\"name\":\"Shop\",\"item\":\"https:\\\/\\\/filicdecor.com\\\/shop\\\/\"},{\"@type\":\"ListItem\",\"position\":3,\"name\":\"Plafonska obloga FO &#8211; Putz 1.2cm\"}]},{\"@type\":\"WebSite\",\"@id\":\"https:\\\/\\\/filicdecor.com\\\/fr\\\/#website\",\"url\":\"https:\\\/\\\/filicdecor.com\\\/fr\\\/\",\"name\":\"Dekorativni stiropor | Fili\u0107 Decor | Fili\u0107\",\"description\":\"| - Fili\u0107 Fasade za poneti\",\"potentialAction\":[{\"@type\":\"SearchAction\",\"target\":{\"@type\":\"EntryPoint\",\"urlTemplate\":\"https:\\\/\\\/filicdecor.com\\\/fr\\\/?s={search_term_string}\"},\"query-input\":{\"@type\":\"PropertyValueSpecification\",\"valueRequired\":true,\"valueName\":\"search_term_string\"}}],\"inLanguage\":\"de\"}]}<\/script>\n<!-- \/ Yoast SEO plugin. -->","yoast_head_json":{"title":"Plafonska obloga FO - Putz 1.2cm - Dekorativni stiropor | Fili\u0107 Decor | Fili\u0107","robots":{"index":"index","follow":"follow","max-snippet":"max-snippet:-1","max-image-preview":"max-image-preview:large","max-video-preview":"max-video-preview:-1"},"canonical":"https:\/\/filicdecor.com\/de\/plafonska-obloga-fo-putz-1-2cm\/","og_locale":"de_DE","og_type":"article","og_title":"Plafonska obloga FO - Putz 1.2cm - Dekorativni stiropor | Fili\u0107 Decor | Fili\u0107","og_description":"Proizvo\u0111a\u010d:\u00a0 \"Fili\u0107\" Materijal:\u00a0Ekspandirani polistiren - EPS Preporu\u010dene komponente: Pogodan lepak -\u00a0TITAN PLUS,\u00a0TITAN SUPER","og_url":"https:\/\/filicdecor.com\/de\/plafonska-obloga-fo-putz-1-2cm\/","og_site_name":"Dekorativni stiropor | Fili\u0107 Decor | Fili\u0107","article_modified_time":"2024-09-11T12:50:32+00:00","og_image":[{"width":920,"height":480,"url":"https:\/\/filicdecor.com\/wp-content\/uploads\/2023\/12\/plafonska-obloga-fo-putz.webp","type":"image\/webp"}],"twitter_card":"summary_large_image","twitter_misc":{"Gesch\u00e4tzte Lesezeit":"1\u00a0Minute"},"schema":{"@context":"https:\/\/schema.org","@graph":[{"@type":"WebPage","@id":"https:\/\/filicdecor.com\/plafonska-obloga-fo-putz-1-2cm\/","url":"https:\/\/filicdecor.com\/plafonska-obloga-fo-putz-1-2cm\/","name":"Plafonska obloga FO - Putz 1.2cm - Dekorativni stiropor | Fili\u0107 Decor | Fili\u0107","isPartOf":{"@id":"https:\/\/filicdecor.com\/fr\/#website"},"primaryImageOfPage":{"@id":"https:\/\/filicdecor.com\/plafonska-obloga-fo-putz-1-2cm\/#primaryimage"},"image":{"@id":"https:\/\/filicdecor.com\/plafonska-obloga-fo-putz-1-2cm\/#primaryimage"},"thumbnailUrl":"https:\/\/filicdecor.com\/wp-content\/uploads\/2023\/12\/plafonska-obloga-fo-putz.webp","datePublished":"2024-09-11T12:48:29+00:00","dateModified":"2024-09-11T12:50:32+00:00","breadcrumb":{"@id":"https:\/\/filicdecor.com\/plafonska-obloga-fo-putz-1-2cm\/#breadcrumb"},"inLanguage":"de","potentialAction":[{"@type":"ReadAction","target":["https:\/\/filicdecor.com\/plafonska-obloga-fo-putz-1-2cm\/"]}]},{"@type":"ImageObject","inLanguage":"de","@id":"https:\/\/filicdecor.com\/plafonska-obloga-fo-putz-1-2cm\/#primaryimage","url":"https:\/\/filicdecor.com\/wp-content\/uploads\/2023\/12\/plafonska-obloga-fo-putz.webp","contentUrl":"https:\/\/filicdecor.com\/wp-content\/uploads\/2023\/12\/plafonska-obloga-fo-putz.webp","width":920,"height":480},{"@type":"BreadcrumbList","@id":"https:\/\/filicdecor.com\/plafonska-obloga-fo-putz-1-2cm\/#breadcrumb","itemListElement":[{"@type":"ListItem","position":1,"name":"Po\u010detna","item":"https:\/\/filicdecor.com\/"},{"@type":"ListItem","position":2,"name":"Shop","item":"https:\/\/filicdecor.com\/shop\/"},{"@type":"ListItem","position":3,"name":"Plafonska obloga FO &#8211; Putz 1.2cm"}]},{"@type":"WebSite","@id":"https:\/\/filicdecor.com\/fr\/#website","url":"https:\/\/filicdecor.com\/fr\/","name":"Dekorativni stiropor | Fili\u0107 Decor | Fili\u0107","description":"| - Fili\u0107 Fasade za poneti","potentialAction":[{"@type":"SearchAction","target":{"@type":"EntryPoint","urlTemplate":"https:\/\/filicdecor.com\/fr\/?s={search_term_string}"},"query-input":{"@type":"PropertyValueSpecification","valueRequired":true,"valueName":"search_term_string"}}],"inLanguage":"de"}]}},"_links":{"self":[{"href":"https:\/\/filicdecor.com\/de\/wp-json\/wp\/v2\/product\/9306","targetHints":{"allow":["GET"]}}],"collection":[{"href":"https:\/\/filicdecor.com\/de\/wp-json\/wp\/v2\/product"}],"about":[{"href":"https:\/\/filicdecor.com\/de\/wp-json\/wp\/v2\/types\/product"}],"version-history":[{"count":1,"href":"https:\/\/filicdecor.com\/de\/wp-json\/wp\/v2\/product\/9306\/revisions"}],"predecessor-version":[{"id":9307,"href":"https:\/\/filicdecor.com\/de\/wp-json\/wp\/v2\/product\/9306\/revisions\/9307"}],"wp:featuredmedia":[{"embeddable":true,"href":"https:\/\/filicdecor.com\/de\/wp-json\/wp\/v2\/media\/9304"}],"wp:attachment":[{"href":"https:\/\/filicdecor.com\/de\/wp-json\/wp\/v2\/media?parent=9306"}],"wp:term":[{"taxonomy":"product_brand","embeddable":true,"href":"https:\/\/filicdecor.com\/de\/wp-json\/wp\/v2\/product_brand?post=9306"},{"taxonomy":"product_cat","embeddable":true,"href":"https:\/\/filicdecor.com\/de\/wp-json\/wp\/v2\/product_cat?post=9306"},{"taxonomy":"product_tag","embeddable":true,"href":"https:\/\/filicdecor.com\/de\/wp-json\/wp\/v2\/product_tag?post=9306"}],"curies":[{"name":"wp","href":"https:\/\/api.w.org\/{rel}","templated":true}]}}