{"id":5649,"date":"2023-12-21T12:23:16","date_gmt":"2023-12-21T12:23:16","guid":{"rendered":"https:\/\/filicdecor.com\/?post_type=product&#038;p=5649"},"modified":"2023-12-21T12:23:42","modified_gmt":"2023-12-21T12:23:42","slug":"imitacija-drvene-daske-dm-01-tamna-2-6m","status":"publish","type":"product","link":"https:\/\/filicdecor.com\/de\/imitacija-drvene-daske-dm-01-tamna-2-6m\/","title":{"rendered":"Holzimitatbrett DM-01 dunkel 2,6m"},"content":{"rendered":"<p>Holzimitatdielen ersetzen zuverl\u00e4ssig echtes Holz und k\u00f6nnen f\u00fcr vielf\u00e4ltige Projekte im Innen- und Au\u00dfenbereich eingesetzt werden.<br \/>\nWenn Sie ein Fan von Ethno-Stil oder Rustikalit\u00e4t sind oder einfach nur die Optik nat\u00fcrlicher Materialien lieben, werden Sie die Sch\u00f6nheit von Holz in Ihrem Zuhause sicherlich nicht vermissen.<br \/>\nSie sind die ideale L\u00f6sung f\u00fcr Sie\u00a0<strong>Imitationen von Holzbrettern.\u00a0<\/strong>Wir bieten Polyurethan-Imitationen von Holzbrettern in Standardabmessungen an.<\/p>\n<p>Sie unterscheiden sich von denen aus Holz dadurch, dass sie eine langlebigere, wirtschaftlichere und umweltfreundlichere L\u00f6sung darstellen.<br \/>\nSie sind in zwei Standardt\u00f6nen erh\u00e4ltlich: helle und dunkle Holzfarbe. Sie k\u00f6nnen sie sich ansehen<strong>\u00a0hier.\u00a0<\/strong><\/p>\n<p>Alle Holzimitatelemente unserer Produktion sind handgeschnitzt und durch eine dreifache Schutzschicht gesch\u00fctzt, die Qualit\u00e4t und Haltbarkeit garantiert.<br \/>\nZus\u00e4tzlich zu allen oben genannten Vorteilen sind Holzimitatbalken leichter als echtes Holz und daher sicherer, da sie die Struktur, auf der sie installiert werden, nicht belasten.<br \/>\nAufgrund des mehrschichtigen Schutzes, der bei der Herstellung von Fassadenelementen und Formteilen zum Einsatz kommt, sind sie best\u00e4ndig gegen Wasser, Feuchtigkeit, Schimmel, F\u00e4ulnis, Insekten und erfordern nach der Montage keine zus\u00e4tzlichen Arbeiten.<br \/>\nDie Pflege erfolgt durch gelegentliches Abwischen mit einem leicht feuchten Tuch oder durch Absaugen der Balkenoberfl\u00e4che.<\/p>\n<p><strong>Einstellung von Holzdielenimitat:<\/strong><br \/>\nDie Oberfl\u00e4che, auf der sie platziert werden, muss trocken und sauber sein.<br \/>\nDie Elemente werden mit einem Spezialkleber f\u00fcr Styroporbalken verklebt -\u00a0<strong>TITAN SUPER.<\/strong><br \/>\nLeimverbrauch: 310 ml \u2013 12 lange Meter.<br \/>\nDer auf das Element aufgetragene Kleber muss 30 Sekunden lang einwirken und dann das Element durch Dr\u00fccken auf die gew\u00fcnschte Oberfl\u00e4che platzieren.<br \/>\nDr\u00fccken Sie anschlie\u00dfend noch einige Male, um das Element auf der Oberfl\u00e4che zu fixieren.<br \/>\nWenn es nicht m\u00f6glich ist, ein Element aus einem Teil zu erhalten, k\u00f6nnen die Verbindungen dekorativ gel\u00f6st werden\u00a0<strong>Kompositionsleiste.\u00a0<\/strong><\/p>","protected":false},"excerpt":{"rendered":"<div class=\"full-text\">\n<p><strong>Ma\u00dfe:<\/strong>\u00a02cm x 13,5cm x 260cm<br \/>\n<strong>Hersteller:\u00a0\u00a0<\/strong>Marbet Design<br \/>\n<strong>Material:\u00a0<\/strong>Polyurethan<br \/>\n<strong>Empfohlene Komponenten<\/strong>:<br \/>\nGeeigneter Kleber \u2013 TITAN SUPER<br \/>\n<strong>Notiz:\u00a0<\/strong>Es besteht die M\u00f6glichkeit, es je nach Design und genauen Abmessungen aus Styropor herzustellen.<\/p>\n<\/div>","protected":false},"featured_media":5650,"template":"","meta":[],"product_brand":[],"product_cat":[236,74],"product_tag":[],"class_list":{"0":"post-5649","1":"product","2":"type-product","3":"status-publish","4":"has-post-thumbnail","6":"product_cat-daske","7":"product_cat-grede-od-stiropora","9":"first","10":"instock","11":"shipping-taxable","12":"purchasable","13":"product-type-simple"},"yoast_head":"<!-- This site is optimized with the Yoast SEO plugin v27.4 - https:\/\/yoast.com\/product\/yoast-seo-wordpress\/ -->\n<title>Imitacija drvene daske DM-01 tamna 2.6m - Dekorativni stiropor | Fili\u0107 Decor | Fili\u0107<\/title>\n<meta name=\"robots\" content=\"index, follow, max-snippet:-1, max-image-preview:large, max-video-preview:-1\" \/>\n<link rel=\"canonical\" href=\"https:\/\/filicdecor.com\/de\/imitacija-drvene-daske-dm-01-tamna-2-6m\/\" \/>\n<meta property=\"og:locale\" content=\"de_DE\" \/>\n<meta property=\"og:type\" content=\"article\" \/>\n<meta property=\"og:title\" content=\"Imitacija drvene daske DM-01 tamna 2.6m - Dekorativni stiropor | Fili\u0107 Decor | Fili\u0107\" \/>\n<meta property=\"og:description\" content=\"Dimenzije:\u00a02cm x 13,5cm x 260cm Proizvo\u0111a\u010d:\u00a0\u00a0Marbet Design Materijal:\u00a0Poliuretan Preporu\u010dene komponente: Pogodan lepak - TITAN SUPER Napomena:\u00a0Mogu\u0107nost izrade\u00a0i od stiropora, po nacrtu i ta\u010dnim dimenzijama.\" \/>\n<meta property=\"og:url\" content=\"https:\/\/filicdecor.com\/de\/imitacija-drvene-daske-dm-01-tamna-2-6m\/\" \/>\n<meta property=\"og:site_name\" content=\"Dekorativni stiropor | Fili\u0107 Decor | Fili\u0107\" \/>\n<meta property=\"article:modified_time\" content=\"2023-12-21T12:23:42+00:00\" \/>\n<meta property=\"og:image\" content=\"https:\/\/filicdecor.com\/wp-content\/uploads\/2023\/12\/DM-01-BRAON.jpg\" \/>\n\t<meta property=\"og:image:width\" content=\"920\" \/>\n\t<meta property=\"og:image:height\" content=\"480\" \/>\n\t<meta property=\"og:image:type\" content=\"image\/jpeg\" \/>\n<meta name=\"twitter:card\" content=\"summary_large_image\" \/>\n<meta name=\"twitter:label1\" content=\"Gesch\u00e4tzte Lesezeit\" \/>\n\t<meta name=\"twitter:data1\" content=\"1\u00a0Minute\" \/>\n<script type=\"application\/ld+json\" class=\"yoast-schema-graph\">{\"@context\":\"https:\\\/\\\/schema.org\",\"@graph\":[{\"@type\":\"WebPage\",\"@id\":\"https:\\\/\\\/filicdecor.com\\\/imitacija-drvene-daske-dm-01-tamna-2-6m\\\/\",\"url\":\"https:\\\/\\\/filicdecor.com\\\/imitacija-drvene-daske-dm-01-tamna-2-6m\\\/\",\"name\":\"Imitacija drvene daske DM-01 tamna 2.6m - Dekorativni stiropor | Fili\u0107 Decor | Fili\u0107\",\"isPartOf\":{\"@id\":\"https:\\\/\\\/filicdecor.com\\\/fr\\\/#website\"},\"primaryImageOfPage\":{\"@id\":\"https:\\\/\\\/filicdecor.com\\\/imitacija-drvene-daske-dm-01-tamna-2-6m\\\/#primaryimage\"},\"image\":{\"@id\":\"https:\\\/\\\/filicdecor.com\\\/imitacija-drvene-daske-dm-01-tamna-2-6m\\\/#primaryimage\"},\"thumbnailUrl\":\"https:\\\/\\\/filicdecor.com\\\/wp-content\\\/uploads\\\/2023\\\/12\\\/DM-01-BRAON.jpg\",\"datePublished\":\"2023-12-21T12:23:16+00:00\",\"dateModified\":\"2023-12-21T12:23:42+00:00\",\"breadcrumb\":{\"@id\":\"https:\\\/\\\/filicdecor.com\\\/imitacija-drvene-daske-dm-01-tamna-2-6m\\\/#breadcrumb\"},\"inLanguage\":\"de\",\"potentialAction\":[{\"@type\":\"ReadAction\",\"target\":[\"https:\\\/\\\/filicdecor.com\\\/imitacija-drvene-daske-dm-01-tamna-2-6m\\\/\"]}]},{\"@type\":\"ImageObject\",\"inLanguage\":\"de\",\"@id\":\"https:\\\/\\\/filicdecor.com\\\/imitacija-drvene-daske-dm-01-tamna-2-6m\\\/#primaryimage\",\"url\":\"https:\\\/\\\/filicdecor.com\\\/wp-content\\\/uploads\\\/2023\\\/12\\\/DM-01-BRAON.jpg\",\"contentUrl\":\"https:\\\/\\\/filicdecor.com\\\/wp-content\\\/uploads\\\/2023\\\/12\\\/DM-01-BRAON.jpg\",\"width\":920,\"height\":480},{\"@type\":\"BreadcrumbList\",\"@id\":\"https:\\\/\\\/filicdecor.com\\\/imitacija-drvene-daske-dm-01-tamna-2-6m\\\/#breadcrumb\",\"itemListElement\":[{\"@type\":\"ListItem\",\"position\":1,\"name\":\"\u041f\u043e\u0447\u0435\u0442\u043d\u0430\",\"item\":\"https:\\\/\\\/filicdecor.com\\\/\"},{\"@type\":\"ListItem\",\"position\":2,\"name\":\"Shop\",\"item\":\"https:\\\/\\\/filicdecor.com\\\/shop\\\/\"},{\"@type\":\"ListItem\",\"position\":3,\"name\":\"Imitacija drvene daske DM-01 tamna 2.6m\"}]},{\"@type\":\"WebSite\",\"@id\":\"https:\\\/\\\/filicdecor.com\\\/fr\\\/#website\",\"url\":\"https:\\\/\\\/filicdecor.com\\\/fr\\\/\",\"name\":\"Dekorativni stiropor | Fili\u0107 Decor | Fili\u0107\",\"description\":\"| - Fili\u0107 Fasade za poneti\",\"potentialAction\":[{\"@type\":\"SearchAction\",\"target\":{\"@type\":\"EntryPoint\",\"urlTemplate\":\"https:\\\/\\\/filicdecor.com\\\/fr\\\/?s={search_term_string}\"},\"query-input\":{\"@type\":\"PropertyValueSpecification\",\"valueRequired\":true,\"valueName\":\"search_term_string\"}}],\"inLanguage\":\"de\"}]}<\/script>\n<!-- \/ Yoast SEO plugin. -->","yoast_head_json":{"title":"Imitacija drvene daske DM-01 tamna 2.6m - Dekorativni stiropor | Fili\u0107 Decor | Fili\u0107","robots":{"index":"index","follow":"follow","max-snippet":"max-snippet:-1","max-image-preview":"max-image-preview:large","max-video-preview":"max-video-preview:-1"},"canonical":"https:\/\/filicdecor.com\/de\/imitacija-drvene-daske-dm-01-tamna-2-6m\/","og_locale":"de_DE","og_type":"article","og_title":"Imitacija drvene daske DM-01 tamna 2.6m - Dekorativni stiropor | Fili\u0107 Decor | Fili\u0107","og_description":"Dimenzije:\u00a02cm x 13,5cm x 260cm Proizvo\u0111a\u010d:\u00a0\u00a0Marbet Design Materijal:\u00a0Poliuretan Preporu\u010dene komponente: Pogodan lepak - TITAN SUPER Napomena:\u00a0Mogu\u0107nost izrade\u00a0i od stiropora, po nacrtu i ta\u010dnim dimenzijama.","og_url":"https:\/\/filicdecor.com\/de\/imitacija-drvene-daske-dm-01-tamna-2-6m\/","og_site_name":"Dekorativni stiropor | Fili\u0107 Decor | Fili\u0107","article_modified_time":"2023-12-21T12:23:42+00:00","og_image":[{"width":920,"height":480,"url":"https:\/\/filicdecor.com\/wp-content\/uploads\/2023\/12\/DM-01-BRAON.jpg","type":"image\/jpeg"}],"twitter_card":"summary_large_image","twitter_misc":{"Gesch\u00e4tzte Lesezeit":"1\u00a0Minute"},"schema":{"@context":"https:\/\/schema.org","@graph":[{"@type":"WebPage","@id":"https:\/\/filicdecor.com\/imitacija-drvene-daske-dm-01-tamna-2-6m\/","url":"https:\/\/filicdecor.com\/imitacija-drvene-daske-dm-01-tamna-2-6m\/","name":"Imitacija drvene daske DM-01 tamna 2.6m - Dekorativni stiropor | Fili\u0107 Decor | Fili\u0107","isPartOf":{"@id":"https:\/\/filicdecor.com\/fr\/#website"},"primaryImageOfPage":{"@id":"https:\/\/filicdecor.com\/imitacija-drvene-daske-dm-01-tamna-2-6m\/#primaryimage"},"image":{"@id":"https:\/\/filicdecor.com\/imitacija-drvene-daske-dm-01-tamna-2-6m\/#primaryimage"},"thumbnailUrl":"https:\/\/filicdecor.com\/wp-content\/uploads\/2023\/12\/DM-01-BRAON.jpg","datePublished":"2023-12-21T12:23:16+00:00","dateModified":"2023-12-21T12:23:42+00:00","breadcrumb":{"@id":"https:\/\/filicdecor.com\/imitacija-drvene-daske-dm-01-tamna-2-6m\/#breadcrumb"},"inLanguage":"de","potentialAction":[{"@type":"ReadAction","target":["https:\/\/filicdecor.com\/imitacija-drvene-daske-dm-01-tamna-2-6m\/"]}]},{"@type":"ImageObject","inLanguage":"de","@id":"https:\/\/filicdecor.com\/imitacija-drvene-daske-dm-01-tamna-2-6m\/#primaryimage","url":"https:\/\/filicdecor.com\/wp-content\/uploads\/2023\/12\/DM-01-BRAON.jpg","contentUrl":"https:\/\/filicdecor.com\/wp-content\/uploads\/2023\/12\/DM-01-BRAON.jpg","width":920,"height":480},{"@type":"BreadcrumbList","@id":"https:\/\/filicdecor.com\/imitacija-drvene-daske-dm-01-tamna-2-6m\/#breadcrumb","itemListElement":[{"@type":"ListItem","position":1,"name":"Po\u010detna","item":"https:\/\/filicdecor.com\/"},{"@type":"ListItem","position":2,"name":"Shop","item":"https:\/\/filicdecor.com\/shop\/"},{"@type":"ListItem","position":3,"name":"Imitacija drvene daske DM-01 tamna 2.6m"}]},{"@type":"WebSite","@id":"https:\/\/filicdecor.com\/fr\/#website","url":"https:\/\/filicdecor.com\/fr\/","name":"Dekorativni stiropor | Fili\u0107 Decor | Fili\u0107","description":"| - Fili\u0107 Fasade za poneti","potentialAction":[{"@type":"SearchAction","target":{"@type":"EntryPoint","urlTemplate":"https:\/\/filicdecor.com\/fr\/?s={search_term_string}"},"query-input":{"@type":"PropertyValueSpecification","valueRequired":true,"valueName":"search_term_string"}}],"inLanguage":"de"}]}},"_links":{"self":[{"href":"https:\/\/filicdecor.com\/de\/wp-json\/wp\/v2\/product\/5649","targetHints":{"allow":["GET"]}}],"collection":[{"href":"https:\/\/filicdecor.com\/de\/wp-json\/wp\/v2\/product"}],"about":[{"href":"https:\/\/filicdecor.com\/de\/wp-json\/wp\/v2\/types\/product"}],"version-history":[{"count":2,"href":"https:\/\/filicdecor.com\/de\/wp-json\/wp\/v2\/product\/5649\/revisions"}],"predecessor-version":[{"id":5653,"href":"https:\/\/filicdecor.com\/de\/wp-json\/wp\/v2\/product\/5649\/revisions\/5653"}],"wp:featuredmedia":[{"embeddable":true,"href":"https:\/\/filicdecor.com\/de\/wp-json\/wp\/v2\/media\/5650"}],"wp:attachment":[{"href":"https:\/\/filicdecor.com\/de\/wp-json\/wp\/v2\/media?parent=5649"}],"wp:term":[{"taxonomy":"product_brand","embeddable":true,"href":"https:\/\/filicdecor.com\/de\/wp-json\/wp\/v2\/product_brand?post=5649"},{"taxonomy":"product_cat","embeddable":true,"href":"https:\/\/filicdecor.com\/de\/wp-json\/wp\/v2\/product_cat?post=5649"},{"taxonomy":"product_tag","embeddable":true,"href":"https:\/\/filicdecor.com\/de\/wp-json\/wp\/v2\/product_tag?post=5649"}],"curies":[{"name":"wp","href":"https:\/\/api.w.org\/{rel}","templated":true}]}}