{"id":5455,"date":"2023-12-21T11:02:05","date_gmt":"2023-12-21T11:02:05","guid":{"rendered":"https:\/\/filicdecor.com\/?post_type=product&#038;p=5455"},"modified":"2023-12-21T11:02:27","modified_gmt":"2023-12-21T11:02:27","slug":"japanska-vuna-no-29","status":"publish","type":"product","link":"https:\/\/filicdecor.com\/de\/japanska-vuna-no-29\/","title":{"rendered":"Japanische Wolle Nr. 29"},"content":{"rendered":"<p><strong>Japanische Wolle<\/strong>\u00a0ist eine Textiltapete mit au\u00dfergew\u00f6hnlicher Leistung.<br \/>\nEs ist leicht zu pflegen, indem es leicht mit einem Staubsauger oder einem feuchten und gut durchl\u00e4ssigen Tuch gereinigt wird.<br \/>\nEs ist gemacht aus\u00a0<strong>nat\u00fcrliche und \u00f6kologische Materialien<\/strong>\u00a0wie Wolle, Baumwolle und Zellulose.<br \/>\nEs handelt sich um ein dekoratives, antistatisches Material, das Mikropartikel abweist, keinen Staub anzieht und dar\u00fcber hinaus die F\u00e4higkeit zur W\u00e4rme- und Schalld\u00e4mmung besitzt.<br \/>\nEs wird zur Verkleidung und Dekoration von Innenw\u00e4nden verwendet.<br \/>\nWenn Ihnen langweilig wird, k\u00f6nnen Sie es einfach nass machen, abnehmen und an einer anderen Wand anbringen, Sie k\u00f6nnen es sogar bis zu einem anderen Anlass weglegen.<\/p>\n<p><strong>Anwendungsinstruktionen:<\/strong><br \/>\nDie Wand, auf die japanische Wolle aufgetragen wird, sollte entsprechend vorbereitet werden, denn nur ein gut vorbereiteter Untergrund kann die volle Wirkung und Haltbarkeit erzielen.<br \/>\n1. Bei verputzten und gestrichenen W\u00e4nden kann es ohne besondere Vorbereitung direkt aufgetragen werden, nur nach vorherigem Auftragen einer Acrylbasis.<br \/>\n2. In schweren F\u00e4llen, in denen Zweifel an der Qualit\u00e4t der vorherigen Schichten bestehen, sollte die Wand vor dem Auftragen zun\u00e4chst gereinigt, entfettet, repariert, gegl\u00e4ttet und mit einer Acrylbasis behandelt werden.<br \/>\n- Die gesamte f\u00fcr einen Raum vorgesehene Menge in ein gr\u00f6\u00dferes Gef\u00e4\u00df umf\u00fcllen und trocken verr\u00fchren.<br \/>\n- Gie\u00dfen Sie 4-6 Liter Wasser in einen Beutel und f\u00fcgen Sie bei Bedarf hei\u00dfes Wasser hinzu. Warmes Wasser ist besser, aber wenn Sie sich f\u00fcr die Verwendung von kaltem Wasser entscheiden, f\u00fchren Sie den gesamten Vorgang damit fort, damit kein Unterschied im Muster entsteht.<br \/>\n- Mischen Sie die Mischung gut, bis eine gleichm\u00e4\u00dfig feuchte, breiige Masse entsteht.<br \/>\n- Lassen Sie die Mischung mindestens eine Stunde stehen, am besten bereiten Sie sie abends f\u00fcr den n\u00e4chsten Tag vor und decken Sie das Gef\u00e4\u00df mit einem feuchten Tuch ab.<br \/>\n- Danach vor dem Auftragen noch einmal mischen, um eventuelle Klumpen aufzul\u00f6sen.<br \/>\nDie Masse wird mit Edelstahl aufgetragen\u00a0<strong>Kelle\/Spachtel oder Spezialwalze<\/strong>\u00a0(erh\u00e4ltlich bei uns).<\/p>\n<p>Eventuelle Sch\u00e4den lassen sich einfach und schnell beheben, indem man die besch\u00e4digte Stelle anfeuchtet, etwas von der bei der Montage \u00fcbriggebliebenen Spachtelmasse auftr\u00e4gt und mit einer Kelle oder einem Spachtel leicht gl\u00e4ttet. \u00dcbersch\u00fcssige Masse wird erfolgreich verschlossen in Plastikt\u00fcten im K\u00fchlschrank aufbewahrt.<\/p>","protected":false},"excerpt":{"rendered":"<p><strong>Deckkraft<\/strong>: 3\u00a0&#8211; 6m\u00b2<br \/>\n<strong>Material:\u00a0<\/strong>\u00d6kologisch (Wolle, Baumwolle und Zellulose).<\/p>","protected":false},"featured_media":5456,"template":"","meta":[],"product_brand":[],"product_cat":[77],"product_tag":[],"class_list":{"0":"post-5455","1":"product","2":"type-product","3":"status-publish","4":"has-post-thumbnail","6":"product_cat-japanske-vune","8":"first","9":"instock","10":"shipping-taxable","11":"purchasable","12":"product-type-simple"},"yoast_head":"<!-- This site is optimized with the Yoast SEO plugin v27.4 - https:\/\/yoast.com\/product\/yoast-seo-wordpress\/ -->\n<title>Japanska vuna No 29 - Dekorativni stiropor | Fili\u0107 Decor | Fili\u0107<\/title>\n<meta name=\"robots\" content=\"index, follow, max-snippet:-1, max-image-preview:large, max-video-preview:-1\" \/>\n<link rel=\"canonical\" href=\"https:\/\/filicdecor.com\/de\/japanska-vuna-no-29\/\" \/>\n<meta property=\"og:locale\" content=\"de_DE\" \/>\n<meta property=\"og:type\" content=\"article\" \/>\n<meta property=\"og:title\" content=\"Japanska vuna No 29 - Dekorativni stiropor | Fili\u0107 Decor | Fili\u0107\" \/>\n<meta property=\"og:description\" content=\"Pokrivna mo\u0107: 3\u00a0- 6m\u00b2 Materijal:\u00a0Ekolo\u0161ki (vuna, pamuk i celuloza).\" \/>\n<meta property=\"og:url\" content=\"https:\/\/filicdecor.com\/de\/japanska-vuna-no-29\/\" \/>\n<meta property=\"og:site_name\" content=\"Dekorativni stiropor | Fili\u0107 Decor | Fili\u0107\" \/>\n<meta property=\"article:modified_time\" content=\"2023-12-21T11:02:27+00:00\" \/>\n<meta property=\"og:image\" content=\"https:\/\/filicdecor.com\/wp-content\/uploads\/2023\/12\/No-29n.jpg\" \/>\n\t<meta property=\"og:image:width\" content=\"920\" \/>\n\t<meta property=\"og:image:height\" content=\"480\" \/>\n\t<meta property=\"og:image:type\" content=\"image\/jpeg\" \/>\n<meta name=\"twitter:card\" content=\"summary_large_image\" \/>\n<meta name=\"twitter:label1\" content=\"Gesch\u00e4tzte Lesezeit\" \/>\n\t<meta name=\"twitter:data1\" content=\"2\u00a0Minuten\" \/>\n<script type=\"application\/ld+json\" class=\"yoast-schema-graph\">{\"@context\":\"https:\\\/\\\/schema.org\",\"@graph\":[{\"@type\":\"WebPage\",\"@id\":\"https:\\\/\\\/filicdecor.com\\\/en\\\/japanska-vuna-no-29\\\/\",\"url\":\"https:\\\/\\\/filicdecor.com\\\/en\\\/japanska-vuna-no-29\\\/\",\"name\":\"Japanska vuna No 29 - Dekorativni stiropor | Fili\u0107 Decor | Fili\u0107\",\"isPartOf\":{\"@id\":\"https:\\\/\\\/filicdecor.com\\\/fr\\\/#website\"},\"primaryImageOfPage\":{\"@id\":\"https:\\\/\\\/filicdecor.com\\\/en\\\/japanska-vuna-no-29\\\/#primaryimage\"},\"image\":{\"@id\":\"https:\\\/\\\/filicdecor.com\\\/en\\\/japanska-vuna-no-29\\\/#primaryimage\"},\"thumbnailUrl\":\"https:\\\/\\\/filicdecor.com\\\/wp-content\\\/uploads\\\/2023\\\/12\\\/No-29n.jpg\",\"datePublished\":\"2023-12-21T11:02:05+00:00\",\"dateModified\":\"2023-12-21T11:02:27+00:00\",\"breadcrumb\":{\"@id\":\"https:\\\/\\\/filicdecor.com\\\/en\\\/japanska-vuna-no-29\\\/#breadcrumb\"},\"inLanguage\":\"de\",\"potentialAction\":[{\"@type\":\"ReadAction\",\"target\":[\"https:\\\/\\\/filicdecor.com\\\/en\\\/japanska-vuna-no-29\\\/\"]}]},{\"@type\":\"ImageObject\",\"inLanguage\":\"de\",\"@id\":\"https:\\\/\\\/filicdecor.com\\\/en\\\/japanska-vuna-no-29\\\/#primaryimage\",\"url\":\"https:\\\/\\\/filicdecor.com\\\/wp-content\\\/uploads\\\/2023\\\/12\\\/No-29n.jpg\",\"contentUrl\":\"https:\\\/\\\/filicdecor.com\\\/wp-content\\\/uploads\\\/2023\\\/12\\\/No-29n.jpg\",\"width\":920,\"height\":480},{\"@type\":\"BreadcrumbList\",\"@id\":\"https:\\\/\\\/filicdecor.com\\\/en\\\/japanska-vuna-no-29\\\/#breadcrumb\",\"itemListElement\":[{\"@type\":\"ListItem\",\"position\":1,\"name\":\"\u041f\u043e\u0447\u0435\u0442\u043d\u0430\",\"item\":\"https:\\\/\\\/filicdecor.com\\\/\"},{\"@type\":\"ListItem\",\"position\":2,\"name\":\"Shop\",\"item\":\"https:\\\/\\\/filicdecor.com\\\/shop\\\/\"},{\"@type\":\"ListItem\",\"position\":3,\"name\":\"Japanska vuna No 29\"}]},{\"@type\":\"WebSite\",\"@id\":\"https:\\\/\\\/filicdecor.com\\\/fr\\\/#website\",\"url\":\"https:\\\/\\\/filicdecor.com\\\/fr\\\/\",\"name\":\"Dekorativni stiropor | Fili\u0107 Decor | Fili\u0107\",\"description\":\"| - Fili\u0107 Fasade za poneti\",\"potentialAction\":[{\"@type\":\"SearchAction\",\"target\":{\"@type\":\"EntryPoint\",\"urlTemplate\":\"https:\\\/\\\/filicdecor.com\\\/fr\\\/?s={search_term_string}\"},\"query-input\":{\"@type\":\"PropertyValueSpecification\",\"valueRequired\":true,\"valueName\":\"search_term_string\"}}],\"inLanguage\":\"de\"}]}<\/script>\n<!-- \/ Yoast SEO plugin. -->","yoast_head_json":{"title":"Japanska vuna No 29 - Dekorativni stiropor | Fili\u0107 Decor | Fili\u0107","robots":{"index":"index","follow":"follow","max-snippet":"max-snippet:-1","max-image-preview":"max-image-preview:large","max-video-preview":"max-video-preview:-1"},"canonical":"https:\/\/filicdecor.com\/de\/japanska-vuna-no-29\/","og_locale":"de_DE","og_type":"article","og_title":"Japanska vuna No 29 - Dekorativni stiropor | Fili\u0107 Decor | Fili\u0107","og_description":"Pokrivna mo\u0107: 3\u00a0- 6m\u00b2 Materijal:\u00a0Ekolo\u0161ki (vuna, pamuk i celuloza).","og_url":"https:\/\/filicdecor.com\/de\/japanska-vuna-no-29\/","og_site_name":"Dekorativni stiropor | Fili\u0107 Decor | Fili\u0107","article_modified_time":"2023-12-21T11:02:27+00:00","og_image":[{"width":920,"height":480,"url":"https:\/\/filicdecor.com\/wp-content\/uploads\/2023\/12\/No-29n.jpg","type":"image\/jpeg"}],"twitter_card":"summary_large_image","twitter_misc":{"Gesch\u00e4tzte Lesezeit":"2\u00a0Minuten"},"schema":{"@context":"https:\/\/schema.org","@graph":[{"@type":"WebPage","@id":"https:\/\/filicdecor.com\/en\/japanska-vuna-no-29\/","url":"https:\/\/filicdecor.com\/en\/japanska-vuna-no-29\/","name":"Japanska vuna No 29 - Dekorativni stiropor | Fili\u0107 Decor | Fili\u0107","isPartOf":{"@id":"https:\/\/filicdecor.com\/fr\/#website"},"primaryImageOfPage":{"@id":"https:\/\/filicdecor.com\/en\/japanska-vuna-no-29\/#primaryimage"},"image":{"@id":"https:\/\/filicdecor.com\/en\/japanska-vuna-no-29\/#primaryimage"},"thumbnailUrl":"https:\/\/filicdecor.com\/wp-content\/uploads\/2023\/12\/No-29n.jpg","datePublished":"2023-12-21T11:02:05+00:00","dateModified":"2023-12-21T11:02:27+00:00","breadcrumb":{"@id":"https:\/\/filicdecor.com\/en\/japanska-vuna-no-29\/#breadcrumb"},"inLanguage":"de","potentialAction":[{"@type":"ReadAction","target":["https:\/\/filicdecor.com\/en\/japanska-vuna-no-29\/"]}]},{"@type":"ImageObject","inLanguage":"de","@id":"https:\/\/filicdecor.com\/en\/japanska-vuna-no-29\/#primaryimage","url":"https:\/\/filicdecor.com\/wp-content\/uploads\/2023\/12\/No-29n.jpg","contentUrl":"https:\/\/filicdecor.com\/wp-content\/uploads\/2023\/12\/No-29n.jpg","width":920,"height":480},{"@type":"BreadcrumbList","@id":"https:\/\/filicdecor.com\/en\/japanska-vuna-no-29\/#breadcrumb","itemListElement":[{"@type":"ListItem","position":1,"name":"Po\u010detna","item":"https:\/\/filicdecor.com\/"},{"@type":"ListItem","position":2,"name":"Shop","item":"https:\/\/filicdecor.com\/shop\/"},{"@type":"ListItem","position":3,"name":"Japanska vuna No 29"}]},{"@type":"WebSite","@id":"https:\/\/filicdecor.com\/fr\/#website","url":"https:\/\/filicdecor.com\/fr\/","name":"Dekorativni stiropor | Fili\u0107 Decor | Fili\u0107","description":"| - Fili\u0107 Fasade za poneti","potentialAction":[{"@type":"SearchAction","target":{"@type":"EntryPoint","urlTemplate":"https:\/\/filicdecor.com\/fr\/?s={search_term_string}"},"query-input":{"@type":"PropertyValueSpecification","valueRequired":true,"valueName":"search_term_string"}}],"inLanguage":"de"}]}},"_links":{"self":[{"href":"https:\/\/filicdecor.com\/de\/wp-json\/wp\/v2\/product\/5455","targetHints":{"allow":["GET"]}}],"collection":[{"href":"https:\/\/filicdecor.com\/de\/wp-json\/wp\/v2\/product"}],"about":[{"href":"https:\/\/filicdecor.com\/de\/wp-json\/wp\/v2\/types\/product"}],"version-history":[{"count":1,"href":"https:\/\/filicdecor.com\/de\/wp-json\/wp\/v2\/product\/5455\/revisions"}],"predecessor-version":[{"id":5457,"href":"https:\/\/filicdecor.com\/de\/wp-json\/wp\/v2\/product\/5455\/revisions\/5457"}],"wp:featuredmedia":[{"embeddable":true,"href":"https:\/\/filicdecor.com\/de\/wp-json\/wp\/v2\/media\/5456"}],"wp:attachment":[{"href":"https:\/\/filicdecor.com\/de\/wp-json\/wp\/v2\/media?parent=5455"}],"wp:term":[{"taxonomy":"product_brand","embeddable":true,"href":"https:\/\/filicdecor.com\/de\/wp-json\/wp\/v2\/product_brand?post=5455"},{"taxonomy":"product_cat","embeddable":true,"href":"https:\/\/filicdecor.com\/de\/wp-json\/wp\/v2\/product_cat?post=5455"},{"taxonomy":"product_tag","embeddable":true,"href":"https:\/\/filicdecor.com\/de\/wp-json\/wp\/v2\/product_tag?post=5455"}],"curies":[{"name":"wp","href":"https:\/\/api.w.org\/{rel}","templated":true}]}}