{"id":3776,"date":"2023-12-14T17:08:33","date_gmt":"2023-12-14T17:08:33","guid":{"rendered":"https:\/\/filicdecor.com\/?post_type=product&#038;p=3776"},"modified":"2023-12-14T17:09:39","modified_gmt":"2023-12-14T17:09:39","slug":"lepak-gipsolin-20kg","status":"publish","type":"product","link":"https:\/\/filicdecor.com\/de\/lepak-gipsolin-20kg\/","title":{"rendered":"Gipsolinkleber 20kg"},"content":{"rendered":"<p><strong>Zweck:<\/strong>\u00a0Kleber zum Kleben von Gipsformteilen, Gipselementen, Kleben und Bandagieren von Gipskartonplatten.<\/p>\n<p><strong>Vorbereitung:<\/strong>\u00a0Der Leim wird in den vorbereiteten Beh\u00e4lter gegossen und mit Wasser vermischt (pro 1 kg Leim 0,45\u20130,55 l Wasser).<\/p>\n<p>Es wird mit einem Mixer verr\u00fchrt, bis eine feine, homogene Masse entsteht. Die so vorbereitete Masse sollte 20 Minuten stehen bleiben, anschlie\u00dfend noch einmal durchger\u00fchrt und auf die gew\u00fcnschten Fl\u00e4chen aufgetragen werden.<\/p>\n<p>Die mit Gips zu verklebenden Elemente und die Fl\u00e4chen, auf denen sie verklebt werden, m\u00fcssen beidseitig mit Leim benetzt und bestrichen werden.<\/p>\n<p>An einem trockenen Ort aufbewahren.<\/p>\n<p><strong>Verfallsdatum:<\/strong>\u00a08 Monate in Originalverpackung.<\/p>","protected":false},"excerpt":{"rendered":"<p><strong>Zweck:<\/strong>\u00a0Kleber zum Kleben von Gipsformteilen, Gipselementen, Kleben und Bandagieren von Gipskartonplatten<\/p>\n<p><strong>Verpackung:<\/strong>\u00a020kg<\/p>\n<p><strong>Verbrauch:<\/strong>\u00a03kg\/m\u00b2<\/p>","protected":false},"featured_media":3778,"template":"","meta":[],"product_brand":[],"product_cat":[79,203],"product_tag":[],"class_list":{"0":"post-3776","1":"product","2":"type-product","3":"status-publish","4":"has-post-thumbnail","6":"product_cat-lepak","7":"product_cat-lepkovi-siroke-namene","9":"first","10":"instock","11":"shipping-taxable","12":"purchasable","13":"product-type-simple"},"yoast_head":"<!-- This site is optimized with the Yoast SEO plugin v27.4 - https:\/\/yoast.com\/product\/yoast-seo-wordpress\/ -->\n<title>Lepak Gipsolin 20kg - Dekorativni stiropor | Fili\u0107 Decor | Fili\u0107<\/title>\n<meta name=\"robots\" content=\"index, follow, max-snippet:-1, max-image-preview:large, max-video-preview:-1\" \/>\n<link rel=\"canonical\" href=\"https:\/\/filicdecor.com\/de\/lepak-gipsolin-20kg\/\" \/>\n<meta property=\"og:locale\" content=\"de_DE\" \/>\n<meta property=\"og:type\" content=\"article\" \/>\n<meta property=\"og:title\" content=\"Lepak Gipsolin 20kg - Dekorativni stiropor | Fili\u0107 Decor | Fili\u0107\" \/>\n<meta property=\"og:description\" content=\"Namena:\u00a0Lepak za lepljenje gipsanih lajsni, gipsanih elemenata, lepljenje i banda\u017eiranje gips-kartonskih plo\u010da  Pakovanje:\u00a020kg  Potro\u0161nja:\u00a03kg\/m\u00b2\" \/>\n<meta property=\"og:url\" content=\"https:\/\/filicdecor.com\/de\/lepak-gipsolin-20kg\/\" \/>\n<meta property=\"og:site_name\" content=\"Dekorativni stiropor | Fili\u0107 Decor | Fili\u0107\" \/>\n<meta property=\"article:modified_time\" content=\"2023-12-14T17:09:39+00:00\" \/>\n<meta property=\"og:image\" content=\"https:\/\/filicdecor.com\/wp-content\/uploads\/2023\/12\/Lepak-za-gips-lajsne-Gipsolin-20kg-1.jpg\" \/>\n\t<meta property=\"og:image:width\" content=\"920\" \/>\n\t<meta property=\"og:image:height\" content=\"480\" \/>\n\t<meta property=\"og:image:type\" content=\"image\/jpeg\" \/>\n<meta name=\"twitter:card\" content=\"summary_large_image\" \/>\n<script type=\"application\/ld+json\" class=\"yoast-schema-graph\">{\"@context\":\"https:\\\/\\\/schema.org\",\"@graph\":[{\"@type\":\"WebPage\",\"@id\":\"https:\\\/\\\/filicdecor.com\\\/lepak-gipsolin-20kg\\\/\",\"url\":\"https:\\\/\\\/filicdecor.com\\\/lepak-gipsolin-20kg\\\/\",\"name\":\"Lepak Gipsolin 20kg - Dekorativni stiropor | Fili\u0107 Decor | Fili\u0107\",\"isPartOf\":{\"@id\":\"https:\\\/\\\/filicdecor.com\\\/fr\\\/#website\"},\"primaryImageOfPage\":{\"@id\":\"https:\\\/\\\/filicdecor.com\\\/lepak-gipsolin-20kg\\\/#primaryimage\"},\"image\":{\"@id\":\"https:\\\/\\\/filicdecor.com\\\/lepak-gipsolin-20kg\\\/#primaryimage\"},\"thumbnailUrl\":\"https:\\\/\\\/filicdecor.com\\\/wp-content\\\/uploads\\\/2023\\\/12\\\/Lepak-za-gips-lajsne-Gipsolin-20kg-1.jpg\",\"datePublished\":\"2023-12-14T17:08:33+00:00\",\"dateModified\":\"2023-12-14T17:09:39+00:00\",\"breadcrumb\":{\"@id\":\"https:\\\/\\\/filicdecor.com\\\/lepak-gipsolin-20kg\\\/#breadcrumb\"},\"inLanguage\":\"de\",\"potentialAction\":[{\"@type\":\"ReadAction\",\"target\":[\"https:\\\/\\\/filicdecor.com\\\/lepak-gipsolin-20kg\\\/\"]}]},{\"@type\":\"ImageObject\",\"inLanguage\":\"de\",\"@id\":\"https:\\\/\\\/filicdecor.com\\\/lepak-gipsolin-20kg\\\/#primaryimage\",\"url\":\"https:\\\/\\\/filicdecor.com\\\/wp-content\\\/uploads\\\/2023\\\/12\\\/Lepak-za-gips-lajsne-Gipsolin-20kg-1.jpg\",\"contentUrl\":\"https:\\\/\\\/filicdecor.com\\\/wp-content\\\/uploads\\\/2023\\\/12\\\/Lepak-za-gips-lajsne-Gipsolin-20kg-1.jpg\",\"width\":920,\"height\":480},{\"@type\":\"BreadcrumbList\",\"@id\":\"https:\\\/\\\/filicdecor.com\\\/lepak-gipsolin-20kg\\\/#breadcrumb\",\"itemListElement\":[{\"@type\":\"ListItem\",\"position\":1,\"name\":\"\u041f\u043e\u0447\u0435\u0442\u043d\u0430\",\"item\":\"https:\\\/\\\/filicdecor.com\\\/\"},{\"@type\":\"ListItem\",\"position\":2,\"name\":\"Shop\",\"item\":\"https:\\\/\\\/filicdecor.com\\\/shop\\\/\"},{\"@type\":\"ListItem\",\"position\":3,\"name\":\"Lepak Gipsolin 20kg\"}]},{\"@type\":\"WebSite\",\"@id\":\"https:\\\/\\\/filicdecor.com\\\/fr\\\/#website\",\"url\":\"https:\\\/\\\/filicdecor.com\\\/fr\\\/\",\"name\":\"Dekorativni stiropor | Fili\u0107 Decor | Fili\u0107\",\"description\":\"| - Fili\u0107 Fasade za poneti\",\"potentialAction\":[{\"@type\":\"SearchAction\",\"target\":{\"@type\":\"EntryPoint\",\"urlTemplate\":\"https:\\\/\\\/filicdecor.com\\\/fr\\\/?s={search_term_string}\"},\"query-input\":{\"@type\":\"PropertyValueSpecification\",\"valueRequired\":true,\"valueName\":\"search_term_string\"}}],\"inLanguage\":\"de\"}]}<\/script>\n<!-- \/ Yoast SEO plugin. -->","yoast_head_json":{"title":"Lepak Gipsolin 20kg - Dekorativni stiropor | Fili\u0107 Decor | Fili\u0107","robots":{"index":"index","follow":"follow","max-snippet":"max-snippet:-1","max-image-preview":"max-image-preview:large","max-video-preview":"max-video-preview:-1"},"canonical":"https:\/\/filicdecor.com\/de\/lepak-gipsolin-20kg\/","og_locale":"de_DE","og_type":"article","og_title":"Lepak Gipsolin 20kg - Dekorativni stiropor | Fili\u0107 Decor | Fili\u0107","og_description":"Namena:\u00a0Lepak za lepljenje gipsanih lajsni, gipsanih elemenata, lepljenje i banda\u017eiranje gips-kartonskih plo\u010da  Pakovanje:\u00a020kg  Potro\u0161nja:\u00a03kg\/m\u00b2","og_url":"https:\/\/filicdecor.com\/de\/lepak-gipsolin-20kg\/","og_site_name":"Dekorativni stiropor | Fili\u0107 Decor | Fili\u0107","article_modified_time":"2023-12-14T17:09:39+00:00","og_image":[{"width":920,"height":480,"url":"https:\/\/filicdecor.com\/wp-content\/uploads\/2023\/12\/Lepak-za-gips-lajsne-Gipsolin-20kg-1.jpg","type":"image\/jpeg"}],"twitter_card":"summary_large_image","schema":{"@context":"https:\/\/schema.org","@graph":[{"@type":"WebPage","@id":"https:\/\/filicdecor.com\/lepak-gipsolin-20kg\/","url":"https:\/\/filicdecor.com\/lepak-gipsolin-20kg\/","name":"Lepak Gipsolin 20kg - Dekorativni stiropor | Fili\u0107 Decor | Fili\u0107","isPartOf":{"@id":"https:\/\/filicdecor.com\/fr\/#website"},"primaryImageOfPage":{"@id":"https:\/\/filicdecor.com\/lepak-gipsolin-20kg\/#primaryimage"},"image":{"@id":"https:\/\/filicdecor.com\/lepak-gipsolin-20kg\/#primaryimage"},"thumbnailUrl":"https:\/\/filicdecor.com\/wp-content\/uploads\/2023\/12\/Lepak-za-gips-lajsne-Gipsolin-20kg-1.jpg","datePublished":"2023-12-14T17:08:33+00:00","dateModified":"2023-12-14T17:09:39+00:00","breadcrumb":{"@id":"https:\/\/filicdecor.com\/lepak-gipsolin-20kg\/#breadcrumb"},"inLanguage":"de","potentialAction":[{"@type":"ReadAction","target":["https:\/\/filicdecor.com\/lepak-gipsolin-20kg\/"]}]},{"@type":"ImageObject","inLanguage":"de","@id":"https:\/\/filicdecor.com\/lepak-gipsolin-20kg\/#primaryimage","url":"https:\/\/filicdecor.com\/wp-content\/uploads\/2023\/12\/Lepak-za-gips-lajsne-Gipsolin-20kg-1.jpg","contentUrl":"https:\/\/filicdecor.com\/wp-content\/uploads\/2023\/12\/Lepak-za-gips-lajsne-Gipsolin-20kg-1.jpg","width":920,"height":480},{"@type":"BreadcrumbList","@id":"https:\/\/filicdecor.com\/lepak-gipsolin-20kg\/#breadcrumb","itemListElement":[{"@type":"ListItem","position":1,"name":"Po\u010detna","item":"https:\/\/filicdecor.com\/"},{"@type":"ListItem","position":2,"name":"Shop","item":"https:\/\/filicdecor.com\/shop\/"},{"@type":"ListItem","position":3,"name":"Lepak Gipsolin 20kg"}]},{"@type":"WebSite","@id":"https:\/\/filicdecor.com\/fr\/#website","url":"https:\/\/filicdecor.com\/fr\/","name":"Dekorativni stiropor | Fili\u0107 Decor | Fili\u0107","description":"| - Fili\u0107 Fasade za poneti","potentialAction":[{"@type":"SearchAction","target":{"@type":"EntryPoint","urlTemplate":"https:\/\/filicdecor.com\/fr\/?s={search_term_string}"},"query-input":{"@type":"PropertyValueSpecification","valueRequired":true,"valueName":"search_term_string"}}],"inLanguage":"de"}]}},"_links":{"self":[{"href":"https:\/\/filicdecor.com\/de\/wp-json\/wp\/v2\/product\/3776","targetHints":{"allow":["GET"]}}],"collection":[{"href":"https:\/\/filicdecor.com\/de\/wp-json\/wp\/v2\/product"}],"about":[{"href":"https:\/\/filicdecor.com\/de\/wp-json\/wp\/v2\/types\/product"}],"version-history":[{"count":2,"href":"https:\/\/filicdecor.com\/de\/wp-json\/wp\/v2\/product\/3776\/revisions"}],"predecessor-version":[{"id":8970,"href":"https:\/\/filicdecor.com\/de\/wp-json\/wp\/v2\/product\/3776\/revisions\/8970"}],"wp:featuredmedia":[{"embeddable":true,"href":"https:\/\/filicdecor.com\/de\/wp-json\/wp\/v2\/media\/3778"}],"wp:attachment":[{"href":"https:\/\/filicdecor.com\/de\/wp-json\/wp\/v2\/media?parent=3776"}],"wp:term":[{"taxonomy":"product_brand","embeddable":true,"href":"https:\/\/filicdecor.com\/de\/wp-json\/wp\/v2\/product_brand?post=3776"},{"taxonomy":"product_cat","embeddable":true,"href":"https:\/\/filicdecor.com\/de\/wp-json\/wp\/v2\/product_cat?post=3776"},{"taxonomy":"product_tag","embeddable":true,"href":"https:\/\/filicdecor.com\/de\/wp-json\/wp\/v2\/product_tag?post=3776"}],"curies":[{"name":"wp","href":"https:\/\/api.w.org\/{rel}","templated":true}]}}