{"id":3716,"date":"2023-12-14T16:53:46","date_gmt":"2023-12-14T16:53:46","guid":{"rendered":"https:\/\/filicdecor.com\/?post_type=product&#038;p=3716"},"modified":"2023-12-14T16:54:40","modified_gmt":"2023-12-14T16:54:40","slug":"poliuretanska-zidna-lajsna-hw-2","status":"publish","type":"product","link":"https:\/\/filicdecor.com\/de\/poliuretanska-zidna-lajsna-hw-2\/","title":{"rendered":"Polyurethan-Wandleiste HW-2"},"content":{"rendered":"<p>Polyurethan ist ein \u00e4u\u00dferst haltbares Material, das gegen Feuchtigkeit, Rissbildung und Abnutzung best\u00e4ndig ist. Daher behalten Bodensockelleisten aus Polyurethan \u00fcber die Jahre hinweg ihr Aussehen und ihre Funktionalit\u00e4t. Auch die Wartung ist einfach \u2013 es gen\u00fcgt, sie mit einem feuchten Tuch abzuwischen, um Staub und Schmutz zu entfernen.<\/p>\n<p>Polyurethan-Formteile sind vielseitige Details, die das Erscheinungsbild verbessern, W\u00e4nde sch\u00fctzen und f\u00fcr Praktikabilit\u00e4t sorgen. Unabh\u00e4ngig davon, ob Sie Ihrem Zuhause Eleganz verleihen, Unvollkommenheiten verbergen oder den Raum einfach auffrischen m\u00f6chten, sollten Sie dar\u00fcber nachdenken, diese Zierleisten in Ihr Interieur einzubauen. Verwandeln Sie Ihren Raum mit dem Stil und der Funktionalit\u00e4t von Polyurethan-Bodenleisten.<\/p>","protected":false},"excerpt":{"rendered":"<p><strong>Ma\u00dfe:<\/strong>\u00a04cm x 2cm x 200cm<br \/>\n<strong>Hersteller:\u00a0\u00a0<\/strong>Marbet Design<br \/>\n<strong>Material:\u00a0<\/strong>Polyurethan<br \/>\n<strong>Empfohlene Komponenten<\/strong>:<br \/>\nPogodan lepak &#8211;\u00a0TITAN SUPER<\/p>","protected":false},"featured_media":3718,"template":"","meta":[],"product_brand":[],"product_cat":[76,198,201],"product_tag":[],"class_list":{"0":"post-3716","1":"product","2":"type-product","3":"status-publish","4":"has-post-thumbnail","6":"product_cat-poliuretan","7":"product_cat-poliuretanske-lajsne","8":"product_cat-zidne-lajsne","10":"first","11":"instock","12":"shipping-taxable","13":"purchasable","14":"product-type-simple"},"yoast_head":"<!-- This site is optimized with the Yoast SEO plugin v27.4 - https:\/\/yoast.com\/product\/yoast-seo-wordpress\/ -->\n<title>Poliuretanska zidna lajsna HW-2 - Dekorativni stiropor | Fili\u0107 Decor | Fili\u0107<\/title>\n<meta name=\"robots\" content=\"index, follow, max-snippet:-1, max-image-preview:large, max-video-preview:-1\" \/>\n<link rel=\"canonical\" href=\"https:\/\/filicdecor.com\/de\/poliuretanska-zidna-lajsna-hw-2\/\" \/>\n<meta property=\"og:locale\" content=\"de_DE\" \/>\n<meta property=\"og:type\" content=\"article\" \/>\n<meta property=\"og:title\" content=\"Poliuretanska zidna lajsna HW-2 - Dekorativni stiropor | Fili\u0107 Decor | Fili\u0107\" \/>\n<meta property=\"og:description\" content=\"Dimenzije:\u00a04cm x 2cm x 200cm Proizvo\u0111a\u010d:\u00a0\u00a0Marbet Design Materijal:\u00a0Poliuretan Preporu\u010dene komponente: Pogodan lepak -\u00a0TITAN SUPER\" \/>\n<meta property=\"og:url\" content=\"https:\/\/filicdecor.com\/de\/poliuretanska-zidna-lajsna-hw-2\/\" \/>\n<meta property=\"og:site_name\" content=\"Dekorativni stiropor | Fili\u0107 Decor | Fili\u0107\" \/>\n<meta property=\"article:modified_time\" content=\"2023-12-14T16:54:40+00:00\" \/>\n<meta property=\"og:image\" content=\"https:\/\/filicdecor.com\/wp-content\/uploads\/2023\/12\/hw2.jpg\" \/>\n\t<meta property=\"og:image:width\" content=\"920\" \/>\n\t<meta property=\"og:image:height\" content=\"480\" \/>\n\t<meta property=\"og:image:type\" content=\"image\/jpeg\" \/>\n<meta name=\"twitter:card\" content=\"summary_large_image\" \/>\n<meta name=\"twitter:label1\" content=\"Gesch\u00e4tzte Lesezeit\" \/>\n\t<meta name=\"twitter:data1\" content=\"1\u00a0Minute\" \/>\n<script type=\"application\/ld+json\" class=\"yoast-schema-graph\">{\"@context\":\"https:\\\/\\\/schema.org\",\"@graph\":[{\"@type\":\"WebPage\",\"@id\":\"https:\\\/\\\/filicdecor.com\\\/poliuretanska-zidna-lajsna-hw-2\\\/\",\"url\":\"https:\\\/\\\/filicdecor.com\\\/poliuretanska-zidna-lajsna-hw-2\\\/\",\"name\":\"Poliuretanska zidna lajsna HW-2 - Dekorativni stiropor | Fili\u0107 Decor | Fili\u0107\",\"isPartOf\":{\"@id\":\"https:\\\/\\\/filicdecor.com\\\/fr\\\/#website\"},\"primaryImageOfPage\":{\"@id\":\"https:\\\/\\\/filicdecor.com\\\/poliuretanska-zidna-lajsna-hw-2\\\/#primaryimage\"},\"image\":{\"@id\":\"https:\\\/\\\/filicdecor.com\\\/poliuretanska-zidna-lajsna-hw-2\\\/#primaryimage\"},\"thumbnailUrl\":\"https:\\\/\\\/filicdecor.com\\\/wp-content\\\/uploads\\\/2023\\\/12\\\/hw2.jpg\",\"datePublished\":\"2023-12-14T16:53:46+00:00\",\"dateModified\":\"2023-12-14T16:54:40+00:00\",\"breadcrumb\":{\"@id\":\"https:\\\/\\\/filicdecor.com\\\/poliuretanska-zidna-lajsna-hw-2\\\/#breadcrumb\"},\"inLanguage\":\"de\",\"potentialAction\":[{\"@type\":\"ReadAction\",\"target\":[\"https:\\\/\\\/filicdecor.com\\\/poliuretanska-zidna-lajsna-hw-2\\\/\"]}]},{\"@type\":\"ImageObject\",\"inLanguage\":\"de\",\"@id\":\"https:\\\/\\\/filicdecor.com\\\/poliuretanska-zidna-lajsna-hw-2\\\/#primaryimage\",\"url\":\"https:\\\/\\\/filicdecor.com\\\/wp-content\\\/uploads\\\/2023\\\/12\\\/hw2.jpg\",\"contentUrl\":\"https:\\\/\\\/filicdecor.com\\\/wp-content\\\/uploads\\\/2023\\\/12\\\/hw2.jpg\",\"width\":920,\"height\":480},{\"@type\":\"BreadcrumbList\",\"@id\":\"https:\\\/\\\/filicdecor.com\\\/poliuretanska-zidna-lajsna-hw-2\\\/#breadcrumb\",\"itemListElement\":[{\"@type\":\"ListItem\",\"position\":1,\"name\":\"\u041f\u043e\u0447\u0435\u0442\u043d\u0430\",\"item\":\"https:\\\/\\\/filicdecor.com\\\/\"},{\"@type\":\"ListItem\",\"position\":2,\"name\":\"Shop\",\"item\":\"https:\\\/\\\/filicdecor.com\\\/shop\\\/\"},{\"@type\":\"ListItem\",\"position\":3,\"name\":\"Poliuretanska zidna lajsna HW-2\"}]},{\"@type\":\"WebSite\",\"@id\":\"https:\\\/\\\/filicdecor.com\\\/fr\\\/#website\",\"url\":\"https:\\\/\\\/filicdecor.com\\\/fr\\\/\",\"name\":\"Dekorativni stiropor | Fili\u0107 Decor | Fili\u0107\",\"description\":\"| - Fili\u0107 Fasade za poneti\",\"potentialAction\":[{\"@type\":\"SearchAction\",\"target\":{\"@type\":\"EntryPoint\",\"urlTemplate\":\"https:\\\/\\\/filicdecor.com\\\/fr\\\/?s={search_term_string}\"},\"query-input\":{\"@type\":\"PropertyValueSpecification\",\"valueRequired\":true,\"valueName\":\"search_term_string\"}}],\"inLanguage\":\"de\"}]}<\/script>\n<!-- \/ Yoast SEO plugin. -->","yoast_head_json":{"title":"Poliuretanska zidna lajsna HW-2 - Dekorativni stiropor | Fili\u0107 Decor | Fili\u0107","robots":{"index":"index","follow":"follow","max-snippet":"max-snippet:-1","max-image-preview":"max-image-preview:large","max-video-preview":"max-video-preview:-1"},"canonical":"https:\/\/filicdecor.com\/de\/poliuretanska-zidna-lajsna-hw-2\/","og_locale":"de_DE","og_type":"article","og_title":"Poliuretanska zidna lajsna HW-2 - Dekorativni stiropor | Fili\u0107 Decor | Fili\u0107","og_description":"Dimenzije:\u00a04cm x 2cm x 200cm Proizvo\u0111a\u010d:\u00a0\u00a0Marbet Design Materijal:\u00a0Poliuretan Preporu\u010dene komponente: Pogodan lepak -\u00a0TITAN SUPER","og_url":"https:\/\/filicdecor.com\/de\/poliuretanska-zidna-lajsna-hw-2\/","og_site_name":"Dekorativni stiropor | Fili\u0107 Decor | Fili\u0107","article_modified_time":"2023-12-14T16:54:40+00:00","og_image":[{"width":920,"height":480,"url":"https:\/\/filicdecor.com\/wp-content\/uploads\/2023\/12\/hw2.jpg","type":"image\/jpeg"}],"twitter_card":"summary_large_image","twitter_misc":{"Gesch\u00e4tzte Lesezeit":"1\u00a0Minute"},"schema":{"@context":"https:\/\/schema.org","@graph":[{"@type":"WebPage","@id":"https:\/\/filicdecor.com\/poliuretanska-zidna-lajsna-hw-2\/","url":"https:\/\/filicdecor.com\/poliuretanska-zidna-lajsna-hw-2\/","name":"Poliuretanska zidna lajsna HW-2 - Dekorativni stiropor | Fili\u0107 Decor | Fili\u0107","isPartOf":{"@id":"https:\/\/filicdecor.com\/fr\/#website"},"primaryImageOfPage":{"@id":"https:\/\/filicdecor.com\/poliuretanska-zidna-lajsna-hw-2\/#primaryimage"},"image":{"@id":"https:\/\/filicdecor.com\/poliuretanska-zidna-lajsna-hw-2\/#primaryimage"},"thumbnailUrl":"https:\/\/filicdecor.com\/wp-content\/uploads\/2023\/12\/hw2.jpg","datePublished":"2023-12-14T16:53:46+00:00","dateModified":"2023-12-14T16:54:40+00:00","breadcrumb":{"@id":"https:\/\/filicdecor.com\/poliuretanska-zidna-lajsna-hw-2\/#breadcrumb"},"inLanguage":"de","potentialAction":[{"@type":"ReadAction","target":["https:\/\/filicdecor.com\/poliuretanska-zidna-lajsna-hw-2\/"]}]},{"@type":"ImageObject","inLanguage":"de","@id":"https:\/\/filicdecor.com\/poliuretanska-zidna-lajsna-hw-2\/#primaryimage","url":"https:\/\/filicdecor.com\/wp-content\/uploads\/2023\/12\/hw2.jpg","contentUrl":"https:\/\/filicdecor.com\/wp-content\/uploads\/2023\/12\/hw2.jpg","width":920,"height":480},{"@type":"BreadcrumbList","@id":"https:\/\/filicdecor.com\/poliuretanska-zidna-lajsna-hw-2\/#breadcrumb","itemListElement":[{"@type":"ListItem","position":1,"name":"Po\u010detna","item":"https:\/\/filicdecor.com\/"},{"@type":"ListItem","position":2,"name":"Shop","item":"https:\/\/filicdecor.com\/shop\/"},{"@type":"ListItem","position":3,"name":"Poliuretanska zidna lajsna HW-2"}]},{"@type":"WebSite","@id":"https:\/\/filicdecor.com\/fr\/#website","url":"https:\/\/filicdecor.com\/fr\/","name":"Dekorativni stiropor | Fili\u0107 Decor | Fili\u0107","description":"| - Fili\u0107 Fasade za poneti","potentialAction":[{"@type":"SearchAction","target":{"@type":"EntryPoint","urlTemplate":"https:\/\/filicdecor.com\/fr\/?s={search_term_string}"},"query-input":{"@type":"PropertyValueSpecification","valueRequired":true,"valueName":"search_term_string"}}],"inLanguage":"de"}]}},"_links":{"self":[{"href":"https:\/\/filicdecor.com\/de\/wp-json\/wp\/v2\/product\/3716","targetHints":{"allow":["GET"]}}],"collection":[{"href":"https:\/\/filicdecor.com\/de\/wp-json\/wp\/v2\/product"}],"about":[{"href":"https:\/\/filicdecor.com\/de\/wp-json\/wp\/v2\/types\/product"}],"version-history":[{"count":1,"href":"https:\/\/filicdecor.com\/de\/wp-json\/wp\/v2\/product\/3716\/revisions"}],"predecessor-version":[{"id":3720,"href":"https:\/\/filicdecor.com\/de\/wp-json\/wp\/v2\/product\/3716\/revisions\/3720"}],"wp:featuredmedia":[{"embeddable":true,"href":"https:\/\/filicdecor.com\/de\/wp-json\/wp\/v2\/media\/3718"}],"wp:attachment":[{"href":"https:\/\/filicdecor.com\/de\/wp-json\/wp\/v2\/media?parent=3716"}],"wp:term":[{"taxonomy":"product_brand","embeddable":true,"href":"https:\/\/filicdecor.com\/de\/wp-json\/wp\/v2\/product_brand?post=3716"},{"taxonomy":"product_cat","embeddable":true,"href":"https:\/\/filicdecor.com\/de\/wp-json\/wp\/v2\/product_cat?post=3716"},{"taxonomy":"product_tag","embeddable":true,"href":"https:\/\/filicdecor.com\/de\/wp-json\/wp\/v2\/product_tag?post=3716"}],"curies":[{"name":"wp","href":"https:\/\/api.w.org\/{rel}","templated":true}]}}