{"id":3651,"date":"2023-12-14T16:37:27","date_gmt":"2023-12-14T16:37:27","guid":{"rendered":"https:\/\/filicdecor.com\/?post_type=product&#038;p=3651"},"modified":"2023-12-14T16:38:13","modified_gmt":"2023-12-14T16:38:13","slug":"kapitel-pkp-3-1","status":"publish","type":"product","link":"https:\/\/filicdecor.com\/de\/kapitel-pkp-3-1\/","title":{"rendered":"Kapitel PKP-3\/1"},"content":{"rendered":"","protected":false},"excerpt":{"rendered":"<p style=\"text-align: left;\"><strong>Ma\u00dfe:<\/strong>\u00a015cm x 30cm<br \/>\n<strong>Material:<\/strong>\u00a0Polyurethan<br \/>\nDas PKP-3\/1-Kapital entspricht der runden FS-3\/1-S\u00e4ule<\/p>","protected":false},"featured_media":3652,"template":"","meta":[],"product_brand":[],"product_cat":[197,76],"product_tag":[],"class_list":{"0":"post-3651","1":"product","2":"type-product","3":"status-publish","4":"has-post-thumbnail","6":"product_cat-kapiteli-za-stubove","7":"product_cat-poliuretan","9":"first","10":"onbackorder","11":"shipping-taxable","12":"purchasable","13":"product-type-simple"},"yoast_head":"<!-- This site is optimized with the Yoast SEO plugin v27.4 - https:\/\/yoast.com\/product\/yoast-seo-wordpress\/ -->\n<title>Kapitel PKP-3\/1 - Dekorativni stiropor | Fili\u0107 Decor | Fili\u0107<\/title>\n<meta name=\"robots\" content=\"index, follow, max-snippet:-1, max-image-preview:large, max-video-preview:-1\" \/>\n<link rel=\"canonical\" href=\"https:\/\/filicdecor.com\/de\/kapitel-pkp-3-1\/\" \/>\n<meta property=\"og:locale\" content=\"de_DE\" \/>\n<meta property=\"og:type\" content=\"article\" \/>\n<meta property=\"og:title\" content=\"Kapitel PKP-3\/1 - Dekorativni stiropor | Fili\u0107 Decor | Fili\u0107\" \/>\n<meta property=\"og:description\" content=\"Dimenzije:\u00a015cm x 30cm Materijal:\u00a0Poliuretan Kapitel PKP-3\/1 odgovara okruglom\u00a0stubu FS-3\/1\" \/>\n<meta property=\"og:url\" content=\"https:\/\/filicdecor.com\/de\/kapitel-pkp-3-1\/\" \/>\n<meta property=\"og:site_name\" content=\"Dekorativni stiropor | Fili\u0107 Decor | Fili\u0107\" \/>\n<meta property=\"article:modified_time\" content=\"2023-12-14T16:38:13+00:00\" \/>\n<meta property=\"og:image\" content=\"https:\/\/filicdecor.com\/wp-content\/uploads\/2023\/12\/KAPITEL-2.png\" \/>\n\t<meta property=\"og:image:width\" content=\"920\" \/>\n\t<meta property=\"og:image:height\" content=\"480\" \/>\n\t<meta property=\"og:image:type\" content=\"image\/png\" \/>\n<meta name=\"twitter:card\" content=\"summary_large_image\" \/>\n<script type=\"application\/ld+json\" class=\"yoast-schema-graph\">{\"@context\":\"https:\\\/\\\/schema.org\",\"@graph\":[{\"@type\":\"WebPage\",\"@id\":\"https:\\\/\\\/filicdecor.com\\\/kapitel-pkp-3-1\\\/\",\"url\":\"https:\\\/\\\/filicdecor.com\\\/kapitel-pkp-3-1\\\/\",\"name\":\"Kapitel PKP-3\\\/1 - Dekorativni stiropor | Fili\u0107 Decor | Fili\u0107\",\"isPartOf\":{\"@id\":\"https:\\\/\\\/filicdecor.com\\\/fr\\\/#website\"},\"primaryImageOfPage\":{\"@id\":\"https:\\\/\\\/filicdecor.com\\\/kapitel-pkp-3-1\\\/#primaryimage\"},\"image\":{\"@id\":\"https:\\\/\\\/filicdecor.com\\\/kapitel-pkp-3-1\\\/#primaryimage\"},\"thumbnailUrl\":\"https:\\\/\\\/filicdecor.com\\\/wp-content\\\/uploads\\\/2023\\\/12\\\/KAPITEL-2.png\",\"datePublished\":\"2023-12-14T16:37:27+00:00\",\"dateModified\":\"2023-12-14T16:38:13+00:00\",\"breadcrumb\":{\"@id\":\"https:\\\/\\\/filicdecor.com\\\/kapitel-pkp-3-1\\\/#breadcrumb\"},\"inLanguage\":\"de\",\"potentialAction\":[{\"@type\":\"ReadAction\",\"target\":[\"https:\\\/\\\/filicdecor.com\\\/kapitel-pkp-3-1\\\/\"]}]},{\"@type\":\"ImageObject\",\"inLanguage\":\"de\",\"@id\":\"https:\\\/\\\/filicdecor.com\\\/kapitel-pkp-3-1\\\/#primaryimage\",\"url\":\"https:\\\/\\\/filicdecor.com\\\/wp-content\\\/uploads\\\/2023\\\/12\\\/KAPITEL-2.png\",\"contentUrl\":\"https:\\\/\\\/filicdecor.com\\\/wp-content\\\/uploads\\\/2023\\\/12\\\/KAPITEL-2.png\",\"width\":920,\"height\":480},{\"@type\":\"BreadcrumbList\",\"@id\":\"https:\\\/\\\/filicdecor.com\\\/kapitel-pkp-3-1\\\/#breadcrumb\",\"itemListElement\":[{\"@type\":\"ListItem\",\"position\":1,\"name\":\"\u041f\u043e\u0447\u0435\u0442\u043d\u0430\",\"item\":\"https:\\\/\\\/filicdecor.com\\\/\"},{\"@type\":\"ListItem\",\"position\":2,\"name\":\"Shop\",\"item\":\"https:\\\/\\\/filicdecor.com\\\/shop\\\/\"},{\"@type\":\"ListItem\",\"position\":3,\"name\":\"Kapitel PKP-3\\\/1\"}]},{\"@type\":\"WebSite\",\"@id\":\"https:\\\/\\\/filicdecor.com\\\/fr\\\/#website\",\"url\":\"https:\\\/\\\/filicdecor.com\\\/fr\\\/\",\"name\":\"Dekorativni stiropor | Fili\u0107 Decor | Fili\u0107\",\"description\":\"| - Fili\u0107 Fasade za poneti\",\"potentialAction\":[{\"@type\":\"SearchAction\",\"target\":{\"@type\":\"EntryPoint\",\"urlTemplate\":\"https:\\\/\\\/filicdecor.com\\\/fr\\\/?s={search_term_string}\"},\"query-input\":{\"@type\":\"PropertyValueSpecification\",\"valueRequired\":true,\"valueName\":\"search_term_string\"}}],\"inLanguage\":\"de\"}]}<\/script>\n<!-- \/ Yoast SEO plugin. -->","yoast_head_json":{"title":"Kapitel PKP-3\/1 - Dekorativni stiropor | Fili\u0107 Decor | Fili\u0107","robots":{"index":"index","follow":"follow","max-snippet":"max-snippet:-1","max-image-preview":"max-image-preview:large","max-video-preview":"max-video-preview:-1"},"canonical":"https:\/\/filicdecor.com\/de\/kapitel-pkp-3-1\/","og_locale":"de_DE","og_type":"article","og_title":"Kapitel PKP-3\/1 - Dekorativni stiropor | Fili\u0107 Decor | Fili\u0107","og_description":"Dimenzije:\u00a015cm x 30cm Materijal:\u00a0Poliuretan Kapitel PKP-3\/1 odgovara okruglom\u00a0stubu FS-3\/1","og_url":"https:\/\/filicdecor.com\/de\/kapitel-pkp-3-1\/","og_site_name":"Dekorativni stiropor | Fili\u0107 Decor | Fili\u0107","article_modified_time":"2023-12-14T16:38:13+00:00","og_image":[{"width":920,"height":480,"url":"https:\/\/filicdecor.com\/wp-content\/uploads\/2023\/12\/KAPITEL-2.png","type":"image\/png"}],"twitter_card":"summary_large_image","schema":{"@context":"https:\/\/schema.org","@graph":[{"@type":"WebPage","@id":"https:\/\/filicdecor.com\/kapitel-pkp-3-1\/","url":"https:\/\/filicdecor.com\/kapitel-pkp-3-1\/","name":"Kapitel PKP-3\/1 - Dekorativni stiropor | Fili\u0107 Decor | Fili\u0107","isPartOf":{"@id":"https:\/\/filicdecor.com\/fr\/#website"},"primaryImageOfPage":{"@id":"https:\/\/filicdecor.com\/kapitel-pkp-3-1\/#primaryimage"},"image":{"@id":"https:\/\/filicdecor.com\/kapitel-pkp-3-1\/#primaryimage"},"thumbnailUrl":"https:\/\/filicdecor.com\/wp-content\/uploads\/2023\/12\/KAPITEL-2.png","datePublished":"2023-12-14T16:37:27+00:00","dateModified":"2023-12-14T16:38:13+00:00","breadcrumb":{"@id":"https:\/\/filicdecor.com\/kapitel-pkp-3-1\/#breadcrumb"},"inLanguage":"de","potentialAction":[{"@type":"ReadAction","target":["https:\/\/filicdecor.com\/kapitel-pkp-3-1\/"]}]},{"@type":"ImageObject","inLanguage":"de","@id":"https:\/\/filicdecor.com\/kapitel-pkp-3-1\/#primaryimage","url":"https:\/\/filicdecor.com\/wp-content\/uploads\/2023\/12\/KAPITEL-2.png","contentUrl":"https:\/\/filicdecor.com\/wp-content\/uploads\/2023\/12\/KAPITEL-2.png","width":920,"height":480},{"@type":"BreadcrumbList","@id":"https:\/\/filicdecor.com\/kapitel-pkp-3-1\/#breadcrumb","itemListElement":[{"@type":"ListItem","position":1,"name":"Po\u010detna","item":"https:\/\/filicdecor.com\/"},{"@type":"ListItem","position":2,"name":"Shop","item":"https:\/\/filicdecor.com\/shop\/"},{"@type":"ListItem","position":3,"name":"Kapitel PKP-3\/1"}]},{"@type":"WebSite","@id":"https:\/\/filicdecor.com\/fr\/#website","url":"https:\/\/filicdecor.com\/fr\/","name":"Dekorativni stiropor | Fili\u0107 Decor | Fili\u0107","description":"| - Fili\u0107 Fasade za poneti","potentialAction":[{"@type":"SearchAction","target":{"@type":"EntryPoint","urlTemplate":"https:\/\/filicdecor.com\/fr\/?s={search_term_string}"},"query-input":{"@type":"PropertyValueSpecification","valueRequired":true,"valueName":"search_term_string"}}],"inLanguage":"de"}]}},"_links":{"self":[{"href":"https:\/\/filicdecor.com\/de\/wp-json\/wp\/v2\/product\/3651","targetHints":{"allow":["GET"]}}],"collection":[{"href":"https:\/\/filicdecor.com\/de\/wp-json\/wp\/v2\/product"}],"about":[{"href":"https:\/\/filicdecor.com\/de\/wp-json\/wp\/v2\/types\/product"}],"version-history":[{"count":1,"href":"https:\/\/filicdecor.com\/de\/wp-json\/wp\/v2\/product\/3651\/revisions"}],"predecessor-version":[{"id":3655,"href":"https:\/\/filicdecor.com\/de\/wp-json\/wp\/v2\/product\/3651\/revisions\/3655"}],"wp:featuredmedia":[{"embeddable":true,"href":"https:\/\/filicdecor.com\/de\/wp-json\/wp\/v2\/media\/3652"}],"wp:attachment":[{"href":"https:\/\/filicdecor.com\/de\/wp-json\/wp\/v2\/media?parent=3651"}],"wp:term":[{"taxonomy":"product_brand","embeddable":true,"href":"https:\/\/filicdecor.com\/de\/wp-json\/wp\/v2\/product_brand?post=3651"},{"taxonomy":"product_cat","embeddable":true,"href":"https:\/\/filicdecor.com\/de\/wp-json\/wp\/v2\/product_cat?post=3651"},{"taxonomy":"product_tag","embeddable":true,"href":"https:\/\/filicdecor.com\/de\/wp-json\/wp\/v2\/product_tag?post=3651"}],"curies":[{"name":"wp","href":"https:\/\/api.w.org\/{rel}","templated":true}]}}