{"id":3317,"date":"2023-12-14T15:02:37","date_gmt":"2023-12-14T15:02:37","guid":{"rendered":"https:\/\/filicdecor.com\/?post_type=product&#038;p=3317"},"modified":"2023-12-14T15:08:23","modified_gmt":"2023-12-14T15:08:23","slug":"fasadni-l-pilaster-od-stiropora-sls-219-g","status":"publish","type":"product","link":"https:\/\/filicdecor.com\/de\/fasadni-l-pilaster-od-stiropora-sls-219-g\/","title":{"rendered":"Fassadenpilaster L aus Styropor SLS-219 G"},"content":{"rendered":"<p><strong>Doppelte Fassade mit L-Pilastern<\/strong>\u00a0bestehen aus 34\u201340 kg\/m\u00b3 schwerem Styropor, beschichtet mit einer 3\u20135 mm dicken Acryl-Polyurethan-Beschichtung, die wei\u00df ist und so Farbe und Lackierzeit spart.<\/p>\n<p>Die S\u00e4ulen bestehen aus folgenden Elementen:<br \/>\n&#8211;<strong>\u00a0steht<\/strong>\u00a0(kann unabh\u00e4ngig vom Modell auf jedes Ma\u00df angepasst werden)<br \/>\n&#8211;\u00a0<strong>K\u00f6rper der Treppe<\/strong>\u00a0(kann sowohl in der Gr\u00f6\u00dfe als auch in der Form angepasst werden)<br \/>\n&#8211;\u00a0<strong>Hauptstadt<\/strong>\u00a0(Die Abmessungen der Standardkapitelle sind angegeben, es besteht die M\u00f6glichkeit, sie in allen Abmessungen anzufertigen und sie mit Zierkapitellen aus gew\u00f6hnlichen Pilastern zu kombinieren.)<\/p>","protected":false},"excerpt":{"rendered":"<p><strong>Ma\u00dfe:<\/strong> 13cm x 2cm<br \/>\n<strong>Material:<\/strong>\u00a0Hartgepresstes Polystyrol<br \/>\nPassendes Kapitell und Sockel:\u00a0<b>SSP 5\/2<\/b><\/p>","protected":false},"featured_media":3320,"template":"","meta":[],"product_brand":[],"product_cat":[73,189,187],"product_tag":[],"class_list":{"0":"post-3317","1":"product","2":"type-product","3":"status-publish","4":"has-post-thumbnail","6":"product_cat-dekorativni-stubovi-i-pilasteri","7":"product_cat-l-pilasteri","8":"product_cat-stubovi-od-stiropora","10":"first","11":"onbackorder","12":"shipping-taxable","13":"purchasable","14":"product-type-simple"},"yoast_head":"<!-- This site is optimized with the Yoast SEO plugin v27.4 - https:\/\/yoast.com\/product\/yoast-seo-wordpress\/ -->\n<title>Fasadni L pilaster od stiropora SLS-219 G - Dekorativni stiropor | Fili\u0107 Decor | Fili\u0107<\/title>\n<meta name=\"robots\" content=\"index, follow, max-snippet:-1, max-image-preview:large, max-video-preview:-1\" \/>\n<link rel=\"canonical\" href=\"https:\/\/filicdecor.com\/de\/fasadni-l-pilaster-od-stiropora-sls-219-g\/\" \/>\n<meta property=\"og:locale\" content=\"de_DE\" \/>\n<meta property=\"og:type\" content=\"article\" \/>\n<meta property=\"og:title\" content=\"Fasadni L pilaster od stiropora SLS-219 G - Dekorativni stiropor | Fili\u0107 Decor | Fili\u0107\" \/>\n<meta property=\"og:description\" content=\"Dimenzije: 13cm x 2cm Materijal:\u00a0Tvrdo presovani polistirol Odgovaraju\u0107i kapitel i postolje:\u00a0SSP 5\/2\" \/>\n<meta property=\"og:url\" content=\"https:\/\/filicdecor.com\/de\/fasadni-l-pilaster-od-stiropora-sls-219-g\/\" \/>\n<meta property=\"og:site_name\" content=\"Dekorativni stiropor | Fili\u0107 Decor | Fili\u0107\" \/>\n<meta property=\"article:modified_time\" content=\"2023-12-14T15:08:23+00:00\" \/>\n<meta property=\"og:image\" content=\"https:\/\/filicdecor.com\/wp-content\/uploads\/2023\/12\/TELOG.png\" \/>\n\t<meta property=\"og:image:width\" content=\"920\" \/>\n\t<meta property=\"og:image:height\" content=\"480\" \/>\n\t<meta property=\"og:image:type\" content=\"image\/png\" \/>\n<meta name=\"twitter:card\" content=\"summary_large_image\" \/>\n<script type=\"application\/ld+json\" class=\"yoast-schema-graph\">{\"@context\":\"https:\\\/\\\/schema.org\",\"@graph\":[{\"@type\":\"WebPage\",\"@id\":\"https:\\\/\\\/filicdecor.com\\\/fasadni-l-pilaster-od-stiropora-sls-219-g\\\/\",\"url\":\"https:\\\/\\\/filicdecor.com\\\/fasadni-l-pilaster-od-stiropora-sls-219-g\\\/\",\"name\":\"Fasadni L pilaster od stiropora SLS-219 G - Dekorativni stiropor | Fili\u0107 Decor | Fili\u0107\",\"isPartOf\":{\"@id\":\"https:\\\/\\\/filicdecor.com\\\/fr\\\/#website\"},\"primaryImageOfPage\":{\"@id\":\"https:\\\/\\\/filicdecor.com\\\/fasadni-l-pilaster-od-stiropora-sls-219-g\\\/#primaryimage\"},\"image\":{\"@id\":\"https:\\\/\\\/filicdecor.com\\\/fasadni-l-pilaster-od-stiropora-sls-219-g\\\/#primaryimage\"},\"thumbnailUrl\":\"https:\\\/\\\/filicdecor.com\\\/wp-content\\\/uploads\\\/2023\\\/12\\\/TELOG.png\",\"datePublished\":\"2023-12-14T15:02:37+00:00\",\"dateModified\":\"2023-12-14T15:08:23+00:00\",\"breadcrumb\":{\"@id\":\"https:\\\/\\\/filicdecor.com\\\/fasadni-l-pilaster-od-stiropora-sls-219-g\\\/#breadcrumb\"},\"inLanguage\":\"de\",\"potentialAction\":[{\"@type\":\"ReadAction\",\"target\":[\"https:\\\/\\\/filicdecor.com\\\/fasadni-l-pilaster-od-stiropora-sls-219-g\\\/\"]}]},{\"@type\":\"ImageObject\",\"inLanguage\":\"de\",\"@id\":\"https:\\\/\\\/filicdecor.com\\\/fasadni-l-pilaster-od-stiropora-sls-219-g\\\/#primaryimage\",\"url\":\"https:\\\/\\\/filicdecor.com\\\/wp-content\\\/uploads\\\/2023\\\/12\\\/TELOG.png\",\"contentUrl\":\"https:\\\/\\\/filicdecor.com\\\/wp-content\\\/uploads\\\/2023\\\/12\\\/TELOG.png\",\"width\":920,\"height\":480},{\"@type\":\"BreadcrumbList\",\"@id\":\"https:\\\/\\\/filicdecor.com\\\/fasadni-l-pilaster-od-stiropora-sls-219-g\\\/#breadcrumb\",\"itemListElement\":[{\"@type\":\"ListItem\",\"position\":1,\"name\":\"\u041f\u043e\u0447\u0435\u0442\u043d\u0430\",\"item\":\"https:\\\/\\\/filicdecor.com\\\/\"},{\"@type\":\"ListItem\",\"position\":2,\"name\":\"Shop\",\"item\":\"https:\\\/\\\/filicdecor.com\\\/shop\\\/\"},{\"@type\":\"ListItem\",\"position\":3,\"name\":\"Fasadni L pilaster od stiropora SLS-219 G\"}]},{\"@type\":\"WebSite\",\"@id\":\"https:\\\/\\\/filicdecor.com\\\/fr\\\/#website\",\"url\":\"https:\\\/\\\/filicdecor.com\\\/fr\\\/\",\"name\":\"Dekorativni stiropor | Fili\u0107 Decor | Fili\u0107\",\"description\":\"| - Fili\u0107 Fasade za poneti\",\"potentialAction\":[{\"@type\":\"SearchAction\",\"target\":{\"@type\":\"EntryPoint\",\"urlTemplate\":\"https:\\\/\\\/filicdecor.com\\\/fr\\\/?s={search_term_string}\"},\"query-input\":{\"@type\":\"PropertyValueSpecification\",\"valueRequired\":true,\"valueName\":\"search_term_string\"}}],\"inLanguage\":\"de\"}]}<\/script>\n<!-- \/ Yoast SEO plugin. -->","yoast_head_json":{"title":"Fasadni L pilaster od stiropora SLS-219 G - Dekorativni stiropor | Fili\u0107 Decor | Fili\u0107","robots":{"index":"index","follow":"follow","max-snippet":"max-snippet:-1","max-image-preview":"max-image-preview:large","max-video-preview":"max-video-preview:-1"},"canonical":"https:\/\/filicdecor.com\/de\/fasadni-l-pilaster-od-stiropora-sls-219-g\/","og_locale":"de_DE","og_type":"article","og_title":"Fasadni L pilaster od stiropora SLS-219 G - Dekorativni stiropor | Fili\u0107 Decor | Fili\u0107","og_description":"Dimenzije: 13cm x 2cm Materijal:\u00a0Tvrdo presovani polistirol Odgovaraju\u0107i kapitel i postolje:\u00a0SSP 5\/2","og_url":"https:\/\/filicdecor.com\/de\/fasadni-l-pilaster-od-stiropora-sls-219-g\/","og_site_name":"Dekorativni stiropor | Fili\u0107 Decor | Fili\u0107","article_modified_time":"2023-12-14T15:08:23+00:00","og_image":[{"width":920,"height":480,"url":"https:\/\/filicdecor.com\/wp-content\/uploads\/2023\/12\/TELOG.png","type":"image\/png"}],"twitter_card":"summary_large_image","schema":{"@context":"https:\/\/schema.org","@graph":[{"@type":"WebPage","@id":"https:\/\/filicdecor.com\/fasadni-l-pilaster-od-stiropora-sls-219-g\/","url":"https:\/\/filicdecor.com\/fasadni-l-pilaster-od-stiropora-sls-219-g\/","name":"Fasadni L pilaster od stiropora SLS-219 G - Dekorativni stiropor | Fili\u0107 Decor | Fili\u0107","isPartOf":{"@id":"https:\/\/filicdecor.com\/fr\/#website"},"primaryImageOfPage":{"@id":"https:\/\/filicdecor.com\/fasadni-l-pilaster-od-stiropora-sls-219-g\/#primaryimage"},"image":{"@id":"https:\/\/filicdecor.com\/fasadni-l-pilaster-od-stiropora-sls-219-g\/#primaryimage"},"thumbnailUrl":"https:\/\/filicdecor.com\/wp-content\/uploads\/2023\/12\/TELOG.png","datePublished":"2023-12-14T15:02:37+00:00","dateModified":"2023-12-14T15:08:23+00:00","breadcrumb":{"@id":"https:\/\/filicdecor.com\/fasadni-l-pilaster-od-stiropora-sls-219-g\/#breadcrumb"},"inLanguage":"de","potentialAction":[{"@type":"ReadAction","target":["https:\/\/filicdecor.com\/fasadni-l-pilaster-od-stiropora-sls-219-g\/"]}]},{"@type":"ImageObject","inLanguage":"de","@id":"https:\/\/filicdecor.com\/fasadni-l-pilaster-od-stiropora-sls-219-g\/#primaryimage","url":"https:\/\/filicdecor.com\/wp-content\/uploads\/2023\/12\/TELOG.png","contentUrl":"https:\/\/filicdecor.com\/wp-content\/uploads\/2023\/12\/TELOG.png","width":920,"height":480},{"@type":"BreadcrumbList","@id":"https:\/\/filicdecor.com\/fasadni-l-pilaster-od-stiropora-sls-219-g\/#breadcrumb","itemListElement":[{"@type":"ListItem","position":1,"name":"Po\u010detna","item":"https:\/\/filicdecor.com\/"},{"@type":"ListItem","position":2,"name":"Shop","item":"https:\/\/filicdecor.com\/shop\/"},{"@type":"ListItem","position":3,"name":"Fasadni L pilaster od stiropora SLS-219 G"}]},{"@type":"WebSite","@id":"https:\/\/filicdecor.com\/fr\/#website","url":"https:\/\/filicdecor.com\/fr\/","name":"Dekorativni stiropor | Fili\u0107 Decor | Fili\u0107","description":"| - Fili\u0107 Fasade za poneti","potentialAction":[{"@type":"SearchAction","target":{"@type":"EntryPoint","urlTemplate":"https:\/\/filicdecor.com\/fr\/?s={search_term_string}"},"query-input":{"@type":"PropertyValueSpecification","valueRequired":true,"valueName":"search_term_string"}}],"inLanguage":"de"}]}},"_links":{"self":[{"href":"https:\/\/filicdecor.com\/de\/wp-json\/wp\/v2\/product\/3317","targetHints":{"allow":["GET"]}}],"collection":[{"href":"https:\/\/filicdecor.com\/de\/wp-json\/wp\/v2\/product"}],"about":[{"href":"https:\/\/filicdecor.com\/de\/wp-json\/wp\/v2\/types\/product"}],"version-history":[{"count":1,"href":"https:\/\/filicdecor.com\/de\/wp-json\/wp\/v2\/product\/3317\/revisions"}],"predecessor-version":[{"id":3321,"href":"https:\/\/filicdecor.com\/de\/wp-json\/wp\/v2\/product\/3317\/revisions\/3321"}],"wp:featuredmedia":[{"embeddable":true,"href":"https:\/\/filicdecor.com\/de\/wp-json\/wp\/v2\/media\/3320"}],"wp:attachment":[{"href":"https:\/\/filicdecor.com\/de\/wp-json\/wp\/v2\/media?parent=3317"}],"wp:term":[{"taxonomy":"product_brand","embeddable":true,"href":"https:\/\/filicdecor.com\/de\/wp-json\/wp\/v2\/product_brand?post=3317"},{"taxonomy":"product_cat","embeddable":true,"href":"https:\/\/filicdecor.com\/de\/wp-json\/wp\/v2\/product_cat?post=3317"},{"taxonomy":"product_tag","embeddable":true,"href":"https:\/\/filicdecor.com\/de\/wp-json\/wp\/v2\/product_tag?post=3317"}],"curies":[{"name":"wp","href":"https:\/\/api.w.org\/{rel}","templated":true}]}}