{"id":3195,"date":"2023-12-14T14:18:54","date_gmt":"2023-12-14T14:18:54","guid":{"rendered":"https:\/\/filicdecor.com\/?post_type=product&#038;p=3195"},"modified":"2023-12-23T13:05:20","modified_gmt":"2023-12-23T13:05:20","slug":"rozeta-sr-73","status":"publish","type":"product","link":"https:\/\/filicdecor.com\/de\/rozeta-sr-73\/","title":{"rendered":"Rosette SR-73"},"content":{"rendered":"<p><strong>Rosetten aus Styropor<\/strong>\u00a0sind die praktischste M\u00f6glichkeit, schnelle Ver\u00e4nderungen vorzunehmen, die einen starken Effekt in einem Raum haben.<br \/>\nSie sind sehr leicht und k\u00f6nnen daher problemlos \u00fcberall platziert werden.<\/p>\n<p>Am h\u00e4ufigsten werden sie zur Dekoration des Raums um den Kronleuchter herum verwendet, ihre M\u00f6glichkeiten sind jedoch unbegrenzt. Au\u00dferdem kann es zum Abdecken des Bereichs um den Wasserhahn verwendet werden, wodurch Sie ein luxuri\u00f6ses Badezimmer oder sogar eine K\u00fcche erhalten.<br \/>\nNat\u00fcrlich k\u00f6nnen Sie sie nur zur Versch\u00f6nerung der W\u00e4nde verwenden.Styropor-Rosetten und -Elemente sind sehr anpassungsf\u00e4hig, sodass Sie damit Unebenheiten, Flecken oder Risse an den W\u00e4nden abdecken k\u00f6nnen.<\/p>\n<p>Alle Elemente stammen aus\u00a0<strong>fest gepresstes Styropor<\/strong>, sind in Wei\u00df erh\u00e4ltlich und k\u00f6nnen mit jeder Acrylfarbe \u00fcbermalt werden. Rosetten werden mit Acrylkleber geklebt.<\/p>","protected":false},"excerpt":{"rendered":"<p><strong>Ma\u00dfe:<\/strong>\u00a0\u00f858cm<br \/>\n<strong>Hersteller:\u00a0\u00a0<\/strong>Marbet Design<br \/>\n<strong>Material:\u00a0<\/strong>Expandiertes Polystyrol<\/p>\n<p><img decoding=\"async\" class=\"alignnone size-full wp-image-1740\" src=\"https:\/\/filicdecor.com\/wp-content\/uploads\/2023\/12\/MarbetDesignLogo.png\" alt=\"\" width=\"189\" height=\"28\" srcset=\"https:\/\/filicdecor.com\/wp-content\/uploads\/2023\/12\/MarbetDesignLogo.png 189w, https:\/\/filicdecor.com\/wp-content\/uploads\/2023\/12\/MarbetDesignLogo-150x22.png 150w\" sizes=\"(max-width: 189px) 100vw, 189px\" \/><\/p>","protected":false},"featured_media":3196,"template":"","meta":[],"product_brand":[],"product_cat":[179,180],"product_tag":[],"class_list":{"0":"post-3195","1":"product","2":"type-product","3":"status-publish","4":"has-post-thumbnail","6":"product_cat-rozete","7":"product_cat-standard","9":"first","10":"instock","11":"shipping-taxable","12":"purchasable","13":"product-type-simple"},"yoast_head":"<!-- This site is optimized with the Yoast SEO plugin v27.4 - https:\/\/yoast.com\/product\/yoast-seo-wordpress\/ -->\n<title>Rozeta SR-73 - Dekorativni stiropor | Fili\u0107 Decor | Fili\u0107<\/title>\n<meta name=\"robots\" content=\"index, follow, max-snippet:-1, max-image-preview:large, max-video-preview:-1\" \/>\n<link rel=\"canonical\" href=\"https:\/\/filicdecor.com\/de\/rozeta-sr-73\/\" \/>\n<meta property=\"og:locale\" content=\"de_DE\" \/>\n<meta property=\"og:type\" content=\"article\" \/>\n<meta property=\"og:title\" content=\"Rozeta SR-73 - Dekorativni stiropor | Fili\u0107 Decor | Fili\u0107\" \/>\n<meta property=\"og:description\" content=\"Dimenzije:\u00a0\u00f858cm Proizvo\u0111a\u010d:\u00a0\u00a0Marbet Design Materijal:\u00a0Ekspandirani polistiren\" \/>\n<meta property=\"og:url\" content=\"https:\/\/filicdecor.com\/de\/rozeta-sr-73\/\" \/>\n<meta property=\"og:site_name\" content=\"Dekorativni stiropor | Fili\u0107 Decor | Fili\u0107\" \/>\n<meta property=\"article:modified_time\" content=\"2023-12-23T13:05:20+00:00\" \/>\n<meta property=\"og:image\" content=\"https:\/\/filicdecor.com\/wp-content\/uploads\/2023\/12\/SR-73.webp\" \/>\n\t<meta property=\"og:image:width\" content=\"920\" \/>\n\t<meta property=\"og:image:height\" content=\"480\" \/>\n\t<meta property=\"og:image:type\" content=\"image\/webp\" \/>\n<meta name=\"twitter:card\" content=\"summary_large_image\" \/>\n<meta name=\"twitter:label1\" content=\"Gesch\u00e4tzte Lesezeit\" \/>\n\t<meta name=\"twitter:data1\" content=\"1\u00a0Minute\" \/>\n<script type=\"application\/ld+json\" class=\"yoast-schema-graph\">{\"@context\":\"https:\\\/\\\/schema.org\",\"@graph\":[{\"@type\":\"WebPage\",\"@id\":\"https:\\\/\\\/filicdecor.com\\\/rozeta-sr-73\\\/\",\"url\":\"https:\\\/\\\/filicdecor.com\\\/rozeta-sr-73\\\/\",\"name\":\"Rozeta SR-73 - Dekorativni stiropor | Fili\u0107 Decor | Fili\u0107\",\"isPartOf\":{\"@id\":\"https:\\\/\\\/filicdecor.com\\\/fr\\\/#website\"},\"primaryImageOfPage\":{\"@id\":\"https:\\\/\\\/filicdecor.com\\\/rozeta-sr-73\\\/#primaryimage\"},\"image\":{\"@id\":\"https:\\\/\\\/filicdecor.com\\\/rozeta-sr-73\\\/#primaryimage\"},\"thumbnailUrl\":\"https:\\\/\\\/filicdecor.com\\\/wp-content\\\/uploads\\\/2023\\\/12\\\/SR-73.webp\",\"datePublished\":\"2023-12-14T14:18:54+00:00\",\"dateModified\":\"2023-12-23T13:05:20+00:00\",\"breadcrumb\":{\"@id\":\"https:\\\/\\\/filicdecor.com\\\/rozeta-sr-73\\\/#breadcrumb\"},\"inLanguage\":\"de\",\"potentialAction\":[{\"@type\":\"ReadAction\",\"target\":[\"https:\\\/\\\/filicdecor.com\\\/rozeta-sr-73\\\/\"]}]},{\"@type\":\"ImageObject\",\"inLanguage\":\"de\",\"@id\":\"https:\\\/\\\/filicdecor.com\\\/rozeta-sr-73\\\/#primaryimage\",\"url\":\"https:\\\/\\\/filicdecor.com\\\/wp-content\\\/uploads\\\/2023\\\/12\\\/SR-73.webp\",\"contentUrl\":\"https:\\\/\\\/filicdecor.com\\\/wp-content\\\/uploads\\\/2023\\\/12\\\/SR-73.webp\",\"width\":920,\"height\":480},{\"@type\":\"BreadcrumbList\",\"@id\":\"https:\\\/\\\/filicdecor.com\\\/rozeta-sr-73\\\/#breadcrumb\",\"itemListElement\":[{\"@type\":\"ListItem\",\"position\":1,\"name\":\"\u041f\u043e\u0447\u0435\u0442\u043d\u0430\",\"item\":\"https:\\\/\\\/filicdecor.com\\\/\"},{\"@type\":\"ListItem\",\"position\":2,\"name\":\"Shop\",\"item\":\"https:\\\/\\\/filicdecor.com\\\/shop\\\/\"},{\"@type\":\"ListItem\",\"position\":3,\"name\":\"Rozeta SR-73\"}]},{\"@type\":\"WebSite\",\"@id\":\"https:\\\/\\\/filicdecor.com\\\/fr\\\/#website\",\"url\":\"https:\\\/\\\/filicdecor.com\\\/fr\\\/\",\"name\":\"Dekorativni stiropor | Fili\u0107 Decor | Fili\u0107\",\"description\":\"| - Fili\u0107 Fasade za poneti\",\"potentialAction\":[{\"@type\":\"SearchAction\",\"target\":{\"@type\":\"EntryPoint\",\"urlTemplate\":\"https:\\\/\\\/filicdecor.com\\\/fr\\\/?s={search_term_string}\"},\"query-input\":{\"@type\":\"PropertyValueSpecification\",\"valueRequired\":true,\"valueName\":\"search_term_string\"}}],\"inLanguage\":\"de\"}]}<\/script>\n<!-- \/ Yoast SEO plugin. -->","yoast_head_json":{"title":"Rozeta SR-73 - Dekorativni stiropor | Fili\u0107 Decor | Fili\u0107","robots":{"index":"index","follow":"follow","max-snippet":"max-snippet:-1","max-image-preview":"max-image-preview:large","max-video-preview":"max-video-preview:-1"},"canonical":"https:\/\/filicdecor.com\/de\/rozeta-sr-73\/","og_locale":"de_DE","og_type":"article","og_title":"Rozeta SR-73 - Dekorativni stiropor | Fili\u0107 Decor | Fili\u0107","og_description":"Dimenzije:\u00a0\u00f858cm Proizvo\u0111a\u010d:\u00a0\u00a0Marbet Design Materijal:\u00a0Ekspandirani polistiren","og_url":"https:\/\/filicdecor.com\/de\/rozeta-sr-73\/","og_site_name":"Dekorativni stiropor | Fili\u0107 Decor | Fili\u0107","article_modified_time":"2023-12-23T13:05:20+00:00","og_image":[{"width":920,"height":480,"url":"https:\/\/filicdecor.com\/wp-content\/uploads\/2023\/12\/SR-73.webp","type":"image\/webp"}],"twitter_card":"summary_large_image","twitter_misc":{"Gesch\u00e4tzte Lesezeit":"1\u00a0Minute"},"schema":{"@context":"https:\/\/schema.org","@graph":[{"@type":"WebPage","@id":"https:\/\/filicdecor.com\/rozeta-sr-73\/","url":"https:\/\/filicdecor.com\/rozeta-sr-73\/","name":"Rozeta SR-73 - Dekorativni stiropor | Fili\u0107 Decor | Fili\u0107","isPartOf":{"@id":"https:\/\/filicdecor.com\/fr\/#website"},"primaryImageOfPage":{"@id":"https:\/\/filicdecor.com\/rozeta-sr-73\/#primaryimage"},"image":{"@id":"https:\/\/filicdecor.com\/rozeta-sr-73\/#primaryimage"},"thumbnailUrl":"https:\/\/filicdecor.com\/wp-content\/uploads\/2023\/12\/SR-73.webp","datePublished":"2023-12-14T14:18:54+00:00","dateModified":"2023-12-23T13:05:20+00:00","breadcrumb":{"@id":"https:\/\/filicdecor.com\/rozeta-sr-73\/#breadcrumb"},"inLanguage":"de","potentialAction":[{"@type":"ReadAction","target":["https:\/\/filicdecor.com\/rozeta-sr-73\/"]}]},{"@type":"ImageObject","inLanguage":"de","@id":"https:\/\/filicdecor.com\/rozeta-sr-73\/#primaryimage","url":"https:\/\/filicdecor.com\/wp-content\/uploads\/2023\/12\/SR-73.webp","contentUrl":"https:\/\/filicdecor.com\/wp-content\/uploads\/2023\/12\/SR-73.webp","width":920,"height":480},{"@type":"BreadcrumbList","@id":"https:\/\/filicdecor.com\/rozeta-sr-73\/#breadcrumb","itemListElement":[{"@type":"ListItem","position":1,"name":"Po\u010detna","item":"https:\/\/filicdecor.com\/"},{"@type":"ListItem","position":2,"name":"Shop","item":"https:\/\/filicdecor.com\/shop\/"},{"@type":"ListItem","position":3,"name":"Rozeta SR-73"}]},{"@type":"WebSite","@id":"https:\/\/filicdecor.com\/fr\/#website","url":"https:\/\/filicdecor.com\/fr\/","name":"Dekorativni stiropor | Fili\u0107 Decor | Fili\u0107","description":"| - Fili\u0107 Fasade za poneti","potentialAction":[{"@type":"SearchAction","target":{"@type":"EntryPoint","urlTemplate":"https:\/\/filicdecor.com\/fr\/?s={search_term_string}"},"query-input":{"@type":"PropertyValueSpecification","valueRequired":true,"valueName":"search_term_string"}}],"inLanguage":"de"}]}},"_links":{"self":[{"href":"https:\/\/filicdecor.com\/de\/wp-json\/wp\/v2\/product\/3195","targetHints":{"allow":["GET"]}}],"collection":[{"href":"https:\/\/filicdecor.com\/de\/wp-json\/wp\/v2\/product"}],"about":[{"href":"https:\/\/filicdecor.com\/de\/wp-json\/wp\/v2\/types\/product"}],"version-history":[{"count":2,"href":"https:\/\/filicdecor.com\/de\/wp-json\/wp\/v2\/product\/3195\/revisions"}],"predecessor-version":[{"id":6701,"href":"https:\/\/filicdecor.com\/de\/wp-json\/wp\/v2\/product\/3195\/revisions\/6701"}],"wp:featuredmedia":[{"embeddable":true,"href":"https:\/\/filicdecor.com\/de\/wp-json\/wp\/v2\/media\/3196"}],"wp:attachment":[{"href":"https:\/\/filicdecor.com\/de\/wp-json\/wp\/v2\/media?parent=3195"}],"wp:term":[{"taxonomy":"product_brand","embeddable":true,"href":"https:\/\/filicdecor.com\/de\/wp-json\/wp\/v2\/product_brand?post=3195"},{"taxonomy":"product_cat","embeddable":true,"href":"https:\/\/filicdecor.com\/de\/wp-json\/wp\/v2\/product_cat?post=3195"},{"taxonomy":"product_tag","embeddable":true,"href":"https:\/\/filicdecor.com\/de\/wp-json\/wp\/v2\/product_tag?post=3195"}],"curies":[{"name":"wp","href":"https:\/\/api.w.org\/{rel}","templated":true}]}}