{"id":3078,"date":"2023-12-14T13:21:14","date_gmt":"2023-12-14T13:21:14","guid":{"rendered":"https:\/\/filicdecor.com\/?post_type=product&#038;p=3078"},"modified":"2024-06-05T11:10:04","modified_gmt":"2024-06-05T11:10:04","slug":"stiropor-ugao-su-711-1","status":"publish","type":"product","link":"https:\/\/filicdecor.com\/de\/stiropor-ugao-su-711-1\/","title":{"rendered":"Styroporecke SU-711\/1"},"content":{"rendered":"<div class=\"product-details-container product-full-desktop-content\">\n<div class=\"container\">\n<div class=\"row\">\n<div class=\"col-12 nav-tabs-containre\">\n<div id=\"myTabContent\" class=\"tab-content\">\n<div class=\"tab-pane specification-tab active\">\n<p>Trotz seines geringen Gewichts sind Styroporformteile stabil und druckbest\u00e4ndig.<\/p>\n<p>Es zeichnet sich durch einfache Verarbeitung und pr\u00e4zise Anpassung der Profilkonturen sowie eine glatte Oberfl\u00e4che aus.<\/p>\n<p>Styroporformteile k\u00f6nnen mit allen g\u00e4ngigen Acryl- und Wasserlacken bemalt werden.<\/p>\n<p>Dekorative Styroporformteile sind umweltfreundlich.<\/p>\n<\/div>\n<\/div>\n<\/div>\n<\/div>\n<\/div>\n<\/div>","protected":false},"excerpt":{"rendered":"<h3 class=\"bold h3\">BESCHREIBUNG:<\/h3>\n<p>Ecke SU-711\/1 entspricht der Leiste SLU-711.<br \/>\n<strong>Ma\u00dfe:<\/strong>\u00a022cm x 22cm<br \/>\n<strong>Hersteller:\u00a0<\/strong>Marbet design<br \/>\n<strong>Material:\u00a0<\/strong>Extrudiertes Polystyrol mit einer Dichte von 20 kg\/m\u00b3<\/p>\n<p><img decoding=\"async\" class=\"alignnone size-full wp-image-1740\" src=\"https:\/\/filicdecor.com\/wp-content\/uploads\/2023\/12\/MarbetDesignLogo.png\" alt=\"\" width=\"189\" height=\"28\" srcset=\"https:\/\/filicdecor.com\/wp-content\/uploads\/2023\/12\/MarbetDesignLogo.png 189w, https:\/\/filicdecor.com\/wp-content\/uploads\/2023\/12\/MarbetDesignLogo-150x22.png 150w\" sizes=\"(max-width: 189px) 100vw, 189px\" \/><\/p>\n<p>&nbsp;<\/p>","protected":false},"featured_media":3087,"template":"","meta":[],"product_brand":[],"product_cat":[178],"product_tag":[],"class_list":{"0":"post-3078","1":"product","2":"type-product","3":"status-publish","4":"has-post-thumbnail","6":"product_cat-uglovi-za-lajsne","8":"first","9":"instock","10":"shipping-taxable","11":"purchasable","12":"product-type-simple"},"yoast_head":"<!-- This site is optimized with the Yoast SEO plugin v27.4 - https:\/\/yoast.com\/product\/yoast-seo-wordpress\/ -->\n<title>Stiropor ugao SU-711\/1 - Dekorativni stiropor | Fili\u0107 Decor | Fili\u0107<\/title>\n<meta name=\"robots\" content=\"index, follow, max-snippet:-1, max-image-preview:large, max-video-preview:-1\" \/>\n<link rel=\"canonical\" href=\"https:\/\/filicdecor.com\/de\/stiropor-ugao-su-711-1\/\" \/>\n<meta property=\"og:locale\" content=\"de_DE\" \/>\n<meta property=\"og:type\" content=\"article\" \/>\n<meta property=\"og:title\" content=\"Stiropor ugao SU-711\/1 - Dekorativni stiropor | Fili\u0107 Decor | Fili\u0107\" \/>\n<meta property=\"og:description\" content=\"OPIS: Ugao SU-711\/1 odgovara lajsni SLU-711. Dimenzije:\u00a022cm x 22cm Proizvo\u0111a\u010d:\u00a0Marbet design Materijal:\u00a0Ekstrudirani polistiren gustine 20kg\/m\u00b3    &nbsp;\" \/>\n<meta property=\"og:url\" content=\"https:\/\/filicdecor.com\/de\/stiropor-ugao-su-711-1\/\" \/>\n<meta property=\"og:site_name\" content=\"Dekorativni stiropor | Fili\u0107 Decor | Fili\u0107\" \/>\n<meta property=\"article:modified_time\" content=\"2024-06-05T11:10:04+00:00\" \/>\n<meta property=\"og:image\" content=\"https:\/\/filicdecor.com\/wp-content\/uploads\/2023\/12\/SU-711-1.webp\" \/>\n\t<meta property=\"og:image:width\" content=\"920\" \/>\n\t<meta property=\"og:image:height\" content=\"480\" \/>\n\t<meta property=\"og:image:type\" content=\"image\/webp\" \/>\n<meta name=\"twitter:card\" content=\"summary_large_image\" \/>\n<script type=\"application\/ld+json\" class=\"yoast-schema-graph\">{\"@context\":\"https:\\\/\\\/schema.org\",\"@graph\":[{\"@type\":\"WebPage\",\"@id\":\"https:\\\/\\\/filicdecor.com\\\/stiropor-ugao-su-711-1\\\/\",\"url\":\"https:\\\/\\\/filicdecor.com\\\/stiropor-ugao-su-711-1\\\/\",\"name\":\"Stiropor ugao SU-711\\\/1 - Dekorativni stiropor | Fili\u0107 Decor | Fili\u0107\",\"isPartOf\":{\"@id\":\"https:\\\/\\\/filicdecor.com\\\/fr\\\/#website\"},\"primaryImageOfPage\":{\"@id\":\"https:\\\/\\\/filicdecor.com\\\/stiropor-ugao-su-711-1\\\/#primaryimage\"},\"image\":{\"@id\":\"https:\\\/\\\/filicdecor.com\\\/stiropor-ugao-su-711-1\\\/#primaryimage\"},\"thumbnailUrl\":\"https:\\\/\\\/filicdecor.com\\\/wp-content\\\/uploads\\\/2023\\\/12\\\/SU-711-1.webp\",\"datePublished\":\"2023-12-14T13:21:14+00:00\",\"dateModified\":\"2024-06-05T11:10:04+00:00\",\"breadcrumb\":{\"@id\":\"https:\\\/\\\/filicdecor.com\\\/stiropor-ugao-su-711-1\\\/#breadcrumb\"},\"inLanguage\":\"de\",\"potentialAction\":[{\"@type\":\"ReadAction\",\"target\":[\"https:\\\/\\\/filicdecor.com\\\/stiropor-ugao-su-711-1\\\/\"]}]},{\"@type\":\"ImageObject\",\"inLanguage\":\"de\",\"@id\":\"https:\\\/\\\/filicdecor.com\\\/stiropor-ugao-su-711-1\\\/#primaryimage\",\"url\":\"https:\\\/\\\/filicdecor.com\\\/wp-content\\\/uploads\\\/2023\\\/12\\\/SU-711-1.webp\",\"contentUrl\":\"https:\\\/\\\/filicdecor.com\\\/wp-content\\\/uploads\\\/2023\\\/12\\\/SU-711-1.webp\",\"width\":920,\"height\":480},{\"@type\":\"BreadcrumbList\",\"@id\":\"https:\\\/\\\/filicdecor.com\\\/stiropor-ugao-su-711-1\\\/#breadcrumb\",\"itemListElement\":[{\"@type\":\"ListItem\",\"position\":1,\"name\":\"\u041f\u043e\u0447\u0435\u0442\u043d\u0430\",\"item\":\"https:\\\/\\\/filicdecor.com\\\/\"},{\"@type\":\"ListItem\",\"position\":2,\"name\":\"Shop\",\"item\":\"https:\\\/\\\/filicdecor.com\\\/shop\\\/\"},{\"@type\":\"ListItem\",\"position\":3,\"name\":\"Stiropor ugao SU-711\\\/1\"}]},{\"@type\":\"WebSite\",\"@id\":\"https:\\\/\\\/filicdecor.com\\\/fr\\\/#website\",\"url\":\"https:\\\/\\\/filicdecor.com\\\/fr\\\/\",\"name\":\"Dekorativni stiropor | Fili\u0107 Decor | Fili\u0107\",\"description\":\"| - Fili\u0107 Fasade za poneti\",\"potentialAction\":[{\"@type\":\"SearchAction\",\"target\":{\"@type\":\"EntryPoint\",\"urlTemplate\":\"https:\\\/\\\/filicdecor.com\\\/fr\\\/?s={search_term_string}\"},\"query-input\":{\"@type\":\"PropertyValueSpecification\",\"valueRequired\":true,\"valueName\":\"search_term_string\"}}],\"inLanguage\":\"de\"}]}<\/script>\n<!-- \/ Yoast SEO plugin. -->","yoast_head_json":{"title":"Stiropor ugao SU-711\/1 - Dekorativni stiropor | Fili\u0107 Decor | Fili\u0107","robots":{"index":"index","follow":"follow","max-snippet":"max-snippet:-1","max-image-preview":"max-image-preview:large","max-video-preview":"max-video-preview:-1"},"canonical":"https:\/\/filicdecor.com\/de\/stiropor-ugao-su-711-1\/","og_locale":"de_DE","og_type":"article","og_title":"Stiropor ugao SU-711\/1 - Dekorativni stiropor | Fili\u0107 Decor | Fili\u0107","og_description":"OPIS: Ugao SU-711\/1 odgovara lajsni SLU-711. Dimenzije:\u00a022cm x 22cm Proizvo\u0111a\u010d:\u00a0Marbet design Materijal:\u00a0Ekstrudirani polistiren gustine 20kg\/m\u00b3    &nbsp;","og_url":"https:\/\/filicdecor.com\/de\/stiropor-ugao-su-711-1\/","og_site_name":"Dekorativni stiropor | Fili\u0107 Decor | Fili\u0107","article_modified_time":"2024-06-05T11:10:04+00:00","og_image":[{"width":920,"height":480,"url":"https:\/\/filicdecor.com\/wp-content\/uploads\/2023\/12\/SU-711-1.webp","type":"image\/webp"}],"twitter_card":"summary_large_image","schema":{"@context":"https:\/\/schema.org","@graph":[{"@type":"WebPage","@id":"https:\/\/filicdecor.com\/stiropor-ugao-su-711-1\/","url":"https:\/\/filicdecor.com\/stiropor-ugao-su-711-1\/","name":"Stiropor ugao SU-711\/1 - Dekorativni stiropor | Fili\u0107 Decor | Fili\u0107","isPartOf":{"@id":"https:\/\/filicdecor.com\/fr\/#website"},"primaryImageOfPage":{"@id":"https:\/\/filicdecor.com\/stiropor-ugao-su-711-1\/#primaryimage"},"image":{"@id":"https:\/\/filicdecor.com\/stiropor-ugao-su-711-1\/#primaryimage"},"thumbnailUrl":"https:\/\/filicdecor.com\/wp-content\/uploads\/2023\/12\/SU-711-1.webp","datePublished":"2023-12-14T13:21:14+00:00","dateModified":"2024-06-05T11:10:04+00:00","breadcrumb":{"@id":"https:\/\/filicdecor.com\/stiropor-ugao-su-711-1\/#breadcrumb"},"inLanguage":"de","potentialAction":[{"@type":"ReadAction","target":["https:\/\/filicdecor.com\/stiropor-ugao-su-711-1\/"]}]},{"@type":"ImageObject","inLanguage":"de","@id":"https:\/\/filicdecor.com\/stiropor-ugao-su-711-1\/#primaryimage","url":"https:\/\/filicdecor.com\/wp-content\/uploads\/2023\/12\/SU-711-1.webp","contentUrl":"https:\/\/filicdecor.com\/wp-content\/uploads\/2023\/12\/SU-711-1.webp","width":920,"height":480},{"@type":"BreadcrumbList","@id":"https:\/\/filicdecor.com\/stiropor-ugao-su-711-1\/#breadcrumb","itemListElement":[{"@type":"ListItem","position":1,"name":"Po\u010detna","item":"https:\/\/filicdecor.com\/"},{"@type":"ListItem","position":2,"name":"Shop","item":"https:\/\/filicdecor.com\/shop\/"},{"@type":"ListItem","position":3,"name":"Stiropor ugao SU-711\/1"}]},{"@type":"WebSite","@id":"https:\/\/filicdecor.com\/fr\/#website","url":"https:\/\/filicdecor.com\/fr\/","name":"Dekorativni stiropor | Fili\u0107 Decor | Fili\u0107","description":"| - Fili\u0107 Fasade za poneti","potentialAction":[{"@type":"SearchAction","target":{"@type":"EntryPoint","urlTemplate":"https:\/\/filicdecor.com\/fr\/?s={search_term_string}"},"query-input":{"@type":"PropertyValueSpecification","valueRequired":true,"valueName":"search_term_string"}}],"inLanguage":"de"}]}},"_links":{"self":[{"href":"https:\/\/filicdecor.com\/de\/wp-json\/wp\/v2\/product\/3078","targetHints":{"allow":["GET"]}}],"collection":[{"href":"https:\/\/filicdecor.com\/de\/wp-json\/wp\/v2\/product"}],"about":[{"href":"https:\/\/filicdecor.com\/de\/wp-json\/wp\/v2\/types\/product"}],"version-history":[{"count":3,"href":"https:\/\/filicdecor.com\/de\/wp-json\/wp\/v2\/product\/3078\/revisions"}],"predecessor-version":[{"id":3086,"href":"https:\/\/filicdecor.com\/de\/wp-json\/wp\/v2\/product\/3078\/revisions\/3086"}],"wp:featuredmedia":[{"embeddable":true,"href":"https:\/\/filicdecor.com\/de\/wp-json\/wp\/v2\/media\/3087"}],"wp:attachment":[{"href":"https:\/\/filicdecor.com\/de\/wp-json\/wp\/v2\/media?parent=3078"}],"wp:term":[{"taxonomy":"product_brand","embeddable":true,"href":"https:\/\/filicdecor.com\/de\/wp-json\/wp\/v2\/product_brand?post=3078"},{"taxonomy":"product_cat","embeddable":true,"href":"https:\/\/filicdecor.com\/de\/wp-json\/wp\/v2\/product_cat?post=3078"},{"taxonomy":"product_tag","embeddable":true,"href":"https:\/\/filicdecor.com\/de\/wp-json\/wp\/v2\/product_tag?post=3078"}],"curies":[{"name":"wp","href":"https:\/\/api.w.org\/{rel}","templated":true}]}}