{"id":2961,"date":"2023-12-14T12:39:14","date_gmt":"2023-12-14T12:39:14","guid":{"rendered":"https:\/\/filicdecor.com\/?post_type=product&#038;p=2961"},"modified":"2023-12-14T12:41:36","modified_gmt":"2023-12-14T12:41:36","slug":"zidna-obloga-piramide","status":"publish","type":"product","link":"https:\/\/filicdecor.com\/de\/zidna-obloga-piramide\/","title":{"rendered":"Wandverkleidung Piramide"},"content":{"rendered":"<p>Mit unserem\u00a0<strong>3D-Wandpaneele\u00a0<\/strong>Aus Styropor (EPS) bieten wir Ihnen eine kreative M\u00f6glichkeit zur Innengestaltung. Kreieren Sie Ihren eigenen, einzigartigen Stil und verleihen Sie Ihrem Zuhause eine pers\u00f6nliche Note.<br \/>\nOriginal 3D-Paneele von Marbet Design eignen sich hervorragend als effektvolle Gestaltungselemente, aber auch als\u00a0<strong>h\u00f6rbar\u00a0<\/strong>und<strong>\u00a0W\u00e4rmeisolatoren<\/strong>\u00a0die alle M\u00e4ngel an Ihren W\u00e4nden abdecken.<\/p>\n<ul>\n<li>3D-Paneele f\u00fcr eine effektvolle und spannende Wanddekoration<\/li>\n<li>Ekspandirani polistiren &#8211; bez rastvara\u010da i CFC-a<\/li>\n<li>Es wird f\u00fcr den Innenbereich empfohlen \u2013 Schall- und W\u00e4rmed\u00e4mmung<\/li>\n<li>Sie decken Risse und M\u00e4ngel an den W\u00e4nden ab<\/li>\n<\/ul>\n<p><strong>Aufstellen<\/strong>:<br \/>\n3D-Wandpaneele haben ein attraktives Aussehen und sind sehr einfach zu installieren. Sie sind sehr leicht, belasten die W\u00e4nde nicht und sind resistent gegen Feuchtigkeit, Schimmel und Insekten. Sie sind in Wei\u00df erh\u00e4ltlich, k\u00f6nnen aber dank einer guten Unterlage mit jeder Acrylfarbe \u00fcbermalt werden. Sie k\u00f6nnen auf jeder Oberfl\u00e4che platziert werden, solange diese flach und trocken ist. Bei der Montage von 3D-Wandpaneelen empfehlen wir die Verwendung von Acrylkleber. Die Verwendung von nicht wasserbasierten Leimen oder Farben kann Ihre Paneele besch\u00e4digen, w\u00e4hrend Leime und Farben auf Acrylbasis Sicherheit und ein makelloses Aussehen garantieren.3D-Wandpaneele bestehen aus zusammenf\u00fcgbaren Paneelen oder mit Zwischenr\u00e4umen zwischen den Paneelen, um leicht akzentuierte Fugen zu schaffen. Je nach Ihren Vorstellungen k\u00f6nnen die Paneele einzeln oder als gr\u00f6\u00dfere Einheit montiert werden. Auf die R\u00fcckseite des 3D-Wandpaneels wird entlang der Au\u00dfenkanten Kleber aufgetragen, die Paneele werden platziert und mit leichtem Druck an die Wand geklebt. Wenn Sie die gew\u00fcnschte Oberfl\u00e4che mit 3D-Dekorplatten bedecken, warten Sie eine Stunde, bis der Kleber getrocknet ist. Gl\u00e4tten Sie anschlie\u00dfend die Plattenkompositionen so, dass sie nicht auffallen. Das Gl\u00e4tten erfolgt mit dem gleichen Kleber, der auch f\u00fcr die Montage der Paneele verwendet wurde. Wenn Sie eine betonte Fuge zwischen den Platten w\u00fcnschen, verwenden Sie Keramikkreuze.<\/p>","protected":false},"excerpt":{"rendered":"<p><strong>Ma\u00dfe:<\/strong>\u00a050cm x 50cm x 2,4cm<br \/>\n<strong>Material:\u00a0<\/strong>Ekspandirani polistiren &#8211; EPS<br \/>\n<strong>Empfohlene Komponenten<\/strong>:<br \/>\n<strong>Pogodan lepak &#8211;<\/strong>\u00a0TITAN PLUS,\u00a0TITAN SUPER<\/p>\n<p><img decoding=\"async\" class=\"alignnone size-full wp-image-1740\" src=\"https:\/\/filicdecor.com\/wp-content\/uploads\/2023\/12\/MarbetDesignLogo.png\" alt=\"\" width=\"189\" height=\"28\" srcset=\"https:\/\/filicdecor.com\/wp-content\/uploads\/2023\/12\/MarbetDesignLogo.png 189w, https:\/\/filicdecor.com\/wp-content\/uploads\/2023\/12\/MarbetDesignLogo-150x22.png 150w\" sizes=\"(max-width: 189px) 100vw, 189px\" \/><\/p>","protected":false},"featured_media":2962,"template":"","meta":[],"product_brand":[],"product_cat":[174,72],"product_tag":[],"class_list":{"0":"post-2961","1":"product","2":"type-product","3":"status-publish","4":"has-post-thumbnail","6":"product_cat-3d-paneli","7":"product_cat-zidne-obloge","9":"first","10":"outofstock","11":"shipping-taxable","12":"purchasable","13":"product-type-simple"},"yoast_head":"<!-- This site is optimized with the Yoast SEO plugin v27.4 - https:\/\/yoast.com\/product\/yoast-seo-wordpress\/ -->\n<title>Zidna obloga Piramide - Dekorativni stiropor | Fili\u0107 Decor | Fili\u0107<\/title>\n<meta name=\"robots\" content=\"index, follow, max-snippet:-1, max-image-preview:large, max-video-preview:-1\" \/>\n<link rel=\"canonical\" href=\"https:\/\/filicdecor.com\/de\/zidna-obloga-piramide\/\" \/>\n<meta property=\"og:locale\" content=\"de_DE\" \/>\n<meta property=\"og:type\" content=\"article\" \/>\n<meta property=\"og:title\" content=\"Zidna obloga Piramide - Dekorativni stiropor | Fili\u0107 Decor | Fili\u0107\" \/>\n<meta property=\"og:description\" content=\"Dimenzije:\u00a050cm x 50cm x 2,4cm Materijal:\u00a0Ekspandirani polistiren - EPS Preporu\u010dene komponente: Pogodan lepak -\u00a0TITAN PLUS,\u00a0TITAN SUPER\" \/>\n<meta property=\"og:url\" content=\"https:\/\/filicdecor.com\/de\/zidna-obloga-piramide\/\" \/>\n<meta property=\"og:site_name\" content=\"Dekorativni stiropor | Fili\u0107 Decor | Fili\u0107\" \/>\n<meta property=\"article:modified_time\" content=\"2023-12-14T12:41:36+00:00\" \/>\n<meta property=\"og:image\" content=\"https:\/\/filicdecor.com\/wp-content\/uploads\/2023\/12\/PIRAMIDE.jpg\" \/>\n\t<meta property=\"og:image:width\" content=\"1000\" \/>\n\t<meta property=\"og:image:height\" content=\"750\" \/>\n\t<meta property=\"og:image:type\" content=\"image\/jpeg\" \/>\n<meta name=\"twitter:card\" content=\"summary_large_image\" \/>\n<meta name=\"twitter:label1\" content=\"Gesch\u00e4tzte Lesezeit\" \/>\n\t<meta name=\"twitter:data1\" content=\"2\u00a0Minuten\" \/>\n<script type=\"application\/ld+json\" class=\"yoast-schema-graph\">{\"@context\":\"https:\\\/\\\/schema.org\",\"@graph\":[{\"@type\":\"WebPage\",\"@id\":\"https:\\\/\\\/filicdecor.com\\\/zidna-obloga-piramide\\\/\",\"url\":\"https:\\\/\\\/filicdecor.com\\\/zidna-obloga-piramide\\\/\",\"name\":\"Zidna obloga Piramide - Dekorativni stiropor | Fili\u0107 Decor | Fili\u0107\",\"isPartOf\":{\"@id\":\"https:\\\/\\\/filicdecor.com\\\/fr\\\/#website\"},\"primaryImageOfPage\":{\"@id\":\"https:\\\/\\\/filicdecor.com\\\/zidna-obloga-piramide\\\/#primaryimage\"},\"image\":{\"@id\":\"https:\\\/\\\/filicdecor.com\\\/zidna-obloga-piramide\\\/#primaryimage\"},\"thumbnailUrl\":\"https:\\\/\\\/filicdecor.com\\\/wp-content\\\/uploads\\\/2023\\\/12\\\/PIRAMIDE.jpg\",\"datePublished\":\"2023-12-14T12:39:14+00:00\",\"dateModified\":\"2023-12-14T12:41:36+00:00\",\"breadcrumb\":{\"@id\":\"https:\\\/\\\/filicdecor.com\\\/zidna-obloga-piramide\\\/#breadcrumb\"},\"inLanguage\":\"de\",\"potentialAction\":[{\"@type\":\"ReadAction\",\"target\":[\"https:\\\/\\\/filicdecor.com\\\/zidna-obloga-piramide\\\/\"]}]},{\"@type\":\"ImageObject\",\"inLanguage\":\"de\",\"@id\":\"https:\\\/\\\/filicdecor.com\\\/zidna-obloga-piramide\\\/#primaryimage\",\"url\":\"https:\\\/\\\/filicdecor.com\\\/wp-content\\\/uploads\\\/2023\\\/12\\\/PIRAMIDE.jpg\",\"contentUrl\":\"https:\\\/\\\/filicdecor.com\\\/wp-content\\\/uploads\\\/2023\\\/12\\\/PIRAMIDE.jpg\",\"width\":1000,\"height\":750},{\"@type\":\"BreadcrumbList\",\"@id\":\"https:\\\/\\\/filicdecor.com\\\/zidna-obloga-piramide\\\/#breadcrumb\",\"itemListElement\":[{\"@type\":\"ListItem\",\"position\":1,\"name\":\"\u041f\u043e\u0447\u0435\u0442\u043d\u0430\",\"item\":\"https:\\\/\\\/filicdecor.com\\\/\"},{\"@type\":\"ListItem\",\"position\":2,\"name\":\"Shop\",\"item\":\"https:\\\/\\\/filicdecor.com\\\/shop\\\/\"},{\"@type\":\"ListItem\",\"position\":3,\"name\":\"Zidna obloga Piramide\"}]},{\"@type\":\"WebSite\",\"@id\":\"https:\\\/\\\/filicdecor.com\\\/fr\\\/#website\",\"url\":\"https:\\\/\\\/filicdecor.com\\\/fr\\\/\",\"name\":\"Dekorativni stiropor | Fili\u0107 Decor | Fili\u0107\",\"description\":\"| - Fili\u0107 Fasade za poneti\",\"potentialAction\":[{\"@type\":\"SearchAction\",\"target\":{\"@type\":\"EntryPoint\",\"urlTemplate\":\"https:\\\/\\\/filicdecor.com\\\/fr\\\/?s={search_term_string}\"},\"query-input\":{\"@type\":\"PropertyValueSpecification\",\"valueRequired\":true,\"valueName\":\"search_term_string\"}}],\"inLanguage\":\"de\"}]}<\/script>\n<!-- \/ Yoast SEO plugin. -->","yoast_head_json":{"title":"Zidna obloga Piramide - Dekorativni stiropor | Fili\u0107 Decor | Fili\u0107","robots":{"index":"index","follow":"follow","max-snippet":"max-snippet:-1","max-image-preview":"max-image-preview:large","max-video-preview":"max-video-preview:-1"},"canonical":"https:\/\/filicdecor.com\/de\/zidna-obloga-piramide\/","og_locale":"de_DE","og_type":"article","og_title":"Zidna obloga Piramide - Dekorativni stiropor | Fili\u0107 Decor | Fili\u0107","og_description":"Dimenzije:\u00a050cm x 50cm x 2,4cm Materijal:\u00a0Ekspandirani polistiren - EPS Preporu\u010dene komponente: Pogodan lepak -\u00a0TITAN PLUS,\u00a0TITAN SUPER","og_url":"https:\/\/filicdecor.com\/de\/zidna-obloga-piramide\/","og_site_name":"Dekorativni stiropor | Fili\u0107 Decor | Fili\u0107","article_modified_time":"2023-12-14T12:41:36+00:00","og_image":[{"width":1000,"height":750,"url":"https:\/\/filicdecor.com\/wp-content\/uploads\/2023\/12\/PIRAMIDE.jpg","type":"image\/jpeg"}],"twitter_card":"summary_large_image","twitter_misc":{"Gesch\u00e4tzte Lesezeit":"2\u00a0Minuten"},"schema":{"@context":"https:\/\/schema.org","@graph":[{"@type":"WebPage","@id":"https:\/\/filicdecor.com\/zidna-obloga-piramide\/","url":"https:\/\/filicdecor.com\/zidna-obloga-piramide\/","name":"Zidna obloga Piramide - Dekorativni stiropor | Fili\u0107 Decor | Fili\u0107","isPartOf":{"@id":"https:\/\/filicdecor.com\/fr\/#website"},"primaryImageOfPage":{"@id":"https:\/\/filicdecor.com\/zidna-obloga-piramide\/#primaryimage"},"image":{"@id":"https:\/\/filicdecor.com\/zidna-obloga-piramide\/#primaryimage"},"thumbnailUrl":"https:\/\/filicdecor.com\/wp-content\/uploads\/2023\/12\/PIRAMIDE.jpg","datePublished":"2023-12-14T12:39:14+00:00","dateModified":"2023-12-14T12:41:36+00:00","breadcrumb":{"@id":"https:\/\/filicdecor.com\/zidna-obloga-piramide\/#breadcrumb"},"inLanguage":"de","potentialAction":[{"@type":"ReadAction","target":["https:\/\/filicdecor.com\/zidna-obloga-piramide\/"]}]},{"@type":"ImageObject","inLanguage":"de","@id":"https:\/\/filicdecor.com\/zidna-obloga-piramide\/#primaryimage","url":"https:\/\/filicdecor.com\/wp-content\/uploads\/2023\/12\/PIRAMIDE.jpg","contentUrl":"https:\/\/filicdecor.com\/wp-content\/uploads\/2023\/12\/PIRAMIDE.jpg","width":1000,"height":750},{"@type":"BreadcrumbList","@id":"https:\/\/filicdecor.com\/zidna-obloga-piramide\/#breadcrumb","itemListElement":[{"@type":"ListItem","position":1,"name":"Po\u010detna","item":"https:\/\/filicdecor.com\/"},{"@type":"ListItem","position":2,"name":"Shop","item":"https:\/\/filicdecor.com\/shop\/"},{"@type":"ListItem","position":3,"name":"Zidna obloga Piramide"}]},{"@type":"WebSite","@id":"https:\/\/filicdecor.com\/fr\/#website","url":"https:\/\/filicdecor.com\/fr\/","name":"Dekorativni stiropor | Fili\u0107 Decor | Fili\u0107","description":"| - Fili\u0107 Fasade za poneti","potentialAction":[{"@type":"SearchAction","target":{"@type":"EntryPoint","urlTemplate":"https:\/\/filicdecor.com\/fr\/?s={search_term_string}"},"query-input":{"@type":"PropertyValueSpecification","valueRequired":true,"valueName":"search_term_string"}}],"inLanguage":"de"}]}},"_links":{"self":[{"href":"https:\/\/filicdecor.com\/de\/wp-json\/wp\/v2\/product\/2961","targetHints":{"allow":["GET"]}}],"collection":[{"href":"https:\/\/filicdecor.com\/de\/wp-json\/wp\/v2\/product"}],"about":[{"href":"https:\/\/filicdecor.com\/de\/wp-json\/wp\/v2\/types\/product"}],"version-history":[{"count":1,"href":"https:\/\/filicdecor.com\/de\/wp-json\/wp\/v2\/product\/2961\/revisions"}],"predecessor-version":[{"id":2964,"href":"https:\/\/filicdecor.com\/de\/wp-json\/wp\/v2\/product\/2961\/revisions\/2964"}],"wp:featuredmedia":[{"embeddable":true,"href":"https:\/\/filicdecor.com\/de\/wp-json\/wp\/v2\/media\/2962"}],"wp:attachment":[{"href":"https:\/\/filicdecor.com\/de\/wp-json\/wp\/v2\/media?parent=2961"}],"wp:term":[{"taxonomy":"product_brand","embeddable":true,"href":"https:\/\/filicdecor.com\/de\/wp-json\/wp\/v2\/product_brand?post=2961"},{"taxonomy":"product_cat","embeddable":true,"href":"https:\/\/filicdecor.com\/de\/wp-json\/wp\/v2\/product_cat?post=2961"},{"taxonomy":"product_tag","embeddable":true,"href":"https:\/\/filicdecor.com\/de\/wp-json\/wp\/v2\/product_tag?post=2961"}],"curies":[{"name":"wp","href":"https:\/\/api.w.org\/{rel}","templated":true}]}}