{"id":1834,"date":"2023-12-12T15:36:15","date_gmt":"2023-12-12T15:36:15","guid":{"rendered":"https:\/\/filicdecor.com\/?post_type=product&#038;p=1834"},"modified":"2024-09-05T14:13:59","modified_gmt":"2024-09-05T14:13:59","slug":"zidni-panel-woodline-wl-2700x300","status":"publish","type":"product","link":"https:\/\/filicdecor.com\/de\/zidni-panel-woodline-wl-2700x300\/","title":{"rendered":"Wandpaneel WOODLINE WL 2700\u00d7300"},"content":{"rendered":"<p><strong>Wandpaneele aus Lamellen mit Filz<\/strong><br \/>\nEntdecken Sie eine neue M\u00f6glichkeit der Innenarchitektur mit <strong>WOODLINE<\/strong> Lattenroste! MDF-Lamellen auf Filzbasis sind die perfekte Designl\u00f6sung f\u00fcr die Dekoration Ihres Raumes. Die WOODLINE-Kollektion stellt nicht nur ein tolles dekoratives Detail auf der Wandoberfl\u00e4che dar, sondern erm\u00f6glicht durch die Verwendung einzelner Paneele auch die Abtrennung zus\u00e4tzlicher R\u00e4ume und tr\u00e4gt mit der Filzr\u00fcckseite zur Schalld\u00e4mmung des Raumes bei.<\/p>\n<p><strong>Die Verwendung von:<\/strong><br \/>\n- als Schallschutz<br \/>\n- zum Dekorieren<br \/>\n- um Raum zu definieren<\/p>\n<p><strong>Filzhintergrund in zwei Farben erh\u00e4ltlich:<\/strong><br \/>\nSchwarz oder grau\u2026<\/p>\n<p><strong>Die Lamellen sind in 8 Farben erh\u00e4ltlich:<\/strong><br \/>\n- Matt-schwarz<br \/>\n- dunkle Eiche<br \/>\n-helle Eiche<br \/>\n-Sonoma-Eiche<br \/>\n&#8211; beton<br \/>\n&#8211; morska<br \/>\n&#8211; bela<br \/>\n&#8211; zelena<\/p>\n<p><strong>Verf\u00fcgbare Abmessungen:<\/strong><br \/>\n2700 x 300 mm, 2700 x 400 mm, 400 x 400 mm, 300 x 300 mm 600 x 600 mm<\/p>\n<p>Die definierten Ma\u00dfe passen nicht in Ihren Raum?<br \/>\nWOODLINE-Paneele k\u00f6nnen einfach und schnell auf die entsprechenden Abmessungen zugeschnitten werden, sodass sie perfekt in Ihren Raum passen!<\/p>","protected":false},"excerpt":{"rendered":"<p><strong>Ma\u00dfe:<\/strong> 2700x300mm<br \/>\n<strong>Hersteller:\u00a0<\/strong>Marbet design<br \/>\n<strong>Material:<\/strong>\u00a0MDF\/filc<\/p>\n<p><img decoding=\"async\" class=\"alignnone size-full wp-image-1740\" src=\"https:\/\/filicdecor.com\/wp-content\/uploads\/2023\/12\/MarbetDesignLogo.png\" alt=\"\" width=\"189\" height=\"28\" srcset=\"https:\/\/filicdecor.com\/wp-content\/uploads\/2023\/12\/MarbetDesignLogo.png 189w, https:\/\/filicdecor.com\/wp-content\/uploads\/2023\/12\/MarbetDesignLogo-150x22.png 150w\" sizes=\"(max-width: 189px) 100vw, 189px\" \/><\/p>","protected":false},"featured_media":9163,"template":"","meta":[],"product_brand":[],"product_cat":[109,72],"product_tag":[],"class_list":{"0":"post-1834","1":"product","2":"type-product","3":"status-publish","4":"has-post-thumbnail","6":"product_cat-woodline","7":"product_cat-zidne-obloge","9":"first","10":"instock","11":"sale","12":"shipping-taxable","13":"purchasable","14":"product-type-variable"},"yoast_head":"<!-- This site is optimized with the Yoast SEO plugin v27.4 - https:\/\/yoast.com\/product\/yoast-seo-wordpress\/ -->\n<title>Zidni panel WOODLINE WL 2700x300 - Dekorativni stiropor | Fili\u0107 Decor | Fili\u0107<\/title>\n<meta name=\"robots\" content=\"index, follow, max-snippet:-1, max-image-preview:large, max-video-preview:-1\" \/>\n<link rel=\"canonical\" href=\"https:\/\/filicdecor.com\/de\/zidni-panel-woodline-wl-2700x300\/\" \/>\n<meta property=\"og:locale\" content=\"de_DE\" \/>\n<meta property=\"og:type\" content=\"article\" \/>\n<meta property=\"og:title\" content=\"Zidni panel WOODLINE WL 2700x300 - Dekorativni stiropor | Fili\u0107 Decor | Fili\u0107\" \/>\n<meta property=\"og:description\" content=\"Dimenzije: 2700x300mm Proizvo\u0111a\u010d:\u00a0Marbet design Materijal:\u00a0MDF\/filc\" \/>\n<meta property=\"og:url\" content=\"https:\/\/filicdecor.com\/de\/zidni-panel-woodline-wl-2700x300\/\" \/>\n<meta property=\"og:site_name\" content=\"Dekorativni stiropor | Fili\u0107 Decor | Fili\u0107\" \/>\n<meta property=\"article:modified_time\" content=\"2024-09-05T14:13:59+00:00\" \/>\n<meta property=\"og:image\" content=\"https:\/\/filicdecor.com\/wp-content\/uploads\/2023\/12\/zidni-paneli-od-letvoca-2.jpg\" \/>\n\t<meta property=\"og:image:width\" content=\"1000\" \/>\n\t<meta property=\"og:image:height\" content=\"750\" \/>\n\t<meta property=\"og:image:type\" content=\"image\/jpeg\" \/>\n<meta name=\"twitter:card\" content=\"summary_large_image\" \/>\n<meta name=\"twitter:label1\" content=\"Gesch\u00e4tzte Lesezeit\" \/>\n\t<meta name=\"twitter:data1\" content=\"1\u00a0Minute\" \/>\n<script type=\"application\/ld+json\" class=\"yoast-schema-graph\">{\"@context\":\"https:\\\/\\\/schema.org\",\"@graph\":[{\"@type\":\"WebPage\",\"@id\":\"https:\\\/\\\/filicdecor.com\\\/zidni-panel-woodline-wl-2700x300\\\/\",\"url\":\"https:\\\/\\\/filicdecor.com\\\/zidni-panel-woodline-wl-2700x300\\\/\",\"name\":\"Zidni panel WOODLINE WL 2700x300 - Dekorativni stiropor | Fili\u0107 Decor | Fili\u0107\",\"isPartOf\":{\"@id\":\"https:\\\/\\\/filicdecor.com\\\/fr\\\/#website\"},\"primaryImageOfPage\":{\"@id\":\"https:\\\/\\\/filicdecor.com\\\/zidni-panel-woodline-wl-2700x300\\\/#primaryimage\"},\"image\":{\"@id\":\"https:\\\/\\\/filicdecor.com\\\/zidni-panel-woodline-wl-2700x300\\\/#primaryimage\"},\"thumbnailUrl\":\"https:\\\/\\\/filicdecor.com\\\/wp-content\\\/uploads\\\/2023\\\/12\\\/zidni-paneli-od-letvoca-2.webp\",\"datePublished\":\"2023-12-12T15:36:15+00:00\",\"dateModified\":\"2024-09-05T14:13:59+00:00\",\"breadcrumb\":{\"@id\":\"https:\\\/\\\/filicdecor.com\\\/zidni-panel-woodline-wl-2700x300\\\/#breadcrumb\"},\"inLanguage\":\"de\",\"potentialAction\":[{\"@type\":\"ReadAction\",\"target\":[\"https:\\\/\\\/filicdecor.com\\\/zidni-panel-woodline-wl-2700x300\\\/\"]}]},{\"@type\":\"ImageObject\",\"inLanguage\":\"de\",\"@id\":\"https:\\\/\\\/filicdecor.com\\\/zidni-panel-woodline-wl-2700x300\\\/#primaryimage\",\"url\":\"https:\\\/\\\/filicdecor.com\\\/wp-content\\\/uploads\\\/2023\\\/12\\\/zidni-paneli-od-letvoca-2.webp\",\"contentUrl\":\"https:\\\/\\\/filicdecor.com\\\/wp-content\\\/uploads\\\/2023\\\/12\\\/zidni-paneli-od-letvoca-2.webp\",\"width\":920,\"height\":480},{\"@type\":\"BreadcrumbList\",\"@id\":\"https:\\\/\\\/filicdecor.com\\\/zidni-panel-woodline-wl-2700x300\\\/#breadcrumb\",\"itemListElement\":[{\"@type\":\"ListItem\",\"position\":1,\"name\":\"\u041f\u043e\u0447\u0435\u0442\u043d\u0430\",\"item\":\"https:\\\/\\\/filicdecor.com\\\/\"},{\"@type\":\"ListItem\",\"position\":2,\"name\":\"Shop\",\"item\":\"https:\\\/\\\/filicdecor.com\\\/shop\\\/\"},{\"@type\":\"ListItem\",\"position\":3,\"name\":\"Zidni panel WOODLINE WL 2700&#215;300\"}]},{\"@type\":\"WebSite\",\"@id\":\"https:\\\/\\\/filicdecor.com\\\/fr\\\/#website\",\"url\":\"https:\\\/\\\/filicdecor.com\\\/fr\\\/\",\"name\":\"Dekorativni stiropor | Fili\u0107 Decor | Fili\u0107\",\"description\":\"| - Fili\u0107 Fasade za poneti\",\"potentialAction\":[{\"@type\":\"SearchAction\",\"target\":{\"@type\":\"EntryPoint\",\"urlTemplate\":\"https:\\\/\\\/filicdecor.com\\\/fr\\\/?s={search_term_string}\"},\"query-input\":{\"@type\":\"PropertyValueSpecification\",\"valueRequired\":true,\"valueName\":\"search_term_string\"}}],\"inLanguage\":\"de\"}]}<\/script>\n<!-- \/ Yoast SEO plugin. -->","yoast_head_json":{"title":"Zidni panel WOODLINE WL 2700x300 - Dekorativni stiropor | Fili\u0107 Decor | Fili\u0107","robots":{"index":"index","follow":"follow","max-snippet":"max-snippet:-1","max-image-preview":"max-image-preview:large","max-video-preview":"max-video-preview:-1"},"canonical":"https:\/\/filicdecor.com\/de\/zidni-panel-woodline-wl-2700x300\/","og_locale":"de_DE","og_type":"article","og_title":"Zidni panel WOODLINE WL 2700x300 - Dekorativni stiropor | Fili\u0107 Decor | Fili\u0107","og_description":"Dimenzije: 2700x300mm Proizvo\u0111a\u010d:\u00a0Marbet design Materijal:\u00a0MDF\/filc","og_url":"https:\/\/filicdecor.com\/de\/zidni-panel-woodline-wl-2700x300\/","og_site_name":"Dekorativni stiropor | Fili\u0107 Decor | Fili\u0107","article_modified_time":"2024-09-05T14:13:59+00:00","og_image":[{"width":1000,"height":750,"url":"https:\/\/filicdecor.com\/wp-content\/uploads\/2023\/12\/zidni-paneli-od-letvoca-2.jpg","type":"image\/jpeg"}],"twitter_card":"summary_large_image","twitter_misc":{"Gesch\u00e4tzte Lesezeit":"1\u00a0Minute"},"schema":{"@context":"https:\/\/schema.org","@graph":[{"@type":"WebPage","@id":"https:\/\/filicdecor.com\/zidni-panel-woodline-wl-2700x300\/","url":"https:\/\/filicdecor.com\/zidni-panel-woodline-wl-2700x300\/","name":"Zidni panel WOODLINE WL 2700x300 - Dekorativni stiropor | Fili\u0107 Decor | Fili\u0107","isPartOf":{"@id":"https:\/\/filicdecor.com\/fr\/#website"},"primaryImageOfPage":{"@id":"https:\/\/filicdecor.com\/zidni-panel-woodline-wl-2700x300\/#primaryimage"},"image":{"@id":"https:\/\/filicdecor.com\/zidni-panel-woodline-wl-2700x300\/#primaryimage"},"thumbnailUrl":"https:\/\/filicdecor.com\/wp-content\/uploads\/2023\/12\/zidni-paneli-od-letvoca-2.webp","datePublished":"2023-12-12T15:36:15+00:00","dateModified":"2024-09-05T14:13:59+00:00","breadcrumb":{"@id":"https:\/\/filicdecor.com\/zidni-panel-woodline-wl-2700x300\/#breadcrumb"},"inLanguage":"de","potentialAction":[{"@type":"ReadAction","target":["https:\/\/filicdecor.com\/zidni-panel-woodline-wl-2700x300\/"]}]},{"@type":"ImageObject","inLanguage":"de","@id":"https:\/\/filicdecor.com\/zidni-panel-woodline-wl-2700x300\/#primaryimage","url":"https:\/\/filicdecor.com\/wp-content\/uploads\/2023\/12\/zidni-paneli-od-letvoca-2.webp","contentUrl":"https:\/\/filicdecor.com\/wp-content\/uploads\/2023\/12\/zidni-paneli-od-letvoca-2.webp","width":920,"height":480},{"@type":"BreadcrumbList","@id":"https:\/\/filicdecor.com\/zidni-panel-woodline-wl-2700x300\/#breadcrumb","itemListElement":[{"@type":"ListItem","position":1,"name":"Po\u010detna","item":"https:\/\/filicdecor.com\/"},{"@type":"ListItem","position":2,"name":"Shop","item":"https:\/\/filicdecor.com\/shop\/"},{"@type":"ListItem","position":3,"name":"Zidni panel WOODLINE WL 2700&#215;300"}]},{"@type":"WebSite","@id":"https:\/\/filicdecor.com\/fr\/#website","url":"https:\/\/filicdecor.com\/fr\/","name":"Dekorativni stiropor | Fili\u0107 Decor | Fili\u0107","description":"| - Fili\u0107 Fasade za poneti","potentialAction":[{"@type":"SearchAction","target":{"@type":"EntryPoint","urlTemplate":"https:\/\/filicdecor.com\/fr\/?s={search_term_string}"},"query-input":{"@type":"PropertyValueSpecification","valueRequired":true,"valueName":"search_term_string"}}],"inLanguage":"de"}]}},"_links":{"self":[{"href":"https:\/\/filicdecor.com\/de\/wp-json\/wp\/v2\/product\/1834","targetHints":{"allow":["GET"]}}],"collection":[{"href":"https:\/\/filicdecor.com\/de\/wp-json\/wp\/v2\/product"}],"about":[{"href":"https:\/\/filicdecor.com\/de\/wp-json\/wp\/v2\/types\/product"}],"version-history":[{"count":2,"href":"https:\/\/filicdecor.com\/de\/wp-json\/wp\/v2\/product\/1834\/revisions"}],"predecessor-version":[{"id":9080,"href":"https:\/\/filicdecor.com\/de\/wp-json\/wp\/v2\/product\/1834\/revisions\/9080"}],"wp:featuredmedia":[{"embeddable":true,"href":"https:\/\/filicdecor.com\/de\/wp-json\/wp\/v2\/media\/9163"}],"wp:attachment":[{"href":"https:\/\/filicdecor.com\/de\/wp-json\/wp\/v2\/media?parent=1834"}],"wp:term":[{"taxonomy":"product_brand","embeddable":true,"href":"https:\/\/filicdecor.com\/de\/wp-json\/wp\/v2\/product_brand?post=1834"},{"taxonomy":"product_cat","embeddable":true,"href":"https:\/\/filicdecor.com\/de\/wp-json\/wp\/v2\/product_cat?post=1834"},{"taxonomy":"product_tag","embeddable":true,"href":"https:\/\/filicdecor.com\/de\/wp-json\/wp\/v2\/product_tag?post=1834"}],"curies":[{"name":"wp","href":"https:\/\/api.w.org\/{rel}","templated":true}]}}